{"id":15403,"date":"2024-05-29T11:56:53","date_gmt":"2024-05-29T09:56:53","guid":{"rendered":"https:\/\/www.Eurotoll.eu\/?page_id=15403"},"modified":"2025-11-10T17:59:04","modified_gmt":"2025-11-10T16:59:04","slug":"booking-solutions-intermodales","status":"publish","type":"page","link":"https:\/\/www.Eurotoll.eu\/fr\/nos-services\/booking-solutions-intermodales\/","title":{"rendered":"Solutions multimodales"},"content":{"rendered":"<p>[vc_row content_width=\u00a0\u00bbgrid\u00a0\u00bb el_class=\u00a0\u00bbpadtop50 padbot50&Prime;][vc_column][vc_row_inner el_class=\u00a0\u00bbpadtop50&Prime;][vc_column_inner][vc_column_text]<\/p>\n<h1 style=\"text-align: center;\"><span style=\"color: #035e7e;\">Combinez transport routier, maritime, ferroviaire et b\u00e9n\u00e9ficiez de multiples avantages<\/span><\/h1>\n<p>&nbsp;<\/p>\n<p>&nbsp;<\/p>\n<p style=\"text-align: center;\">Acc\u00e9dez aux meilleurs accords pour combiner transport routier, maritime, ferroviaire et b\u00e9n\u00e9ficiez de multiples avantages :<\/p>\n<p style=\"text-align: center;\">gestion directe de vos r\u00e9servations, paiement diff\u00e9r\u00e9 des passages sans frais, r\u00e9ductions accord\u00e9es par nos partenaires.<\/p>\n<p>[\/vc_column_text][\/vc_column_inner][\/vc_row_inner][vc_row_inner el_class=\u00a0\u00bbpadtop50&Prime;][vc_column_inner][vc_column_text]<\/p>\n<p style=\"text-align: center;\"><span class=\"OYPEnA\">Nos \u00e9quipes vous conseillent sur les solutions <\/span><span class=\"OYPEnA\">de transports multimodaux pour combiner transport routier, maritime et ferroviaire.<\/span><\/p>\n<p>[\/vc_column_text][\/vc_column_inner][\/vc_row_inner][\/vc_column][\/vc_row][vc_row content_width=\u00a0\u00bbgrid\u00a0\u00bb content_aligment=\u00a0\u00bbcenter\u00a0\u00bb el_class=\u00a0\u00bbpadtop50 padbot50&Prime; css=\u00a0\u00bb.vc_custom_1761329920404{background-color: #035e7e !important;}\u00a0\u00bb][vc_column][vc_empty_space height=\u00a0\u00bb10px\u00a0\u00bb][vc_column_text]<\/p>\n<h2 style=\"text-align: center;\"><span style=\"color: #ffffff;\"><strong>Nous r\u00e9servons pour vous ferries et trains alpins<\/strong><\/span><\/h2>\n<p>[\/vc_column_text][vc_empty_space height=\u00a0\u00bb10px\u00a0\u00bb][\/vc_column][\/vc_row][vc_row content_width=\u00a0\u00bbgrid\u00a0\u00bb el_class=\u00a0\u00bbpadleft10 padright10&Prime; css=\u00a0\u00bb.vc_custom_1760969014484{background-image: url(https:\/\/dev.lumesia.com\/wp-content\/uploads\/2025\/10\/2025_10_Immagine-sfondo_blu_1920x749.jpg?id=24259) !important;background-position: center !important;background-repeat: no-repeat !important;background-size: cover !important;}\u00a0\u00bb][vc_column][vc_row_inner content_width=\u00a0\u00bbgrid\u00a0\u00bb content_aligment=\u00a0\u00bbcenter\u00a0\u00bb el_class=\u00a0\u00bbpadleft10 padright10&Prime;][vc_column_inner el_class=\u00a0\u00bbpadleft10 padright10&Prime; width=\u00a0\u00bb1\/2&Prime;][vc_empty_space height=\u00a0\u00bb65px\u00a0\u00bb][vc_single_image image=\u00a0\u00bb19180&Prime; img_size=\u00a0\u00bbmedium\u00a0\u00bb alignment=\u00a0\u00bbcenter\u00a0\u00bb style=\u00a0\u00bbvc_box_circle\u00a0\u00bb][vc_empty_space][vc_column_text]<\/p>\n<h4 style=\"text-align: center;\"><span style=\"color: #035e7e;\"><strong>FERRIES<\/strong><\/span><\/h4>\n<p>&nbsp;<\/p>\n<p style=\"text-align: center;\">Calais (FR) &#8211; Douvres (GB)<\/p>\n<p style=\"text-align: center;\">Dunkerque (FR) &#8211; Douvres (GB)<\/p>\n<p style=\"text-align: center;\">+\u00a0 de nombreuses autres liaisons<\/p>\n<p>[\/vc_column_text][vc_empty_space height=\u00a0\u00bb65px\u00a0\u00bb][\/vc_column_inner][vc_column_inner el_class=\u00a0\u00bbpadleft10 padright10&Prime; width=\u00a0\u00bb1\/2&Prime;][vc_empty_space height=\u00a0\u00bb65px\u00a0\u00bb][vc_single_image image=\u00a0\u00bb19159&Prime; img_size=\u00a0\u00bbmedium\u00a0\u00bb alignment=\u00a0\u00bbcenter\u00a0\u00bb style=\u00a0\u00bbvc_box_circle\u00a0\u00bb][vc_empty_space][vc_column_text]<\/p>\n<h4 style=\"text-align: center;\"><span style=\"color: #035e7e;\"><strong>TRAINS ALPINS<\/strong> <\/span><\/h4>\n<p>&nbsp;<\/p>\n<p style=\"text-align: center;\">Turin (IT) &#8211; Albertville (FR)<\/p>\n<p style=\"text-align: center;\">Milan (IT) &#8211; Fribourg (DE)<\/p>\n<p style=\"text-align: center;\">Brenner (IT) &#8211; Worgl (AT)<\/p>\n<p>[\/vc_column_text][vc_empty_space height=\u00a0\u00bb65px\u00a0\u00bb][\/vc_column_inner][\/vc_row_inner][\/vc_column][\/vc_row][vc_row content_width=\u00a0\u00bbgrid\u00a0\u00bb content_aligment=\u00a0\u00bbcenter\u00a0\u00bb el_class=\u00a0\u00bbpadtop50 padbot50&Prime; css=\u00a0\u00bb.vc_custom_1760696673424{background-color: #afca0b !important;}\u00a0\u00bb][vc_column][vc_empty_space height=\u00a0\u00bb15px\u00a0\u00bb][vc_column_text]<\/p>\n<h3 style=\"text-align: center;\"><span style=\"color: #035e7e;\">Pour plus d&rsquo;informations, n<\/span><span style=\"color: #035e7e;\">otre service client est \u00e0 votre disposition<\/span><\/h3>\n<p>[\/vc_column_text][vc_empty_space]<a href=\"https:\/\/eurotoll.eu\/eurotoll-form\/\" target=\"_self\" style=\"color: #035e7e;border-color: #035e7e\" class=\"qodef-btn qodef-btn-small qodef-btn-outline qodef-btn-icon marginright15\"  >\n        <span class=\"qodef-btn-text\">Contactez-nous<\/span>\n    <span class=\"qodef-btn-text-icon\"><i class=\"qodef-icon-simple-line-icon icon-arrow-right-circle \" ><\/i><\/span>\n<\/a>[\/vc_column][\/vc_row][vc_row content_width=\u00a0\u00bbgrid\u00a0\u00bb el_class=\u00a0\u00bbpadtop50 padbot50&Prime;][vc_column][vc_empty_space height=\u00a0\u00bb50px\u00a0\u00bb][vc_column_text]<\/p>\n<h3 style=\"text-align: center;\"><span style=\"color: #afca0b;\">Le transport multimodal permet de r\u00e9duire votre impact \u00e9conomique et environnemental.<\/span><\/h3>\n<p>[\/vc_column_text][vc_empty_space][vc_row_inner][vc_column_inner width=\u00a0\u00bb1\/4&Prime;][vc_empty_space]<div class=\"qodef-info-box qodef-with-border\">\r\n\r\n\t<div class=\"qodef-info-box-font-side qodef-dark\" >\r\n\t\t<div class=\"qodef-info-box-front-side-inner\">\r\n\t\t\t<div class=\"qodef-info-box-icon-holder\" >\r\n\t\t\t\t\t\t\t\t\t<img loading=\"lazy\" decoding=\"async\" width=\"300\" height=\"150\" src=\"https:\/\/www.Eurotoll.eu\/wp-content\/uploads\/2025\/11\/icone-solutions-multimodales-carburant.png\" class=\"attachment-full size-full\" alt=\"\" \/>\t\t\t\t\t\t\t<\/div>\r\n\t\t\t\t\t\t\t\t\t\t<div class=\"qodef-info-box-text\">\r\n\t\t\t\t\t<p> Economies de carburant<\/p>\r\n\t\t\t\t<\/div>\r\n\t\t\t\t\t<\/div>\r\n\t<\/div>\r\n\r\n\t\r\n<\/div>[vc_empty_space][\/vc_column_inner][vc_column_inner width=\u00a0\u00bb1\/4&Prime;][vc_empty_space]<div class=\"qodef-info-box qodef-with-border\">\r\n\r\n\t<div class=\"qodef-info-box-font-side qodef-dark\" >\r\n\t\t<div class=\"qodef-info-box-front-side-inner\">\r\n\t\t\t<div class=\"qodef-info-box-icon-holder\" >\r\n\t\t\t\t\t\t\t\t\t<img loading=\"lazy\" decoding=\"async\" width=\"300\" height=\"150\" src=\"https:\/\/www.Eurotoll.eu\/wp-content\/uploads\/2025\/11\/icone-solutions-multimodales-usure-1.png\" class=\"attachment-full size-full\" alt=\"\" \/>\t\t\t\t\t\t\t<\/div>\r\n\t\t\t\t\t\t\t\t\t\t<div class=\"qodef-info-box-text\">\r\n\t\t\t\t\t<p> R\u00e9duction de l\u2019usure de vos v\u00e9hicules<\/p>\r\n\t\t\t\t<\/div>\r\n\t\t\t\t\t<\/div>\r\n\t<\/div>\r\n\r\n\t\r\n<\/div>[vc_empty_space][\/vc_column_inner][vc_column_inner width=\u00a0\u00bb1\/4&Prime;][vc_empty_space]<div class=\"qodef-info-box qodef-with-border\">\r\n\r\n\t<div class=\"qodef-info-box-font-side qodef-dark\" >\r\n\t\t<div class=\"qodef-info-box-front-side-inner\">\r\n\t\t\t<div class=\"qodef-info-box-icon-holder\" >\r\n\t\t\t\t\t\t\t\t\t<img loading=\"lazy\" decoding=\"async\" width=\"300\" height=\"150\" src=\"https:\/\/www.Eurotoll.eu\/wp-content\/uploads\/2025\/11\/LCard_OTP_Driver-1.png\" class=\"attachment-full size-full\" alt=\"\" \/>\t\t\t\t\t\t\t<\/div>\r\n\t\t\t\t\t\t\t\t\t\t<div class=\"qodef-info-box-text\">\r\n\t\t\t\t\t<p> Gains d\u2019heures de conduite<\/p>\r\n\t\t\t\t<\/div>\r\n\t\t\t\t\t<\/div>\r\n\t<\/div>\r\n\r\n\t\r\n<\/div>[vc_empty_space][\/vc_column_inner][vc_column_inner width=\u00a0\u00bb1\/4&Prime;][vc_empty_space]<div class=\"qodef-info-box qodef-with-border\">\r\n\r\n\t<div class=\"qodef-info-box-font-side qodef-dark\" >\r\n\t\t<div class=\"qodef-info-box-front-side-inner\">\r\n\t\t\t<div class=\"qodef-info-box-icon-holder\" >\r\n\t\t\t\t\t\t\t\t\t<img loading=\"lazy\" decoding=\"async\" width=\"300\" height=\"150\" src=\"https:\/\/www.Eurotoll.eu\/wp-content\/uploads\/2025\/11\/icone-solutions-multimodales-co2.png\" class=\"attachment-full size-full\" alt=\"\" \/>\t\t\t\t\t\t\t<\/div>\r\n\t\t\t\t\t\t\t\t\t\t<div class=\"qodef-info-box-text\">\r\n\t\t\t\t\t<p> Diminution des \u00e9missions de CO2<\/p>\r\n\t\t\t\t<\/div>\r\n\t\t\t\t\t<\/div>\r\n\t<\/div>\r\n\r\n\t\r\n<\/div>[vc_empty_space][\/vc_column_inner][\/vc_row_inner][\/vc_column][\/vc_row][vc_row el_class=\u00a0\u00bbspepadleft white\u00a0\u00bb css=\u00a0\u00bb.vc_custom_1760696535356{background-color: #035e7e !important;}\u00a0\u00bb el_id=\u00a0\u00bbplus-service-eurotoll\u00a0\u00bb][vc_column width=\u00a0\u00bb2\/3&Prime; el_class=\u00a0\u00bbpadtop50 padbot50&Prime;][vc_column_text]<\/p>\n<h4><strong>Les services plus Lumesia<\/strong><\/h4>\n<p>&nbsp;<\/p>\n<ul>\n<li>Gestion directe de vos r\u00e9servations<\/li>\n<li>Paiement diff\u00e9r\u00e9 des passages sans frais<\/li>\n<li>R\u00e9ductions accord\u00e9es par nos partenaires<\/li>\n<\/ul>\n<p>[\/vc_column_text][\/vc_column][vc_column width=\u00a0\u00bb1\/3&Prime;][\/vc_column][\/vc_row][vc_row content_width=\u00a0\u00bbgrid\u00a0\u00bb content_aligment=\u00a0\u00bbcenter\u00a0\u00bb el_class=\u00a0\u00bbpadtop50 padbot50&Prime; css=\u00a0\u00bb.vc_custom_1760696673424{background-color: #afca0b !important;}\u00a0\u00bb][vc_column][vc_empty_space height=\u00a0\u00bb15px\u00a0\u00bb][vc_column_text]<\/p>\n<h3 style=\"text-align: center;\"><span style=\"color: #035e7e;\">Pour plus d&rsquo;informations, n<\/span><span style=\"color: #035e7e;\">otre service client est \u00e0 votre disposition<\/span><\/h3>\n<p>[\/vc_column_text][vc_empty_space]<a href=\"https:\/\/eurotoll.eu\/eurotoll-form\/\" target=\"_self\" style=\"color: #035e7e;border-color: #035e7e\" class=\"qodef-btn qodef-btn-small qodef-btn-outline qodef-btn-icon marginright15\"  >\n        <span class=\"qodef-btn-text\">Contactez-nous<\/span>\n    <span class=\"qodef-btn-text-icon\"><i class=\"qodef-icon-simple-line-icon icon-arrow-right-circle \" ><\/i><\/span>\n<\/a>[\/vc_column][\/vc_row]<\/p>\n","protected":false},"excerpt":{"rendered":"<p>[vc_row content_width=\u00a0\u00bbgrid\u00a0\u00bb el_class=\u00a0\u00bbpadtop50 padbot50&Prime;][vc_column][vc_row_inner el_class=\u00a0\u00bbpadtop50&Prime;][vc_column_inner][vc_column_text] Combinez transport routier, maritime, ferroviaire et b\u00e9n\u00e9ficiez de multiples avantages &nbsp; &nbsp; Acc\u00e9dez aux meilleurs accords&#8230;<\/p>\n","protected":false},"author":27,"featured_media":15347,"parent":12,"menu_order":0,"comment_status":"closed","ping_status":"closed","template":"full-width.php","meta":{"footnotes":""},"class_list":["post-15403","page","type-page","status-publish","has-post-thumbnail","hentry"],"yoast_head":"<!-- This site is optimized with the Yoast SEO Premium plugin v26.7 (Yoast SEO v26.7) - https:\/\/yoast.com\/wordpress\/plugins\/seo\/ -->\n<title>Solutions multimodales - eurotoll<\/title>\n<meta name=\"description\" content=\"Acc\u00e9dez aux meilleurs accords pour combiner transport routier, maritime, ferroviaire et b\u00e9n\u00e9ficiez de multiples avantages : gestion directe de vos r\u00e9servations, paiement diff\u00e9r\u00e9 des passages sans frais, r\u00e9ductions accord\u00e9es par nos partenaires.\" \/>\n<meta name=\"robots\" content=\"index, follow, max-snippet:-1, max-image-preview:large, max-video-preview:-1\" \/>\n<link rel=\"canonical\" href=\"https:\/\/www.Eurotoll.eu\/fr\/nos-services\/booking-solutions-intermodales\/\" \/>\n<meta property=\"og:locale\" content=\"fr_FR\" \/>\n<meta property=\"og:type\" content=\"article\" \/>\n<meta property=\"og:title\" content=\"Solutions multimodales\" \/>\n<meta property=\"og:description\" content=\"Acc\u00e9dez aux meilleurs accords pour combiner transport routier, maritime, ferroviaire et b\u00e9n\u00e9ficiez de multiples avantages : gestion directe de vos r\u00e9servations, paiement diff\u00e9r\u00e9 des passages sans frais, r\u00e9ductions accord\u00e9es par nos partenaires.\" \/>\n<meta property=\"og:url\" content=\"https:\/\/www.Eurotoll.eu\/fr\/nos-services\/booking-solutions-intermodales\/\" \/>\n<meta property=\"og:site_name\" content=\"eurotoll\" \/>\n<meta property=\"article:modified_time\" content=\"2025-11-10T16:59:04+00:00\" \/>\n<meta property=\"og:image\" content=\"https:\/\/www.Eurotoll.eu\/wp-content\/uploads\/2024\/05\/Design-sans-titre-2.png\" \/>\n\t<meta property=\"og:image:width\" content=\"400\" \/>\n\t<meta property=\"og:image:height\" content=\"400\" \/>\n\t<meta property=\"og:image:type\" content=\"image\/png\" \/>\n<meta name=\"twitter:card\" content=\"summary_large_image\" \/>\n<meta name=\"twitter:label1\" content=\"Dur\u00e9e de lecture estim\u00e9e\" \/>\n\t<meta name=\"twitter:data1\" content=\"2 minutes\" \/>\n<script type=\"application\/ld+json\" class=\"yoast-schema-graph\">{\"@context\":\"https:\/\/schema.org\",\"@graph\":[{\"@type\":\"WebPage\",\"@id\":\"https:\/\/www.Eurotoll.eu\/fr\/nos-services\/booking-solutions-intermodales\/\",\"url\":\"https:\/\/www.Eurotoll.eu\/fr\/nos-services\/booking-solutions-intermodales\/\",\"name\":\"Solutions multimodales - eurotoll\",\"isPartOf\":{\"@id\":\"https:\/\/www.Eurotoll.eu\/fr\/#website\"},\"primaryImageOfPage\":{\"@id\":\"https:\/\/www.Eurotoll.eu\/fr\/nos-services\/booking-solutions-intermodales\/#primaryimage\"},\"image\":{\"@id\":\"https:\/\/www.Eurotoll.eu\/fr\/nos-services\/booking-solutions-intermodales\/#primaryimage\"},\"thumbnailUrl\":\"https:\/\/www.Eurotoll.eu\/wp-content\/uploads\/2024\/05\/Design-sans-titre-2.png\",\"datePublished\":\"2024-05-29T09:56:53+00:00\",\"dateModified\":\"2025-11-10T16:59:04+00:00\",\"description\":\"Acc\u00e9dez aux meilleurs accords pour combiner transport routier, maritime, ferroviaire et b\u00e9n\u00e9ficiez de multiples avantages : gestion directe de vos r\u00e9servations, paiement diff\u00e9r\u00e9 des passages sans frais, r\u00e9ductions accord\u00e9es par nos partenaires.\",\"breadcrumb\":{\"@id\":\"https:\/\/www.Eurotoll.eu\/fr\/nos-services\/booking-solutions-intermodales\/#breadcrumb\"},\"inLanguage\":\"fr-FR\",\"potentialAction\":[{\"@type\":\"ReadAction\",\"target\":[\"https:\/\/www.Eurotoll.eu\/fr\/nos-services\/booking-solutions-intermodales\/\"]}]},{\"@type\":\"ImageObject\",\"inLanguage\":\"fr-FR\",\"@id\":\"https:\/\/www.Eurotoll.eu\/fr\/nos-services\/booking-solutions-intermodales\/#primaryimage\",\"url\":\"https:\/\/www.Eurotoll.eu\/wp-content\/uploads\/2024\/05\/Design-sans-titre-2.png\",\"contentUrl\":\"https:\/\/www.Eurotoll.eu\/wp-content\/uploads\/2024\/05\/Design-sans-titre-2.png\",\"width\":400,\"height\":400,\"caption\":\"camion et trains de conteneur sur une route au coucher de soleil\"},{\"@type\":\"BreadcrumbList\",\"@id\":\"https:\/\/www.Eurotoll.eu\/fr\/nos-services\/booking-solutions-intermodales\/#breadcrumb\",\"itemListElement\":[{\"@type\":\"ListItem\",\"position\":1,\"name\":\"Accueil\",\"item\":\"https:\/\/www.Eurotoll.eu\/fr\/\"},{\"@type\":\"ListItem\",\"position\":2,\"name\":\"Nos services\",\"item\":\"https:\/\/www.Eurotoll.eu\/fr\/nos-services\/\"},{\"@type\":\"ListItem\",\"position\":3,\"name\":\"Solutions multimodales\"}]},{\"@type\":\"WebSite\",\"@id\":\"https:\/\/www.Eurotoll.eu\/fr\/#website\",\"url\":\"https:\/\/www.Eurotoll.eu\/fr\/\",\"name\":\"eurotoll\",\"description\":\"Opening the road\",\"potentialAction\":[{\"@type\":\"SearchAction\",\"target\":{\"@type\":\"EntryPoint\",\"urlTemplate\":\"https:\/\/www.Eurotoll.eu\/fr\/?s={search_term_string}\"},\"query-input\":{\"@type\":\"PropertyValueSpecification\",\"valueRequired\":true,\"valueName\":\"search_term_string\"}}],\"inLanguage\":\"fr-FR\"}]}<\/script>\n<!-- \/ Yoast SEO Premium plugin. -->","yoast_head_json":{"title":"Solutions multimodales - eurotoll","description":"Acc\u00e9dez aux meilleurs accords pour combiner transport routier, maritime, ferroviaire et b\u00e9n\u00e9ficiez de multiples avantages : gestion directe de vos r\u00e9servations, paiement diff\u00e9r\u00e9 des passages sans frais, r\u00e9ductions accord\u00e9es par nos partenaires.","robots":{"index":"index","follow":"follow","max-snippet":"max-snippet:-1","max-image-preview":"max-image-preview:large","max-video-preview":"max-video-preview:-1"},"canonical":"https:\/\/www.Eurotoll.eu\/fr\/nos-services\/booking-solutions-intermodales\/","og_locale":"fr_FR","og_type":"article","og_title":"Solutions multimodales","og_description":"Acc\u00e9dez aux meilleurs accords pour combiner transport routier, maritime, ferroviaire et b\u00e9n\u00e9ficiez de multiples avantages : gestion directe de vos r\u00e9servations, paiement diff\u00e9r\u00e9 des passages sans frais, r\u00e9ductions accord\u00e9es par nos partenaires.","og_url":"https:\/\/www.Eurotoll.eu\/fr\/nos-services\/booking-solutions-intermodales\/","og_site_name":"eurotoll","article_modified_time":"2025-11-10T16:59:04+00:00","og_image":[{"width":400,"height":400,"url":"https:\/\/www.Eurotoll.eu\/wp-content\/uploads\/2024\/05\/Design-sans-titre-2.png","type":"image\/png"}],"twitter_card":"summary_large_image","twitter_misc":{"Dur\u00e9e de lecture estim\u00e9e":"2 minutes"},"schema":{"@context":"https:\/\/schema.org","@graph":[{"@type":"WebPage","@id":"https:\/\/www.Eurotoll.eu\/fr\/nos-services\/booking-solutions-intermodales\/","url":"https:\/\/www.Eurotoll.eu\/fr\/nos-services\/booking-solutions-intermodales\/","name":"Solutions multimodales - eurotoll","isPartOf":{"@id":"https:\/\/www.Eurotoll.eu\/fr\/#website"},"primaryImageOfPage":{"@id":"https:\/\/www.Eurotoll.eu\/fr\/nos-services\/booking-solutions-intermodales\/#primaryimage"},"image":{"@id":"https:\/\/www.Eurotoll.eu\/fr\/nos-services\/booking-solutions-intermodales\/#primaryimage"},"thumbnailUrl":"https:\/\/www.Eurotoll.eu\/wp-content\/uploads\/2024\/05\/Design-sans-titre-2.png","datePublished":"2024-05-29T09:56:53+00:00","dateModified":"2025-11-10T16:59:04+00:00","description":"Acc\u00e9dez aux meilleurs accords pour combiner transport routier, maritime, ferroviaire et b\u00e9n\u00e9ficiez de multiples avantages : gestion directe de vos r\u00e9servations, paiement diff\u00e9r\u00e9 des passages sans frais, r\u00e9ductions accord\u00e9es par nos partenaires.","breadcrumb":{"@id":"https:\/\/www.Eurotoll.eu\/fr\/nos-services\/booking-solutions-intermodales\/#breadcrumb"},"inLanguage":"fr-FR","potentialAction":[{"@type":"ReadAction","target":["https:\/\/www.Eurotoll.eu\/fr\/nos-services\/booking-solutions-intermodales\/"]}]},{"@type":"ImageObject","inLanguage":"fr-FR","@id":"https:\/\/www.Eurotoll.eu\/fr\/nos-services\/booking-solutions-intermodales\/#primaryimage","url":"https:\/\/www.Eurotoll.eu\/wp-content\/uploads\/2024\/05\/Design-sans-titre-2.png","contentUrl":"https:\/\/www.Eurotoll.eu\/wp-content\/uploads\/2024\/05\/Design-sans-titre-2.png","width":400,"height":400,"caption":"camion et trains de conteneur sur une route au coucher de soleil"},{"@type":"BreadcrumbList","@id":"https:\/\/www.Eurotoll.eu\/fr\/nos-services\/booking-solutions-intermodales\/#breadcrumb","itemListElement":[{"@type":"ListItem","position":1,"name":"Accueil","item":"https:\/\/www.Eurotoll.eu\/fr\/"},{"@type":"ListItem","position":2,"name":"Nos services","item":"https:\/\/www.Eurotoll.eu\/fr\/nos-services\/"},{"@type":"ListItem","position":3,"name":"Solutions multimodales"}]},{"@type":"WebSite","@id":"https:\/\/www.Eurotoll.eu\/fr\/#website","url":"https:\/\/www.Eurotoll.eu\/fr\/","name":"eurotoll","description":"Opening the road","potentialAction":[{"@type":"SearchAction","target":{"@type":"EntryPoint","urlTemplate":"https:\/\/www.Eurotoll.eu\/fr\/?s={search_term_string}"},"query-input":{"@type":"PropertyValueSpecification","valueRequired":true,"valueName":"search_term_string"}}],"inLanguage":"fr-FR"}]}},"_links":{"self":[{"href":"https:\/\/www.Eurotoll.eu\/fr\/wp-json\/wp\/v2\/pages\/15403","targetHints":{"allow":["GET"]}}],"collection":[{"href":"https:\/\/www.Eurotoll.eu\/fr\/wp-json\/wp\/v2\/pages"}],"about":[{"href":"https:\/\/www.Eurotoll.eu\/fr\/wp-json\/wp\/v2\/types\/page"}],"author":[{"embeddable":true,"href":"https:\/\/www.Eurotoll.eu\/fr\/wp-json\/wp\/v2\/users\/27"}],"replies":[{"embeddable":true,"href":"https:\/\/www.Eurotoll.eu\/fr\/wp-json\/wp\/v2\/comments?post=15403"}],"version-history":[{"count":57,"href":"https:\/\/www.Eurotoll.eu\/fr\/wp-json\/wp\/v2\/pages\/15403\/revisions"}],"predecessor-version":[{"id":19190,"href":"https:\/\/www.Eurotoll.eu\/fr\/wp-json\/wp\/v2\/pages\/15403\/revisions\/19190"}],"up":[{"embeddable":true,"href":"https:\/\/www.Eurotoll.eu\/fr\/wp-json\/wp\/v2\/pages\/12"}],"wp:featuredmedia":[{"embeddable":true,"href":"https:\/\/www.Eurotoll.eu\/fr\/wp-json\/wp\/v2\/media\/15347"}],"wp:attachment":[{"href":"https:\/\/www.Eurotoll.eu\/fr\/wp-json\/wp\/v2\/media?parent=15403"}],"curies":[{"name":"wp","href":"https:\/\/api.w.org\/{rel}","templated":true}]}}