{"id":3304,"date":"2016-06-13T22:12:26","date_gmt":"2016-06-13T20:12:26","guid":{"rendered":"http:\/\/80.75.152.85\/fr\/?page_id=3304"},"modified":"2025-11-17T14:12:28","modified_gmt":"2025-11-17T13:12:28","slug":"italie","status":"publish","type":"page","link":"https:\/\/www.Eurotoll.eu\/fr\/nos-reseaux\/italie\/","title":{"rendered":"Italie"},"content":{"rendered":"<p>[vc_row content_width=\u00a0\u00bbgrid\u00a0\u00bb el_class=\u00a0\u00bbpadtop50 padbot50&Prime;][vc_column][vc_column_text]<\/p>\n<h2><span style=\"color: #afca0b;\">Le r\u00e9seau Italien<\/span><\/h2>\n<p>&nbsp;<\/p>\n<p>Les poids lourds dont la masse maximale autoris\u00e9e est sup\u00e9rieure \u00e0 12 T sont concern\u00e9s par le pr\u00e9l\u00e8vement kilom\u00e9trique en Italie. Le r\u00e9seau tax\u00e9 s\u2019\u00e9tend sur 5 900 km et la tarification appliqu\u00e9e d\u00e9pend du nombre d\u2019essieux, de la hauteur du v\u00e9hicule ainsi que de la distance parcourue.<\/p>\n<p>&nbsp;<\/p>\n<p>Des remises sont applicables en Italie et le consorzio Lumesia vous permet de b\u00e9n\u00e9ficier des remises maximales, quelle que soit votre consommation en Italie.<\/p>\n<p>&nbsp;<\/p>\n<h3><span style=\"color: #035e7e;\" data-sheets-value=\"{&quot;1&quot;:2,&quot;2&quot;:&quot;Pour circuler en Italie deux possibilit\\u00e9s s\\u2019offrent \\u00e0 vous:&quot;}\" data-sheets-userformat=\"{&quot;2&quot;:14913,&quot;3&quot;:{&quot;1&quot;:0},&quot;9&quot;:0,&quot;12&quot;:0,&quot;14&quot;:{&quot;1&quot;:2,&quot;2&quot;:1136076},&quot;15&quot;:&quot;Calibri&quot;,&quot;16&quot;:12}\">Le syst\u00e8me de p\u00e9age en Italie :<\/span><\/h3>\n<p>&nbsp;<\/p>\n<p>En Italie, le t\u00e9l\u00e9p\u00e9age fonctionne gr\u00e2ce \u00e0 des badges dialoguant \u00e0 distance avec les antennes lors du passage dans les gares de p\u00e9age. Ce dialogue d\u00e9clenche une transaction qui est ensuite transmise par la soci\u00e9t\u00e9 concessionnaire \u00e0 Lumesia pour \u00eatre factur\u00e9e. Tous les v\u00e9hicules circulant sur les autoroutes italiennes doivent s\u2019acquitter du p\u00e9age.<\/p>\n<p>&nbsp;<\/p>\n<h3><span style=\"color: #035e7e;\" data-sheets-value=\"{&quot;1&quot;:2,&quot;2&quot;:&quot;Le montant du p\\u00e9age est calcul\\u00e9 en fonction:&quot;}\" data-sheets-userformat=\"{&quot;2&quot;:31297,&quot;3&quot;:{&quot;1&quot;:0},&quot;9&quot;:0,&quot;12&quot;:0,&quot;14&quot;:{&quot;1&quot;:2,&quot;2&quot;:1136076},&quot;15&quot;:&quot;Calibri&quot;,&quot;16&quot;:12,&quot;17&quot;:1}\">Pour circuler en Italie, Lumesia vous propose 3 solutions :<\/span><\/h3>\n<p>&nbsp;<\/p>\n<ul>\n<li><strong>Le boitier Lumesia MED :<\/strong><\/li>\n<\/ul>\n<p>&nbsp;<\/p>\n<p>Il vous permet de circuler sur 6 r\u00e9seaux majeurs en Europe :\u00a0 France, Espagne, Portugal, Italie, Autriche, tunnel du Liefkenshoek (Belgique).<\/p>\n<p>&nbsp;<\/p>\n<p>Ce badge fonctionne sur batterie, il ne n\u00e9cessite aucun branchement, aucune installation et donc aucune immobilisation de vos v\u00e9hicules. Vous n\u2019aurez qu\u2019\u00e0 le fixer sur le pare-brise de vos camions et \u00e0 le laisser enregistrer simplement vos trajets. De m\u00eame, vos chauffeurs n\u2019auront aucun param\u00e9trage \u00e0 r\u00e9aliser sur le produit, hormis le nombre d\u2019essieux \u00e0 indiquer avant le d\u00e9part.<\/p>\n<p>&nbsp;<\/p>\n<ul>\n<li><strong>Le boitier Lumesia SAT :<\/strong><\/li>\n<\/ul>\n<p>&nbsp;<\/p>\n<p>Cet OBU satellitaire vous permet de circuler en France, Espagne, Portugal, Italie, Autriche, Belgique, Suisse, Allemagne et Pologne.<\/p>\n<p>&nbsp;<\/p>\n<p>Il est connect\u00e9 en direct \u00e0 l\u2019ensemble des soci\u00e9t\u00e9s d\u2019autoroutes fran\u00e7aises, ce qui permet une facturation plus rapide mais aussi une meilleure r\u00e9activit\u00e9 dans la gestion des TLPC et r\u00e9clamations diverses.<\/p>\n<p>&nbsp;<\/p>\n<ul>\n<li><strong>Le boitier Telepass Italie\u00a0:<\/strong><\/li>\n<\/ul>\n<p>&nbsp;<\/p>\n<p>Il vous permet un paiement automatique \u00e0 toutes les barri\u00e8res de p\u00e9age mais uniquement en Italie.<\/p>\n<p>&nbsp;<\/p>\n<h3><span style=\"color: #035e7e;\" data-sheets-value=\"{&quot;1&quot;:2,&quot;2&quot;:&quot;Le montant du p\\u00e9age est calcul\\u00e9 en fonction:&quot;}\" data-sheets-userformat=\"{&quot;2&quot;:31297,&quot;3&quot;:{&quot;1&quot;:0},&quot;9&quot;:0,&quot;12&quot;:0,&quot;14&quot;:{&quot;1&quot;:2,&quot;2&quot;:1136076},&quot;15&quot;:&quot;Calibri&quot;,&quot;16&quot;:12,&quot;17&quot;:1}\">Pourquoi choisir Lumesia ?<\/span><\/h3>\n<p>&nbsp;<\/p>\n<p>Facilit\u00e9 de circulations &amp; remises :<\/p>\n<ul>\n<li style=\"list-style-type: none;\">\n<ul>\n<li>Utiliser les voies d\u00e9di\u00e9es Telepass en Italie et faites gagner un temps pr\u00e9cieux \u00e0 vos chauffeurs.<\/li>\n<li>B\u00e9n\u00e9ficiez des remises maximales en Italie, en France, en Espagne, et dans le tunnel du Liefkenshoek.<\/li>\n<\/ul>\n<\/li>\n<\/ul>\n<p>[\/vc_column_text][vc_empty_space height=\u00a0\u00bb50px\u00a0\u00bb]<a href=\"mailto:service.client@eurotoll.fr?subject=Plus%20d%27informations%20sur%20l%27offre%20Italie%20(site%20web)\" target=\"_self\" style=\"color: #ffffff;background-color: #bfd53c;border-color: #afca0b\" class=\"qodef-btn qodef-btn-small qodef-btn-solid qodef-btn-custom-hover-bg qodef-btn-custom-border-hover qodef-btn-custom-hover-color qodef-btn-icon marginright15 qodef-btn-hover-animation\" data-hover-bg-color=\"#bfd53c\" data-hover-color=\"#ffffff\" data-hover-border-color=\"#afca0b\" >\n            <span  style=\"background-color: #afca0b\"  class=\"qodef-animation-overlay\"><\/span>\n        <span class=\"qodef-btn-text\">Nous contacter <\/span>\n    <span class=\"qodef-btn-text-icon\"><i class=\"qodef-icon-simple-line-icon icon-arrow-right-circle \" ><\/i><\/span>\n<\/a>[\/vc_column][\/vc_row][vc_row el_class=\u00a0\u00bbspepadleft white\u00a0\u00bb css=\u00a0\u00bb.vc_custom_1717053273288{background-color: #035e7e !important;}\u00a0\u00bb el_id=\u00a0\u00bbplus-service-eurotoll\u00a0\u00bb][vc_column width=\u00a0\u00bb2\/3&Prime; el_class=\u00a0\u00bbpadtop50 padbot50&Prime;][vc_column_text]<\/p>\n<h4><strong>Les services plus Lumesia<\/strong><\/h4>\n<p>&nbsp;<\/p>\n<ul>\n<li>Suivez votre activit\u00e9 p\u00e9age en Italie via vos tableaux de bord personnalis\u00e9s<\/li>\n<li>Contr\u00f4lez vos passages en Italie, par v\u00e9hicule, par conducteur<\/li>\n<li>Cr\u00e9ez des rapports personnalis\u00e9s, par sous-flotte, client, exploitant\u2026<\/li>\n<li>Int\u00e9grez automatiquement vos donn\u00e9es p\u00e9age dans vos outils m\u00e9tier (TMS, ERP ou Excel)<\/li>\n<li>B\u00e9n\u00e9ficiez des remises maximales accord\u00e9es par l&rsquo;\u00e9tat Italien<\/li>\n<\/ul>\n<p>[\/vc_column_text][vc_empty_space][\/vc_column][vc_column width=\u00a0\u00bb1\/3&Prime;][vc_single_image image=\u00a0\u00bb3486&Prime; img_size=\u00a0\u00bbfull\u00a0\u00bb][\/vc_column][\/vc_row][vc_row content_aligment=\u00a0\u00bbcenter\u00a0\u00bb el_class=\u00a0\u00bbpadtop50 padbot50&Prime; css=\u00a0\u00bb.vc_custom_1763380932229{background-color: #afca0b !important;}\u00a0\u00bb][vc_column][vc_empty_space height=\u00a0\u00bb15px\u00a0\u00bb][vc_column_text]<\/p>\n<h3 style=\"text-align: center;\"><span style=\"color: #035e7e;\">Besoin de plus d&rsquo;informations ? Notre \u00e9quipe est \u00e0 votre \u00e9coute !<\/span><\/h3>\n<p>[\/vc_column_text][vc_empty_space]<a href=\"https:\/\/Eurotoll.eu\/fr\/formulaire-eurotoll\/\" target=\"_self\" style=\"color: #035e7e;border-color: #035e7e\" class=\"qodef-btn qodef-btn-small qodef-btn-outline qodef-btn-custom-border-hover qodef-btn-custom-hover-color qodef-btn-icon\" data-hover-color=\"#035e7e\" data-hover-border-color=\"#035e7e\" >\n        <span class=\"qodef-btn-text\">Contactez-nous<\/span>\n    <span class=\"qodef-btn-text-icon\"><i class=\"qodef-icon-simple-line-icon icon-arrow-right-circle \" ><\/i><\/span>\n<\/a>[\/vc_column][\/vc_row]<\/p>\n","protected":false},"excerpt":{"rendered":"<p>[vc_row content_width=\u00a0\u00bbgrid\u00a0\u00bb el_class=\u00a0\u00bbpadtop50 padbot50&Prime;][vc_column][vc_column_text] Le r\u00e9seau Italien &nbsp; Les poids lourds dont la masse maximale autoris\u00e9e est sup\u00e9rieure \u00e0 12 T&#8230;<\/p>\n","protected":false},"author":23,"featured_media":0,"parent":10,"menu_order":0,"comment_status":"closed","ping_status":"closed","template":"full-width.php","meta":{"footnotes":""},"class_list":["post-3304","page","type-page","status-publish","hentry"],"yoast_head":"<!-- This site is optimized with the Yoast SEO Premium plugin v26.7 (Yoast SEO v26.7) - https:\/\/yoast.com\/wordpress\/plugins\/seo\/ -->\n<title>Italie - eurotoll<\/title>\n<meta name=\"description\" content=\"Simplifiez vos trajets en Italie avec les t\u00e9l\u00e9badges poids lourds Lumesia et profitez des meilleurs prix.\" \/>\n<meta name=\"robots\" content=\"index, follow, max-snippet:-1, max-image-preview:large, max-video-preview:-1\" \/>\n<link rel=\"canonical\" href=\"https:\/\/www.Eurotoll.eu\/fr\/nos-reseaux\/italie\/\" \/>\n<meta property=\"og:locale\" content=\"fr_FR\" \/>\n<meta property=\"og:type\" content=\"article\" \/>\n<meta property=\"og:title\" content=\"Italie\" \/>\n<meta property=\"og:description\" content=\"Simplifiez vos trajets en Italie avec les t\u00e9l\u00e9badges poids lourds Lumesia et profitez des meilleurs prix.\" \/>\n<meta property=\"og:url\" content=\"https:\/\/www.Eurotoll.eu\/fr\/nos-reseaux\/italie\/\" \/>\n<meta property=\"og:site_name\" content=\"eurotoll\" \/>\n<meta property=\"article:modified_time\" content=\"2025-11-17T13:12:28+00:00\" \/>\n<meta name=\"twitter:card\" content=\"summary_large_image\" \/>\n<meta name=\"twitter:label1\" content=\"Dur\u00e9e de lecture estim\u00e9e\" \/>\n\t<meta name=\"twitter:data1\" content=\"3 minutes\" \/>\n<script type=\"application\/ld+json\" class=\"yoast-schema-graph\">{\"@context\":\"https:\/\/schema.org\",\"@graph\":[{\"@type\":\"WebPage\",\"@id\":\"https:\/\/www.Eurotoll.eu\/fr\/nos-reseaux\/italie\/\",\"url\":\"https:\/\/www.Eurotoll.eu\/fr\/nos-reseaux\/italie\/\",\"name\":\"Italie - eurotoll\",\"isPartOf\":{\"@id\":\"https:\/\/www.Eurotoll.eu\/fr\/#website\"},\"datePublished\":\"2016-06-13T20:12:26+00:00\",\"dateModified\":\"2025-11-17T13:12:28+00:00\",\"description\":\"Simplifiez vos trajets en Italie avec les t\u00e9l\u00e9badges poids lourds Lumesia et profitez des meilleurs prix.\",\"breadcrumb\":{\"@id\":\"https:\/\/www.Eurotoll.eu\/fr\/nos-reseaux\/italie\/#breadcrumb\"},\"inLanguage\":\"fr-FR\",\"potentialAction\":[{\"@type\":\"ReadAction\",\"target\":[\"https:\/\/www.Eurotoll.eu\/fr\/nos-reseaux\/italie\/\"]}]},{\"@type\":\"BreadcrumbList\",\"@id\":\"https:\/\/www.Eurotoll.eu\/fr\/nos-reseaux\/italie\/#breadcrumb\",\"itemListElement\":[{\"@type\":\"ListItem\",\"position\":1,\"name\":\"Accueil\",\"item\":\"https:\/\/www.Eurotoll.eu\/fr\/\"},{\"@type\":\"ListItem\",\"position\":2,\"name\":\"Nos r\u00e9seaux\",\"item\":\"https:\/\/www.Eurotoll.eu\/fr\/nos-reseaux\/\"},{\"@type\":\"ListItem\",\"position\":3,\"name\":\"Italie\"}]},{\"@type\":\"WebSite\",\"@id\":\"https:\/\/www.Eurotoll.eu\/fr\/#website\",\"url\":\"https:\/\/www.Eurotoll.eu\/fr\/\",\"name\":\"eurotoll\",\"description\":\"Opening the road\",\"potentialAction\":[{\"@type\":\"SearchAction\",\"target\":{\"@type\":\"EntryPoint\",\"urlTemplate\":\"https:\/\/www.Eurotoll.eu\/fr\/?s={search_term_string}\"},\"query-input\":{\"@type\":\"PropertyValueSpecification\",\"valueRequired\":true,\"valueName\":\"search_term_string\"}}],\"inLanguage\":\"fr-FR\"}]}<\/script>\n<!-- \/ Yoast SEO Premium plugin. -->","yoast_head_json":{"title":"Italie - eurotoll","description":"Simplifiez vos trajets en Italie avec les t\u00e9l\u00e9badges poids lourds Lumesia et profitez des meilleurs prix.","robots":{"index":"index","follow":"follow","max-snippet":"max-snippet:-1","max-image-preview":"max-image-preview:large","max-video-preview":"max-video-preview:-1"},"canonical":"https:\/\/www.Eurotoll.eu\/fr\/nos-reseaux\/italie\/","og_locale":"fr_FR","og_type":"article","og_title":"Italie","og_description":"Simplifiez vos trajets en Italie avec les t\u00e9l\u00e9badges poids lourds Lumesia et profitez des meilleurs prix.","og_url":"https:\/\/www.Eurotoll.eu\/fr\/nos-reseaux\/italie\/","og_site_name":"eurotoll","article_modified_time":"2025-11-17T13:12:28+00:00","twitter_card":"summary_large_image","twitter_misc":{"Dur\u00e9e de lecture estim\u00e9e":"3 minutes"},"schema":{"@context":"https:\/\/schema.org","@graph":[{"@type":"WebPage","@id":"https:\/\/www.Eurotoll.eu\/fr\/nos-reseaux\/italie\/","url":"https:\/\/www.Eurotoll.eu\/fr\/nos-reseaux\/italie\/","name":"Italie - eurotoll","isPartOf":{"@id":"https:\/\/www.Eurotoll.eu\/fr\/#website"},"datePublished":"2016-06-13T20:12:26+00:00","dateModified":"2025-11-17T13:12:28+00:00","description":"Simplifiez vos trajets en Italie avec les t\u00e9l\u00e9badges poids lourds Lumesia et profitez des meilleurs prix.","breadcrumb":{"@id":"https:\/\/www.Eurotoll.eu\/fr\/nos-reseaux\/italie\/#breadcrumb"},"inLanguage":"fr-FR","potentialAction":[{"@type":"ReadAction","target":["https:\/\/www.Eurotoll.eu\/fr\/nos-reseaux\/italie\/"]}]},{"@type":"BreadcrumbList","@id":"https:\/\/www.Eurotoll.eu\/fr\/nos-reseaux\/italie\/#breadcrumb","itemListElement":[{"@type":"ListItem","position":1,"name":"Accueil","item":"https:\/\/www.Eurotoll.eu\/fr\/"},{"@type":"ListItem","position":2,"name":"Nos r\u00e9seaux","item":"https:\/\/www.Eurotoll.eu\/fr\/nos-reseaux\/"},{"@type":"ListItem","position":3,"name":"Italie"}]},{"@type":"WebSite","@id":"https:\/\/www.Eurotoll.eu\/fr\/#website","url":"https:\/\/www.Eurotoll.eu\/fr\/","name":"eurotoll","description":"Opening the road","potentialAction":[{"@type":"SearchAction","target":{"@type":"EntryPoint","urlTemplate":"https:\/\/www.Eurotoll.eu\/fr\/?s={search_term_string}"},"query-input":{"@type":"PropertyValueSpecification","valueRequired":true,"valueName":"search_term_string"}}],"inLanguage":"fr-FR"}]}},"_links":{"self":[{"href":"https:\/\/www.Eurotoll.eu\/fr\/wp-json\/wp\/v2\/pages\/3304","targetHints":{"allow":["GET"]}}],"collection":[{"href":"https:\/\/www.Eurotoll.eu\/fr\/wp-json\/wp\/v2\/pages"}],"about":[{"href":"https:\/\/www.Eurotoll.eu\/fr\/wp-json\/wp\/v2\/types\/page"}],"author":[{"embeddable":true,"href":"https:\/\/www.Eurotoll.eu\/fr\/wp-json\/wp\/v2\/users\/23"}],"replies":[{"embeddable":true,"href":"https:\/\/www.Eurotoll.eu\/fr\/wp-json\/wp\/v2\/comments?post=3304"}],"version-history":[{"count":39,"href":"https:\/\/www.Eurotoll.eu\/fr\/wp-json\/wp\/v2\/pages\/3304\/revisions"}],"predecessor-version":[{"id":19434,"href":"https:\/\/www.Eurotoll.eu\/fr\/wp-json\/wp\/v2\/pages\/3304\/revisions\/19434"}],"up":[{"embeddable":true,"href":"https:\/\/www.Eurotoll.eu\/fr\/wp-json\/wp\/v2\/pages\/10"}],"wp:attachment":[{"href":"https:\/\/www.Eurotoll.eu\/fr\/wp-json\/wp\/v2\/media?parent=3304"}],"curies":[{"name":"wp","href":"https:\/\/api.w.org\/{rel}","templated":true}]}}