{"id":3314,"date":"2016-06-13T22:32:33","date_gmt":"2016-06-13T20:32:33","guid":{"rendered":"http:\/\/80.75.152.85\/fr\/?page_id=3314"},"modified":"2025-11-17T14:15:37","modified_gmt":"2025-11-17T13:15:37","slug":"republique-tcheque","status":"publish","type":"page","link":"https:\/\/www.Eurotoll.eu\/fr\/nos-reseaux\/republique-tcheque\/","title":{"rendered":"R\u00e9publique Tch\u00e8que"},"content":{"rendered":"<p>[vc_row content_width=\u00a0\u00bbgrid\u00a0\u00bb el_class=\u00a0\u00bbpadtop50 padbot50&Prime;][vc_column][vc_column_text]<\/p>\n<h2><span style=\"color: #afca0b;\"><span data-sheets-value=\"{&quot;1&quot;:2,&quot;2&quot;:&quot;Le syst\\u00e8me de p\\u00e9age en R\\u00e9publique Tch\\u00e8que : Myto CZ&quot;}\" data-sheets-userformat=\"{&quot;2&quot;:14913,&quot;3&quot;:{&quot;1&quot;:0},&quot;9&quot;:0,&quot;12&quot;:0,&quot;14&quot;:{&quot;1&quot;:2,&quot;2&quot;:1136076},&quot;15&quot;:&quot;Calibri&quot;,&quot;16&quot;:12}\">Le syst\u00e8me de p\u00e9age en R\u00e9publique Tch\u00e8que : Myto CZ<\/span><\/span><\/h2>\n<p>&nbsp;<\/p>\n<p>En R\u00e9publique Tch\u00e8que, le t\u00e9l\u00e9p\u00e9age fonctionne gr\u00e2ce \u00e0 des badges sp\u00e9cifiques. Ces badges sont d\u00e9tect\u00e9s par des antennes au passage sous les portiques situ\u00e9s sur les voies, les v\u00e9hicules circulant \u00e0 vitesse normale. Tous les poids lourds et autocars de plus de 3,5 tonnes\u00a0circulant sur les 1 430 km du r\u00e9seau routier national Tch\u00e8que doivent s\u2019acquitter de ce p\u00e9age.<\/p>\n<p>&nbsp;<\/p>\n<p><strong>Le 1er d\u00e9cembre 2019, un nouveau syst\u00e8me de t\u00e9l\u00e9p\u00e9age a \u00e9t\u00e9 mis en place avec de nouveaux OBU.<\/strong> Depuis\u00a0cette date, vous devez \u00eatre enregistr\u00e9 sur le nouveau syst\u00e8me et poss\u00e9der un OBU nouvelle g\u00e9n\u00e9ration pour pouvoir circuler sur le r\u00e9seau \u00e0 p\u00e9age.<\/p>\n<p><strong>Nous vous accompagnons dans cette transition en g\u00e9rant pour vous toutes les formalit\u00e9s d&rsquo;enregistrement et en vous fournissant un OBU adapt\u00e9.<\/strong><\/p>\n<p>&nbsp;<\/p>\n<h3><span style=\"color: #035e7e;\" data-sheets-value=\"{&quot;1&quot;:2,&quot;2&quot;:&quot;Les tarifs sont calcul\\u00e9s en fonction:&quot;}\" data-sheets-userformat=\"{&quot;2&quot;:14913,&quot;3&quot;:{&quot;1&quot;:0},&quot;9&quot;:0,&quot;12&quot;:0,&quot;14&quot;:{&quot;1&quot;:2,&quot;2&quot;:1136076},&quot;15&quot;:&quot;Calibri&quot;,&quot;16&quot;:12}\">Le montant du p\u00e9age est calcul\u00e9 en fonction :<\/span><\/h3>\n<ul>\n<li><span data-sheets-value=\"{&quot;1&quot;:2,&quot;2&quot;:&quot;o Du type de route emprunt\\u00e9e (Autoroute, nationales, route de 1ere classe)\\no De l\\u2019heure de passage\\no Du type de v\\u00e9hicule (Poids Lourds, Autocar)\\no Du nombre d\\u2019essieux&quot;}\" data-sheets-userformat=\"{&quot;2&quot;:14913,&quot;3&quot;:{&quot;1&quot;:0},&quot;9&quot;:0,&quot;12&quot;:0,&quot;14&quot;:{&quot;1&quot;:2,&quot;2&quot;:1136076},&quot;15&quot;:&quot;Calibri&quot;,&quot;16&quot;:12}\">Du type de route emprunt\u00e9e (autoroutes, nationales, routes de 1ere classe)<\/span><\/li>\n<li><span data-sheets-value=\"{&quot;1&quot;:2,&quot;2&quot;:&quot;o Du type de route emprunt\\u00e9e (Autoroute, nationales, route de 1ere classe)\\no De l\\u2019heure de passage\\no Du type de v\\u00e9hicule (Poids Lourds, Autocar)\\no Du nombre d\\u2019essieux&quot;}\" data-sheets-userformat=\"{&quot;2&quot;:14913,&quot;3&quot;:{&quot;1&quot;:0},&quot;9&quot;:0,&quot;12&quot;:0,&quot;14&quot;:{&quot;1&quot;:2,&quot;2&quot;:1136076},&quot;15&quot;:&quot;Calibri&quot;,&quot;16&quot;:12}\">De l\u2019heure de passage<\/span><\/li>\n<li><span data-sheets-value=\"{&quot;1&quot;:2,&quot;2&quot;:&quot;o Du type de route emprunt\\u00e9e (Autoroute, nationales, route de 1ere classe)\\no De l\\u2019heure de passage\\no Du type de v\\u00e9hicule (Poids Lourds, Autocar)\\no Du nombre d\\u2019essieux&quot;}\" data-sheets-userformat=\"{&quot;2&quot;:14913,&quot;3&quot;:{&quot;1&quot;:0},&quot;9&quot;:0,&quot;12&quot;:0,&quot;14&quot;:{&quot;1&quot;:2,&quot;2&quot;:1136076},&quot;15&quot;:&quot;Calibri&quot;,&quot;16&quot;:12}\">Du type de v\u00e9hicule (poids lourds, autocar)<\/span><\/li>\n<li><span data-sheets-value=\"{&quot;1&quot;:2,&quot;2&quot;:&quot;o Du type de route emprunt\\u00e9e (Autoroute, nationales, route de 1ere classe)\\no De l\\u2019heure de passage\\no Du type de v\\u00e9hicule (Poids Lourds, Autocar)\\no Du nombre d\\u2019essieux&quot;}\" data-sheets-userformat=\"{&quot;2&quot;:14913,&quot;3&quot;:{&quot;1&quot;:0},&quot;9&quot;:0,&quot;12&quot;:0,&quot;14&quot;:{&quot;1&quot;:2,&quot;2&quot;:1136076},&quot;15&quot;:&quot;Calibri&quot;,&quot;16&quot;:12}\">Du nombre d\u2019essieux<\/span><\/li>\n<\/ul>\n<p>[\/vc_column_text][vc_empty_space height=\u00a0\u00bb50px\u00a0\u00bb]<a href=\"https:\/\/mytocz.eu\/en\/customer-services\/toll-calculator\" target=\"_blank\" style=\"color: #afca0b;background-color: #ffffff;border-color: #afca0b\" class=\"qodef-btn qodef-btn-small qodef-btn-outline qodef-btn-custom-hover-bg qodef-btn-custom-border-hover qodef-btn-custom-hover-color qodef-btn-icon\" data-hover-bg-color=\"#ffffff\" data-hover-color=\"#bfd53c\" data-hover-border-color=\"#afca0b\" >\n        <span class=\"qodef-btn-text\">Calculer le co\u00fbt de votre p\u00e9age<\/span>\n    <span class=\"qodef-btn-text-icon\"><i class=\"qodef-icon-simple-line-icon icon-arrow-right-circle \" ><\/i><\/span>\n<\/a>[vc_empty_space height=\u00a0\u00bb50px\u00a0\u00bb][vc_column_text]<\/p>\n<h2><\/h2>\n<h3><span style=\"color: #035e7e;\" data-sheets-value=\"{&quot;1&quot;:2,&quot;2&quot;:&quot;Contr\\u00f4le sanction&quot;}\" data-sheets-userformat=\"{&quot;2&quot;:15041,&quot;3&quot;:{&quot;1&quot;:0},&quot;9&quot;:0,&quot;10&quot;:0,&quot;12&quot;:0,&quot;14&quot;:{&quot;1&quot;:2,&quot;2&quot;:1136076},&quot;15&quot;:&quot;Calibri&quot;,&quot;16&quot;:12}\">Contr\u00f4le sanction<\/span><\/h3>\n<p><img loading=\"lazy\" decoding=\"async\" class=\"alignright wp-image-3718 size-medium\" src=\"https:\/\/dev.lumesia.com\/wp-content\/uploads\/2016\/06\/image-portique-surveillance-rep-tcheque-e1468333899838-300x190.png\" width=\"300\" height=\"190\" srcset=\"https:\/\/www.Eurotoll.eu\/wp-content\/uploads\/2016\/06\/image-portique-surveillance-rep-tcheque-e1468333899838-300x190.png 300w, https:\/\/www.Eurotoll.eu\/wp-content\/uploads\/2016\/06\/image-portique-surveillance-rep-tcheque-e1468333899838.png 325w\" sizes=\"auto, (max-width: 300px) 100vw, 300px\" \/><\/p>\n<p>Surveillance vid\u00e9o de la pr\u00e9sence de l\u2019OBU dans le v\u00e9hicule et de la coh\u00e9rence avec l&rsquo;immatriculation du v\u00e9hicule dans lequel il est plac\u00e9. Le contr\u00f4le est effectu\u00e9 par la police aux p\u00e9ages rattach\u00e9e \u00e0 l&rsquo;\u00e9tat. Le contrevenant doit verser une amende et son v\u00e9hicule peut-\u00eatre immobilis\u00e9.[\/vc_column_text][vc_empty_space height=\u00a0\u00bb50px\u00a0\u00bb]<a href=\"mailto:service.client@eurotoll.fr?subject=Plus%20d&#039;informations%20sur%20l&#039;offre%20Rep.Tch\u00e8que\" target=\"_self\" style=\"color: #ffffff;background-color: #bfd53c;border-color: #afca0b\" class=\"qodef-btn qodef-btn-small qodef-btn-solid qodef-btn-custom-hover-bg qodef-btn-custom-border-hover qodef-btn-custom-hover-color qodef-btn-icon qodef-btn-hover-animation\" data-hover-bg-color=\"#bfd53c\" data-hover-color=\"#ffffff\" data-hover-border-color=\"#afca0b\" >\n            <span  style=\"background-color: #afca0b\"  class=\"qodef-animation-overlay\"><\/span>\n        <span class=\"qodef-btn-text\">Nous contacter <\/span>\n    <span class=\"qodef-btn-text-icon\"><i class=\"qodef-icon-simple-line-icon icon-arrow-right-circle \" ><\/i><\/span>\n<\/a>[\/vc_column][\/vc_row][vc_row el_class=\u00a0\u00bbspepadleft white\u00a0\u00bb css=\u00a0\u00bb.vc_custom_1716911607923{background-color: #035e7e !important;}\u00a0\u00bb el_id=\u00a0\u00bbplus-service-eurotoll\u00a0\u00bb][vc_column width=\u00a0\u00bb2\/3&Prime; el_class=\u00a0\u00bbpadtop50 padbot50&Prime;][vc_column_text]<\/p>\n<h4><strong>Les services plus Lumesia<\/strong><\/h4>\n<p>&nbsp;<\/p>\n<ul>\n<li>Optimisez vos co\u00fbts p\u00e9age<\/li>\n<li>Suivez votre activit\u00e9 via vos tableaux de bord personnalis\u00e9s<\/li>\n<li>Contr\u00f4lez vos passages sur les r\u00e9seaux \u00e0 p\u00e9age, par v\u00e9hicule, par conducteur<\/li>\n<li>Cr\u00e9ez des rapports personnalis\u00e9s, par sous-flotte, client, exploitant\u2026<\/li>\n<li>Int\u00e9grez automatiquement vos donn\u00e9es p\u00e9age dans vos outils m\u00e9tier (TMS, ERP ou Excel)<\/li>\n<\/ul>\n<p>[\/vc_column_text][vc_empty_space][\/vc_column][vc_column width=\u00a0\u00bb1\/3&Prime;][vc_single_image image=\u00a0\u00bb3493&Prime; img_size=\u00a0\u00bbfull\u00a0\u00bb][\/vc_column][\/vc_row][vc_row content_aligment=\u00a0\u00bbcenter\u00a0\u00bb el_class=\u00a0\u00bbpadtop50 padbot50&Prime; css=\u00a0\u00bb.vc_custom_1763380932229{background-color: #afca0b !important;}\u00a0\u00bb][vc_column][vc_empty_space height=\u00a0\u00bb15px\u00a0\u00bb][vc_column_text]<\/p>\n<h3 style=\"text-align: center;\"><span style=\"color: #035e7e;\">Besoin de plus d&rsquo;informations ? Notre \u00e9quipe est \u00e0 votre \u00e9coute !<\/span><\/h3>\n<p>[\/vc_column_text][vc_empty_space]<a href=\"https:\/\/Eurotoll.eu\/fr\/formulaire-eurotoll\/\" target=\"_self\" style=\"color: #035e7e;border-color: #035e7e\" class=\"qodef-btn qodef-btn-small qodef-btn-outline qodef-btn-custom-border-hover qodef-btn-custom-hover-color qodef-btn-icon\" data-hover-color=\"#035e7e\" data-hover-border-color=\"#035e7e\" >\n        <span class=\"qodef-btn-text\">Contactez-nous<\/span>\n    <span class=\"qodef-btn-text-icon\"><i class=\"qodef-icon-simple-line-icon icon-arrow-right-circle \" ><\/i><\/span>\n<\/a>[\/vc_column][\/vc_row]<\/p>\n","protected":false},"excerpt":{"rendered":"<p>[vc_row content_width=\u00a0\u00bbgrid\u00a0\u00bb el_class=\u00a0\u00bbpadtop50 padbot50&Prime;][vc_column][vc_column_text] Le syst\u00e8me de p\u00e9age en R\u00e9publique Tch\u00e8que : Myto CZ &nbsp; En R\u00e9publique Tch\u00e8que, le t\u00e9l\u00e9p\u00e9age fonctionne&#8230;<\/p>\n","protected":false},"author":23,"featured_media":0,"parent":10,"menu_order":0,"comment_status":"closed","ping_status":"closed","template":"full-width.php","meta":{"footnotes":""},"class_list":["post-3314","page","type-page","status-publish","hentry"],"yoast_head":"<!-- This site is optimized with the Yoast SEO Premium plugin v26.7 (Yoast SEO v26.7) - https:\/\/yoast.com\/wordpress\/plugins\/seo\/ -->\n<title>R\u00e9publique Tch\u00e8que - eurotoll<\/title>\n<meta name=\"description\" content=\"Eurotoll vous ouvre les routes de la R\u00e9publique Tch\u00e8que. Dans ce pays, le t\u00e9l\u00e9p\u00e9age fonctionne gr\u00e2ce \u00e0 des badges sp\u00e9cifiques.\" \/>\n<meta name=\"robots\" content=\"index, follow, max-snippet:-1, max-image-preview:large, max-video-preview:-1\" \/>\n<link rel=\"canonical\" href=\"https:\/\/www.Eurotoll.eu\/fr\/nos-reseaux\/republique-tcheque\/\" \/>\n<meta property=\"og:locale\" content=\"fr_FR\" \/>\n<meta property=\"og:type\" content=\"article\" \/>\n<meta property=\"og:title\" content=\"R\u00e9publique Tch\u00e8que\" \/>\n<meta property=\"og:description\" content=\"Eurotoll vous ouvre les routes de la R\u00e9publique Tch\u00e8que. Dans ce pays, le t\u00e9l\u00e9p\u00e9age fonctionne gr\u00e2ce \u00e0 des badges sp\u00e9cifiques.\" \/>\n<meta property=\"og:url\" content=\"https:\/\/www.Eurotoll.eu\/fr\/nos-reseaux\/republique-tcheque\/\" \/>\n<meta property=\"og:site_name\" content=\"eurotoll\" \/>\n<meta property=\"article:modified_time\" content=\"2025-11-17T13:15:37+00:00\" \/>\n<meta property=\"og:image\" content=\"https:\/\/www.Eurotoll.eu\/wp-content\/uploads\/2016\/06\/image-portique-surveillance-rep-tcheque-e1468333899838.png\" \/>\n\t<meta property=\"og:image:width\" content=\"325\" \/>\n\t<meta property=\"og:image:height\" content=\"206\" \/>\n\t<meta property=\"og:image:type\" content=\"image\/png\" \/>\n<meta name=\"twitter:card\" content=\"summary_large_image\" \/>\n<meta name=\"twitter:label1\" content=\"Dur\u00e9e de lecture estim\u00e9e\" \/>\n\t<meta name=\"twitter:data1\" content=\"2 minutes\" \/>\n<script type=\"application\/ld+json\" class=\"yoast-schema-graph\">{\"@context\":\"https:\/\/schema.org\",\"@graph\":[{\"@type\":\"WebPage\",\"@id\":\"https:\/\/www.Eurotoll.eu\/fr\/nos-reseaux\/republique-tcheque\/\",\"url\":\"https:\/\/www.Eurotoll.eu\/fr\/nos-reseaux\/republique-tcheque\/\",\"name\":\"R\u00e9publique Tch\u00e8que - eurotoll\",\"isPartOf\":{\"@id\":\"https:\/\/www.Eurotoll.eu\/fr\/#website\"},\"primaryImageOfPage\":{\"@id\":\"https:\/\/www.Eurotoll.eu\/fr\/nos-reseaux\/republique-tcheque\/#primaryimage\"},\"image\":{\"@id\":\"https:\/\/www.Eurotoll.eu\/fr\/nos-reseaux\/republique-tcheque\/#primaryimage\"},\"thumbnailUrl\":\"https:\/\/dev.lumesia.com\/wp-content\/uploads\/2016\/06\/image-portique-surveillance-rep-tcheque-e1468333899838-300x190.png\",\"datePublished\":\"2016-06-13T20:32:33+00:00\",\"dateModified\":\"2025-11-17T13:15:37+00:00\",\"description\":\"Eurotoll vous ouvre les routes de la R\u00e9publique Tch\u00e8que. Dans ce pays, le t\u00e9l\u00e9p\u00e9age fonctionne gr\u00e2ce \u00e0 des badges sp\u00e9cifiques.\",\"breadcrumb\":{\"@id\":\"https:\/\/www.Eurotoll.eu\/fr\/nos-reseaux\/republique-tcheque\/#breadcrumb\"},\"inLanguage\":\"fr-FR\",\"potentialAction\":[{\"@type\":\"ReadAction\",\"target\":[\"https:\/\/www.Eurotoll.eu\/fr\/nos-reseaux\/republique-tcheque\/\"]}]},{\"@type\":\"ImageObject\",\"inLanguage\":\"fr-FR\",\"@id\":\"https:\/\/www.Eurotoll.eu\/fr\/nos-reseaux\/republique-tcheque\/#primaryimage\",\"url\":\"https:\/\/dev.lumesia.com\/wp-content\/uploads\/2016\/06\/image-portique-surveillance-rep-tcheque-e1468333899838-300x190.png\",\"contentUrl\":\"https:\/\/dev.lumesia.com\/wp-content\/uploads\/2016\/06\/image-portique-surveillance-rep-tcheque-e1468333899838-300x190.png\"},{\"@type\":\"BreadcrumbList\",\"@id\":\"https:\/\/www.Eurotoll.eu\/fr\/nos-reseaux\/republique-tcheque\/#breadcrumb\",\"itemListElement\":[{\"@type\":\"ListItem\",\"position\":1,\"name\":\"Accueil\",\"item\":\"https:\/\/www.Eurotoll.eu\/fr\/\"},{\"@type\":\"ListItem\",\"position\":2,\"name\":\"Nos r\u00e9seaux\",\"item\":\"https:\/\/www.Eurotoll.eu\/fr\/nos-reseaux\/\"},{\"@type\":\"ListItem\",\"position\":3,\"name\":\"R\u00e9publique Tch\u00e8que\"}]},{\"@type\":\"WebSite\",\"@id\":\"https:\/\/www.Eurotoll.eu\/fr\/#website\",\"url\":\"https:\/\/www.Eurotoll.eu\/fr\/\",\"name\":\"eurotoll\",\"description\":\"Opening the road\",\"potentialAction\":[{\"@type\":\"SearchAction\",\"target\":{\"@type\":\"EntryPoint\",\"urlTemplate\":\"https:\/\/www.Eurotoll.eu\/fr\/?s={search_term_string}\"},\"query-input\":{\"@type\":\"PropertyValueSpecification\",\"valueRequired\":true,\"valueName\":\"search_term_string\"}}],\"inLanguage\":\"fr-FR\"}]}<\/script>\n<!-- \/ Yoast SEO Premium plugin. -->","yoast_head_json":{"title":"R\u00e9publique Tch\u00e8que - eurotoll","description":"Eurotoll vous ouvre les routes de la R\u00e9publique Tch\u00e8que. Dans ce pays, le t\u00e9l\u00e9p\u00e9age fonctionne gr\u00e2ce \u00e0 des badges sp\u00e9cifiques.","robots":{"index":"index","follow":"follow","max-snippet":"max-snippet:-1","max-image-preview":"max-image-preview:large","max-video-preview":"max-video-preview:-1"},"canonical":"https:\/\/www.Eurotoll.eu\/fr\/nos-reseaux\/republique-tcheque\/","og_locale":"fr_FR","og_type":"article","og_title":"R\u00e9publique Tch\u00e8que","og_description":"Eurotoll vous ouvre les routes de la R\u00e9publique Tch\u00e8que. Dans ce pays, le t\u00e9l\u00e9p\u00e9age fonctionne gr\u00e2ce \u00e0 des badges sp\u00e9cifiques.","og_url":"https:\/\/www.Eurotoll.eu\/fr\/nos-reseaux\/republique-tcheque\/","og_site_name":"eurotoll","article_modified_time":"2025-11-17T13:15:37+00:00","og_image":[{"width":325,"height":206,"url":"https:\/\/www.Eurotoll.eu\/wp-content\/uploads\/2016\/06\/image-portique-surveillance-rep-tcheque-e1468333899838.png","type":"image\/png"}],"twitter_card":"summary_large_image","twitter_misc":{"Dur\u00e9e de lecture estim\u00e9e":"2 minutes"},"schema":{"@context":"https:\/\/schema.org","@graph":[{"@type":"WebPage","@id":"https:\/\/www.Eurotoll.eu\/fr\/nos-reseaux\/republique-tcheque\/","url":"https:\/\/www.Eurotoll.eu\/fr\/nos-reseaux\/republique-tcheque\/","name":"R\u00e9publique Tch\u00e8que - eurotoll","isPartOf":{"@id":"https:\/\/www.Eurotoll.eu\/fr\/#website"},"primaryImageOfPage":{"@id":"https:\/\/www.Eurotoll.eu\/fr\/nos-reseaux\/republique-tcheque\/#primaryimage"},"image":{"@id":"https:\/\/www.Eurotoll.eu\/fr\/nos-reseaux\/republique-tcheque\/#primaryimage"},"thumbnailUrl":"https:\/\/dev.lumesia.com\/wp-content\/uploads\/2016\/06\/image-portique-surveillance-rep-tcheque-e1468333899838-300x190.png","datePublished":"2016-06-13T20:32:33+00:00","dateModified":"2025-11-17T13:15:37+00:00","description":"Eurotoll vous ouvre les routes de la R\u00e9publique Tch\u00e8que. Dans ce pays, le t\u00e9l\u00e9p\u00e9age fonctionne gr\u00e2ce \u00e0 des badges sp\u00e9cifiques.","breadcrumb":{"@id":"https:\/\/www.Eurotoll.eu\/fr\/nos-reseaux\/republique-tcheque\/#breadcrumb"},"inLanguage":"fr-FR","potentialAction":[{"@type":"ReadAction","target":["https:\/\/www.Eurotoll.eu\/fr\/nos-reseaux\/republique-tcheque\/"]}]},{"@type":"ImageObject","inLanguage":"fr-FR","@id":"https:\/\/www.Eurotoll.eu\/fr\/nos-reseaux\/republique-tcheque\/#primaryimage","url":"https:\/\/dev.lumesia.com\/wp-content\/uploads\/2016\/06\/image-portique-surveillance-rep-tcheque-e1468333899838-300x190.png","contentUrl":"https:\/\/dev.lumesia.com\/wp-content\/uploads\/2016\/06\/image-portique-surveillance-rep-tcheque-e1468333899838-300x190.png"},{"@type":"BreadcrumbList","@id":"https:\/\/www.Eurotoll.eu\/fr\/nos-reseaux\/republique-tcheque\/#breadcrumb","itemListElement":[{"@type":"ListItem","position":1,"name":"Accueil","item":"https:\/\/www.Eurotoll.eu\/fr\/"},{"@type":"ListItem","position":2,"name":"Nos r\u00e9seaux","item":"https:\/\/www.Eurotoll.eu\/fr\/nos-reseaux\/"},{"@type":"ListItem","position":3,"name":"R\u00e9publique Tch\u00e8que"}]},{"@type":"WebSite","@id":"https:\/\/www.Eurotoll.eu\/fr\/#website","url":"https:\/\/www.Eurotoll.eu\/fr\/","name":"eurotoll","description":"Opening the road","potentialAction":[{"@type":"SearchAction","target":{"@type":"EntryPoint","urlTemplate":"https:\/\/www.Eurotoll.eu\/fr\/?s={search_term_string}"},"query-input":{"@type":"PropertyValueSpecification","valueRequired":true,"valueName":"search_term_string"}}],"inLanguage":"fr-FR"}]}},"_links":{"self":[{"href":"https:\/\/www.Eurotoll.eu\/fr\/wp-json\/wp\/v2\/pages\/3314","targetHints":{"allow":["GET"]}}],"collection":[{"href":"https:\/\/www.Eurotoll.eu\/fr\/wp-json\/wp\/v2\/pages"}],"about":[{"href":"https:\/\/www.Eurotoll.eu\/fr\/wp-json\/wp\/v2\/types\/page"}],"author":[{"embeddable":true,"href":"https:\/\/www.Eurotoll.eu\/fr\/wp-json\/wp\/v2\/users\/23"}],"replies":[{"embeddable":true,"href":"https:\/\/www.Eurotoll.eu\/fr\/wp-json\/wp\/v2\/comments?post=3314"}],"version-history":[{"count":45,"href":"https:\/\/www.Eurotoll.eu\/fr\/wp-json\/wp\/v2\/pages\/3314\/revisions"}],"predecessor-version":[{"id":19438,"href":"https:\/\/www.Eurotoll.eu\/fr\/wp-json\/wp\/v2\/pages\/3314\/revisions\/19438"}],"up":[{"embeddable":true,"href":"https:\/\/www.Eurotoll.eu\/fr\/wp-json\/wp\/v2\/pages\/10"}],"wp:attachment":[{"href":"https:\/\/www.Eurotoll.eu\/fr\/wp-json\/wp\/v2\/media?parent=3314"}],"curies":[{"name":"wp","href":"https:\/\/api.w.org\/{rel}","templated":true}]}}