{"id":7375,"date":"2018-05-24T09:27:15","date_gmt":"2018-05-24T07:27:15","guid":{"rendered":"http:\/\/80.75.152.85\/?page_id=7375\/"},"modified":"2025-06-16T09:15:57","modified_gmt":"2025-06-16T07:15:57","slug":"cookies","status":"publish","type":"page","link":"https:\/\/www.Eurotoll.eu\/fr\/cookies\/","title":{"rendered":"Politique de cookies"},"content":{"rendered":"<p>Eurotoll (ci-apr\u00e8s d\u00e9sign\u00e9e comme le \u00ab Responsable du traitement \u00bb ou \u00ab Nous \u00bb), dont le si\u00e8ge social est situ\u00e9 au 35 rue Camille Desmoulins 92130 Issy-les-Moulineaux, France, enregistr\u00e9e au registre du commerce et des soci\u00e9t\u00e9s de Nanterre sous le num\u00e9ro d\u2019immatriculation 484 835 103, n\u00b0 de TVA intracommunautaire FR 21 484 835\u00a0103, joignable \u00e0 l\u2019adresse juridique@lumesia.com, en tant que Responsable du traitement des donn\u00e9es, vous fournit les informations suivantes concernant l\u2019utilisation des cookies sur le site internet <a href=\"http:\/\/www.eurotoll.fr\">www.eurotoll.fr<\/a> (ci-apr\u00e8s d\u00e9nomm\u00e9 le \u00ab Site \u00bb).<\/p>\n<p>&nbsp;<\/p>\n<h3><span style=\"color: #035e7e;\"><strong>1. \u00c0 propos des cookies<\/strong><\/span><\/h3>\n<p>&nbsp;<\/p>\n<p>Les cookies sont de petits fichiers texte que le site internet visit\u00e9 envoie au terminal de l\u2019utilisateur (par exemple, un ordinateur, un smartphone ou une tablette), o\u00f9 ils sont stock\u00e9s, puis renvoy\u00e9s au m\u00eame site lors des visites ult\u00e9rieures.<\/p>\n<p>&nbsp;<\/p>\n<p><span style=\"color: #333333;\">Les cookies utilis\u00e9s sur les sites internet peuvent \u00eatre class\u00e9s selon les crit\u00e8res suivants :<\/span><\/p>\n<p><span style=\"color: #333333;\"><strong>a) En fonction de l\u2019entit\u00e9 qui g\u00e8re les cookies :<\/strong><\/span><\/p>\n<ul>\n<li><span style=\"color: #333333;\"><strong>Cookies propri\u00e9taires (ou de premi\u00e8re partie) :<\/strong> ces cookies sont install\u00e9s directement par le responsable du traitement via le Site.<\/span><\/li>\n<li><span style=\"color: #333333;\"><strong>Cookies tiers :<\/strong> ces cookies sont install\u00e9s via le Site par des tiers autres que Nous.<\/span><\/li>\n<\/ul>\n<p>&nbsp;<\/p>\n<p><span style=\"color: #333333;\"><strong>b) En fonction de leur dur\u00e9e d\u2019activit\u00e9 :<\/strong><\/span><\/p>\n<ul>\n<li><span style=\"color: #333333;\"><strong>Cookies de session :<\/strong> ces cookies stockent les informations n\u00e9cessaires \u00e0 la navigation en cours et sont supprim\u00e9s imm\u00e9diatement apr\u00e8s la fin de la session, c\u2019est-\u00e0-dire lorsque le navigateur est ferm\u00e9.<\/span><\/li>\n<li><span style=\"color: #333333;\"><strong>Cookies persistants :<\/strong> ces cookies sont enregistr\u00e9s sur le disque dur de l\u2019utilisateur et sont lus par le Site \u00e0 chaque nouvelle visite. Un cookie persistant poss\u00e8de une date d\u2019expiration fixe apr\u00e8s laquelle il cesse de fonctionner.<\/span><\/li>\n<\/ul>\n<p>&nbsp;<\/p>\n<p><span style=\"color: #333333;\"><strong>c) En fonction de leur finalit\u00e9 :<\/strong><\/span><\/p>\n<ul>\n<li><span style=\"color: #333333;\"><strong>Cookies techniques :<\/strong> ces cookies sont n\u00e9cessaires pour permettre \u00e0 l\u2019utilisateur de naviguer sur le Site et d\u2019utiliser ses fonctionnalit\u00e9s.<\/span><\/li>\n<li><span style=\"color: #333333;\"><strong>Cookies de performance :<\/strong> ces cookies sont utilis\u00e9s pour obtenir des informations statistiques, sous forme agr\u00e9g\u00e9e ou non, sur le nombre d\u2019utilisateurs visitant le Site et sur la mani\u00e8re dont ils l\u2019utilisent.<\/span><\/li>\n<li><span style=\"color: #333333;\"><strong>Cookies de fonctionnalit\u00e9 :<\/strong> ces cookies servent \u00e0 m\u00e9moriser les pr\u00e9f\u00e9rences des visiteurs du Site, telles que la langue, le fuseau horaire ou des contenus avanc\u00e9s.<\/span><\/li>\n<li><span style=\"color: #333333;\"><strong>Cookies de ciblage (ou publicitaires) :<\/strong> ces cookies sont utilis\u00e9s pour \u00e9tablir un profil de l\u2019utilisateur afin d\u2019afficher des publicit\u00e9s sur le Site correspondant \u00e0 ses int\u00e9r\u00eats, en fonction de ses go\u00fbts et habitudes de consommation.<\/span><\/li>\n<\/ul>\n<p>&nbsp;<\/p>\n<h3><span style=\"color: #035e7e;\"><strong>2. Base l\u00e9gale du traitement des donn\u00e9es<\/strong><\/span><\/h3>\n<p>&nbsp;<\/p>\n<p>Le traitement des donn\u00e9es effectu\u00e9 \u00e0 l\u2019aide des <strong>cookies techniques<\/strong> repose sur la poursuite de l\u2019int\u00e9r\u00eat l\u00e9gitime du Responsable du traitement ou de tiers, \u00e0 condition que cet int\u00e9r\u00eat ne pr\u00e9vale pas sur les droits et libert\u00e9s fondamentaux de la personne concern\u00e9e n\u00e9cessitant une protection des donn\u00e9es personnelles, en tenant compte des attentes raisonnables de la personne concern\u00e9e dans le cadre de sa relation avec le Responsable du traitement (article 6, paragraphe 1, point f) du RGPD).<\/p>\n<p>&nbsp;<\/p>\n<p>En revanche, le traitement r\u00e9alis\u00e9 \u00e0 l\u2019aide des <strong>cookies de performance et des cookies de ciblage<\/strong> est bas\u00e9 sur le consentement explicite de la personne concern\u00e9e (article 6, paragraphe 1, point a) du RGPD), qui peut \u00eatre retir\u00e9 \u00e0 tout moment. Il est possible de modifier les pr\u00e9f\u00e9rences relatives aux cookies, en retirant ou en donnant son consentement \u00e0 leur utilisation, lors de la visite du site en acc\u00e9dant \u00e0 la section \u00ab Cookies \u00bb en bas de cette page.<\/p>\n<p>&nbsp;<\/p>\n<h3><span style=\"color: #035e7e;\"><strong>3. Gestion des pr\u00e9f\u00e9rences de cookies<\/strong><\/span><\/h3>\n<p>&nbsp;<\/p>\n<p>L\u2019utilisateur peut, \u00e0 tout moment, d\u00e9cider d\u2019emp\u00eacher totalement ou partiellement l\u2019installation de cookies en modifiant les param\u00e8tres de son navigateur. Toutefois, si ces param\u00e8tres sont utilis\u00e9s pour bloquer tous les cookies (y compris ceux strictement n\u00e9cessaires), l\u2019acc\u00e8s \u00e0 tout ou partie du Site peut \u00eatre impossible. En particulier, <strong>la d\u00e9sactivation des cookies techniques emp\u00eachera la navigation sur le Site<\/strong>, tandis que la d\u00e9sactivation des autres types de cookies n\u2019affectera pas la navigation.<\/p>\n<p>&nbsp;<\/p>\n<p>Chaque navigateur ayant une configuration diff\u00e9rente, vous pouvez consulter la section \u00ab Aide \u00bb du navigateur utilis\u00e9 pour comprendre comment modifier les param\u00e8tres li\u00e9s aux cookies. Vous trouverez des instructions pour les navigateurs les plus courants aux liens suivants :<\/p>\n<ul>\n<li><a href=\"https:\/\/support.google.com\/chrome\/answer\/95647?hl=fr\"><strong>Google Chrome<\/strong><\/a><\/li>\n<li><a href=\"https:\/\/support.mozilla.org\/fr\/kb\/presentation-protection-totale-cookies-mode-standard\"><strong>Mozilla Firefox<\/strong><\/a><\/li>\n<li><a href=\"https:\/\/support.microsoft.com\/fr-fr\/windows\/g%C3%A9rer-les-cookies-dans-microsoft-edge-afficher-autoriser-bloquer-supprimer-et-utiliser-168dab11-0753-043d-7c16-ede5947fc64d#:~:text=visualiser%20ce%20site.-,Ouvrez%20le%20navigateur%20Edge%2C%20s%C3%A9lectionnez%20Param%C3%A8tres%20et%20bien%20plus%20encore,activez%20Bloquer%20les%20cookies%20tiers.\"><strong>Internet Explorer<\/strong><\/a><\/li>\n<li><a href=\"https:\/\/help.opera.com\/en\/latest\/web-preferences\/#cookies\"><strong>Opera<\/strong><\/a><\/li>\n<li><a href=\"https:\/\/support.apple.com\/fr-fr\/guide\/safari\/sfri11471\/mac\"><strong>Safari<\/strong><\/a><\/li>\n<\/ul>\n<p>&nbsp;<\/p>\n<p><script type=\"text\/javascript\" charset=\"UTF-8\" data-cookiescriptreport=\"report\" src=\"\/\/report.cookie-script.com\/r\/f46109f91de32e9218d172a596bc9d1b.js\"><\/script><\/p>\n<p>&nbsp;<\/p>\n","protected":false},"excerpt":{"rendered":"<p>Eurotoll (ci-apr\u00e8s d\u00e9sign\u00e9e comme le \u00ab Responsable du traitement \u00bb ou \u00ab Nous \u00bb), dont le si\u00e8ge social est situ\u00e9 au&#8230;<\/p>\n","protected":false},"author":23,"featured_media":0,"parent":0,"menu_order":0,"comment_status":"closed","ping_status":"closed","template":"","meta":{"footnotes":""},"class_list":["post-7375","page","type-page","status-publish","hentry"],"yoast_head":"<!-- This site is optimized with the Yoast SEO Premium plugin v26.7 (Yoast SEO v26.7) - https:\/\/yoast.com\/wordpress\/plugins\/seo\/ -->\n<title>Politique de cookies - eurotoll<\/title>\n<meta name=\"description\" content=\"La page Politique de cookies de notre site explique l&#039;utilisation des cookies sur www.eurotoll.fr. Ces fichiers enregistrent des informations de navigation pour personnaliser votre exp\u00e9rience. Ils ne permettent pas de vous identifier directement. Vous pouvez les g\u00e9rer via votre navigateur, avec un impact possible sur certaines fonctionnalit\u00e9s.\" \/>\n<meta name=\"robots\" content=\"noindex, nofollow\" \/>\n<meta property=\"og:locale\" content=\"fr_FR\" \/>\n<meta property=\"og:type\" content=\"article\" \/>\n<meta property=\"og:title\" content=\"Politique de cookies\" \/>\n<meta property=\"og:description\" content=\"La page Politique de cookies de notre site explique l&#039;utilisation des cookies sur www.eurotoll.fr. Ces fichiers enregistrent des informations de navigation pour personnaliser votre exp\u00e9rience. Ils ne permettent pas de vous identifier directement. Vous pouvez les g\u00e9rer via votre navigateur, avec un impact possible sur certaines fonctionnalit\u00e9s.\" \/>\n<meta property=\"og:url\" content=\"https:\/\/www.Eurotoll.eu\/fr\/cookies\/\" \/>\n<meta property=\"og:site_name\" content=\"eurotoll\" \/>\n<meta property=\"article:modified_time\" content=\"2025-06-16T07:15:57+00:00\" \/>\n<meta name=\"twitter:card\" content=\"summary_large_image\" \/>\n<meta name=\"twitter:label1\" content=\"Dur\u00e9e de lecture estim\u00e9e\" \/>\n\t<meta name=\"twitter:data1\" content=\"3 minutes\" \/>\n<script type=\"application\/ld+json\" class=\"yoast-schema-graph\">{\"@context\":\"https:\/\/schema.org\",\"@graph\":[{\"@type\":\"WebPage\",\"@id\":\"https:\/\/www.Eurotoll.eu\/fr\/cookies\/\",\"url\":\"https:\/\/www.Eurotoll.eu\/fr\/cookies\/\",\"name\":\"Politique de cookies - eurotoll\",\"isPartOf\":{\"@id\":\"https:\/\/www.Eurotoll.eu\/fr\/#website\"},\"datePublished\":\"2018-05-24T07:27:15+00:00\",\"dateModified\":\"2025-06-16T07:15:57+00:00\",\"description\":\"La page Politique de cookies de notre site explique l'utilisation des cookies sur www.eurotoll.fr. Ces fichiers enregistrent des informations de navigation pour personnaliser votre exp\u00e9rience. Ils ne permettent pas de vous identifier directement. Vous pouvez les g\u00e9rer via votre navigateur, avec un impact possible sur certaines fonctionnalit\u00e9s.\",\"breadcrumb\":{\"@id\":\"https:\/\/www.Eurotoll.eu\/fr\/cookies\/#breadcrumb\"},\"inLanguage\":\"fr-FR\",\"potentialAction\":[{\"@type\":\"ReadAction\",\"target\":[\"https:\/\/www.Eurotoll.eu\/fr\/cookies\/\"]}]},{\"@type\":\"BreadcrumbList\",\"@id\":\"https:\/\/www.Eurotoll.eu\/fr\/cookies\/#breadcrumb\",\"itemListElement\":[{\"@type\":\"ListItem\",\"position\":1,\"name\":\"Accueil\",\"item\":\"https:\/\/www.Eurotoll.eu\/fr\/\"},{\"@type\":\"ListItem\",\"position\":2,\"name\":\"Politique de cookies\"}]},{\"@type\":\"WebSite\",\"@id\":\"https:\/\/www.Eurotoll.eu\/fr\/#website\",\"url\":\"https:\/\/www.Eurotoll.eu\/fr\/\",\"name\":\"eurotoll\",\"description\":\"Opening the road\",\"potentialAction\":[{\"@type\":\"SearchAction\",\"target\":{\"@type\":\"EntryPoint\",\"urlTemplate\":\"https:\/\/www.Eurotoll.eu\/fr\/?s={search_term_string}\"},\"query-input\":{\"@type\":\"PropertyValueSpecification\",\"valueRequired\":true,\"valueName\":\"search_term_string\"}}],\"inLanguage\":\"fr-FR\"}]}<\/script>\n<!-- \/ Yoast SEO Premium plugin. -->","yoast_head_json":{"title":"Politique de cookies - eurotoll","description":"La page Politique de cookies de notre site explique l'utilisation des cookies sur www.eurotoll.fr. Ces fichiers enregistrent des informations de navigation pour personnaliser votre exp\u00e9rience. Ils ne permettent pas de vous identifier directement. Vous pouvez les g\u00e9rer via votre navigateur, avec un impact possible sur certaines fonctionnalit\u00e9s.","robots":{"index":"noindex","follow":"nofollow"},"og_locale":"fr_FR","og_type":"article","og_title":"Politique de cookies","og_description":"La page Politique de cookies de notre site explique l'utilisation des cookies sur www.eurotoll.fr. Ces fichiers enregistrent des informations de navigation pour personnaliser votre exp\u00e9rience. Ils ne permettent pas de vous identifier directement. Vous pouvez les g\u00e9rer via votre navigateur, avec un impact possible sur certaines fonctionnalit\u00e9s.","og_url":"https:\/\/www.Eurotoll.eu\/fr\/cookies\/","og_site_name":"eurotoll","article_modified_time":"2025-06-16T07:15:57+00:00","twitter_card":"summary_large_image","twitter_misc":{"Dur\u00e9e de lecture estim\u00e9e":"3 minutes"},"schema":{"@context":"https:\/\/schema.org","@graph":[{"@type":"WebPage","@id":"https:\/\/www.Eurotoll.eu\/fr\/cookies\/","url":"https:\/\/www.Eurotoll.eu\/fr\/cookies\/","name":"Politique de cookies - eurotoll","isPartOf":{"@id":"https:\/\/www.Eurotoll.eu\/fr\/#website"},"datePublished":"2018-05-24T07:27:15+00:00","dateModified":"2025-06-16T07:15:57+00:00","description":"La page Politique de cookies de notre site explique l'utilisation des cookies sur www.eurotoll.fr. Ces fichiers enregistrent des informations de navigation pour personnaliser votre exp\u00e9rience. Ils ne permettent pas de vous identifier directement. Vous pouvez les g\u00e9rer via votre navigateur, avec un impact possible sur certaines fonctionnalit\u00e9s.","breadcrumb":{"@id":"https:\/\/www.Eurotoll.eu\/fr\/cookies\/#breadcrumb"},"inLanguage":"fr-FR","potentialAction":[{"@type":"ReadAction","target":["https:\/\/www.Eurotoll.eu\/fr\/cookies\/"]}]},{"@type":"BreadcrumbList","@id":"https:\/\/www.Eurotoll.eu\/fr\/cookies\/#breadcrumb","itemListElement":[{"@type":"ListItem","position":1,"name":"Accueil","item":"https:\/\/www.Eurotoll.eu\/fr\/"},{"@type":"ListItem","position":2,"name":"Politique de cookies"}]},{"@type":"WebSite","@id":"https:\/\/www.Eurotoll.eu\/fr\/#website","url":"https:\/\/www.Eurotoll.eu\/fr\/","name":"eurotoll","description":"Opening the road","potentialAction":[{"@type":"SearchAction","target":{"@type":"EntryPoint","urlTemplate":"https:\/\/www.Eurotoll.eu\/fr\/?s={search_term_string}"},"query-input":{"@type":"PropertyValueSpecification","valueRequired":true,"valueName":"search_term_string"}}],"inLanguage":"fr-FR"}]}},"_links":{"self":[{"href":"https:\/\/www.Eurotoll.eu\/fr\/wp-json\/wp\/v2\/pages\/7375","targetHints":{"allow":["GET"]}}],"collection":[{"href":"https:\/\/www.Eurotoll.eu\/fr\/wp-json\/wp\/v2\/pages"}],"about":[{"href":"https:\/\/www.Eurotoll.eu\/fr\/wp-json\/wp\/v2\/types\/page"}],"author":[{"embeddable":true,"href":"https:\/\/www.Eurotoll.eu\/fr\/wp-json\/wp\/v2\/users\/23"}],"replies":[{"embeddable":true,"href":"https:\/\/www.Eurotoll.eu\/fr\/wp-json\/wp\/v2\/comments?post=7375"}],"version-history":[{"count":12,"href":"https:\/\/www.Eurotoll.eu\/fr\/wp-json\/wp\/v2\/pages\/7375\/revisions"}],"predecessor-version":[{"id":18313,"href":"https:\/\/www.Eurotoll.eu\/fr\/wp-json\/wp\/v2\/pages\/7375\/revisions\/18313"}],"wp:attachment":[{"href":"https:\/\/www.Eurotoll.eu\/fr\/wp-json\/wp\/v2\/media?parent=7375"}],"curies":[{"name":"wp","href":"https:\/\/api.w.org\/{rel}","templated":true}]}}