{"id":7871,"date":"2018-09-25T11:51:48","date_gmt":"2018-09-25T09:51:48","guid":{"rendered":"http:\/\/80.75.152.85\/?page_id=7871\/"},"modified":"2023-05-22T16:18:30","modified_gmt":"2023-05-22T14:18:30","slug":"formulaire-autriche","status":"publish","type":"page","link":"https:\/\/www.Eurotoll.eu\/fr\/nos-reseaux\/autriche\/formulaire-autriche\/","title":{"rendered":"Offre Autriche"},"content":{"rendered":"<p>[vc_row][vc_column][\/vc_column][\/vc_row][vc_row][vc_column][\/vc_column][\/vc_row]<\/p>\n","protected":false},"excerpt":{"rendered":"<p>[vc_row][vc_column][\/vc_column][\/vc_row][vc_row][vc_column][\/vc_column][\/vc_row]<\/p>\n","protected":false},"author":23,"featured_media":0,"parent":3289,"menu_order":0,"comment_status":"closed","ping_status":"closed","template":"","meta":{"footnotes":""},"class_list":["post-7871","page","type-page","status-publish","hentry"],"yoast_head":"<!-- This site is optimized with the Yoast SEO Premium plugin v26.7 (Yoast SEO v26.7) - https:\/\/yoast.com\/wordpress\/plugins\/seo\/ -->\n<title>En savoir plus sur l&#039;offre Viapass | eurotoll<\/title>\n<meta name=\"description\" content=\"Circulez en toute s\u00e9r\u00e9nit\u00e9 sur le r\u00e9seau Viapass et profitez d&#039;un boitier t\u00e9l\u00e9p\u00e9age unique pour 5 pays (France, Espagne, Portugal, Belgique, Autriche)\" \/>\n<meta name=\"robots\" content=\"index, follow, max-snippet:-1, max-image-preview:large, max-video-preview:-1\" \/>\n<link rel=\"canonical\" href=\"https:\/\/www.Eurotoll.eu\/fr\/nos-reseaux\/autriche\/formulaire-autriche\/\" \/>\n<meta property=\"og:locale\" content=\"fr_FR\" \/>\n<meta property=\"og:type\" content=\"article\" \/>\n<meta property=\"og:title\" content=\"Offre Autriche\" \/>\n<meta property=\"og:description\" content=\"Circulez en toute s\u00e9r\u00e9nit\u00e9 sur le r\u00e9seau Viapass et profitez d&#039;un boitier t\u00e9l\u00e9p\u00e9age unique pour 5 pays (France, Espagne, Portugal, Belgique, Autriche)\" \/>\n<meta property=\"og:url\" content=\"https:\/\/www.Eurotoll.eu\/fr\/nos-reseaux\/autriche\/formulaire-autriche\/\" \/>\n<meta property=\"og:site_name\" content=\"eurotoll\" \/>\n<meta property=\"article:modified_time\" content=\"2023-05-22T14:18:30+00:00\" \/>\n<meta name=\"twitter:card\" content=\"summary_large_image\" \/>\n<meta name=\"twitter:label1\" content=\"Dur\u00e9e de lecture estim\u00e9e\" \/>\n\t<meta name=\"twitter:data1\" content=\"1 minute\" \/>\n<script type=\"application\/ld+json\" class=\"yoast-schema-graph\">{\"@context\":\"https:\/\/schema.org\",\"@graph\":[{\"@type\":\"WebPage\",\"@id\":\"https:\/\/www.Eurotoll.eu\/fr\/nos-reseaux\/autriche\/formulaire-autriche\/\",\"url\":\"https:\/\/www.Eurotoll.eu\/fr\/nos-reseaux\/autriche\/formulaire-autriche\/\",\"name\":\"En savoir plus sur l'offre Viapass | eurotoll\",\"isPartOf\":{\"@id\":\"https:\/\/www.Eurotoll.eu\/fr\/#website\"},\"datePublished\":\"2018-09-25T09:51:48+00:00\",\"dateModified\":\"2023-05-22T14:18:30+00:00\",\"description\":\"Circulez en toute s\u00e9r\u00e9nit\u00e9 sur le r\u00e9seau Viapass et profitez d'un boitier t\u00e9l\u00e9p\u00e9age unique pour 5 pays (France, Espagne, Portugal, Belgique, Autriche)\",\"breadcrumb\":{\"@id\":\"https:\/\/www.Eurotoll.eu\/fr\/nos-reseaux\/autriche\/formulaire-autriche\/#breadcrumb\"},\"inLanguage\":\"fr-FR\",\"potentialAction\":[{\"@type\":\"ReadAction\",\"target\":[\"https:\/\/www.Eurotoll.eu\/fr\/nos-reseaux\/autriche\/formulaire-autriche\/\"]}]},{\"@type\":\"BreadcrumbList\",\"@id\":\"https:\/\/www.Eurotoll.eu\/fr\/nos-reseaux\/autriche\/formulaire-autriche\/#breadcrumb\",\"itemListElement\":[{\"@type\":\"ListItem\",\"position\":1,\"name\":\"Accueil\",\"item\":\"https:\/\/www.Eurotoll.eu\/fr\/\"},{\"@type\":\"ListItem\",\"position\":2,\"name\":\"Nos r\u00e9seaux\",\"item\":\"https:\/\/www.Eurotoll.eu\/fr\/nos-reseaux\/\"},{\"@type\":\"ListItem\",\"position\":3,\"name\":\"Autriche\",\"item\":\"https:\/\/www.Eurotoll.eu\/fr\/nos-reseaux\/autriche\/\"},{\"@type\":\"ListItem\",\"position\":4,\"name\":\"Offre Autriche\"}]},{\"@type\":\"WebSite\",\"@id\":\"https:\/\/www.Eurotoll.eu\/fr\/#website\",\"url\":\"https:\/\/www.Eurotoll.eu\/fr\/\",\"name\":\"eurotoll\",\"description\":\"Opening the road\",\"potentialAction\":[{\"@type\":\"SearchAction\",\"target\":{\"@type\":\"EntryPoint\",\"urlTemplate\":\"https:\/\/www.Eurotoll.eu\/fr\/?s={search_term_string}\"},\"query-input\":{\"@type\":\"PropertyValueSpecification\",\"valueRequired\":true,\"valueName\":\"search_term_string\"}}],\"inLanguage\":\"fr-FR\"}]}<\/script>\n<!-- \/ Yoast SEO Premium plugin. -->","yoast_head_json":{"title":"En savoir plus sur l'offre Viapass | eurotoll","description":"Circulez en toute s\u00e9r\u00e9nit\u00e9 sur le r\u00e9seau Viapass et profitez d'un boitier t\u00e9l\u00e9p\u00e9age unique pour 5 pays (France, Espagne, Portugal, Belgique, Autriche)","robots":{"index":"index","follow":"follow","max-snippet":"max-snippet:-1","max-image-preview":"max-image-preview:large","max-video-preview":"max-video-preview:-1"},"canonical":"https:\/\/www.Eurotoll.eu\/fr\/nos-reseaux\/autriche\/formulaire-autriche\/","og_locale":"fr_FR","og_type":"article","og_title":"Offre Autriche","og_description":"Circulez en toute s\u00e9r\u00e9nit\u00e9 sur le r\u00e9seau Viapass et profitez d'un boitier t\u00e9l\u00e9p\u00e9age unique pour 5 pays (France, Espagne, Portugal, Belgique, Autriche)","og_url":"https:\/\/www.Eurotoll.eu\/fr\/nos-reseaux\/autriche\/formulaire-autriche\/","og_site_name":"eurotoll","article_modified_time":"2023-05-22T14:18:30+00:00","twitter_card":"summary_large_image","twitter_misc":{"Dur\u00e9e de lecture estim\u00e9e":"1 minute"},"schema":{"@context":"https:\/\/schema.org","@graph":[{"@type":"WebPage","@id":"https:\/\/www.Eurotoll.eu\/fr\/nos-reseaux\/autriche\/formulaire-autriche\/","url":"https:\/\/www.Eurotoll.eu\/fr\/nos-reseaux\/autriche\/formulaire-autriche\/","name":"En savoir plus sur l'offre Viapass | eurotoll","isPartOf":{"@id":"https:\/\/www.Eurotoll.eu\/fr\/#website"},"datePublished":"2018-09-25T09:51:48+00:00","dateModified":"2023-05-22T14:18:30+00:00","description":"Circulez en toute s\u00e9r\u00e9nit\u00e9 sur le r\u00e9seau Viapass et profitez d'un boitier t\u00e9l\u00e9p\u00e9age unique pour 5 pays (France, Espagne, Portugal, Belgique, Autriche)","breadcrumb":{"@id":"https:\/\/www.Eurotoll.eu\/fr\/nos-reseaux\/autriche\/formulaire-autriche\/#breadcrumb"},"inLanguage":"fr-FR","potentialAction":[{"@type":"ReadAction","target":["https:\/\/www.Eurotoll.eu\/fr\/nos-reseaux\/autriche\/formulaire-autriche\/"]}]},{"@type":"BreadcrumbList","@id":"https:\/\/www.Eurotoll.eu\/fr\/nos-reseaux\/autriche\/formulaire-autriche\/#breadcrumb","itemListElement":[{"@type":"ListItem","position":1,"name":"Accueil","item":"https:\/\/www.Eurotoll.eu\/fr\/"},{"@type":"ListItem","position":2,"name":"Nos r\u00e9seaux","item":"https:\/\/www.Eurotoll.eu\/fr\/nos-reseaux\/"},{"@type":"ListItem","position":3,"name":"Autriche","item":"https:\/\/www.Eurotoll.eu\/fr\/nos-reseaux\/autriche\/"},{"@type":"ListItem","position":4,"name":"Offre Autriche"}]},{"@type":"WebSite","@id":"https:\/\/www.Eurotoll.eu\/fr\/#website","url":"https:\/\/www.Eurotoll.eu\/fr\/","name":"eurotoll","description":"Opening the road","potentialAction":[{"@type":"SearchAction","target":{"@type":"EntryPoint","urlTemplate":"https:\/\/www.Eurotoll.eu\/fr\/?s={search_term_string}"},"query-input":{"@type":"PropertyValueSpecification","valueRequired":true,"valueName":"search_term_string"}}],"inLanguage":"fr-FR"}]}},"_links":{"self":[{"href":"https:\/\/www.Eurotoll.eu\/fr\/wp-json\/wp\/v2\/pages\/7871","targetHints":{"allow":["GET"]}}],"collection":[{"href":"https:\/\/www.Eurotoll.eu\/fr\/wp-json\/wp\/v2\/pages"}],"about":[{"href":"https:\/\/www.Eurotoll.eu\/fr\/wp-json\/wp\/v2\/types\/page"}],"author":[{"embeddable":true,"href":"https:\/\/www.Eurotoll.eu\/fr\/wp-json\/wp\/v2\/users\/23"}],"replies":[{"embeddable":true,"href":"https:\/\/www.Eurotoll.eu\/fr\/wp-json\/wp\/v2\/comments?post=7871"}],"version-history":[{"count":2,"href":"https:\/\/www.Eurotoll.eu\/fr\/wp-json\/wp\/v2\/pages\/7871\/revisions"}],"predecessor-version":[{"id":11868,"href":"https:\/\/www.Eurotoll.eu\/fr\/wp-json\/wp\/v2\/pages\/7871\/revisions\/11868"}],"up":[{"embeddable":true,"href":"https:\/\/www.Eurotoll.eu\/fr\/wp-json\/wp\/v2\/pages\/3289"}],"wp:attachment":[{"href":"https:\/\/www.Eurotoll.eu\/fr\/wp-json\/wp\/v2\/media?parent=7871"}],"curies":[{"name":"wp","href":"https:\/\/api.w.org\/{rel}","templated":true}]}}