{"id":89,"date":"2016-06-08T04:16:29","date_gmt":"2016-06-08T02:16:29","guid":{"rendered":"http:\/\/80.75.152.85\/fr\/?page_id=89"},"modified":"2025-11-17T09:13:02","modified_gmt":"2025-11-17T08:13:02","slug":"accueil-2","status":"publish","type":"page","link":"https:\/\/www.Eurotoll.eu\/fr\/","title":{"rendered":"Lumesia, la plateforme de services pour les transporteurs routiers"},"content":{"rendered":"<p>[vc_row el_class=\u00a0\u00bbwhite spepadleft\u00a0\u00bb css=\u00a0\u00bb.vc_custom_1689929803527{background-color: #026280 !important;}\u00a0\u00bb][vc_column width=\u00a0\u00bb1\/2&Prime; el_class=\u00a0\u00bbpadtop70 padbot70&Prime;][vc_column_text]<\/p>\n<h1><span style=\"color: #ffffff;\">Lumesia, <\/span><\/h1>\n<h1><span style=\"color: #ffffff;\">la plateforme de services pour les transporteurs routiers<\/span><\/h1>\n<p>[\/vc_column_text][vc_empty_space height=\u00a0\u00bb20px\u00a0\u00bb][vc_column_text]Consciente des d\u00e9fis croissants des transporteurs routiers, Eurotoll propose, \u00e0 travers sa plateforme de services Lumesia, des solutions innovantes pour simplifier leur quotidien.<\/p>\n<p>&nbsp;<\/p>\n<p>Con\u00e7ue comme un guichet unique, Lumesia int\u00e8gre une gamme \u00e9tendue de services \u2014 p\u00e9age, assurance, t\u00e9l\u00e9matique, Lumesia Card, r\u00e9cup\u00e9ration de TVA et solutions multimodales \u2014 afin d\u2019optimiser leur efficacit\u00e9, d\u2019accro\u00eetre leur rentabilit\u00e9 et d\u2019am\u00e9liorer la satisfaction de leurs clients.[\/vc_column_text][vc_empty_space height=\u00a0\u00bb20px\u00a0\u00bb][vc_column_text]Pour en savoir plus sur les services Lumesia, s\u00e9lectionnez sur la carte le pays dans lequel vous devez circuler.[\/vc_column_text][vc_empty_space height=\u00a0\u00bb20px\u00a0\u00bb]<a href=\"https:\/\/Eurotoll.eu\/fr\/nos-services\/\" target=\"_self\" style=\"background-color: rgba(175,202,11,0.8)\" class=\"qodef-btn qodef-btn-small qodef-btn-solid qodef-btn-custom-hover-bg qodef-btn-icon\" data-hover-bg-color=\"#afca0b\" >\n        <span class=\"qodef-btn-text\">D\u00e9couvrez les services Lumesia<\/span>\n    <span class=\"qodef-btn-text-icon\"><i class=\"qodef-icon-simple-line-icon icon-arrow-right-circle \" ><\/i><\/span>\n<\/a>[\/vc_column][vc_column width=\u00a0\u00bb1\/2&Prime;][vc_raw_html]JTNDaW1nJTIwc3JjJTNEJTIyaHR0cHMlM0ElMkYlMkZ3d3cuRXVyb3RvbGwuZXUlMkZ3cC1jb250ZW50JTJGdXBsb2FkcyUyRjIwMjQlMkYwMiUyRkhQLUV1cm90b2xsLWh0dHBzd3d3LmV1cm90b2xsLmV1ZnItMi5wbmclMjIlMjB1c2VtYXAlM0QlMjIlMjNpbWFnZS1tYXAlMjIlM0UlMEElM0NtYXAlMjBuYW1lJTNEJTIyaW1hZ2UtbWFwJTIyJTNFJTBBJTIwJTIwJTIwJTIwJTNDYXJlYSUyMHRhcmdldCUzRCUyMl9zZWxmJTIyJTIwYWx0JTNEJTIySG9uZ3JpZSUyMiUyMHRpdGxlJTNEJTIySG9uZ3JpZSUyMiUyMGhyZWYlM0QlMjJodHRwcyUzQSUyRiUyRnd3dy5ldXJvdG9sbC5ldSUyRmZyJTJGbm90cmUtb2ZmcmUlMkZob25ncmllLTIlMkYlMjIlMjBjb29yZHMlM0QlMjI4MDUlMkM0MzMlMkM4MzklMkM0ODElMjIlMjBzaGFwZSUzRCUyMnJlY3QlMjIlM0UlMEElMjAlMjAlMjAlMjAlM0NhcmVhJTIwdGFyZ2V0JTNEJTIyX3NlbGYlMjIlMjBhbHQlM0QlMjJBbGxlbWFnbmUlMjIlMjB0aXRsZSUzRCUyMkFsbGVtYWduZSUyMiUyMGhyZWYlM0QlMjIlMkZmciUyRm5vdHJlLW9mZnJlJTJGYWxsZW1hZ25lJTIyJTIwY29vcmRzJTNEJTIyNTcxJTJDMjk3JTJDNjA0JTJDMzQ0JTIyJTIwc2hhcGUlM0QlMjJyZWN0JTIyJTNFJTBBJTIwJTIwJTIwJTIwJTNDYXJlYSUyMHRhcmdldCUzRCUyMl9zZWxmJTIyJTIwYWx0JTNEJTIyQmVsZ2lxdWUlMjIlMjB0aXRsZSUzRCUyMkJlbGdpcXVlJTIyJTIwaHJlZiUzRCUyMiUyRmZyJTJGbm90cmUtb2ZmcmUlMkZiZWxnaXF1ZSUyMiUyMGNvb3JkcyUzRCUyMjQ1MCUyQzMxOSUyQzQ4MyUyQzM2NCUyMiUyMHNoYXBlJTNEJTIycmVjdCUyMiUzRSUwQSUyMCUyMCUyMCUyMCUzQ2FyZWElMjB0YXJnZXQlM0QlMjJfc2VsZiUyMiUyMGFsdCUzRCUyMkVzcGFnbmUlMjIlMjB0aXRsZSUzRCUyMkVzcGFnbmUlMjIlMjBocmVmJTNEJTIyJTJGZnIlMkZub3RyZS1vZmZyZSUyRmVzcGFnbmUlMjIlMjBjb29yZHMlM0QlMjIyMzklMkM2NDAlMkMyNzAlMkM2ODglMjIlMjBzaGFwZSUzRCUyMnJlY3QlMjIlM0UlMEElMjAlMjAlMjAlMjAlM0NhcmVhJTIwdGFyZ2V0JTNEJTIyX3NlbGYlMjIlMjBhbHQlM0QlMjJGcmFuY2UlMjIlMjB0aXRsZSUzRCUyMkZyYW5jZSUyMiUyMGhyZWYlM0QlMjIlMkZmciUyRm5vdHJlLW9mZnJlJTJGZnJhbmNlJTIyJTIwY29vcmRzJTNEJTIyMzk2JTJDMzg3JTJDNDMzJTJDNDM1JTIyJTIwc2hhcGUlM0QlMjJyZWN0JTIyJTNFJTBBJTIwJTIwJTIwJTIwJTNDYXJlYSUyMHRhcmdldCUzRCUyMl9zZWxmJTIyJTIwYWx0JTNEJTIySXRhbGllJTIyJTIwdGl0bGUlM0QlMjJJdGFsaWUlMjIlMjBocmVmJTNEJTIyJTJGZnIlMkZub3RyZS1vZmZyZSUyRml0YWxpZSUyMiUyMGNvb3JkcyUzRCUyMjY1MiUyQzYwNSUyQzY4NSUyQzY1MSUyMiUyMHNoYXBlJTNEJTIycmVjdCUyMiUzRSUwQSUyMCUyMCUyMCUyMCUzQ2FyZWElMjB0YXJnZXQlM0QlMjJfc2VsZiUyMiUyMGFsdCUzRCUyMlBvbG9nbmUlMjIlMjB0aXRsZSUzRCUyMlBvbG9nbmUlMjIlMjBocmVmJTNEJTIyJTJGZnIlMkZub3RyZS1vZmZyZSUyRnBvbG9nbmUlMjIlMjBjb29yZHMlM0QlMjI4MjElMkMyNDglMkM4NTUlMkMyOTglMjIlMjBzaGFwZSUzRCUyMnJlY3QlMjIlM0UlMEElMjAlMjAlMjAlMjAlM0NhcmVhJTIwdGFyZ2V0JTNEJTIyX3NlbGYlMjIlMjBhbHQlM0QlMjJQb3J0dWdhbCUyMiUyMHRpdGxlJTNEJTIyUG9ydHVnYWwlMjIlMjBocmVmJTNEJTIyJTJGZnIlMkZub3RyZS1vZmZyZSUyRnBvcnR1Z2FsJTIyJTIwY29vcmRzJTNEJTIyOTclMkM2MjklMkMxMzElMkM2NzUlMjIlMjBzaGFwZSUzRCUyMnJlY3QlMjIlM0UlMEElMjAlMjAlMjAlMjAlM0NhcmVhJTIwdGFyZ2V0JTNEJTIyX3NlbGYlMjIlMjBhbHQlM0QlMjJTbG92YXF1aWUlMjIlMjB0aXRsZSUzRCUyMlNsb3ZhcXVpZSUyMiUyMGhyZWYlM0QlMjIlMkZmciUyRm5vdHJlLW9mZnJlJTJGc2xvdmFxdWllJTIyJTIwY29vcmRzJTNEJTIyNzk3JTJDMzY0JTJDODMyJTJDNDEzJTIyJTIwc2hhcGUlM0QlMjJyZWN0JTIyJTNFJTBBJTIwJTIwJTIwJTIwJTNDYXJlYSUyMHRhcmdldCUzRCUyMl9zZWxmJTIyJTIwYWx0JTNEJTIyU3Vpc3NlJTIyJTIwdGl0bGUlM0QlMjJTdWlzc2UlMjIlMjBocmVmJTNEJTIyJTJGZnIlMkZub3RyZS1vZmZyZSUyRnN1aXNzZSUyMiUyMGNvb3JkcyUzRCUyMjUzOCUyQzQ0NyUyQzU3MiUyQzQ5OCUyMiUyMHNoYXBlJTNEJTIycmVjdCUyMiUzRSUwQSUyMCUyMCUyMCUyMCUzQ2FyZWElMjB0YXJnZXQlM0QlMjJfc2VsZiUyMiUyMGFsdCUzRCUyMlBheXMtQmFzJTIyJTIwdGl0bGUlM0QlMjJQYXlzLUJhcyUyMiUyMGhyZWYlM0QlMjIlMkZmciUyRm5vdHJlLW9mZnJlJTJGcGF5cy1iYXMtbHV4ZW1ib3VyZy1kYW5lbWFyay1zdWVkZSUyRiUyMiUyMGNvb3JkcyUzRCUyMjQ4NSUyQzI2MCUyQzUyMSUyQzMwNiUyMiUyMHNoYXBlJTNEJTIycmVjdCUyMiUzRSUwQSUyMCUyMCUyMCUyMCUzQ2FyZWElMjB0YXJnZXQlM0QlMjJfc2VsZiUyMiUyMGFsdCUzRCUyMkRhbmVtYXJrJTIyJTIwdGl0bGUlM0QlMjJEYW5lbWFyayUyMiUyMGhyZWYlM0QlMjIlMkZmciUyRm5vdHJlLW9mZnJlJTJGcGF5cy1iYXMtbHV4ZW1ib3VyZy1kYW5lbWFyay1zdWVkZSUyRiUyMiUyMGNvb3JkcyUzRCUyMjU1MCUyQzExMSUyQzU4OCUyQzE2MCUyMiUyMHNoYXBlJTNEJTIycmVjdCUyMiUzRSUwQSUyMCUyMCUyMCUyMCUzQ2FyZWElMjB0YXJnZXQlM0QlMjJfc2VsZiUyMiUyMGFsdCUzRCUyMlN1ZWRlJTIyJTIwdGl0bGUlM0QlMjJTdWVkZSUyMiUyMGhyZWYlM0QlMjIlMkZmciUyRm5vdHJlLW9mZnJlJTJGcGF5cy1iYXMtbHV4ZW1ib3VyZy1kYW5lbWFyay1zdWVkZSUyRiUyMiUyMGNvb3JkcyUzRCUyMjY1MiUyQzcwJTJDNjg1JTJDMTIxJTIyJTIwc2hhcGUlM0QlMjJyZWN0JTIyJTNFJTIwJTBBJTIwJTIwJTIwJTIwJTNDYXJlYSUyMHRhcmdldCUzRCUyMl9zZWxmJTIyJTIwYWx0JTNEJTIyTHV4ZW1ib3VyZyUyMiUyMHRpdGxlJTNEJTIyTHV4ZW1ib3VyZyUyMiUyMGhyZWYlM0QlMjIlMkZmciUyRm5vdHJlLW9mZnJlJTJGcGF5cy1iYXMtbHV4ZW1ib3VyZy1kYW5lbWFyay1zdWVkZSUyMiUyMGNvb3JkcyUzRCUyMjQ5MCUyQzM0NyUyQzUyMSUyQzM5NiUyMiUyMHNoYXBlJTNEJTIycmVjdCUyMiUzRSUwQSUyMCUyMCUyMCUyMCUzQ2FyZWElMjB0YXJnZXQlM0QlMjJfc2VsZiUyMiUyMGFsdCUzRCUyMkF1dHJpY2hlJTIyJTIwdGl0bGUlM0QlMjJBdXRyaWNoZSUyMiUyMGhyZWYlM0QlMjIlMkZmciUyRm5vdHJlLW9mZnJlJTJGYXV0cmljaGUlMkYlMjIlMjBjb29yZHMlM0QlMjI3MTklMkM0MTMlMkM3NTMlMkM0NTYlMjIlMjBzaGFwZSUzRCUyMnJlY3QlMjIlM0UlMEElMjAlMjAlMjAlMjAlM0NhcmVhJTIwdGFyZ2V0JTNEJTIyX3NlbGYlMjIlMjBhbHQlM0QlMjJSJUMzJUE5cHVibGlxdWUlMjBUY2glQzMlQThxdWUlMjIlMjB0aXRsZSUzRCUyMlIlQzMlQTlwdWJsaXF1ZSUyMFRjaCVDMyVBOHF1ZSUyMiUyMGhyZWYlM0QlMjIlMkZmciUyRm5vdHJlLW9mZnJlJTJGcmVwdWJsaXF1ZS10Y2hlcXVlJTJGJTIyJTIwY29vcmRzJTNEJTIyNjk2JTJDMzM4JTJDNzMzJTJDMzg4JTIyJTIwc2hhcGUlM0QlMjJyZWN0JTIyJTNFJTBBJTIwJTIwJTIwJTIwJTNDYXJlYSUyMHRhcmdldCUzRCUyMl9zZWxmJTIyJTIwYWx0JTNEJTIyUm95YXVtZS1VbmklMjIlMjB0aXRsZSUzRCUyMlJveWF1bWUtVW5pJTIyJTIwaHJlZiUzRCUyMmh0dHBzJTNBJTJGJTJGd3d3LmV1cm90b2xsLmV1JTJGZnIlMkZub3RyZS1vZmZyZSUyRnJveWF1bWUtdW5pJTJGJTIyJTIwY29vcmRzJTNEJTIyMzU5JTJDMjk4JTJDMzIxJTJDMjQ3JTIyJTIwc2hhcGUlM0QlMjJyZWN0JTIyJTNFJTBBJTNDJTJGbWFwJTNF[\/vc_raw_html][\/vc_column][\/vc_row][vc_row css=\u00a0\u00bb.vc_custom_1683100187669{background-color: #afca0b !important;}\u00a0\u00bb el_class=\u00a0\u00bbwhite lineh0&Prime; el_id=\u00a0\u00bbhomepage-cta-1&Prime;][vc_column width=\u00a0\u00bb1\/2&Prime;][vc_column_text]<img decoding=\"async\" src=\"https:\/\/Eurotoll.eu\/wp-content\/uploads\/2016\/06\/eurotoll-suivi.jpg\" alt=\"eurotoll-suivi\" width=\"100%\" height=\"auto\" \/>[\/vc_column_text][\/vc_column][vc_column width=\u00a0\u00bb1\/2&Prime; el_class=\u00a0\u00bbpadleft10 padtop70 padtop40-sm padbot40-xs padleft30-xs padright30-xs\u00a0\u00bb][vc_column_text el_class=\u00a0\u00bbsize26-sm\u00a0\u00bb]<\/p>\n<h2>Le service clients Lumesia,<br \/>\nsp\u00e9cialiste du p\u00e9age,<br \/>\nvous accompagne<\/h2>\n<p>[\/vc_column_text][vc_empty_space height=\u00a0\u00bb45px\u00a0\u00bb]<a href=\"\/fr\/notre-accompagnement\/\" target=\"_self\" style=\"background-color: #035e7e;border-color: #035e7e\" class=\"qodef-btn qodef-btn-small qodef-btn-solid qodef-btn-custom-hover-bg qodef-btn-custom-border-hover qodef-btn-icon\" data-hover-bg-color=\"#035e7e\" data-hover-border-color=\"#035e7e\" >\n        <span class=\"qodef-btn-text\">Notre accompagnement<\/span>\n    <span class=\"qodef-btn-text-icon\"><i class=\"qodef-icon-simple-line-icon icon-arrow-right-circle \" ><\/i><\/span>\n<\/a>[\/vc_column][\/vc_row][vc_row css=\u00a0\u00bb.vc_custom_1465518715600{background-color: #e3e8ee !important;}\u00a0\u00bb el_id=\u00a0\u00bbhomepage-news\u00a0\u00bb][vc_column]<div class=\"qodef-blog-list-holder qodef-boxes qodef-three-columns\">\r\n\t<ul class=\"qodef-blog-list\">\r\n\t<li class=\"qodef-blog-list-item clearfix\">\n\t<div class=\"qodef-blog-list-item-inner\">\n\t\t\n\t\t<!--\n\t\t<div class=\"qodef-item-image\">\n\t\t\t<a href=\"https:\/\/www.Eurotoll.eu\/fr\/2026\/04\/16\/peage-satellitaire-pays-bas-juillet-2026\/\">\n\t\t\t\t\t\t\t\t\n\t\t\t<\/a>\n\t\t<\/div>\n\t\t-->\n\t\t\n\t\t<div class=\"qodef-item-text-holder\">\n\t\t\t<h3 class=\"qodef-item-title\">\n\t\t\t\t<a href=\"https:\/\/www.Eurotoll.eu\/fr\/2026\/04\/16\/peage-satellitaire-pays-bas-juillet-2026\/\" >\n\t\t\t\t\tPays-Bas &#8211; \u00c9volution du syst\u00e8me de p\u00e9age au 1er juillet 2026\t\t\t\t<\/a>\n\t\t\t<\/h3>\n\t\t\t\n\t\t\t<div class=\"qodef-item-info-section\">\n\t\t\t\t<div class=\"qodef-post-info-date\">\r\n\t\r\n\t\t16 avril 2026\r\n\t\t<\/div>\t\t\t<\/div>\n\t\t\t\n\t\t\t\t\t\t\t<p class=\"qodef-excerpt\">[vc_row][vc_column][vc_column_text] &nbsp; Fin de l&rsquo;Eurovignette et mise en place d&rsquo;un p\u00e9age satellitaire le 1\u1d49\u02b3 juillet 2026 aux Pays...<\/p>\n\t\t\t\t\t\t\n\t\t\t<a href=\"https:\/\/www.Eurotoll.eu\/fr\/2026\/04\/16\/peage-satellitaire-pays-bas-juillet-2026\/\" target=\"_self\" style=\"color: #01b1ec;border-color: #01b1ec;font-size: 12px;font-weight: 500\" class=\"qodef-btn qodef-btn-small qodef-btn-outline qodef-btn-custom-border-hover qodef-btn-custom-hover-color qodef-btn-icon\" data-hover-color=\"#01b1ec\" data-hover-border-color=\"#01b1ec\">\n\t\t\t\t<span class=\"qodef-btn-text\">Lire la suite<\/span>\n\t\t\t\t<span class=\"qodef-btn-text-icon\"><i class=\"qodef-icon-simple-line-icon icon-arrow-right-circle \"><\/i><\/span>\n\t\t\t<\/a>\n\t\t<\/div>\n\t<\/div>\t\n<\/li><li class=\"qodef-blog-list-item clearfix\">\n\t<div class=\"qodef-blog-list-item-inner\">\n\t\t\n\t\t<!--\n\t\t<div class=\"qodef-item-image\">\n\t\t\t<a href=\"https:\/\/www.Eurotoll.eu\/fr\/2025\/11\/05\/lumesia-insurance-de-nouvelles-solutions-dassurance-dediees-aux-transporteurs-routiers\/\">\n\t\t\t\t\t\t\t\t\n\t\t\t<\/a>\n\t\t<\/div>\n\t\t-->\n\t\t\n\t\t<div class=\"qodef-item-text-holder\">\n\t\t\t<h3 class=\"qodef-item-title\">\n\t\t\t\t<a href=\"https:\/\/www.Eurotoll.eu\/fr\/2025\/11\/05\/lumesia-insurance-de-nouvelles-solutions-dassurance-dediees-aux-transporteurs-routiers\/\" >\n\t\t\t\t\tLumesia Insurance, de nouvelles solutions d\u2019assurance d\u00e9di\u00e9es aux transporteurs routiers\t\t\t\t<\/a>\n\t\t\t<\/h3>\n\t\t\t\n\t\t\t<div class=\"qodef-item-info-section\">\n\t\t\t\t<div class=\"qodef-post-info-date\">\r\n\t\r\n\t\t5 novembre 2025\r\n\t\t<\/div>\t\t\t<\/div>\n\t\t\t\n\t\t\t\t\t\t\t<p class=\"qodef-excerpt\">&nbsp; La solution d\u2019assistance con\u00e7ue pour les clients Lumesia &nbsp; Lumesia Insurance lance un nouveau service enti\u00e8rement pens\u00e9 pour les tran...<\/p>\n\t\t\t\t\t\t\n\t\t\t<a href=\"https:\/\/www.Eurotoll.eu\/fr\/2025\/11\/05\/lumesia-insurance-de-nouvelles-solutions-dassurance-dediees-aux-transporteurs-routiers\/\" target=\"_self\" style=\"color: #01b1ec;border-color: #01b1ec;font-size: 12px;font-weight: 500\" class=\"qodef-btn qodef-btn-small qodef-btn-outline qodef-btn-custom-border-hover qodef-btn-custom-hover-color qodef-btn-icon\" data-hover-color=\"#01b1ec\" data-hover-border-color=\"#01b1ec\">\n\t\t\t\t<span class=\"qodef-btn-text\">Lire la suite<\/span>\n\t\t\t\t<span class=\"qodef-btn-text-icon\"><i class=\"qodef-icon-simple-line-icon icon-arrow-right-circle \"><\/i><\/span>\n\t\t\t<\/a>\n\t\t<\/div>\n\t<\/div>\t\n<\/li><li class=\"qodef-blog-list-item clearfix\">\n\t<div class=\"qodef-blog-list-item-inner\">\n\t\t\n\t\t<!--\n\t\t<div class=\"qodef-item-image\">\n\t\t\t<a href=\"https:\/\/www.Eurotoll.eu\/fr\/2025\/11\/03\/la-lumesia-card-la-nouvelle-carte-multiservices-pour-les-transporteurs-routiers\/\">\n\t\t\t\t\t\t\t\t\n\t\t\t<\/a>\n\t\t<\/div>\n\t\t-->\n\t\t\n\t\t<div class=\"qodef-item-text-holder\">\n\t\t\t<h3 class=\"qodef-item-title\">\n\t\t\t\t<a href=\"https:\/\/www.Eurotoll.eu\/fr\/2025\/11\/03\/la-lumesia-card-la-nouvelle-carte-multiservices-pour-les-transporteurs-routiers\/\" >\n\t\t\t\t\tLa Lumesia Card, la nouvelle carte multiservices pour les transporteurs routiers\t\t\t\t<\/a>\n\t\t\t<\/h3>\n\t\t\t\n\t\t\t<div class=\"qodef-item-info-section\">\n\t\t\t\t<div class=\"qodef-post-info-date\">\r\n\t\r\n\t\t3 novembre 2025\r\n\t\t<\/div>\t\t\t<\/div>\n\t\t\t\n\t\t\t\t\t\t\t<p class=\"qodef-excerpt\">&nbsp; &nbsp; Lumesia pr\u00e9sente la Lumesia Card, une carte multiservices s\u00e9curis\u00e9e qui succ\u00e8de \u00e0 l\u2019Eurotoll Card. Con\u00e7ue pour simplifier le quo...<\/p>\n\t\t\t\t\t\t\n\t\t\t<a href=\"https:\/\/www.Eurotoll.eu\/fr\/2025\/11\/03\/la-lumesia-card-la-nouvelle-carte-multiservices-pour-les-transporteurs-routiers\/\" target=\"_self\" style=\"color: #01b1ec;border-color: #01b1ec;font-size: 12px;font-weight: 500\" class=\"qodef-btn qodef-btn-small qodef-btn-outline qodef-btn-custom-border-hover qodef-btn-custom-hover-color qodef-btn-icon\" data-hover-color=\"#01b1ec\" data-hover-border-color=\"#01b1ec\">\n\t\t\t\t<span class=\"qodef-btn-text\">Lire la suite<\/span>\n\t\t\t\t<span class=\"qodef-btn-text-icon\"><i class=\"qodef-icon-simple-line-icon icon-arrow-right-circle \"><\/i><\/span>\n\t\t\t<\/a>\n\t\t<\/div>\n\t<\/div>\t\n<\/li>\t<\/ul>\t\r\n<\/div>\r\n[\/vc_column][\/vc_row]<\/p>\n","protected":false},"excerpt":{"rendered":"<p>[vc_row el_class=\u00a0\u00bbwhite spepadleft\u00a0\u00bb css=\u00a0\u00bb.vc_custom_1689929803527{background-color: #026280 !important;}\u00a0\u00bb][vc_column width=\u00a0\u00bb1\/2&Prime; el_class=\u00a0\u00bbpadtop70 padbot70&Prime;][vc_column_text] Lumesia, la plateforme de services pour les transporteurs routiers [\/vc_column_text][vc_empty_space height=\u00a0\u00bb20px\u00a0\u00bb][vc_column_text]Consciente des&#8230;<\/p>\n","protected":false},"author":23,"featured_media":0,"parent":0,"menu_order":0,"comment_status":"closed","ping_status":"closed","template":"full-width.php","meta":{"footnotes":""},"class_list":["post-89","page","type-page","status-publish","hentry"],"yoast_head":"<!-- This site is optimized with the Yoast SEO Premium plugin v26.7 (Yoast SEO v26.7) - https:\/\/yoast.com\/wordpress\/plugins\/seo\/ -->\n<title>Eurotoll | opening the road<\/title>\n<meta name=\"description\" content=\"Simplifiez votre quotidien, am\u00e9liorez votre rentabilit\u00e9 et d\u00e9veloppez la satisfaction de vos clients avec Lumesia, la plateforme de solutions pour faciliter le m\u00e9tier de transporteurs routiers propos\u00e9 par Eurotoll\" \/>\n<meta name=\"robots\" content=\"index, follow, max-snippet:-1, max-image-preview:large, max-video-preview:-1\" \/>\n<link rel=\"canonical\" href=\"https:\/\/www.Eurotoll.eu\/fr\/\" \/>\n<meta property=\"og:locale\" content=\"fr_FR\" \/>\n<meta property=\"og:type\" content=\"article\" \/>\n<meta property=\"og:title\" content=\"Lumesia, la plateforme de services pour les transporteurs routiers\" \/>\n<meta property=\"og:description\" content=\"Simplifiez votre quotidien, am\u00e9liorez votre rentabilit\u00e9 et d\u00e9veloppez la satisfaction de vos clients avec Lumesia, la plateforme de solutions pour faciliter le m\u00e9tier de transporteurs routiers propos\u00e9 par Eurotoll\" \/>\n<meta property=\"og:url\" content=\"https:\/\/www.Eurotoll.eu\/fr\/\" \/>\n<meta property=\"og:site_name\" content=\"eurotoll\" \/>\n<meta property=\"article:modified_time\" content=\"2025-11-17T08:13:02+00:00\" \/>\n<meta property=\"og:image\" content=\"https:\/\/Eurotoll.eu\/wp-content\/uploads\/2016\/06\/eurotoll-suivi.jpg\" \/>\n<meta name=\"twitter:card\" content=\"summary_large_image\" \/>\n<meta name=\"twitter:label1\" content=\"Dur\u00e9e de lecture estim\u00e9e\" \/>\n\t<meta name=\"twitter:data1\" content=\"1 minute\" \/>\n<script type=\"application\/ld+json\" class=\"yoast-schema-graph\">{\"@context\":\"https:\/\/schema.org\",\"@graph\":[{\"@type\":\"WebPage\",\"@id\":\"https:\/\/www.Eurotoll.eu\/fr\/\",\"url\":\"https:\/\/www.Eurotoll.eu\/fr\/\",\"name\":\"Eurotoll | opening the road\",\"isPartOf\":{\"@id\":\"https:\/\/www.Eurotoll.eu\/fr\/#website\"},\"primaryImageOfPage\":{\"@id\":\"https:\/\/www.Eurotoll.eu\/fr\/#primaryimage\"},\"image\":{\"@id\":\"https:\/\/www.Eurotoll.eu\/fr\/#primaryimage\"},\"thumbnailUrl\":\"https:\/\/Eurotoll.eu\/wp-content\/uploads\/2016\/06\/eurotoll-suivi.jpg\",\"datePublished\":\"2016-06-08T02:16:29+00:00\",\"dateModified\":\"2025-11-17T08:13:02+00:00\",\"description\":\"Simplifiez votre quotidien, am\u00e9liorez votre rentabilit\u00e9 et d\u00e9veloppez la satisfaction de vos clients avec Lumesia, la plateforme de solutions pour faciliter le m\u00e9tier de transporteurs routiers propos\u00e9 par Eurotoll\",\"breadcrumb\":{\"@id\":\"https:\/\/www.Eurotoll.eu\/fr\/#breadcrumb\"},\"inLanguage\":\"fr-FR\",\"potentialAction\":[{\"@type\":\"ReadAction\",\"target\":[\"https:\/\/www.Eurotoll.eu\/fr\/\"]}]},{\"@type\":\"ImageObject\",\"inLanguage\":\"fr-FR\",\"@id\":\"https:\/\/www.Eurotoll.eu\/fr\/#primaryimage\",\"url\":\"https:\/\/Eurotoll.eu\/wp-content\/uploads\/2016\/06\/eurotoll-suivi.jpg\",\"contentUrl\":\"https:\/\/Eurotoll.eu\/wp-content\/uploads\/2016\/06\/eurotoll-suivi.jpg\"},{\"@type\":\"BreadcrumbList\",\"@id\":\"https:\/\/www.Eurotoll.eu\/fr\/#breadcrumb\",\"itemListElement\":[{\"@type\":\"ListItem\",\"position\":1,\"name\":\"Accueil\",\"item\":\"https:\/\/www.Eurotoll.eu\/fr\/\"},{\"@type\":\"ListItem\",\"position\":2,\"name\":\"Lumesia, la plateforme de services pour les transporteurs routiers\"}]},{\"@type\":\"WebSite\",\"@id\":\"https:\/\/www.Eurotoll.eu\/fr\/#website\",\"url\":\"https:\/\/www.Eurotoll.eu\/fr\/\",\"name\":\"eurotoll\",\"description\":\"Opening the road\",\"potentialAction\":[{\"@type\":\"SearchAction\",\"target\":{\"@type\":\"EntryPoint\",\"urlTemplate\":\"https:\/\/www.Eurotoll.eu\/fr\/?s={search_term_string}\"},\"query-input\":{\"@type\":\"PropertyValueSpecification\",\"valueRequired\":true,\"valueName\":\"search_term_string\"}}],\"inLanguage\":\"fr-FR\"}]}<\/script>\n<!-- \/ Yoast SEO Premium plugin. -->","yoast_head_json":{"title":"Eurotoll | opening the road","description":"Simplifiez votre quotidien, am\u00e9liorez votre rentabilit\u00e9 et d\u00e9veloppez la satisfaction de vos clients avec Lumesia, la plateforme de solutions pour faciliter le m\u00e9tier de transporteurs routiers propos\u00e9 par Eurotoll","robots":{"index":"index","follow":"follow","max-snippet":"max-snippet:-1","max-image-preview":"max-image-preview:large","max-video-preview":"max-video-preview:-1"},"canonical":"https:\/\/www.Eurotoll.eu\/fr\/","og_locale":"fr_FR","og_type":"article","og_title":"Lumesia, la plateforme de services pour les transporteurs routiers","og_description":"Simplifiez votre quotidien, am\u00e9liorez votre rentabilit\u00e9 et d\u00e9veloppez la satisfaction de vos clients avec Lumesia, la plateforme de solutions pour faciliter le m\u00e9tier de transporteurs routiers propos\u00e9 par Eurotoll","og_url":"https:\/\/www.Eurotoll.eu\/fr\/","og_site_name":"eurotoll","article_modified_time":"2025-11-17T08:13:02+00:00","og_image":[{"url":"https:\/\/Eurotoll.eu\/wp-content\/uploads\/2016\/06\/eurotoll-suivi.jpg","type":"","width":"","height":""}],"twitter_card":"summary_large_image","twitter_misc":{"Dur\u00e9e de lecture estim\u00e9e":"1 minute"},"schema":{"@context":"https:\/\/schema.org","@graph":[{"@type":"WebPage","@id":"https:\/\/www.Eurotoll.eu\/fr\/","url":"https:\/\/www.Eurotoll.eu\/fr\/","name":"Eurotoll | opening the road","isPartOf":{"@id":"https:\/\/www.Eurotoll.eu\/fr\/#website"},"primaryImageOfPage":{"@id":"https:\/\/www.Eurotoll.eu\/fr\/#primaryimage"},"image":{"@id":"https:\/\/www.Eurotoll.eu\/fr\/#primaryimage"},"thumbnailUrl":"https:\/\/Eurotoll.eu\/wp-content\/uploads\/2016\/06\/eurotoll-suivi.jpg","datePublished":"2016-06-08T02:16:29+00:00","dateModified":"2025-11-17T08:13:02+00:00","description":"Simplifiez votre quotidien, am\u00e9liorez votre rentabilit\u00e9 et d\u00e9veloppez la satisfaction de vos clients avec Lumesia, la plateforme de solutions pour faciliter le m\u00e9tier de transporteurs routiers propos\u00e9 par Eurotoll","breadcrumb":{"@id":"https:\/\/www.Eurotoll.eu\/fr\/#breadcrumb"},"inLanguage":"fr-FR","potentialAction":[{"@type":"ReadAction","target":["https:\/\/www.Eurotoll.eu\/fr\/"]}]},{"@type":"ImageObject","inLanguage":"fr-FR","@id":"https:\/\/www.Eurotoll.eu\/fr\/#primaryimage","url":"https:\/\/Eurotoll.eu\/wp-content\/uploads\/2016\/06\/eurotoll-suivi.jpg","contentUrl":"https:\/\/Eurotoll.eu\/wp-content\/uploads\/2016\/06\/eurotoll-suivi.jpg"},{"@type":"BreadcrumbList","@id":"https:\/\/www.Eurotoll.eu\/fr\/#breadcrumb","itemListElement":[{"@type":"ListItem","position":1,"name":"Accueil","item":"https:\/\/www.Eurotoll.eu\/fr\/"},{"@type":"ListItem","position":2,"name":"Lumesia, la plateforme de services pour les transporteurs routiers"}]},{"@type":"WebSite","@id":"https:\/\/www.Eurotoll.eu\/fr\/#website","url":"https:\/\/www.Eurotoll.eu\/fr\/","name":"eurotoll","description":"Opening the road","potentialAction":[{"@type":"SearchAction","target":{"@type":"EntryPoint","urlTemplate":"https:\/\/www.Eurotoll.eu\/fr\/?s={search_term_string}"},"query-input":{"@type":"PropertyValueSpecification","valueRequired":true,"valueName":"search_term_string"}}],"inLanguage":"fr-FR"}]}},"_links":{"self":[{"href":"https:\/\/www.Eurotoll.eu\/fr\/wp-json\/wp\/v2\/pages\/89","targetHints":{"allow":["GET"]}}],"collection":[{"href":"https:\/\/www.Eurotoll.eu\/fr\/wp-json\/wp\/v2\/pages"}],"about":[{"href":"https:\/\/www.Eurotoll.eu\/fr\/wp-json\/wp\/v2\/types\/page"}],"author":[{"embeddable":true,"href":"https:\/\/www.Eurotoll.eu\/fr\/wp-json\/wp\/v2\/users\/23"}],"replies":[{"embeddable":true,"href":"https:\/\/www.Eurotoll.eu\/fr\/wp-json\/wp\/v2\/comments?post=89"}],"version-history":[{"count":108,"href":"https:\/\/www.Eurotoll.eu\/fr\/wp-json\/wp\/v2\/pages\/89\/revisions"}],"predecessor-version":[{"id":19345,"href":"https:\/\/www.Eurotoll.eu\/fr\/wp-json\/wp\/v2\/pages\/89\/revisions\/19345"}],"wp:attachment":[{"href":"https:\/\/www.Eurotoll.eu\/fr\/wp-json\/wp\/v2\/media?parent=89"}],"curies":[{"name":"wp","href":"https:\/\/api.w.org\/{rel}","templated":true}]}}