{"id":17239,"date":"2024-10-18T16:54:38","date_gmt":"2024-10-18T14:54:38","guid":{"rendered":"https:\/\/www.Eurotoll.eu\/szolgaltatasaink\/lumesia-tolling\/"},"modified":"2025-11-17T09:30:36","modified_gmt":"2025-11-17T08:30:36","slug":"lumesia-tolling","status":"publish","type":"page","link":"https:\/\/www.Eurotoll.eu\/hu\/szolgaltatasaink\/lumesia-tolling\/","title":{"rendered":"\u00datd\u00edjak"},"content":{"rendered":"<p>[vc_row content_width=&#8221;grid&#8221;][vc_column][vc_empty_space height=&#8221;100px&#8221;][vc_column_text]<\/p>\n<h1 class=\"cvGsUA direction-ltr align-start para-style-body\" style=\"text-align: center;\"><span style=\"color: #035e7e;\"><span class=\"OYPEnA font-feature-liga-off font-feature-clig-off font-feature-calt-off text-decoration-none text-strikethrough-none\">\u00datd\u00edjfizet\u00e9si megold\u00e1sok a probl\u00e9mamentes k\u00f6zleked\u00e9s\u00e9rt 21 eur\u00f3pai orsz\u00e1gba<br \/>\n<\/span><\/span><\/h1>\n<p>[\/vc_column_text][\/vc_column][\/vc_row][vc_row][vc_column][vc_empty_space height=&#8221;50px&#8221;][\/vc_column][\/vc_row][vc_row content_width=&#8221;grid&#8221;][vc_column][vc_column_text]<\/p>\n<p style=\"text-align: center;\"><span class=\"OYPEnA font-feature-liga-off font-feature-clig-off font-feature-calt-off text-decoration-none text-strikethrough-none\">A Lumesia \u00fatdijfizet\u0151 k\u00e9sz\u00fcl\u00e9kei olyan \u00fatd\u00edjfizet\u00e9si megold\u00e1sokat k\u00edn\u00e1lnak, amelyek c\u00e9lja a k\u00f6z\u00fati fuvaroz\u00f3k munk\u00e1j\u00e1nak egyszer\u0171s\u00edt\u00e9se, a neh\u00e9z teherg\u00e9pj\u00e1rm\u0171vekt\u0151l a k\u00f6nny\u0171 teherg\u00e9pj\u00e1rm\u0171vekig, eg\u00e9sz Eur\u00f3p\u00e1ban.<\/span><\/p>\n<p>[\/vc_column_text][vc_empty_space height=&#8221;50px&#8221;][\/vc_column][\/vc_row][vc_row content_width=&#8221;grid&#8221; content_aligment=&#8221;center&#8221; el_class=&#8221;padtop50 padbot50&#8243; css=&#8221;.vc_custom_1761903375581{background-image: url(https:\/\/dev.lumesia.com\/wp-content\/uploads\/2025\/10\/2025_10_Immagine-sfondo_blu_1920x749.jpg?id=24260) !important;}&#8221;][vc_column][vc_row_inner][vc_column_inner width=&#8221;1\/6&#8243;][\/vc_column_inner][vc_column_inner width=&#8221;1\/3&#8243;][vc_empty_space]\r\n<div class=\"qodef-team main-info-below-image\">\r\n\t<div class=\"qodef-team-inner\">\r\n\t\t\t\t\t<div class=\"qodef-team-image\">\r\n\t\t\t\t<img decoding=\"async\" src=\"https:\/\/www.Eurotoll.eu\/wp-content\/uploads\/2016\/06\/service-peage.jpg\" alt=\"qodef-team-image\"\/>\r\n\t\t\t\t<div class=\"qodef-team-position-holder\">\r\n\t\t\t\t\t<div class=\"qodef-circle-animate\"><\/div>\r\n\t\t\t\t\t<div class=\"qodef-team-position-icon\">\r\n\t\t\t\t\t\t\n    <span class=\"qodef-icon-shortcode circle \"  >\n        \n        <i class=\"qodef-icon-simple-line-icon icon-feed qodef-icon-element\" style=\"\" ><\/i>\n            <\/span>\n\n\t\t\t\t\t<\/div>\r\n\t\t\t\t\t\t\t\t\t\t\t<h6 class=\"q_team_position\">K\u00e9sz\u00fcl\u00e9k neh\u00e9z j\u00e1rm\u0171vekhez<\/h6>\r\n\t\t\t\t\t\t\t\t\t<\/div>\r\n\t\t\t<\/div>\r\n\t\t\r\n\t\t\t\t\t<div class=\"qodef-team-info\">\r\n\t\t\t\t\t\t\t\t\t<div class=\"qodef-team-title-holder\">\r\n\t\t\t\t\t\t\t\t\t\t\t\t\r\n\t\t\t\t\t<\/div>\r\n\t\t\t\t\r\n\t\t\t\t\t\t<\/div>\r\n\t<\/div>\r\n<\/div>[vc_column_text]<\/p>\n<h4 style=\"text-align: center;\"><span style=\"color: #035e7e;\"><strong>\u00datd\u00edjfizet\u0151 k\u00e9sz\u00fcl\u00e9kek<\/strong><\/span><br \/>\n<span style=\"color: #035e7e;\"><strong>neh\u00e9z j\u00e1rm\u0171vek sz\u00e1m\u00e1ra<\/strong><\/span><\/h4>\n<p>[\/vc_column_text][vc_empty_space height=&#8221;50px&#8221;]<a href=\"#heavy-vehicles-hu\" target=\"_self\" style=\"background-color: #035e7e;border-color: #035e7e\" class=\"qodef-btn qodef-btn-small qodef-btn-solid qodef-btn-custom-hover-bg qodef-btn-custom-border-hover qodef-btn-icon\" data-hover-bg-color=\"#035e7e\" data-hover-border-color=\"#035e7e\" >\n        <span class=\"qodef-btn-text\">TOV\u00c1BBI INFORM\u00c1CI\u00d3K<\/span>\n    <span class=\"qodef-btn-text-icon\"><i class=\"qodef-icon-simple-line-icon icon-arrow-right-circle \" ><\/i><\/span>\n<\/a>[\/vc_column_inner][vc_column_inner width=&#8221;1\/3&#8243;][vc_empty_space]\r\n<div class=\"qodef-team main-info-below-image\">\r\n\t<div class=\"qodef-team-inner\">\r\n\t\t\t\t\t<div class=\"qodef-team-image\">\r\n\t\t\t\t<img decoding=\"async\" src=\"https:\/\/www.Eurotoll.eu\/wp-content\/uploads\/2025\/11\/veicoli-leggeri.png\" alt=\"qodef-team-image\"\/>\r\n\t\t\t\t<div class=\"qodef-team-position-holder\">\r\n\t\t\t\t\t<div class=\"qodef-circle-animate\"><\/div>\r\n\t\t\t\t\t<div class=\"qodef-team-position-icon\">\r\n\t\t\t\t\t\t\n    <span class=\"qodef-icon-shortcode circle \"  >\n        \n        <i class=\"qodef-icon-font-awesome fa fa-car qodef-icon-element\" style=\"\" ><\/i>\n            <\/span>\n\n\t\t\t\t\t<\/div>\r\n\t\t\t\t\t\t\t\t\t\t\t<h6 class=\"q_team_position\">Kis j\u00e1rm\u0171vekhez val\u00f3 eszk\u00f6z<\/h6>\r\n\t\t\t\t\t\t\t\t\t<\/div>\r\n\t\t\t<\/div>\r\n\t\t\r\n\t\t\t\t\t<div class=\"qodef-team-info\">\r\n\t\t\t\t\t\t\t\t\t<div class=\"qodef-team-title-holder\">\r\n\t\t\t\t\t\t\t\t\t\t\t\t\r\n\t\t\t\t\t<\/div>\r\n\t\t\t\t\r\n\t\t\t\t\t\t<\/div>\r\n\t<\/div>\r\n<\/div>[vc_column_text]<\/p>\n<h4 style=\"text-align: center;\"><span style=\"color: #035e7e;\"><strong>\u00datd\u00edjfizet\u0151 k\u00e9sz\u00fcl\u00e9kek<br \/>\nk\u00f6nny\u0171 j\u00e1rm\u0171vekhez<\/strong><\/span><\/h4>\n<p>[\/vc_column_text][vc_empty_space height=&#8221;50px&#8221;]<a href=\"#light-vehicles-hu\" target=\"_self\" style=\"background-color: #035e7e;border-color: #035e7e\" class=\"qodef-btn qodef-btn-small qodef-btn-solid qodef-btn-custom-hover-bg qodef-btn-custom-border-hover qodef-btn-icon\" data-hover-bg-color=\"#035e7e\" data-hover-border-color=\"#035e7e\" >\n        <span class=\"qodef-btn-text\">TOV\u00c1BBI INFORM\u00c1CI\u00d3K<\/span>\n    <span class=\"qodef-btn-text-icon\"><i class=\"qodef-icon-simple-line-icon icon-arrow-right-circle \" ><\/i><\/span>\n<\/a>[\/vc_column_inner][vc_column_inner width=&#8221;1\/6&#8243;][\/vc_column_inner][\/vc_row_inner][\/vc_column][\/vc_row][vc_row content_aligment=&#8221;center&#8221; el_class=&#8221;padtop50 padbot50&#8243; css=&#8221;.vc_custom_1761751037887{background-color: #afca0b !important;}&#8221;][vc_column][vc_empty_space height=&#8221;15px&#8221;][vc_column_text]<\/p>\n<h3 style=\"text-align: center;\"><span style=\"color: #035e7e;\"><span data-olk-copy-source=\"MessageBody\">Nem tudja, hogy melyik k\u00e9sz\u00fcl\u00e9ket rendelje meg? \u00dcgyf\u00e9lszolg\u00e1latos koll\u00e9g\u00e1ink seg\u00edtenek.<\/span><br \/>\n<\/span><\/h3>\n<p>[\/vc_column_text][vc_empty_space]<a href=\"mailto:support@lumesia.com\" target=\"_self\" style=\"color: #035e7e;border-color: #035e7e\" class=\"qodef-btn qodef-btn-small qodef-btn-outline qodef-btn-custom-border-hover qodef-btn-custom-hover-color qodef-btn-icon\" data-hover-color=\"#035e7e\" data-hover-border-color=\"#035e7e\" >\n        <span class=\"qodef-btn-text\">L\u00e9pjen kapcsolatba az \u00fcgyf\u00e9lszolg\u00e1lattal<\/span>\n    <span class=\"qodef-btn-text-icon\"><i class=\"qodef-icon-simple-line-icon icon-arrow-right-circle \" ><\/i><\/span>\n<\/a>[\/vc_column][\/vc_row][vc_row content_width=&#8221;grid&#8221; anchor=&#8221;heavy-vehicles-hu&#8221; css=&#8221;.vc_custom_1761903367933{background-color: #035e7e !important;}&#8221; el_class=&#8221;padtop50 padbot50&#8243;][vc_column][vc_empty_space height=&#8221;10px&#8221;][vc_column_text]<\/p>\n<h2 style=\"text-align: center;\"><strong><span style=\"color: #ffffff;\">Elektronikus \u00fatdijfizet\u0151 k\u00e9sz\u00fcl\u00e9kek neh\u00e9z teherg\u00e9pj\u00e1rm\u0171vek sz\u00e1m\u00e1ra<br \/>\n<\/span><\/strong><\/h2>\n<p>[\/vc_column_text][vc_empty_space height=&#8221;10px&#8221;][\/vc_column][\/vc_row][vc_row content_width=&#8221;grid&#8221;][vc_column][vc_empty_space height=&#8221;100px&#8221;][vc_column_text]<\/p>\n<h3><span style=\"color: #afca0b;\">Eur\u00f3pa-szerte vezet?<br \/>\n<\/span><\/h3>\n<p>[\/vc_column_text][vc_empty_space height=&#8221;50px&#8221;][\/vc_column][\/vc_row][vc_row content_width=&#8221;grid&#8221;][vc_column width=&#8221;1\/4&#8243;][vc_single_image image=&#8221;17130&#8243; alignment=&#8221;center&#8221; onclick=&#8221;custom_link&#8221; css_animation=&#8221;top-to-bottom&#8221; link=&#8221;https:\/\/www.eurotoll.eu\/hu\/szolgaltatasaink\/lumesia-1\/&#8221;][\/vc_column][vc_column width=&#8221;3\/4&#8243;][vc_column_text]<a href=\"https:\/\/www.Eurotoll.eu\/hu\/szolgaltatasaink\/lumesia-1\/\"><strong><span style=\"color: #afca0b;\">Lumesia 1 <\/span><\/strong><\/a><\/p>\n<p><strong style=\"color: #035e7e;\">A legsz\u00e9lesebb piaci lefedetts\u00e9g \u00e9s folyamatos fejl\u0151d\u00e9s:<\/strong><\/p>\n<p>Ausztria, Belgium, Bulg\u00e1ria, Horv\u00e1torsz\u00e1g, D\u00e1nia, Franciaorsz\u00e1g, N\u00e9metorsz\u00e1g, Magyarorsz\u00e1g, Olaszorsz\u00e1g, Norv\u00e9gia, Lengyelorsz\u00e1g, Portug\u00e1lia, Spanyolorsz\u00e1g, Sv\u00e9dorsz\u00e1g, Sv\u00e1jc, Szlov\u00e1kia \u00e9s Szlov\u00e9nia.<\/p>\n<div>\n<p>&nbsp;<\/p>\n<\/div>\n<p>[\/vc_column_text]<a href=\"https:\/\/www.eurotoll.eu\/hu\/szolgaltatasaink\/lumesia-1\/\" target=\"_blank\" style=\"color: #afca0b;background-color: #ffffff;border-color: #afca0b\" class=\"qodef-btn qodef-btn-small qodef-btn-outline qodef-btn-custom-hover-bg qodef-btn-custom-border-hover qodef-btn-custom-hover-color qodef-btn-icon\" data-hover-bg-color=\"#afca0b\" data-hover-color=\"#ffffff\" data-hover-border-color=\"#ffffff\" >\n        <span class=\"qodef-btn-text\">TOV\u00c1BBI INFORM\u00c1CI\u00d3K<\/span>\n    <span class=\"qodef-btn-text-icon\"><i class=\"qodef-icon-simple-line-icon icon-arrow-right-circle \" ><\/i><\/span>\n<\/a>[\/vc_column][\/vc_row][vc_row][vc_column][vc_empty_space height=&#8221;50px&#8221;][\/vc_column][\/vc_row][vc_row content_width=&#8221;grid&#8221;][vc_column][vc_column_text]<\/p>\n<h3><span style=\"color: #afca0b;\">Csak D\u00e9l-Eur\u00f3p\u00e1ban vezet?<br \/>\n<\/span><\/h3>\n<p>[\/vc_column_text][vc_empty_space height=&#8221;50px&#8221;][\/vc_column][\/vc_row][vc_row content_width=&#8221;grid&#8221;][vc_column width=&#8221;1\/4&#8243;][vc_single_image image=&#8221;16231&#8243; alignment=&#8221;center&#8221; css_animation=&#8221;top-to-bottom&#8221;][\/vc_column][vc_column width=&#8221;3\/4&#8243;][vc_column_text]<\/p>\n<p>&nbsp;<\/p>\n<p>&nbsp;<\/p>\n<p><strong><span style=\"color: #afca0b;\">Lumesia IBE <\/span><\/strong>(kor\u00e1bban Tempo Iberica)<\/p>\n<div>\n<p>Lefedetts\u00e9g: Franciaorsz\u00e1g, Spanyolorsz\u00e1g, Portug\u00e1lia, Liefkenshoek alag\u00fat.<\/p>\n<p>&nbsp;<\/p>\n<\/div>\n<p>[\/vc_column_text][\/vc_column][\/vc_row][vc_row][vc_column][vc_empty_space height=&#8221;50px&#8221;][\/vc_column][\/vc_row][vc_row content_width=&#8221;grid&#8221;][vc_column width=&#8221;1\/4&#8243;][vc_single_image image=&#8221;16226&#8243; alignment=&#8221;center&#8221; css_animation=&#8221;top-to-bottom&#8221;][\/vc_column][vc_column width=&#8221;3\/4&#8243;][vc_column_text]<\/p>\n<p>&nbsp;<\/p>\n<p><strong><span style=\"color: #afca0b;\">Lumesia MED <\/span><\/strong>(kor\u00e1bban Pronto)<\/p>\n<div>\n<p>Lefedetts\u00e9g: <span style=\"color: #afca0b;\"><strong>Lumesia IBE<\/strong><\/span> + Ausztria \u00e9s Olaszorsz\u00e1g<\/p>\n<\/div>\n<p>[\/vc_column_text][\/vc_column][\/vc_row][vc_row][vc_column][vc_empty_space height=&#8221;50px&#8221;][\/vc_column][\/vc_row][vc_row content_width=&#8221;grid&#8221;][vc_column][vc_column_text]<\/p>\n<h3><span style=\"color: #afca0b;\">Csak Franciaorsz\u00e1gon bel\u00fcl k\u00f6zlekedik?<br \/>\n<\/span><\/h3>\n<p>[\/vc_column_text][vc_empty_space height=&#8221;50px&#8221;][\/vc_column][\/vc_row][vc_row content_width=&#8221;grid&#8221;][vc_column width=&#8221;1\/4&#8243;][vc_single_image image=&#8221;16231&#8243; alignment=&#8221;center&#8221; css_animation=&#8221;top-to-bottom&#8221;][\/vc_column][vc_column width=&#8221;3\/4&#8243;][vc_column_text]<\/p>\n<p>&nbsp;<\/p>\n<p>&nbsp;<\/p>\n<p><strong><span style=\"color: #afca0b;\">Lumesia FRA <\/span><\/strong>(kor\u00e1bban Tempo)<\/p>\n<div>\n<p>Lefedetts\u00e9g: Franciaorsz\u00e1g \u00e9s Liefkenshoek alag\u00fat<\/p>\n<\/div>\n<p>[\/vc_column_text][\/vc_column][\/vc_row][vc_row][vc_column][vc_empty_space height=&#8221;50px&#8221;][\/vc_column][\/vc_row][vc_row content_width=&#8221;grid&#8221; anchor=&#8221;light-vehicles-hu&#8221; css=&#8221;.vc_custom_1761903404422{background-color: #035e7e !important;}&#8221; el_class=&#8221;padtop50 padbot50&#8243;][vc_column][vc_empty_space height=&#8221;10px&#8221;][vc_column_text]<\/p>\n<h2 style=\"text-align: center;\"><strong><span style=\"color: #ffffff;\">Elektronikus \u00fatdijfizet\u0151 k\u00e9sz\u00fcl\u00e9kek k\u00f6nny\u0171 j\u00e1rm\u0171vek sz\u00e1m\u00e1ra<br \/>\n<\/span><\/strong><\/h2>\n<p>[\/vc_column_text][vc_empty_space height=&#8221;10px&#8221;][\/vc_column][\/vc_row][vc_row content_width=&#8221;grid&#8221;][vc_column][vc_empty_space height=&#8221;100px&#8221;][vc_column_text]<\/p>\n<p style=\"text-align: center;\"><span class=\"OYPEnA font-feature-liga-off font-feature-clig-off font-feature-calt-off text-decoration-none text-strikethrough-none\">Telep\u00edtse a Lumesia fed\u00e9lzeti egys\u00e9geket <span style=\"color: #035e7e;\"><strong>k\u00f6nny\u0171 j\u00e1rm\u0171veire<\/strong><\/span> (\u2264 3,5t \u00e9s &lt; 3m), \u00e9s \u00e1ll\u00edtsa \u00e1t a<strong><span style=\"color: #035e7e;\"> teljes flott\u00e1j\u00e1t<\/span><\/strong>, \u00edgy minden ig\u00e9nyt fedezni tud egy szerz\u0151d\u00e9s, egy sz\u00e1mlacsomag, egy kapcsolattart\u00f3 \u00e9s egy \u00fcgyf\u00e9lport\u00e1l<\/span><span class=\"OYPEnA font-feature-liga-off font-feature-clig-off font-feature-calt-off text-decoration-none text-strikethrough-none\">.<\/span><\/p>\n<p>[\/vc_column_text][\/vc_column][\/vc_row][vc_row][vc_column][vc_empty_space height=&#8221;50px&#8221;][\/vc_column][\/vc_row][vc_row content_width=&#8221;grid&#8221;][vc_column width=&#8221;1\/4&#8243;][vc_single_image image=&#8221;16646&#8243; alignment=&#8221;center&#8221; css_animation=&#8221;top-to-bottom&#8221;][\/vc_column][vc_column width=&#8221;3\/4&#8243;][vc_column_text]<\/p>\n<p>&nbsp;<\/p>\n<p>&nbsp;<\/p>\n<p><strong><span style=\"color: #afca0b;\">Lumesia T-Pass <\/span><\/strong>(kor\u00e1bban Liber-t Pro)<\/p>\n<div>\n<p>Lefedetts\u00e9g: Franciaorsz\u00e1g + hozz\u00e1f\u00e9r\u00e9s mintegy 500 k\u00f6nny\u0171g\u00e9pj\u00e1rm\u0171-parkol\u00f3helyhez Franciaorsz\u00e1gban.<\/p>\n<\/div>\n<p>[\/vc_column_text][\/vc_column][\/vc_row][vc_row][vc_column][vc_empty_space height=&#8221;50px&#8221;][\/vc_column][\/vc_row][vc_row content_width=&#8221;grid&#8221;][vc_column width=&#8221;1\/4&#8243;][vc_single_image image=&#8221;16652&#8243; alignment=&#8221;center&#8221; css_animation=&#8221;top-to-bottom&#8221;][\/vc_column][vc_column width=&#8221;3\/4&#8243;][vc_column_text]<\/p>\n<p>&nbsp;<\/p>\n<p><strong><span style=\"color: #afca0b;\">Lumesia MED-Pass <\/span><\/strong>(kor\u00e1bban Pronto T)<\/p>\n<div>\n<p>Lefedetts\u00e9g: Franciaorsz\u00e1g, Spanyolorsz\u00e1g, Portug\u00e1lia, Olaszorsz\u00e1g \u00e9s Horv\u00e1torsz\u00e1g<\/p>\n<p>+ hozz\u00e1f\u00e9r\u00e9s mintegy 1 000 k\u00f6nny\u0171g\u00e9pj\u00e1rm\u0171-parkol\u00f3helyhez Franciaorsz\u00e1gban, Spanyolorsz\u00e1gban, Portug\u00e1li\u00e1ban \u00e9s Olaszorsz\u00e1gban.<\/p>\n<\/div>\n<p>[\/vc_column_text][\/vc_column][\/vc_row][vc_row el_class=&#8221;padtop50&#8243;][vc_column][vc_empty_space height=&#8221;50px&#8221;][\/vc_column][\/vc_row][vc_row content_aligment=&#8221;center&#8221; el_class=&#8221;padtop50 padbot50&#8243; css=&#8221;.vc_custom_1761751156103{background-color: #afca0b !important;}&#8221;][vc_column][vc_empty_space height=&#8221;15px&#8221;][vc_column_text]<\/p>\n<h3 style=\"text-align: center;\"><span style=\"color: #035e7e;\"><span data-olk-copy-source=\"MessageBody\">Nem tudja, hogy melyik k\u00e9sz\u00fcl\u00e9ket rendelje meg? \u00dcgyf\u00e9lszolg\u00e1latos koll\u00e9g\u00e1ink seg\u00edtenek.<\/span><br \/>\n<\/span><\/h3>\n<p>[\/vc_column_text][vc_empty_space]<a href=\"mailto:support@lumesia.com\" target=\"_self\" style=\"color: #035e7e;border-color: #035e7e\" class=\"qodef-btn qodef-btn-small qodef-btn-outline qodef-btn-custom-border-hover qodef-btn-custom-hover-color qodef-btn-icon\" data-hover-color=\"#035e7e\" data-hover-border-color=\"#035e7e\" >\n        <span class=\"qodef-btn-text\">L\u00e9pjen kapcsolatba az \u00fcgyf\u00e9lszolg\u00e1lattal<\/span>\n    <span class=\"qodef-btn-text-icon\"><i class=\"qodef-icon-simple-line-icon icon-arrow-right-circle \" ><\/i><\/span>\n<\/a>[\/vc_column][\/vc_row]<\/p>\n","protected":false},"excerpt":{"rendered":"<p>[vc_row content_width=&#8221;grid&#8221;][vc_column][vc_empty_space height=&#8221;100px&#8221;][vc_column_text] \u00datd\u00edjfizet\u00e9si megold\u00e1sok a probl\u00e9mamentes k\u00f6zleked\u00e9s\u00e9rt 21 eur\u00f3pai orsz\u00e1gba [\/vc_column_text][\/vc_column][\/vc_row][vc_row][vc_column][vc_empty_space height=&#8221;50px&#8221;][\/vc_column][\/vc_row][vc_row content_width=&#8221;grid&#8221;][vc_column][vc_column_text] A Lumesia \u00fatdijfizet\u0151 k\u00e9sz\u00fcl\u00e9kei olyan \u00fatd\u00edjfizet\u00e9si megold\u00e1sokat&#8230;<\/p>\n","protected":false},"author":27,"featured_media":0,"parent":4832,"menu_order":0,"comment_status":"closed","ping_status":"closed","template":"full-width.php","meta":{"footnotes":""},"class_list":["post-17239","page","type-page","status-publish","hentry"],"yoast_head":"<!-- This site is optimized with the Yoast SEO Premium plugin v26.7 (Yoast SEO v26.7) - https:\/\/yoast.com\/wordpress\/plugins\/seo\/ -->\n<title>\u00datd\u00edjak - Eurotoll<\/title>\n<meta name=\"description\" content=\"A Lumesia \u00fatdijfizet\u0151 k\u00e9sz\u00fcl\u00e9kei olyan \u00fatd\u00edjfizet\u00e9si megold\u00e1sokat k\u00edn\u00e1lnak, amelyek c\u00e9lja a k\u00f6z\u00fati fuvaroz\u00f3k munk\u00e1j\u00e1nak egyszer\u0171s\u00edt\u00e9se, a neh\u00e9z teherg\u00e9pj\u00e1rm\u0171vekt\u0151l a k\u00f6nny\u0171 teherg\u00e9pj\u00e1rm\u0171vekig, eg\u00e9sz Eur\u00f3p\u00e1ban.\" \/>\n<meta name=\"robots\" content=\"index, follow, max-snippet:-1, max-image-preview:large, max-video-preview:-1\" \/>\n<link rel=\"canonical\" href=\"https:\/\/www.Eurotoll.eu\/hu\/szolgaltatasaink\/lumesia-tolling\/\" \/>\n<meta property=\"og:locale\" content=\"hu_HU\" \/>\n<meta property=\"og:type\" content=\"article\" \/>\n<meta property=\"og:title\" content=\"\u00datd\u00edjak\" \/>\n<meta property=\"og:description\" content=\"A Lumesia \u00fatdijfizet\u0151 k\u00e9sz\u00fcl\u00e9kei olyan \u00fatd\u00edjfizet\u00e9si megold\u00e1sokat k\u00edn\u00e1lnak, amelyek c\u00e9lja a k\u00f6z\u00fati fuvaroz\u00f3k munk\u00e1j\u00e1nak egyszer\u0171s\u00edt\u00e9se, a neh\u00e9z teherg\u00e9pj\u00e1rm\u0171vekt\u0151l a k\u00f6nny\u0171 teherg\u00e9pj\u00e1rm\u0171vekig, eg\u00e9sz Eur\u00f3p\u00e1ban.\" \/>\n<meta property=\"og:url\" content=\"https:\/\/www.Eurotoll.eu\/hu\/szolgaltatasaink\/lumesia-tolling\/\" \/>\n<meta property=\"og:site_name\" content=\"Eurotoll\" \/>\n<meta property=\"article:modified_time\" content=\"2025-11-17T08:30:36+00:00\" \/>\n<meta property=\"og:image\" content=\"https:\/\/www.Eurotoll.eu\/wp-content\/uploads\/2023\/06\/Image-Twitter-WP.png\" \/>\n<meta name=\"twitter:card\" content=\"summary_large_image\" \/>\n<meta name=\"twitter:image\" content=\"https:\/\/www.Eurotoll.eu\/wp-content\/uploads\/2023\/06\/Image-Twitter-WP.png\" \/>\n<meta name=\"twitter:label1\" content=\"Becs\u00fclt olvas\u00e1si id\u0151\" \/>\n\t<meta name=\"twitter:data1\" content=\"2 perc\" \/>\n<script type=\"application\/ld+json\" class=\"yoast-schema-graph\">{\"@context\":\"https:\/\/schema.org\",\"@graph\":[{\"@type\":\"WebPage\",\"@id\":\"https:\/\/www.Eurotoll.eu\/hu\/szolgaltatasaink\/lumesia-tolling\/\",\"url\":\"https:\/\/www.Eurotoll.eu\/hu\/szolgaltatasaink\/lumesia-tolling\/\",\"name\":\"\u00datd\u00edjak - Eurotoll\",\"isPartOf\":{\"@id\":\"https:\/\/www.Eurotoll.eu\/hu\/#website\"},\"datePublished\":\"2024-10-18T14:54:38+00:00\",\"dateModified\":\"2025-11-17T08:30:36+00:00\",\"description\":\"A Lumesia \u00fatdijfizet\u0151 k\u00e9sz\u00fcl\u00e9kei olyan \u00fatd\u00edjfizet\u00e9si megold\u00e1sokat k\u00edn\u00e1lnak, amelyek c\u00e9lja a k\u00f6z\u00fati fuvaroz\u00f3k munk\u00e1j\u00e1nak egyszer\u0171s\u00edt\u00e9se, a neh\u00e9z teherg\u00e9pj\u00e1rm\u0171vekt\u0151l a k\u00f6nny\u0171 teherg\u00e9pj\u00e1rm\u0171vekig, eg\u00e9sz Eur\u00f3p\u00e1ban.\",\"breadcrumb\":{\"@id\":\"https:\/\/www.Eurotoll.eu\/hu\/szolgaltatasaink\/lumesia-tolling\/#breadcrumb\"},\"inLanguage\":\"hu\",\"potentialAction\":[{\"@type\":\"ReadAction\",\"target\":[\"https:\/\/www.Eurotoll.eu\/hu\/szolgaltatasaink\/lumesia-tolling\/\"]}]},{\"@type\":\"BreadcrumbList\",\"@id\":\"https:\/\/www.Eurotoll.eu\/hu\/szolgaltatasaink\/lumesia-tolling\/#breadcrumb\",\"itemListElement\":[{\"@type\":\"ListItem\",\"position\":1,\"name\":\"Accueil\",\"item\":\"https:\/\/www.Eurotoll.eu\/hu\/\"},{\"@type\":\"ListItem\",\"position\":2,\"name\":\"Szolg\u00e1ltat\u00e1saink\",\"item\":\"https:\/\/www.Eurotoll.eu\/hu\/szolgaltatasaink\/\"},{\"@type\":\"ListItem\",\"position\":3,\"name\":\"\u00datd\u00edjak\"}]},{\"@type\":\"WebSite\",\"@id\":\"https:\/\/www.Eurotoll.eu\/hu\/#website\",\"url\":\"https:\/\/www.Eurotoll.eu\/hu\/\",\"name\":\"Eurotoll\",\"description\":\"Acteur cl\u00e9 du t\u00e9l\u00e9p\u00e9age en Europe\",\"potentialAction\":[{\"@type\":\"SearchAction\",\"target\":{\"@type\":\"EntryPoint\",\"urlTemplate\":\"https:\/\/www.Eurotoll.eu\/hu\/?s={search_term_string}\"},\"query-input\":{\"@type\":\"PropertyValueSpecification\",\"valueRequired\":true,\"valueName\":\"search_term_string\"}}],\"inLanguage\":\"hu\"}]}<\/script>\n<!-- \/ Yoast SEO Premium plugin. -->","yoast_head_json":{"title":"\u00datd\u00edjak - Eurotoll","description":"A Lumesia \u00fatdijfizet\u0151 k\u00e9sz\u00fcl\u00e9kei olyan \u00fatd\u00edjfizet\u00e9si megold\u00e1sokat k\u00edn\u00e1lnak, amelyek c\u00e9lja a k\u00f6z\u00fati fuvaroz\u00f3k munk\u00e1j\u00e1nak egyszer\u0171s\u00edt\u00e9se, a neh\u00e9z teherg\u00e9pj\u00e1rm\u0171vekt\u0151l a k\u00f6nny\u0171 teherg\u00e9pj\u00e1rm\u0171vekig, eg\u00e9sz Eur\u00f3p\u00e1ban.","robots":{"index":"index","follow":"follow","max-snippet":"max-snippet:-1","max-image-preview":"max-image-preview:large","max-video-preview":"max-video-preview:-1"},"canonical":"https:\/\/www.Eurotoll.eu\/hu\/szolgaltatasaink\/lumesia-tolling\/","og_locale":"hu_HU","og_type":"article","og_title":"\u00datd\u00edjak","og_description":"A Lumesia \u00fatdijfizet\u0151 k\u00e9sz\u00fcl\u00e9kei olyan \u00fatd\u00edjfizet\u00e9si megold\u00e1sokat k\u00edn\u00e1lnak, amelyek c\u00e9lja a k\u00f6z\u00fati fuvaroz\u00f3k munk\u00e1j\u00e1nak egyszer\u0171s\u00edt\u00e9se, a neh\u00e9z teherg\u00e9pj\u00e1rm\u0171vekt\u0151l a k\u00f6nny\u0171 teherg\u00e9pj\u00e1rm\u0171vekig, eg\u00e9sz Eur\u00f3p\u00e1ban.","og_url":"https:\/\/www.Eurotoll.eu\/hu\/szolgaltatasaink\/lumesia-tolling\/","og_site_name":"Eurotoll","article_modified_time":"2025-11-17T08:30:36+00:00","og_image":[{"url":"https:\/\/www.Eurotoll.eu\/wp-content\/uploads\/2023\/06\/Image-Twitter-WP.png","type":"","width":"","height":""}],"twitter_card":"summary_large_image","twitter_image":"https:\/\/www.Eurotoll.eu\/wp-content\/uploads\/2023\/06\/Image-Twitter-WP.png","twitter_misc":{"Becs\u00fclt olvas\u00e1si id\u0151":"2 perc"},"schema":{"@context":"https:\/\/schema.org","@graph":[{"@type":"WebPage","@id":"https:\/\/www.Eurotoll.eu\/hu\/szolgaltatasaink\/lumesia-tolling\/","url":"https:\/\/www.Eurotoll.eu\/hu\/szolgaltatasaink\/lumesia-tolling\/","name":"\u00datd\u00edjak - Eurotoll","isPartOf":{"@id":"https:\/\/www.Eurotoll.eu\/hu\/#website"},"datePublished":"2024-10-18T14:54:38+00:00","dateModified":"2025-11-17T08:30:36+00:00","description":"A Lumesia \u00fatdijfizet\u0151 k\u00e9sz\u00fcl\u00e9kei olyan \u00fatd\u00edjfizet\u00e9si megold\u00e1sokat k\u00edn\u00e1lnak, amelyek c\u00e9lja a k\u00f6z\u00fati fuvaroz\u00f3k munk\u00e1j\u00e1nak egyszer\u0171s\u00edt\u00e9se, a neh\u00e9z teherg\u00e9pj\u00e1rm\u0171vekt\u0151l a k\u00f6nny\u0171 teherg\u00e9pj\u00e1rm\u0171vekig, eg\u00e9sz Eur\u00f3p\u00e1ban.","breadcrumb":{"@id":"https:\/\/www.Eurotoll.eu\/hu\/szolgaltatasaink\/lumesia-tolling\/#breadcrumb"},"inLanguage":"hu","potentialAction":[{"@type":"ReadAction","target":["https:\/\/www.Eurotoll.eu\/hu\/szolgaltatasaink\/lumesia-tolling\/"]}]},{"@type":"BreadcrumbList","@id":"https:\/\/www.Eurotoll.eu\/hu\/szolgaltatasaink\/lumesia-tolling\/#breadcrumb","itemListElement":[{"@type":"ListItem","position":1,"name":"Accueil","item":"https:\/\/www.Eurotoll.eu\/hu\/"},{"@type":"ListItem","position":2,"name":"Szolg\u00e1ltat\u00e1saink","item":"https:\/\/www.Eurotoll.eu\/hu\/szolgaltatasaink\/"},{"@type":"ListItem","position":3,"name":"\u00datd\u00edjak"}]},{"@type":"WebSite","@id":"https:\/\/www.Eurotoll.eu\/hu\/#website","url":"https:\/\/www.Eurotoll.eu\/hu\/","name":"Eurotoll","description":"Acteur cl\u00e9 du t\u00e9l\u00e9p\u00e9age en Europe","potentialAction":[{"@type":"SearchAction","target":{"@type":"EntryPoint","urlTemplate":"https:\/\/www.Eurotoll.eu\/hu\/?s={search_term_string}"},"query-input":{"@type":"PropertyValueSpecification","valueRequired":true,"valueName":"search_term_string"}}],"inLanguage":"hu"}]}},"_links":{"self":[{"href":"https:\/\/www.Eurotoll.eu\/hu\/wp-json\/wp\/v2\/pages\/17239","targetHints":{"allow":["GET"]}}],"collection":[{"href":"https:\/\/www.Eurotoll.eu\/hu\/wp-json\/wp\/v2\/pages"}],"about":[{"href":"https:\/\/www.Eurotoll.eu\/hu\/wp-json\/wp\/v2\/types\/page"}],"author":[{"embeddable":true,"href":"https:\/\/www.Eurotoll.eu\/hu\/wp-json\/wp\/v2\/users\/27"}],"replies":[{"embeddable":true,"href":"https:\/\/www.Eurotoll.eu\/hu\/wp-json\/wp\/v2\/comments?post=17239"}],"version-history":[{"count":12,"href":"https:\/\/www.Eurotoll.eu\/hu\/wp-json\/wp\/v2\/pages\/17239\/revisions"}],"predecessor-version":[{"id":19356,"href":"https:\/\/www.Eurotoll.eu\/hu\/wp-json\/wp\/v2\/pages\/17239\/revisions\/19356"}],"up":[{"embeddable":true,"href":"https:\/\/www.Eurotoll.eu\/hu\/wp-json\/wp\/v2\/pages\/4832"}],"wp:attachment":[{"href":"https:\/\/www.Eurotoll.eu\/hu\/wp-json\/wp\/v2\/media?parent=17239"}],"curies":[{"name":"wp","href":"https:\/\/api.w.org\/{rel}","templated":true}]}}