{"id":19191,"date":"2025-11-10T18:01:19","date_gmt":"2025-11-10T17:01:19","guid":{"rendered":"https:\/\/www.Eurotoll.eu\/szolgaltatasaink\/foglalas-multimodalis-megoldasok\/"},"modified":"2025-11-17T09:31:38","modified_gmt":"2025-11-17T08:31:38","slug":"foglalas-multimodalis-megoldasok","status":"publish","type":"page","link":"https:\/\/www.Eurotoll.eu\/hu\/szolgaltatasaink\/foglalas-multimodalis-megoldasok\/","title":{"rendered":"Foglal\u00e1s &#8211; Multimod\u00e1lis megold\u00e1sok"},"content":{"rendered":"<p>[vc_row content_width=&#8221;grid&#8221; el_class=&#8221;padtop50 padbot50&#8243;][vc_column][vc_row_inner el_class=&#8221;padtop50&#8243;][vc_column_inner][vc_column_text]<\/p>\n<h1 style=\"text-align: center;\"><span style=\"color: #035e7e;\">Kombin\u00e1lja a k\u00f6z\u00fati, tengeri \u00e9s vas\u00fati sz\u00e1ll\u00edt\u00e1st, \u00e9s \u00e9lvezze a sz\u00e1mos el\u0151nyt<\/span><\/h1>\n<p>&nbsp;<\/p>\n<p>&nbsp;<\/p>\n<p>&nbsp;<\/p>\n<p style=\"text-align: center;\">Hozz\u00e1f\u00e9r\u00e9s a legjobb meg\u00e1llapod\u00e1sokhoz a k\u00f6z\u00fati, tengeri \u00e9s vas\u00fati sz\u00e1ll\u00edt\u00e1s kombin\u00e1l\u00e1s\u00e1hoz, \u00e9s sz\u00e1mos el\u0151ny, p\u00e9ld\u00e1ul a foglal\u00e1sok k\u00f6zvetlen kezel\u00e9se, a d\u00edjmentes r\u00e9szletfizet\u00e9s \u00e9s partnereink \u00e1ltal biztos\u00edtott kedvezm\u00e9nyek.<\/p>\n<p>&nbsp;<\/p>\n<p style=\"text-align: center;\">Csapatunk tan\u00e1csot ad az intermod\u00e1lis sz\u00e1ll\u00edt\u00e1si megold\u00e1sokr\u00f3l, amelyek kombin\u00e1lj\u00e1k a k\u00f6z\u00fati, tengeri \u00e9s vas\u00fati sz\u00e1ll\u00edt\u00e1st.<\/p>\n<p>[\/vc_column_text][\/vc_column_inner][\/vc_row_inner][\/vc_column][\/vc_row][vc_row content_width=&#8221;grid&#8221; el_class=&#8221;padtop50 padbot50&#8243; css=&#8221;.vc_custom_1761755262182{background-color: #035e7e !important;}&#8221;][vc_column][vc_empty_space height=&#8221;10px&#8221;][vc_column_text]<\/p>\n<h2 style=\"text-align: center;\"><strong><span style=\"color: #ffffff;\">Foglalunk \u00d6nnek kompokat \u00e9s alpesi vonatokat<\/span><\/strong><\/h2>\n<p>[\/vc_column_text][vc_empty_space height=&#8221;10px&#8221;][\/vc_column][\/vc_row][vc_row content_width=&#8221;grid&#8221; el_class=&#8221;padtop50 padbot50&#8243; css=&#8221;.vc_custom_1761907599482{background-image: url(https:\/\/dev.lumesia.com\/wp-content\/uploads\/2025\/10\/2025_10_Immagine-sfondo_blu_1920x749.jpg?id=24260) !important;}&#8221;][vc_column width=&#8221;1\/2&#8243;][vc_empty_space height=&#8221;65px&#8221;][vc_single_image image=&#8221;19181&#8243; img_size=&#8221;medium&#8221; alignment=&#8221;center&#8221; style=&#8221;vc_box_circle_2&#8243;][vc_empty_space][vc_column_text]<\/p>\n<h3 style=\"text-align: center;\"><span style=\"color: #afca0b;\">KOMP<\/span><\/h3>\n<p>&nbsp;<\/p>\n<p style=\"text-align: center;\">Calais (FR) &#8211; Dover (GB)<\/p>\n<p style=\"text-align: center;\">Dunkerque (FR) &#8211; Dover (GB)<\/p>\n<p style=\"text-align: center;\">+ sz\u00e1mos m\u00e1s \u00fatvonal<\/p>\n<p>[\/vc_column_text][vc_empty_space height=&#8221;65px&#8221;][\/vc_column][vc_column width=&#8221;1\/2&#8243;][vc_empty_space height=&#8221;65px&#8221;][vc_single_image image=&#8221;19160&#8243; img_size=&#8221;medium&#8221; alignment=&#8221;center&#8221; style=&#8221;vc_box_circle_2&#8243;][vc_empty_space][vc_column_text]<\/p>\n<h3 style=\"text-align: center;\"><span style=\"color: #afca0b;\">ALPINE TRAINS<\/span><\/h3>\n<p>&nbsp;<\/p>\n<p style=\"text-align: center;\">Turin (IT) &#8211; Albertville (FR)<\/p>\n<p style=\"text-align: center;\">Mil\u00e1n\u00f3 (IT) &#8211; Freiburg (DE)<\/p>\n<p style=\"text-align: center;\">Brenner (IT) &#8211; Worgl (AT)<\/p>\n<p>[\/vc_column_text][vc_empty_space height=&#8221;65px&#8221;][\/vc_column][\/vc_row][vc_row content_width=&#8221;grid&#8221; content_aligment=&#8221;center&#8221; el_class=&#8221;padtop50 padbot50&#8243; css=&#8221;.vc_custom_1761907645688{background-color: #afca0b !important;}&#8221;][vc_column][vc_empty_space height=&#8221;15px&#8221;][vc_column_text]<\/p>\n<h3 style=\"text-align: center;\"><span style=\"color: #035e7e;\">Tov\u00e1bbi inform\u00e1ci\u00f3k\u00e9rt \u00fcgyf\u00e9lszolg\u00e1latunk \u00e1ll rendelkez\u00e9s\u00e9re.<\/span><\/h3>\n<p>[\/vc_column_text][vc_empty_space]<a href=\"mailto:support@lumesia.com\" target=\"_self\" style=\"color: #035e7e;border-color: #035e7e\" class=\"qodef-btn qodef-btn-small qodef-btn-outline qodef-btn-custom-border-hover qodef-btn-custom-hover-color qodef-btn-icon marginright15\" data-hover-color=\"#035e7e\" data-hover-border-color=\"#035e7e\" >\n        <span class=\"qodef-btn-text\">Kapcsolatfelv\u00e9tel egy \u00e9rt\u00e9kes\u00edt\u0151vel<\/span>\n    <span class=\"qodef-btn-text-icon\"><i class=\"qodef-icon-simple-line-icon icon-arrow-right-circle \" ><\/i><\/span>\n<\/a>[\/vc_column][\/vc_row][vc_row content_width=&#8221;grid&#8221; content_aligment=&#8221;center&#8221;][vc_column][vc_empty_space height=&#8221;50px&#8221;][\/vc_column][vc_column][vc_column_text]<\/p>\n<h3 style=\"text-align: center;\"><span style=\"color: #afca0b;\">A multimod\u00e1lis sz\u00e1ll\u00edt\u00e1s lehet\u0151v\u00e9 teszi, hogy cs\u00f6kkentse k\u00f6rnyezeti \u00e9s gazdas\u00e1gi hat\u00e1s\u00e1t.<\/span><\/h3>\n<p>[\/vc_column_text][vc_empty_space][vc_row_inner][vc_column_inner width=&#8221;1\/4&#8243;][vc_empty_space]<div class=\"qodef-info-box qodef-with-border\">\r\n\r\n\t<div class=\"qodef-info-box-font-side qodef-dark\" >\r\n\t\t<div class=\"qodef-info-box-front-side-inner\">\r\n\t\t\t<div class=\"qodef-info-box-icon-holder\" >\r\n\t\t\t\t\t\t\t\t\t<img loading=\"lazy\" decoding=\"async\" width=\"300\" height=\"150\" src=\"https:\/\/www.Eurotoll.eu\/wp-content\/uploads\/2025\/11\/icone-solutions-multimodales-carburant.png\" class=\"attachment-full size-full\" alt=\"\" \/>\t\t\t\t\t\t\t<\/div>\r\n\t\t\t\t\t\t\t\t\t\t<div class=\"qodef-info-box-text\">\r\n\t\t\t\t\t<p>\u00dczemanyag-megtakar\u00edt\u00e1s<\/p>\r\n\t\t\t\t<\/div>\r\n\t\t\t\t\t<\/div>\r\n\t<\/div>\r\n\r\n\t\r\n<\/div>[vc_empty_space][\/vc_column_inner][vc_column_inner width=&#8221;1\/4&#8243;][vc_empty_space]<div class=\"qodef-info-box qodef-with-border\">\r\n\r\n\t<div class=\"qodef-info-box-font-side qodef-dark\" >\r\n\t\t<div class=\"qodef-info-box-front-side-inner\">\r\n\t\t\t<div class=\"qodef-info-box-icon-holder\" >\r\n\t\t\t\t\t\t\t\t\t<img loading=\"lazy\" decoding=\"async\" width=\"300\" height=\"150\" src=\"https:\/\/www.Eurotoll.eu\/wp-content\/uploads\/2025\/11\/icone-solutions-multimodales-usure.png\" class=\"attachment-full size-full\" alt=\"\" \/>\t\t\t\t\t\t\t<\/div>\r\n\t\t\t\t\t\t\t\t\t\t<div class=\"qodef-info-box-text\">\r\n\t\t\t\t\t<p>A j\u00e1rm\u0171vek kisebb elhaszn\u00e1l\u00f3d\u00e1sa<\/p>\r\n\t\t\t\t<\/div>\r\n\t\t\t\t\t<\/div>\r\n\t<\/div>\r\n\r\n\t\r\n<\/div>[vc_empty_space][\/vc_column_inner][vc_column_inner width=&#8221;1\/4&#8243;][vc_empty_space]<div class=\"qodef-info-box qodef-with-border\">\r\n\r\n\t<div class=\"qodef-info-box-font-side qodef-dark\" >\r\n\t\t<div class=\"qodef-info-box-front-side-inner\">\r\n\t\t\t<div class=\"qodef-info-box-icon-holder\" >\r\n\t\t\t\t\t\t\t\t\t<img loading=\"lazy\" decoding=\"async\" width=\"300\" height=\"150\" src=\"https:\/\/www.Eurotoll.eu\/wp-content\/uploads\/2025\/11\/LCard_OTP_Driver-1.png\" class=\"attachment-full size-full\" alt=\"\" \/>\t\t\t\t\t\t\t<\/div>\r\n\t\t\t\t\t\t\t\t\t\t<div class=\"qodef-info-box-text\">\r\n\t\t\t\t\t<p>Vezet\u00e9si \u00f3r\u00e1k megtakar\u00edt\u00e1sa<\/p>\r\n\t\t\t\t<\/div>\r\n\t\t\t\t\t<\/div>\r\n\t<\/div>\r\n\r\n\t\r\n<\/div>[vc_empty_space][\/vc_column_inner][vc_column_inner width=&#8221;1\/4&#8243;][vc_empty_space]<div class=\"qodef-info-box qodef-with-border\">\r\n\r\n\t<div class=\"qodef-info-box-font-side qodef-dark\" >\r\n\t\t<div class=\"qodef-info-box-front-side-inner\">\r\n\t\t\t<div class=\"qodef-info-box-icon-holder\" >\r\n\t\t\t\t\t\t\t\t\t<img loading=\"lazy\" decoding=\"async\" width=\"300\" height=\"150\" src=\"https:\/\/www.Eurotoll.eu\/wp-content\/uploads\/2025\/11\/icone-solutions-multimodales-co2.png\" class=\"attachment-full size-full\" alt=\"\" \/>\t\t\t\t\t\t\t<\/div>\r\n\t\t\t\t\t\t\t\t\t\t<div class=\"qodef-info-box-text\">\r\n\t\t\t\t\t<p>Alacsonyabb CO2-kibocs\u00e1t\u00e1s<\/p>\r\n\t\t\t\t<\/div>\r\n\t\t\t\t\t<\/div>\r\n\t<\/div>\r\n\r\n\t\r\n<\/div>[vc_empty_space][\/vc_column_inner][\/vc_row_inner][\/vc_column][\/vc_row][vc_row el_class=&#8221;spepadleft white&#8221; css=&#8221;.vc_custom_1761907933883{background-color: #035e7e !important;}&#8221; el_id=&#8221;plus-service-eurotoll&#8221;][vc_column width=&#8221;2\/3&#8243; el_class=&#8221;padtop50 padbot50&#8243;][vc_column_text]<\/p>\n<h4><strong>Lumesia plus szolg\u00e1ltat\u00e1sok:<\/strong><\/h4>\n<p>&nbsp;<\/p>\n<ul>\n<li>A foglal\u00e1sok k\u00f6zvetlen kezel\u00e9se<\/li>\n<li>Jegyek d\u00edjmentes halasztott fizet\u00e9se<\/li>\n<li>Partnereink \u00e1ltal ny\u00fajtott kedvezm\u00e9nyek<\/li>\n<\/ul>\n<p>[\/vc_column_text][\/vc_column][vc_column width=&#8221;1\/3&#8243;][\/vc_column][\/vc_row][vc_row content_width=&#8221;grid&#8221; content_aligment=&#8221;center&#8221; el_class=&#8221;padtop50 padbot50&#8243; css=&#8221;.vc_custom_1761907645688{background-color: #afca0b !important;}&#8221;][vc_column][vc_empty_space height=&#8221;15px&#8221;][vc_column_text]<\/p>\n<h3 style=\"text-align: center;\"><span style=\"color: #035e7e;\">Tov\u00e1bbi inform\u00e1ci\u00f3k\u00e9rt \u00fcgyf\u00e9lszolg\u00e1latunk \u00e1ll rendelkez\u00e9s\u00e9re.<\/span><\/h3>\n<p>[\/vc_column_text][vc_empty_space]<a href=\"mailto:support@lumesia.com\" target=\"_self\" style=\"color: #035e7e;border-color: #035e7e\" class=\"qodef-btn qodef-btn-small qodef-btn-outline qodef-btn-custom-border-hover qodef-btn-custom-hover-color qodef-btn-icon marginright15\" data-hover-color=\"#035e7e\" data-hover-border-color=\"#035e7e\" >\n        <span class=\"qodef-btn-text\">Kapcsolatfelv\u00e9tel egy \u00e9rt\u00e9kes\u00edt\u0151vel<\/span>\n    <span class=\"qodef-btn-text-icon\"><i class=\"qodef-icon-simple-line-icon icon-arrow-right-circle \" ><\/i><\/span>\n<\/a>[\/vc_column][\/vc_row]<\/p>\n","protected":false},"excerpt":{"rendered":"<p>[vc_row content_width=&#8221;grid&#8221; el_class=&#8221;padtop50 padbot50&#8243;][vc_column][vc_row_inner el_class=&#8221;padtop50&#8243;][vc_column_inner][vc_column_text] Kombin\u00e1lja a k\u00f6z\u00fati, tengeri \u00e9s vas\u00fati sz\u00e1ll\u00edt\u00e1st, \u00e9s \u00e9lvezze a sz\u00e1mos el\u0151nyt &nbsp; &nbsp; &nbsp; Hozz\u00e1f\u00e9r\u00e9s&#8230;<\/p>\n","protected":false},"author":27,"featured_media":0,"parent":4832,"menu_order":0,"comment_status":"closed","ping_status":"closed","template":"full-width.php","meta":{"footnotes":""},"class_list":["post-19191","page","type-page","status-publish","hentry"],"yoast_head":"<!-- This site is optimized with the Yoast SEO Premium plugin v26.7 (Yoast SEO v26.7) - https:\/\/yoast.com\/wordpress\/plugins\/seo\/ -->\n<title>Foglal\u00e1s - Multimod\u00e1lis megold\u00e1sok - Eurotoll<\/title>\n<meta name=\"description\" content=\"Szerezzen hozz\u00e1f\u00e9r\u00e9st a legjobb meg\u00e1llapod\u00e1sokhoz a k\u00f6z\u00fati, tengeri \u00e9s vas\u00fati sz\u00e1ll\u00edt\u00e1s kombin\u00e1l\u00e1s\u00e1hoz, \u00e9s \u00e9lvezze a sz\u00e1mos el\u0151nyt: a foglal\u00e1sok k\u00f6zvetlen kezel\u00e9se, a b\u00e9rletek d\u00edjmentes halasztott kifizet\u00e9se, a partnereink \u00e1ltal ny\u00fajtott kedvezm\u00e9nyek.\" \/>\n<meta name=\"robots\" content=\"index, follow, max-snippet:-1, max-image-preview:large, max-video-preview:-1\" \/>\n<link rel=\"canonical\" href=\"https:\/\/www.Eurotoll.eu\/hu\/szolgaltatasaink\/foglalas-multimodalis-megoldasok\/\" \/>\n<meta property=\"og:locale\" content=\"hu_HU\" \/>\n<meta property=\"og:type\" content=\"article\" \/>\n<meta property=\"og:title\" content=\"Foglal\u00e1s - Multimod\u00e1lis megold\u00e1sok\" \/>\n<meta property=\"og:description\" content=\"Szerezzen hozz\u00e1f\u00e9r\u00e9st a legjobb meg\u00e1llapod\u00e1sokhoz a k\u00f6z\u00fati, tengeri \u00e9s vas\u00fati sz\u00e1ll\u00edt\u00e1s kombin\u00e1l\u00e1s\u00e1hoz, \u00e9s \u00e9lvezze a sz\u00e1mos el\u0151nyt: a foglal\u00e1sok k\u00f6zvetlen kezel\u00e9se, a b\u00e9rletek d\u00edjmentes halasztott kifizet\u00e9se, a partnereink \u00e1ltal ny\u00fajtott kedvezm\u00e9nyek.\" \/>\n<meta property=\"og:url\" content=\"https:\/\/www.Eurotoll.eu\/hu\/szolgaltatasaink\/foglalas-multimodalis-megoldasok\/\" \/>\n<meta property=\"og:site_name\" content=\"Eurotoll\" \/>\n<meta property=\"article:modified_time\" content=\"2025-11-17T08:31:38+00:00\" \/>\n<meta name=\"twitter:card\" content=\"summary_large_image\" \/>\n<meta name=\"twitter:label1\" content=\"Becs\u00fclt olvas\u00e1si id\u0151\" \/>\n\t<meta name=\"twitter:data1\" content=\"2 perc\" \/>\n<script type=\"application\/ld+json\" class=\"yoast-schema-graph\">{\"@context\":\"https:\/\/schema.org\",\"@graph\":[{\"@type\":\"WebPage\",\"@id\":\"https:\/\/www.Eurotoll.eu\/hu\/szolgaltatasaink\/foglalas-multimodalis-megoldasok\/\",\"url\":\"https:\/\/www.Eurotoll.eu\/hu\/szolgaltatasaink\/foglalas-multimodalis-megoldasok\/\",\"name\":\"Foglal\u00e1s - Multimod\u00e1lis megold\u00e1sok - Eurotoll\",\"isPartOf\":{\"@id\":\"https:\/\/www.Eurotoll.eu\/hu\/#website\"},\"datePublished\":\"2025-11-10T17:01:19+00:00\",\"dateModified\":\"2025-11-17T08:31:38+00:00\",\"description\":\"Szerezzen hozz\u00e1f\u00e9r\u00e9st a legjobb meg\u00e1llapod\u00e1sokhoz a k\u00f6z\u00fati, tengeri \u00e9s vas\u00fati sz\u00e1ll\u00edt\u00e1s kombin\u00e1l\u00e1s\u00e1hoz, \u00e9s \u00e9lvezze a sz\u00e1mos el\u0151nyt: a foglal\u00e1sok k\u00f6zvetlen kezel\u00e9se, a b\u00e9rletek d\u00edjmentes halasztott kifizet\u00e9se, a partnereink \u00e1ltal ny\u00fajtott kedvezm\u00e9nyek.\",\"breadcrumb\":{\"@id\":\"https:\/\/www.Eurotoll.eu\/hu\/szolgaltatasaink\/foglalas-multimodalis-megoldasok\/#breadcrumb\"},\"inLanguage\":\"hu\",\"potentialAction\":[{\"@type\":\"ReadAction\",\"target\":[\"https:\/\/www.Eurotoll.eu\/hu\/szolgaltatasaink\/foglalas-multimodalis-megoldasok\/\"]}]},{\"@type\":\"BreadcrumbList\",\"@id\":\"https:\/\/www.Eurotoll.eu\/hu\/szolgaltatasaink\/foglalas-multimodalis-megoldasok\/#breadcrumb\",\"itemListElement\":[{\"@type\":\"ListItem\",\"position\":1,\"name\":\"Accueil\",\"item\":\"https:\/\/www.Eurotoll.eu\/hu\/\"},{\"@type\":\"ListItem\",\"position\":2,\"name\":\"Szolg\u00e1ltat\u00e1saink\",\"item\":\"https:\/\/www.Eurotoll.eu\/hu\/szolgaltatasaink\/\"},{\"@type\":\"ListItem\",\"position\":3,\"name\":\"Foglal\u00e1s &#8211; Multimod\u00e1lis megold\u00e1sok\"}]},{\"@type\":\"WebSite\",\"@id\":\"https:\/\/www.Eurotoll.eu\/hu\/#website\",\"url\":\"https:\/\/www.Eurotoll.eu\/hu\/\",\"name\":\"Eurotoll\",\"description\":\"Acteur cl\u00e9 du t\u00e9l\u00e9p\u00e9age en Europe\",\"potentialAction\":[{\"@type\":\"SearchAction\",\"target\":{\"@type\":\"EntryPoint\",\"urlTemplate\":\"https:\/\/www.Eurotoll.eu\/hu\/?s={search_term_string}\"},\"query-input\":{\"@type\":\"PropertyValueSpecification\",\"valueRequired\":true,\"valueName\":\"search_term_string\"}}],\"inLanguage\":\"hu\"}]}<\/script>\n<!-- \/ Yoast SEO Premium plugin. -->","yoast_head_json":{"title":"Foglal\u00e1s - Multimod\u00e1lis megold\u00e1sok - Eurotoll","description":"Szerezzen hozz\u00e1f\u00e9r\u00e9st a legjobb meg\u00e1llapod\u00e1sokhoz a k\u00f6z\u00fati, tengeri \u00e9s vas\u00fati sz\u00e1ll\u00edt\u00e1s kombin\u00e1l\u00e1s\u00e1hoz, \u00e9s \u00e9lvezze a sz\u00e1mos el\u0151nyt: a foglal\u00e1sok k\u00f6zvetlen kezel\u00e9se, a b\u00e9rletek d\u00edjmentes halasztott kifizet\u00e9se, a partnereink \u00e1ltal ny\u00fajtott kedvezm\u00e9nyek.","robots":{"index":"index","follow":"follow","max-snippet":"max-snippet:-1","max-image-preview":"max-image-preview:large","max-video-preview":"max-video-preview:-1"},"canonical":"https:\/\/www.Eurotoll.eu\/hu\/szolgaltatasaink\/foglalas-multimodalis-megoldasok\/","og_locale":"hu_HU","og_type":"article","og_title":"Foglal\u00e1s - Multimod\u00e1lis megold\u00e1sok","og_description":"Szerezzen hozz\u00e1f\u00e9r\u00e9st a legjobb meg\u00e1llapod\u00e1sokhoz a k\u00f6z\u00fati, tengeri \u00e9s vas\u00fati sz\u00e1ll\u00edt\u00e1s kombin\u00e1l\u00e1s\u00e1hoz, \u00e9s \u00e9lvezze a sz\u00e1mos el\u0151nyt: a foglal\u00e1sok k\u00f6zvetlen kezel\u00e9se, a b\u00e9rletek d\u00edjmentes halasztott kifizet\u00e9se, a partnereink \u00e1ltal ny\u00fajtott kedvezm\u00e9nyek.","og_url":"https:\/\/www.Eurotoll.eu\/hu\/szolgaltatasaink\/foglalas-multimodalis-megoldasok\/","og_site_name":"Eurotoll","article_modified_time":"2025-11-17T08:31:38+00:00","twitter_card":"summary_large_image","twitter_misc":{"Becs\u00fclt olvas\u00e1si id\u0151":"2 perc"},"schema":{"@context":"https:\/\/schema.org","@graph":[{"@type":"WebPage","@id":"https:\/\/www.Eurotoll.eu\/hu\/szolgaltatasaink\/foglalas-multimodalis-megoldasok\/","url":"https:\/\/www.Eurotoll.eu\/hu\/szolgaltatasaink\/foglalas-multimodalis-megoldasok\/","name":"Foglal\u00e1s - Multimod\u00e1lis megold\u00e1sok - Eurotoll","isPartOf":{"@id":"https:\/\/www.Eurotoll.eu\/hu\/#website"},"datePublished":"2025-11-10T17:01:19+00:00","dateModified":"2025-11-17T08:31:38+00:00","description":"Szerezzen hozz\u00e1f\u00e9r\u00e9st a legjobb meg\u00e1llapod\u00e1sokhoz a k\u00f6z\u00fati, tengeri \u00e9s vas\u00fati sz\u00e1ll\u00edt\u00e1s kombin\u00e1l\u00e1s\u00e1hoz, \u00e9s \u00e9lvezze a sz\u00e1mos el\u0151nyt: a foglal\u00e1sok k\u00f6zvetlen kezel\u00e9se, a b\u00e9rletek d\u00edjmentes halasztott kifizet\u00e9se, a partnereink \u00e1ltal ny\u00fajtott kedvezm\u00e9nyek.","breadcrumb":{"@id":"https:\/\/www.Eurotoll.eu\/hu\/szolgaltatasaink\/foglalas-multimodalis-megoldasok\/#breadcrumb"},"inLanguage":"hu","potentialAction":[{"@type":"ReadAction","target":["https:\/\/www.Eurotoll.eu\/hu\/szolgaltatasaink\/foglalas-multimodalis-megoldasok\/"]}]},{"@type":"BreadcrumbList","@id":"https:\/\/www.Eurotoll.eu\/hu\/szolgaltatasaink\/foglalas-multimodalis-megoldasok\/#breadcrumb","itemListElement":[{"@type":"ListItem","position":1,"name":"Accueil","item":"https:\/\/www.Eurotoll.eu\/hu\/"},{"@type":"ListItem","position":2,"name":"Szolg\u00e1ltat\u00e1saink","item":"https:\/\/www.Eurotoll.eu\/hu\/szolgaltatasaink\/"},{"@type":"ListItem","position":3,"name":"Foglal\u00e1s &#8211; Multimod\u00e1lis megold\u00e1sok"}]},{"@type":"WebSite","@id":"https:\/\/www.Eurotoll.eu\/hu\/#website","url":"https:\/\/www.Eurotoll.eu\/hu\/","name":"Eurotoll","description":"Acteur cl\u00e9 du t\u00e9l\u00e9p\u00e9age en Europe","potentialAction":[{"@type":"SearchAction","target":{"@type":"EntryPoint","urlTemplate":"https:\/\/www.Eurotoll.eu\/hu\/?s={search_term_string}"},"query-input":{"@type":"PropertyValueSpecification","valueRequired":true,"valueName":"search_term_string"}}],"inLanguage":"hu"}]}},"_links":{"self":[{"href":"https:\/\/www.Eurotoll.eu\/hu\/wp-json\/wp\/v2\/pages\/19191","targetHints":{"allow":["GET"]}}],"collection":[{"href":"https:\/\/www.Eurotoll.eu\/hu\/wp-json\/wp\/v2\/pages"}],"about":[{"href":"https:\/\/www.Eurotoll.eu\/hu\/wp-json\/wp\/v2\/types\/page"}],"author":[{"embeddable":true,"href":"https:\/\/www.Eurotoll.eu\/hu\/wp-json\/wp\/v2\/users\/27"}],"replies":[{"embeddable":true,"href":"https:\/\/www.Eurotoll.eu\/hu\/wp-json\/wp\/v2\/comments?post=19191"}],"version-history":[{"count":4,"href":"https:\/\/www.Eurotoll.eu\/hu\/wp-json\/wp\/v2\/pages\/19191\/revisions"}],"predecessor-version":[{"id":19358,"href":"https:\/\/www.Eurotoll.eu\/hu\/wp-json\/wp\/v2\/pages\/19191\/revisions\/19358"}],"up":[{"embeddable":true,"href":"https:\/\/www.Eurotoll.eu\/hu\/wp-json\/wp\/v2\/pages\/4832"}],"wp:attachment":[{"href":"https:\/\/www.Eurotoll.eu\/hu\/wp-json\/wp\/v2\/media?parent=19191"}],"curies":[{"name":"wp","href":"https:\/\/api.w.org\/{rel}","templated":true}]}}