{"id":4527,"date":"2016-06-08T04:16:29","date_gmt":"2016-06-08T02:16:29","guid":{"rendered":"http:\/\/80.75.152.85\/hu\/accueil\/"},"modified":"2025-11-17T17:31:10","modified_gmt":"2025-11-17T16:31:10","slug":"nyitooldal-2","status":"publish","type":"page","link":"https:\/\/www.Eurotoll.eu\/hu\/","title":{"rendered":"Lumesia, a fuvaroz\u00f3k szolg\u00e1ltat\u00e1si platformja"},"content":{"rendered":"<p>[vc_row el_class=&#8221;white spepadleft&#8221; css=&#8221;.vc_custom_1689929984277{background-color: #026280 !important;}&#8221;][vc_column width=&#8221;1\/2&#8243; el_class=&#8221;padtop70 padbot70&#8243;][vc_column_text]<\/p>\n<h1><span style=\"color: #ffffff;\">Lumesia, a fuvaroz\u00f3k szolg\u00e1ltat\u00e1si platformja<\/span><\/h1>\n<p>[\/vc_column_text][vc_empty_space height=&#8221;20px&#8221;][vc_column_text]A k\u00f6z\u00fati \u00a0fuvaroz\u00f3k el\u0151tt \u00e1ll\u00f3 n\u00f6vekv\u0151 kih\u00edv\u00e1sok ismeret\u00e9ben az Lumesia a Lumesia szolg\u00e1ltat\u00e1si platformon kereszt\u00fcl innovat\u00edv megold\u00e1sokat k\u00edn\u00e1l, amelyek megk\u00f6nny\u00edtik a mindennapi m\u0171veleteket.<\/p>\n<p>&nbsp;<\/p>\n<p>A Lumesia egy olyan egyablakos \u00fcgyint\u00e9z\u0151 rendszerk\u00e9nt lett kialak\u00edtva, amely sz\u00e9les k\u00f6r\u0171 szolg\u00e1ltat\u00e1sokat ny\u00fajt \u2013 \u00fatd\u00edjfizet\u00e9s, telematika, Lumesia k\u00e1rtya, H\u00c9A-visszat\u00e9r\u00edt\u00e9s \u00e9s multimod\u00e1lis megold\u00e1sok \u2013 ezzel optimaliz\u00e1lva a hat\u00e9konys\u00e1got, n\u00f6velve a j\u00f6vedelmez\u0151s\u00e9get \u00e9s \u00fcgyfeleink el\u00e9gedetts\u00e9g\u00e9t.[\/vc_column_text][vc_empty_space height=&#8221;20px&#8221;][vc_column_text]Ha t\u00f6bbet szeretne megtudni az Eurotoll \u00e1ltal k\u00edn\u00e1lt Lumesia szolg\u00e1ltat\u00e1sokr\u00f3l, v\u00e1lassza ki a t\u00e9rk\u00e9pen azt az orsz\u00e1got, amelyben utazni k\u00edv\u00e1n.[\/vc_column_text][vc_empty_space height=&#8221;20px&#8221;]<a href=\"\/hu\/ajanlatunk\/\" target=\"_self\" style=\"background-color: rgba(175,202,11,0.8)\" class=\"qodef-btn qodef-btn-small qodef-btn-solid qodef-btn-custom-hover-bg qodef-btn-icon\" data-hover-bg-color=\"#afca0b\" >\n        <span class=\"qodef-btn-text\">Fedezze fel a Lumesia szolg\u00e1ltat\u00e1sait<\/span>\n    <span class=\"qodef-btn-text-icon\"><i class=\"qodef-icon-simple-line-icon icon-arrow-right-circle \" ><\/i><\/span>\n<\/a>[\/vc_column][vc_column width=&#8221;1\/2&#8243;][vc_raw_html]JTNDaW1nJTIwc3JjJTNEJTIyaHR0cHMlM0ElMkYlMkZ3d3cuRXVyb3RvbGwuZXUlMkZ3cC1jb250ZW50JTJGdXBsb2FkcyUyRjIwMjQlMkYwMiUyRkhQLUV1cm90b2xsLWh0dHBzd3d3LmV1cm90b2xsLmV1ZnItMi5wbmclMjIlMjB1c2VtYXAlM0QlMjIlMjNpbWFnZS1tYXAlMjIlM0UlMEElM0NtYXAlMjBuYW1lJTNEJTIyaW1hZ2UtbWFwJTIyJTNFJTBBJTNDYXJlYSUyMHRhcmdldCUzRCUyMl9zZWxmJTIyJTIwYWx0JTNEJTIyTWFneWFyb3JzemFnJTIyJTIwdGl0bGUlM0QlMjJNYWd5YXJvcnN6YWclMjIlMjBocmVmJTNEJTIyaHUlMkZhamFubGF0dW5rJTJGbWFneWFyb3JzemFnLTIlMkYlMjIlMjBjb29yZHMlM0QlMjI4MDUlMkM0MzMlMkM4MzklMkM0ODElMjIlMjBzaGFwZSUzRCUyMnJlY3QlMjIlM0UlMEElMjAlMjAlMjAlMjAlM0NhcmVhJTIwdGFyZ2V0JTNEJTIyX3NlbGYlMjIlMjBhbHQlM0QlMjJOJUMzJUE5bWV0b3JzeiVDMyVBMWclMjIlMjB0aXRsZSUzRCUyMk4lQzMlQTltZXRvcnN6JUMzJUExZyUyMiUyMGhyZWYlM0QlMjJodSUyRmFqYW5sYXR1bmslMkZuZW1ldG9yc3phZyUyMiUyMGNvb3JkcyUzRCUyMjU3MSUyQzI5NyUyQzYwNCUyQzM0NCUyMiUyMHNoYXBlJTNEJTIycmVjdCUyMiUzRSUwQSUyMCUyMCUyMCUyMCUzQ2FyZWElMjB0YXJnZXQlM0QlMjJfc2VsZiUyMiUyMGFsdCUzRCUyMkJlbGdpdW0lMjIlMjB0aXRsZSUzRCUyMkJlbGdpdW0lMjIlMjBocmVmJTNEJTIyaHUlMkZhamFubGF0dW5rJTJGYmVsZ2l1bSUyMiUyMGNvb3JkcyUzRCUyMjQ1MCUyQzMxOSUyQzQ4MyUyQzM2NCUyMiUyMHNoYXBlJTNEJTIycmVjdCUyMiUzRSUwQSUyMCUyMCUyMCUyMCUzQ2FyZWElMjB0YXJnZXQlM0QlMjJfc2VsZiUyMiUyMGFsdCUzRCUyMlNwYW55b2xvcnN6JUMzJUExZyUyMiUyMHRpdGxlJTNEJTIyU3BhbnlvbG9yc3olQzMlQTFnJTIyJTIwaHJlZiUzRCUyMmh1JTJGYWphbmxhdHVuayUyRnNwYW55b2xvcnN6YWclMjIlMjBjb29yZHMlM0QlMjIyMzklMkM2NDAlMkMyNzAlMkM2ODglMjIlMjBzaGFwZSUzRCUyMnJlY3QlMjIlM0UlMEElMjAlMjAlMjAlMjAlM0NhcmVhJTIwdGFyZ2V0JTNEJTIyX3NlbGYlMjIlMjBhbHQlM0QlMjJGcmFuY2lhb3JzeiVDMyVBMWclMjIlMjB0aXRsZSUzRCUyMkZyYW5jaWFvcnN6JUMzJUExZyUyMiUyMGhyZWYlM0QlMjJodSUyRmFqYW5sYXR1bmslMkZmcmFuY2lhb3JzemFnJTIyJTIwY29vcmRzJTNEJTIyMzk2JTJDMzg3JTJDNDMzJTJDNDM1JTIyJTIwc2hhcGUlM0QlMjJyZWN0JTIyJTNFJTBBJTIwJTIwJTIwJTIwJTNDYXJlYSUyMHRhcmdldCUzRCUyMl9zZWxmJTIyJTIwYWx0JTNEJTIyT2xhc3pvcnN6JUMzJUExZyUyMiUyMHRpdGxlJTNEJTIyT2xhc3pvcnN6JUMzJUExZyUyMiUyMGhyZWYlM0QlMjJodSUyRmFqYW5sYXR1bmslMkZvbGFzem9yc3phZyUyMiUyMGNvb3JkcyUzRCUyMjY1MiUyQzYwNSUyQzY4NSUyQzY1MSUyMiUyMHNoYXBlJTNEJTIycmVjdCUyMiUzRSUwQSUyMCUyMCUyMCUyMCUzQ2FyZWElMjB0YXJnZXQlM0QlMjJfc2VsZiUyMiUyMGFsdCUzRCUyMkxlbmd5ZWxvcnN6JUMzJUExZyUyMiUyMHRpdGxlJTNEJTIyTGVuZ3llbG9yc3olQzMlQTFnJTIyJTIwaHJlZiUzRCUyMmh1JTJGYWphbmxhdHVuayUyRmxlbmd5ZWxvcnN6YWclMjIlMjBjb29yZHMlM0QlMjI4MjElMkMyNDglMkM4NTUlMkMyOTglMjIlMjBzaGFwZSUzRCUyMnJlY3QlMjIlM0UlMEElMjAlMjAlMjAlMjAlM0NhcmVhJTIwdGFyZ2V0JTNEJTIyX3NlbGYlMjIlMjBhbHQlM0QlMjJQb3J0dWclQzMlQTFsaWElMjIlMjB0aXRsZSUzRCUyMlBvcnR1ZyVDMyVBMWxpYSUyMiUyMGhyZWYlM0QlMjJodSUyRmFqYW5sYXR1bmslMkZwb3J0dWdhbGlhJTIyJTIwY29vcmRzJTNEJTIyOTclMkM2MjklMkMxMzElMkM2NzUlMjIlMjBzaGFwZSUzRCUyMnJlY3QlMjIlM0UlMEElMjAlMjAlMjAlMjAlM0NhcmVhJTIwdGFyZ2V0JTNEJTIyX3NlbGYlMjIlMjBhbHQlM0QlMjJTemxvdiVDMyVBMWtpYSUyMiUyMHRpdGxlJTNEJTIyU3psb3YlQzMlQTFraWElMjIlMjBocmVmJTNEJTIyaHUlMkZhamFubGF0dW5rJTJGc3psb3Zha2lhJTIyJTIwY29vcmRzJTNEJTIyNzk3JTJDMzY0JTJDODMyJTJDNDEzJTIyJTIwc2hhcGUlM0QlMjJyZWN0JTIyJTNFJTBBJTIwJTIwJTIwJTIwJTNDYXJlYSUyMHRhcmdldCUzRCUyMl9zZWxmJTIyJTIwYWx0JTNEJTIyU3YlQzMlQTFqYyUyMiUyMHRpdGxlJTNEJTIyU3YlQzMlQTFqYyUyMiUyMGhyZWYlM0QlMjJodSUyRmFqYW5sYXR1bmslMkZzdmFqYyUyMiUyMGNvb3JkcyUzRCUyMjUzOCUyQzQ0NyUyQzU3MiUyQzQ5OCUyMiUyMHNoYXBlJTNEJTIycmVjdCUyMiUzRSUwQSUyMCUyMCUyMCUyMCUzQ2FyZWElMjB0YXJnZXQlM0QlMjJfc2VsZiUyMiUyMGFsdCUzRCUyMkhvbGxhbmRpYSUyMiUyMHRpdGxlJTNEJTIySG9sbGFuZGlhJTIyJTIwaHJlZiUzRCUyMmh1JTJGYWphbmxhdHVuayUyRmhvbGxhbmRpYS1sdXhlbWJ1cmctc3ZlZG9yc3phZy1kYW5pYSUyRiUyMiUyMGNvb3JkcyUzRCUyMjQ4NSUyQzI2MCUyQzUyMSUyQzMwNiUyMiUyMHNoYXBlJTNEJTIycmVjdCUyMiUzRSUwQSUyMCUyMCUyMCUyMCUzQ2FyZWElMjB0YXJnZXQlM0QlMjJfc2VsZiUyMiUyMGFsdCUzRCUyMkQlQzMlQTFuaWElMjIlMjB0aXRsZSUzRCUyMkQlQzMlQTFuaWElMjIlMjBocmVmJTNEJTIyaHUlMkZhamFubGF0dW5rJTJGaG9sbGFuZGlhLWx1eGVtYnVyZy1zdmVkb3JzemFnLWRhbmlhJTJGJTIyJTIwY29vcmRzJTNEJTIyNTUwJTJDMTExJTJDNTg4JTJDMTYwJTIyJTIwc2hhcGUlM0QlMjJyZWN0JTIyJTNFJTBBJTIwJTIwJTIwJTIwJTNDYXJlYSUyMHRhcmdldCUzRCUyMl9zZWxmJTIyJTIwYWx0JTNEJTIyU3YlQzMlQTlkb3JzeiVDMyVBMWclMjIlMjB0aXRsZSUzRCUyMlN2JUMzJUE5ZG9yc3olQzMlQTFnJTIyJTIwaHJlZiUzRCUyMmh1JTJGYWphbmxhdHVuayUyRmhvbGxhbmRpYS1sdXhlbWJ1cmctc3ZlZG9yc3phZy1kYW5pYSUyRiUyMiUyMGNvb3JkcyUzRCUyMjY1MiUyQzcwJTJDNjg1JTJDMTIxJTIyJTIwc2hhcGUlM0QlMjJyZWN0JTIyJTNFJTIwJTBBJTIwJTIwJTIwJTIwJTNDYXJlYSUyMHRhcmdldCUzRCUyMl9zZWxmJTIyJTIwYWx0JTNEJTIyTHV4ZW1idXJnJTIyJTIwdGl0bGUlM0QlMjJMdXhlbWJ1cmclMjIlMjBocmVmJTNEJTIyaHUlMkZhamFubGF0dW5rJTJGaG9sbGFuZGlhLWx1eGVtYnVyZy1zdmVkb3JzemFnLWRhbmlhJTIyJTIwY29vcmRzJTNEJTIyNDkwJTJDMzQ3JTJDNTIxJTJDMzk2JTIyJTIwc2hhcGUlM0QlMjJyZWN0JTIyJTNFJTBBJTIwJTIwJTIwJTIwJTNDYXJlYSUyMHRhcmdldCUzRCUyMl9zZWxmJTIyJTIwYWx0JTNEJTIyQXVzenRyaWElMjIlMjB0aXRsZSUzRCUyMkF1c3p0cmlhJTIyJTIwaHJlZiUzRCUyMmh1JTJGYWphbmxhdHVuayUyRmF1c3p0cmlhJTJGJTIyJTIwY29vcmRzJTNEJTIyNzE5JTJDNDEzJTJDNzUzJTJDNDU2JTIyJTIwc2hhcGUlM0QlMjJyZWN0JTIyJTNFJTBBJTIwJTIwJTIwJTIwJTNDYXJlYSUyMHRhcmdldCUzRCUyMl9zZWxmJTIyJTIwYWx0JTNEJTIyQ3NlaCUyMEslQzMlQjZ6dCVDMyVBMXJzYXMlQzMlQTFnJTIyJTIwdGl0bGUlM0QlMjJDc2VoJTIwSyVDMyVCNnp0JUMzJUExcnNhcyVDMyVBMWclMjIlMjBocmVmJTNEJTIyaHUlMkZhamFubGF0dW5rJTJGY3NlaC1rb3p0YXJzYXNhZyUyRiUyMiUyMGNvb3JkcyUzRCUyMjY5NiUyQzMzOCUyQzczMyUyQzM4OCUyMiUyMHNoYXBlJTNEJTIycmVjdCUyMiUzRSUwQSUyMCUyMCUyMCUyMCUzQ2FyZWElMjB0YXJnZXQlM0QlMjJfc2VsZiUyMiUyMGFsdCUzRCUyMkVneWVzJUMzJUJDbHQlMjBLaXIlQzMlQTFseXMlQzMlQTFnJTIyJTIwdGl0bGUlM0QlMjJFZ3llcyVDMyVCQ2x0JTIwS2lyJUMzJUExbHlzJUMzJUExZyUyMiUyMGhyZWYlM0QlMjJodHRwcyUzQSUyRiUyRnd3dy5ldXJvdG9sbC5ldSUyRmh1JTJGYWphbmxhdHVuayUyRmVneWVzdWx0LWtpcmFseXNhZyUyRiUyMiUyMGNvb3JkcyUzRCUyMjM1OSUyQzI5OCUyQzMyMSUyQzI0NyUyMiUyMHNoYXBlJTNEJTIycmVjdCUyMiUzRSUwQSUwOSUwQSUzQyUyRm1hcCUzRQ==[\/vc_raw_html][\/vc_column][\/vc_row][vc_row css=&#8221;.vc_custom_1683100364900{background-color: #afca0b !important;}&#8221; el_class=&#8221;white lineh0&#8243;][vc_column width=&#8221;1\/2&#8243;][vc_column_text]<img decoding=\"async\" src=\"https:\/\/Eurotoll.eu\/wp-content\/uploads\/2016\/06\/eurotoll-suivi.jpg\" alt=\"eurotoll-suivi\" width=\"100%\" height=\"auto\" \/>[\/vc_column_text][\/vc_column][vc_column width=&#8221;1\/2&#8243; el_class=&#8221;padleft10 padtop70 padtop40-sm padbot40-xs padleft30-xs padright30-xs&#8221;][vc_column_text el_class=&#8221;size26-sm&#8221;]<\/p>\n<h2>Az Lumesia az elektronikus \u00fatd\u00edjfizet\u00e9s<br \/>\nspecialist\u00e1ja, \u00fcgyf\u00e9lszolg\u00e1lata<br \/>\nelk\u00eds\u00e9ri \u00d6nt \u00fatja sor\u00e1n<\/h2>\n<p>[\/vc_column_text][vc_empty_space height=&#8221;50px&#8221;]<a href=\"https:\/\/eurotoll.eu\/hu\/az-eurotoll-ugyfelszolgalata\/\" target=\"_self\" style=\"background-color: #035e7e;border-color: #035e7e\" class=\"qodef-btn qodef-btn-small qodef-btn-solid qodef-btn-custom-hover-bg qodef-btn-custom-border-hover qodef-btn-icon\" data-hover-bg-color=\"#035e7e\" data-hover-border-color=\"#035e7e\" >\n        <span class=\"qodef-btn-text\">A t\u00e1mogat\u00e1si<\/span>\n    <span class=\"qodef-btn-text-icon\"><i class=\"qodef-icon-simple-line-icon icon-arrow-right-circle \" ><\/i><\/span>\n<\/a>[\/vc_column][\/vc_row][vc_row css=&#8221;.vc_custom_1465518715600{background-color: #e3e8ee !important;}&#8221; el_id=&#8221;homepage-news&#8221;][vc_column]<div class=\"qodef-blog-list-holder qodef-boxes qodef-three-columns\">\r\n\t<ul class=\"qodef-blog-list\">\r\n\t<li class=\"qodef-blog-list-item clearfix\">\n\t<div class=\"qodef-blog-list-item-inner\">\n\t\t\n\t\t<!--\n\t\t<div class=\"qodef-item-image\">\n\t\t\t<a href=\"https:\/\/www.Eurotoll.eu\/hu\/2026\/04\/22\/hollandia-a-dijfizetesi-rendszer-atalakulasa-2026-julius-1%e2%80%91jetol\/\">\n\t\t\t\t\t\t\t\t\n\t\t\t<\/a>\n\t\t<\/div>\n\t\t-->\n\t\t\n\t\t<div class=\"qodef-item-text-holder\">\n\t\t\t<h3 class=\"qodef-item-title\">\n\t\t\t\t<a href=\"https:\/\/www.Eurotoll.eu\/hu\/2026\/04\/22\/hollandia-a-dijfizetesi-rendszer-atalakulasa-2026-julius-1%e2%80%91jetol\/\" >\n\t\t\t\t\tHollandia \u2013 A d\u00edjfizet\u00e9si rendszer \u00e1talakul\u00e1sa 2026. j\u00falius 1\u2011j\u00e9t\u0151l\t\t\t\t<\/a>\n\t\t\t<\/h3>\n\t\t\t\n\t\t\t<div class=\"qodef-item-info-section\">\n\t\t\t\t<div class=\"qodef-post-info-date\">\r\n\t\r\n\t\t22 \u00e1prilis 2026\r\n\t\t<\/div>\t\t\t<\/div>\n\t\t\t\n\t\t\t\t\t\t\t<p class=\"qodef-excerpt\">[vc_row][vc_column][vc_column_text] &nbsp; Az Eurovignette rendszer megsz\u0171n\u00e9se \u00e9s a m\u0171holdas \u00fatd\u00edjrendszer bevezet\u00e9se 2026. j\u00falius 1\u2011j\u00e9n Ho...<\/p>\n\t\t\t\t\t\t\n\t\t\t<a href=\"https:\/\/www.Eurotoll.eu\/hu\/2026\/04\/22\/hollandia-a-dijfizetesi-rendszer-atalakulasa-2026-julius-1%e2%80%91jetol\/\" target=\"_self\" style=\"color: #01b1ec;border-color: #01b1ec;font-size: 12px;font-weight: 500\" class=\"qodef-btn qodef-btn-small qodef-btn-outline qodef-btn-custom-border-hover qodef-btn-custom-hover-color qodef-btn-icon\" data-hover-color=\"#01b1ec\" data-hover-border-color=\"#01b1ec\">\n\t\t\t\t<span class=\"qodef-btn-text\">Olvass tov\u00e1bb<\/span>\n\t\t\t\t<span class=\"qodef-btn-text-icon\"><i class=\"qodef-icon-simple-line-icon icon-arrow-right-circle \"><\/i><\/span>\n\t\t\t<\/a>\n\t\t<\/div>\n\t<\/div>\t\n<\/li><li class=\"qodef-blog-list-item clearfix\">\n\t<div class=\"qodef-blog-list-item-inner\">\n\t\t\n\t\t<!--\n\t\t<div class=\"qodef-item-image\">\n\t\t\t<a href=\"https:\/\/www.Eurotoll.eu\/hu\/2025\/11\/12\/a-lumesia-card-a-kozuti-fuvarozok-uj-tobb-szolgaltatast-nyujto-kartyaja\/\">\n\t\t\t\t\t\t\t\t\n\t\t\t<\/a>\n\t\t<\/div>\n\t\t-->\n\t\t\n\t\t<div class=\"qodef-item-text-holder\">\n\t\t\t<h3 class=\"qodef-item-title\">\n\t\t\t\t<a href=\"https:\/\/www.Eurotoll.eu\/hu\/2025\/11\/12\/a-lumesia-card-a-kozuti-fuvarozok-uj-tobb-szolgaltatast-nyujto-kartyaja\/\" >\n\t\t\t\t\tA Lumesia Card, a k\u00f6z\u00fati fuvaroz\u00f3k \u00faj, t\u00f6bb szolg\u00e1ltat\u00e1st ny\u00fajt\u00f3 k\u00e1rty\u00e1ja\t\t\t\t<\/a>\n\t\t\t<\/h3>\n\t\t\t\n\t\t\t<div class=\"qodef-item-info-section\">\n\t\t\t\t<div class=\"qodef-post-info-date\">\r\n\t\r\n\t\t12 november 2025\r\n\t\t<\/div>\t\t\t<\/div>\n\t\t\t\n\t\t\t\t\t\t\t<p class=\"qodef-excerpt\">&nbsp; &nbsp; &nbsp; &nbsp; A Lumesia bemutatja a Lumesia Card, egy biztons\u00e1gos multiszolg\u00e1ltat\u00e1si k\u00e1rty\u00e1t, amely az Eurotoll Card ut\u00f3dja. A k\u00f6...<\/p>\n\t\t\t\t\t\t\n\t\t\t<a href=\"https:\/\/www.Eurotoll.eu\/hu\/2025\/11\/12\/a-lumesia-card-a-kozuti-fuvarozok-uj-tobb-szolgaltatast-nyujto-kartyaja\/\" target=\"_self\" style=\"color: #01b1ec;border-color: #01b1ec;font-size: 12px;font-weight: 500\" class=\"qodef-btn qodef-btn-small qodef-btn-outline qodef-btn-custom-border-hover qodef-btn-custom-hover-color qodef-btn-icon\" data-hover-color=\"#01b1ec\" data-hover-border-color=\"#01b1ec\">\n\t\t\t\t<span class=\"qodef-btn-text\">Olvass tov\u00e1bb<\/span>\n\t\t\t\t<span class=\"qodef-btn-text-icon\"><i class=\"qodef-icon-simple-line-icon icon-arrow-right-circle \"><\/i><\/span>\n\t\t\t<\/a>\n\t\t<\/div>\n\t<\/div>\t\n<\/li><li class=\"qodef-blog-list-item clearfix\">\n\t<div class=\"qodef-blog-list-item-inner\">\n\t\t\n\t\t<!--\n\t\t<div class=\"qodef-item-image\">\n\t\t\t<a href=\"https:\/\/www.Eurotoll.eu\/hu\/2025\/07\/30\/a-mont-blanc-alagut-lezarasa-2025-szeptember-1-jetol-december-12-ig\/\">\n\t\t\t\t\t\t\t\t\n\t\t\t<\/a>\n\t\t<\/div>\n\t\t-->\n\t\t\n\t\t<div class=\"qodef-item-text-holder\">\n\t\t\t<h3 class=\"qodef-item-title\">\n\t\t\t\t<a href=\"https:\/\/www.Eurotoll.eu\/hu\/2025\/07\/30\/a-mont-blanc-alagut-lezarasa-2025-szeptember-1-jetol-december-12-ig\/\" >\n\t\t\t\t\tA Mont-Blanc alag\u00fat lez\u00e1r\u00e1sa 2025. szeptember 1-j\u00e9t\u0151l december 12-ig\t\t\t\t<\/a>\n\t\t\t<\/h3>\n\t\t\t\n\t\t\t<div class=\"qodef-item-info-section\">\n\t\t\t\t<div class=\"qodef-post-info-date\">\r\n\t\r\n\t\t30 j\u00falius 2025\r\n\t\t<\/div>\t\t\t<\/div>\n\t\t\t\n\t\t\t\t\t\t\t<p class=\"qodef-excerpt\">[vc_row][vc_column][vc_column_text] A Mont-Blanc alag\u00fat lez\u00e1r\u00e1sa 2025. szeptember 1-j\u00e9t\u0151l december 12-ig &nbsp; 2025. szeptember 1-j\u00e9n, h\u00e9tf\u0151n...<\/p>\n\t\t\t\t\t\t\n\t\t\t<a href=\"https:\/\/www.Eurotoll.eu\/hu\/2025\/07\/30\/a-mont-blanc-alagut-lezarasa-2025-szeptember-1-jetol-december-12-ig\/\" target=\"_self\" style=\"color: #01b1ec;border-color: #01b1ec;font-size: 12px;font-weight: 500\" class=\"qodef-btn qodef-btn-small qodef-btn-outline qodef-btn-custom-border-hover qodef-btn-custom-hover-color qodef-btn-icon\" data-hover-color=\"#01b1ec\" data-hover-border-color=\"#01b1ec\">\n\t\t\t\t<span class=\"qodef-btn-text\">Olvass tov\u00e1bb<\/span>\n\t\t\t\t<span class=\"qodef-btn-text-icon\"><i class=\"qodef-icon-simple-line-icon icon-arrow-right-circle \"><\/i><\/span>\n\t\t\t<\/a>\n\t\t<\/div>\n\t<\/div>\t\n<\/li>\t<\/ul>\t\r\n<\/div>\r\n[\/vc_column][\/vc_row]<\/p>\n","protected":false},"excerpt":{"rendered":"<p>[vc_row el_class=&#8221;white spepadleft&#8221; css=&#8221;.vc_custom_1689929984277{background-color: #026280 !important;}&#8221;][vc_column width=&#8221;1\/2&#8243; el_class=&#8221;padtop70 padbot70&#8243;][vc_column_text] Lumesia, a fuvaroz\u00f3k szolg\u00e1ltat\u00e1si platformja [\/vc_column_text][vc_empty_space height=&#8221;20px&#8221;][vc_column_text]A k\u00f6z\u00fati \u00a0fuvaroz\u00f3k el\u0151tt \u00e1ll\u00f3 n\u00f6vekv\u0151&#8230;<\/p>\n","protected":false},"author":23,"featured_media":0,"parent":0,"menu_order":0,"comment_status":"closed","ping_status":"closed","template":"full-width.php","meta":{"footnotes":""},"class_list":["post-4527","page","type-page","status-publish","hentry"],"yoast_head":"<!-- This site is optimized with the Yoast SEO Premium plugin v26.7 (Yoast SEO v26.7) - https:\/\/yoast.com\/wordpress\/plugins\/seo\/ -->\n<title>Lumesia, a fuvaroz\u00f3k szolg\u00e1ltat\u00e1si platformja - Eurotoll<\/title>\n<meta name=\"robots\" content=\"index, follow, max-snippet:-1, max-image-preview:large, max-video-preview:-1\" \/>\n<link rel=\"canonical\" href=\"https:\/\/www.Eurotoll.eu\/hu\/\" \/>\n<meta property=\"og:locale\" content=\"hu_HU\" \/>\n<meta property=\"og:type\" content=\"article\" \/>\n<meta property=\"og:title\" content=\"Lumesia, a fuvaroz\u00f3k szolg\u00e1ltat\u00e1si platformja\" \/>\n<meta property=\"og:description\" content=\"[vc_row el_class=&#8221;white spepadleft&#8221; css=&#8221;.vc_custom_1689929984277{background-color: #026280 !important;}&#8221;][vc_column width=&#8221;1\/2&#8243; el_class=&#8221;padtop70 padbot70&#8243;][vc_column_text] Lumesia, a fuvaroz\u00f3k szolg\u00e1ltat\u00e1si platformja [\/vc_column_text][vc_empty_space height=&#8221;20px&#8221;][vc_column_text]A k\u00f6z\u00fati \u00a0fuvaroz\u00f3k el\u0151tt \u00e1ll\u00f3 n\u00f6vekv\u0151...\" \/>\n<meta property=\"og:url\" content=\"https:\/\/www.Eurotoll.eu\/hu\/\" \/>\n<meta property=\"og:site_name\" content=\"Eurotoll\" \/>\n<meta property=\"article:modified_time\" content=\"2025-11-17T16:31:10+00:00\" \/>\n<meta property=\"og:image\" content=\"https:\/\/Eurotoll.eu\/wp-content\/uploads\/2016\/06\/eurotoll-suivi.jpg\" \/>\n<meta name=\"twitter:card\" content=\"summary_large_image\" \/>\n<meta name=\"twitter:label1\" content=\"Becs\u00fclt olvas\u00e1si id\u0151\" \/>\n\t<meta name=\"twitter:data1\" content=\"1 perc\" \/>\n<script type=\"application\/ld+json\" class=\"yoast-schema-graph\">{\"@context\":\"https:\/\/schema.org\",\"@graph\":[{\"@type\":\"WebPage\",\"@id\":\"https:\/\/www.Eurotoll.eu\/hu\/\",\"url\":\"https:\/\/www.Eurotoll.eu\/hu\/\",\"name\":\"Lumesia, a fuvaroz\u00f3k szolg\u00e1ltat\u00e1si platformja - Eurotoll\",\"isPartOf\":{\"@id\":\"https:\/\/www.Eurotoll.eu\/hu\/#website\"},\"primaryImageOfPage\":{\"@id\":\"https:\/\/www.Eurotoll.eu\/hu\/#primaryimage\"},\"image\":{\"@id\":\"https:\/\/www.Eurotoll.eu\/hu\/#primaryimage\"},\"thumbnailUrl\":\"https:\/\/Eurotoll.eu\/wp-content\/uploads\/2016\/06\/eurotoll-suivi.jpg\",\"datePublished\":\"2016-06-08T02:16:29+00:00\",\"dateModified\":\"2025-11-17T16:31:10+00:00\",\"breadcrumb\":{\"@id\":\"https:\/\/www.Eurotoll.eu\/hu\/#breadcrumb\"},\"inLanguage\":\"hu\",\"potentialAction\":[{\"@type\":\"ReadAction\",\"target\":[\"https:\/\/www.Eurotoll.eu\/hu\/\"]}]},{\"@type\":\"ImageObject\",\"inLanguage\":\"hu\",\"@id\":\"https:\/\/www.Eurotoll.eu\/hu\/#primaryimage\",\"url\":\"https:\/\/Eurotoll.eu\/wp-content\/uploads\/2016\/06\/eurotoll-suivi.jpg\",\"contentUrl\":\"https:\/\/Eurotoll.eu\/wp-content\/uploads\/2016\/06\/eurotoll-suivi.jpg\"},{\"@type\":\"BreadcrumbList\",\"@id\":\"https:\/\/www.Eurotoll.eu\/hu\/#breadcrumb\",\"itemListElement\":[{\"@type\":\"ListItem\",\"position\":1,\"name\":\"Accueil\",\"item\":\"https:\/\/www.Eurotoll.eu\/hu\/\"},{\"@type\":\"ListItem\",\"position\":2,\"name\":\"Lumesia, a fuvaroz\u00f3k szolg\u00e1ltat\u00e1si platformja\"}]},{\"@type\":\"WebSite\",\"@id\":\"https:\/\/www.Eurotoll.eu\/hu\/#website\",\"url\":\"https:\/\/www.Eurotoll.eu\/hu\/\",\"name\":\"Eurotoll\",\"description\":\"Acteur cl\u00e9 du t\u00e9l\u00e9p\u00e9age en Europe\",\"potentialAction\":[{\"@type\":\"SearchAction\",\"target\":{\"@type\":\"EntryPoint\",\"urlTemplate\":\"https:\/\/www.Eurotoll.eu\/hu\/?s={search_term_string}\"},\"query-input\":{\"@type\":\"PropertyValueSpecification\",\"valueRequired\":true,\"valueName\":\"search_term_string\"}}],\"inLanguage\":\"hu\"}]}<\/script>\n<!-- \/ Yoast SEO Premium plugin. -->","yoast_head_json":{"title":"Lumesia, a fuvaroz\u00f3k szolg\u00e1ltat\u00e1si platformja - Eurotoll","robots":{"index":"index","follow":"follow","max-snippet":"max-snippet:-1","max-image-preview":"max-image-preview:large","max-video-preview":"max-video-preview:-1"},"canonical":"https:\/\/www.Eurotoll.eu\/hu\/","og_locale":"hu_HU","og_type":"article","og_title":"Lumesia, a fuvaroz\u00f3k szolg\u00e1ltat\u00e1si platformja","og_description":"[vc_row el_class=&#8221;white spepadleft&#8221; css=&#8221;.vc_custom_1689929984277{background-color: #026280 !important;}&#8221;][vc_column width=&#8221;1\/2&#8243; el_class=&#8221;padtop70 padbot70&#8243;][vc_column_text] Lumesia, a fuvaroz\u00f3k szolg\u00e1ltat\u00e1si platformja [\/vc_column_text][vc_empty_space height=&#8221;20px&#8221;][vc_column_text]A k\u00f6z\u00fati \u00a0fuvaroz\u00f3k el\u0151tt \u00e1ll\u00f3 n\u00f6vekv\u0151...","og_url":"https:\/\/www.Eurotoll.eu\/hu\/","og_site_name":"Eurotoll","article_modified_time":"2025-11-17T16:31:10+00:00","og_image":[{"url":"https:\/\/Eurotoll.eu\/wp-content\/uploads\/2016\/06\/eurotoll-suivi.jpg","type":"","width":"","height":""}],"twitter_card":"summary_large_image","twitter_misc":{"Becs\u00fclt olvas\u00e1si id\u0151":"1 perc"},"schema":{"@context":"https:\/\/schema.org","@graph":[{"@type":"WebPage","@id":"https:\/\/www.Eurotoll.eu\/hu\/","url":"https:\/\/www.Eurotoll.eu\/hu\/","name":"Lumesia, a fuvaroz\u00f3k szolg\u00e1ltat\u00e1si platformja - Eurotoll","isPartOf":{"@id":"https:\/\/www.Eurotoll.eu\/hu\/#website"},"primaryImageOfPage":{"@id":"https:\/\/www.Eurotoll.eu\/hu\/#primaryimage"},"image":{"@id":"https:\/\/www.Eurotoll.eu\/hu\/#primaryimage"},"thumbnailUrl":"https:\/\/Eurotoll.eu\/wp-content\/uploads\/2016\/06\/eurotoll-suivi.jpg","datePublished":"2016-06-08T02:16:29+00:00","dateModified":"2025-11-17T16:31:10+00:00","breadcrumb":{"@id":"https:\/\/www.Eurotoll.eu\/hu\/#breadcrumb"},"inLanguage":"hu","potentialAction":[{"@type":"ReadAction","target":["https:\/\/www.Eurotoll.eu\/hu\/"]}]},{"@type":"ImageObject","inLanguage":"hu","@id":"https:\/\/www.Eurotoll.eu\/hu\/#primaryimage","url":"https:\/\/Eurotoll.eu\/wp-content\/uploads\/2016\/06\/eurotoll-suivi.jpg","contentUrl":"https:\/\/Eurotoll.eu\/wp-content\/uploads\/2016\/06\/eurotoll-suivi.jpg"},{"@type":"BreadcrumbList","@id":"https:\/\/www.Eurotoll.eu\/hu\/#breadcrumb","itemListElement":[{"@type":"ListItem","position":1,"name":"Accueil","item":"https:\/\/www.Eurotoll.eu\/hu\/"},{"@type":"ListItem","position":2,"name":"Lumesia, a fuvaroz\u00f3k szolg\u00e1ltat\u00e1si platformja"}]},{"@type":"WebSite","@id":"https:\/\/www.Eurotoll.eu\/hu\/#website","url":"https:\/\/www.Eurotoll.eu\/hu\/","name":"Eurotoll","description":"Acteur cl\u00e9 du t\u00e9l\u00e9p\u00e9age en Europe","potentialAction":[{"@type":"SearchAction","target":{"@type":"EntryPoint","urlTemplate":"https:\/\/www.Eurotoll.eu\/hu\/?s={search_term_string}"},"query-input":{"@type":"PropertyValueSpecification","valueRequired":true,"valueName":"search_term_string"}}],"inLanguage":"hu"}]}},"_links":{"self":[{"href":"https:\/\/www.Eurotoll.eu\/hu\/wp-json\/wp\/v2\/pages\/4527","targetHints":{"allow":["GET"]}}],"collection":[{"href":"https:\/\/www.Eurotoll.eu\/hu\/wp-json\/wp\/v2\/pages"}],"about":[{"href":"https:\/\/www.Eurotoll.eu\/hu\/wp-json\/wp\/v2\/types\/page"}],"author":[{"embeddable":true,"href":"https:\/\/www.Eurotoll.eu\/hu\/wp-json\/wp\/v2\/users\/23"}],"replies":[{"embeddable":true,"href":"https:\/\/www.Eurotoll.eu\/hu\/wp-json\/wp\/v2\/comments?post=4527"}],"version-history":[{"count":41,"href":"https:\/\/www.Eurotoll.eu\/hu\/wp-json\/wp\/v2\/pages\/4527\/revisions"}],"predecessor-version":[{"id":19558,"href":"https:\/\/www.Eurotoll.eu\/hu\/wp-json\/wp\/v2\/pages\/4527\/revisions\/19558"}],"wp:attachment":[{"href":"https:\/\/www.Eurotoll.eu\/hu\/wp-json\/wp\/v2\/media?parent=4527"}],"curies":[{"name":"wp","href":"https:\/\/api.w.org\/{rel}","templated":true}]}}