{"id":4749,"date":"2016-06-07T15:23:08","date_gmt":"2016-06-07T13:23:08","guid":{"rendered":"http:\/\/80.75.152.85\/hu\/notre-offre\/"},"modified":"2025-11-17T14:36:18","modified_gmt":"2025-11-17T13:36:18","slug":"ajanlatunk","status":"publish","type":"page","link":"https:\/\/www.Eurotoll.eu\/hu\/ajanlatunk\/","title":{"rendered":"Aj\u00e1nlatunk"},"content":{"rendered":"<p>[vc_row el_class=&#8221;white spepadleft&#8221; css=&#8221;.vc_custom_1690191380232{background-color: #026280 !important;}&#8221;][vc_column width=&#8221;1\/2&#8243; el_class=&#8221;padtop70 padbot70 &#8222;][vc_column_text]<\/p>\n<h2>Az Lumesia megnyitja Eur\u00f3pa kapuit<\/h2>\n<p>[\/vc_column_text][vc_empty_space height=&#8221;20px&#8221;][vc_column_text]Az Lumesia az eur\u00f3pai elektronikus \u00fatd\u00edjfizet\u00e9s piacvezet\u0151je, az \u00f6sszes olyan eszk\u00f6zt &#8211; k\u00e9sz\u00fcl\u00e9ket, k\u00e1rty\u00e1t, matric\u00e1t &#8211; rendelkez\u00e9s\u00e9re bocs\u00e1tja, amely sz\u00fcks\u00e9ges az 92 000 km-es \u00fatd\u00edjfizet\u00e9ssel j\u00e1r\u00f3 h\u00e1l\u00f3zaton val\u00f3 k\u00f6zleked\u00e9shez Eur\u00f3p\u00e1ban, \u00e9s lehet\u0151v\u00e9 teszi, hogy a maxim\u00e1lis kedvezm\u00e9nyekben r\u00e9szes\u00fclj\u00f6n.<br \/>\nAz Lumesia aj\u00e1nlatai r\u00e9szletesebb megismer\u00e9s\u00e9hez v\u00e1lassza ki a t\u00e9rk\u00e9pen azt az orsz\u00e1got, ahol k\u00f6zlekedni k\u00edv\u00e1n.[\/vc_column_text][vc_empty_space height=&#8221;20px&#8221;][vc_column_text]Fedezze fel az Eurotoll aj\u00e1nlat\u00e1t \u00e9s az ezzel j\u00e1r\u00f3 szolg\u00e1ltat\u00e1sokat![\/vc_column_text][vc_empty_space height=&#8221;20px&#8221;][\/vc_column][vc_column width=&#8221;1\/2&#8243;][vc_raw_html]JTNDaW1nJTIwc3JjJTNEJTIyaHR0cHMlM0ElMkYlMkZ3d3cuRXVyb3RvbGwuZXUlMkZ3cC1jb250ZW50JTJGdXBsb2FkcyUyRjIwMjMlMkYwNyUyRkhQLUV1cm90b2xsLWh0dHBzd3d3LmV1cm90b2xsLmV1ZnItTkVXLnBuZyUyMiUyMHVzZW1hcCUzRCUyMiUyM2ltYWdlLW1hcCUyMiUzRSUwQSUzQ21hcCUyMG5hbWUlM0QlMjJpbWFnZS1tYXAlMjIlM0UlMEElM0NhcmVhJTIwdGFyZ2V0JTNEJTIyX3NlbGYlMjIlMjBhbHQlM0QlMjJNYWd5YXJvcnN6YWclMjIlMjB0aXRsZSUzRCUyMk1hZ3lhcm9yc3phZyUyMiUyMGhyZWYlM0QlMjJodSUyRmFqYW5sYXR1bmslMkZtYWd5YXJvcnN6YWctMiUyRiUyMiUyMGNvb3JkcyUzRCUyMjgwNSUyQzQzMyUyQzgzOSUyQzQ4MSUyMiUyMHNoYXBlJTNEJTIycmVjdCUyMiUzRSUwQSUyMCUyMCUyMCUyMCUzQ2FyZWElMjB0YXJnZXQlM0QlMjJfc2VsZiUyMiUyMGFsdCUzRCUyMk4lQzMlQTltZXRvcnN6JUMzJUExZyUyMiUyMHRpdGxlJTNEJTIyTiVDMyVBOW1ldG9yc3olQzMlQTFnJTIyJTIwaHJlZiUzRCUyMmh1JTJGYWphbmxhdHVuayUyRm5lbWV0b3JzemFnJTIyJTIwY29vcmRzJTNEJTIyNTcxJTJDMjk3JTJDNjA0JTJDMzQ0JTIyJTIwc2hhcGUlM0QlMjJyZWN0JTIyJTNFJTBBJTIwJTIwJTIwJTIwJTNDYXJlYSUyMHRhcmdldCUzRCUyMl9zZWxmJTIyJTIwYWx0JTNEJTIyQmVsZ2l1bSUyMiUyMHRpdGxlJTNEJTIyQmVsZ2l1bSUyMiUyMGhyZWYlM0QlMjJodSUyRmFqYW5sYXR1bmslMkZiZWxnaXVtJTIyJTIwY29vcmRzJTNEJTIyNDUwJTJDMzE5JTJDNDgzJTJDMzY0JTIyJTIwc2hhcGUlM0QlMjJyZWN0JTIyJTNFJTBBJTIwJTIwJTIwJTIwJTNDYXJlYSUyMHRhcmdldCUzRCUyMl9zZWxmJTIyJTIwYWx0JTNEJTIyU3BhbnlvbG9yc3olQzMlQTFnJTIyJTIwdGl0bGUlM0QlMjJTcGFueW9sb3JzeiVDMyVBMWclMjIlMjBocmVmJTNEJTIyaHUlMkZhamFubGF0dW5rJTJGc3BhbnlvbG9yc3phZyUyMiUyMGNvb3JkcyUzRCUyMjIzOSUyQzY0MCUyQzI3MCUyQzY4OCUyMiUyMHNoYXBlJTNEJTIycmVjdCUyMiUzRSUwQSUyMCUyMCUyMCUyMCUzQ2FyZWElMjB0YXJnZXQlM0QlMjJfc2VsZiUyMiUyMGFsdCUzRCUyMkZyYW5jaWFvcnN6JUMzJUExZyUyMiUyMHRpdGxlJTNEJTIyRnJhbmNpYW9yc3olQzMlQTFnJTIyJTIwaHJlZiUzRCUyMmh1JTJGYWphbmxhdHVuayUyRmZyYW5jaWFvcnN6YWclMjIlMjBjb29yZHMlM0QlMjIzOTYlMkMzODclMkM0MzMlMkM0MzUlMjIlMjBzaGFwZSUzRCUyMnJlY3QlMjIlM0UlMEElMjAlMjAlMjAlMjAlM0NhcmVhJTIwdGFyZ2V0JTNEJTIyX3NlbGYlMjIlMjBhbHQlM0QlMjJPbGFzem9yc3olQzMlQTFnJTIyJTIwdGl0bGUlM0QlMjJPbGFzem9yc3olQzMlQTFnJTIyJTIwaHJlZiUzRCUyMmh1JTJGYWphbmxhdHVuayUyRm9sYXN6b3JzemFnJTIyJTIwY29vcmRzJTNEJTIyNjUyJTJDNjA1JTJDNjg1JTJDNjUxJTIyJTIwc2hhcGUlM0QlMjJyZWN0JTIyJTNFJTBBJTIwJTIwJTIwJTIwJTNDYXJlYSUyMHRhcmdldCUzRCUyMl9zZWxmJTIyJTIwYWx0JTNEJTIyTGVuZ3llbG9yc3olQzMlQTFnJTIyJTIwdGl0bGUlM0QlMjJMZW5neWVsb3JzeiVDMyVBMWclMjIlMjBocmVmJTNEJTIyaHUlMkZhamFubGF0dW5rJTJGbGVuZ3llbG9yc3phZyUyMiUyMGNvb3JkcyUzRCUyMjgyMSUyQzI0OCUyQzg1NSUyQzI5OCUyMiUyMHNoYXBlJTNEJTIycmVjdCUyMiUzRSUwQSUyMCUyMCUyMCUyMCUzQ2FyZWElMjB0YXJnZXQlM0QlMjJfc2VsZiUyMiUyMGFsdCUzRCUyMlBvcnR1ZyVDMyVBMWxpYSUyMiUyMHRpdGxlJTNEJTIyUG9ydHVnJUMzJUExbGlhJTIyJTIwaHJlZiUzRCUyMmh1JTJGYWphbmxhdHVuayUyRnBvcnR1Z2FsaWElMjIlMjBjb29yZHMlM0QlMjI5NyUyQzYyOSUyQzEzMSUyQzY3NSUyMiUyMHNoYXBlJTNEJTIycmVjdCUyMiUzRSUwQSUyMCUyMCUyMCUyMCUzQ2FyZWElMjB0YXJnZXQlM0QlMjJfc2VsZiUyMiUyMGFsdCUzRCUyMlN6bG92JUMzJUExa2lhJTIyJTIwdGl0bGUlM0QlMjJTemxvdiVDMyVBMWtpYSUyMiUyMGhyZWYlM0QlMjJodSUyRmFqYW5sYXR1bmslMkZzemxvdmFraWElMjIlMjBjb29yZHMlM0QlMjI3OTclMkMzNjQlMkM4MzIlMkM0MTMlMjIlMjBzaGFwZSUzRCUyMnJlY3QlMjIlM0UlMEElMjAlMjAlMjAlMjAlM0NhcmVhJTIwdGFyZ2V0JTNEJTIyX3NlbGYlMjIlMjBhbHQlM0QlMjJTdiVDMyVBMWpjJTIyJTIwdGl0bGUlM0QlMjJTdiVDMyVBMWpjJTIyJTIwaHJlZiUzRCUyMmh1JTJGYWphbmxhdHVuayUyRnN2YWpjJTIyJTIwY29vcmRzJTNEJTIyNTM4JTJDNDQ3JTJDNTcyJTJDNDk4JTIyJTIwc2hhcGUlM0QlMjJyZWN0JTIyJTNFJTBBJTIwJTIwJTIwJTIwJTNDYXJlYSUyMHRhcmdldCUzRCUyMl9zZWxmJTIyJTIwYWx0JTNEJTIySG9sbGFuZGlhJTIyJTIwdGl0bGUlM0QlMjJIb2xsYW5kaWElMjIlMjBocmVmJTNEJTIyaHUlMkZhamFubGF0dW5rJTJGaG9sbGFuZGlhLWx1eGVtYnVyZy1zdmVkb3JzemFnLWRhbmlhJTJGJTIyJTIwY29vcmRzJTNEJTIyNDg1JTJDMjYwJTJDNTIxJTJDMzA2JTIyJTIwc2hhcGUlM0QlMjJyZWN0JTIyJTNFJTBBJTIwJTIwJTIwJTIwJTNDYXJlYSUyMHRhcmdldCUzRCUyMl9zZWxmJTIyJTIwYWx0JTNEJTIyRCVDMyVBMW5pYSUyMiUyMHRpdGxlJTNEJTIyRCVDMyVBMW5pYSUyMiUyMGhyZWYlM0QlMjJodSUyRmFqYW5sYXR1bmslMkZob2xsYW5kaWEtbHV4ZW1idXJnLXN2ZWRvcnN6YWctZGFuaWElMkYlMjIlMjBjb29yZHMlM0QlMjI1NTAlMkMxMTElMkM1ODglMkMxNjAlMjIlMjBzaGFwZSUzRCUyMnJlY3QlMjIlM0UlMEElMjAlMjAlMjAlMjAlM0NhcmVhJTIwdGFyZ2V0JTNEJTIyX3NlbGYlMjIlMjBhbHQlM0QlMjJTdiVDMyVBOWRvcnN6JUMzJUExZyUyMiUyMHRpdGxlJTNEJTIyU3YlQzMlQTlkb3JzeiVDMyVBMWclMjIlMjBocmVmJTNEJTIyaHUlMkZhamFubGF0dW5rJTJGaG9sbGFuZGlhLWx1eGVtYnVyZy1zdmVkb3JzemFnLWRhbmlhJTJGJTIyJTIwY29vcmRzJTNEJTIyNjUyJTJDNzAlMkM2ODUlMkMxMjElMjIlMjBzaGFwZSUzRCUyMnJlY3QlMjIlM0UlMjAlMEElMjAlMjAlMjAlMjAlM0NhcmVhJTIwdGFyZ2V0JTNEJTIyX3NlbGYlMjIlMjBhbHQlM0QlMjJMdXhlbWJ1cmclMjIlMjB0aXRsZSUzRCUyMkx1eGVtYnVyZyUyMiUyMGhyZWYlM0QlMjJodSUyRmFqYW5sYXR1bmslMkZob2xsYW5kaWEtbHV4ZW1idXJnLXN2ZWRvcnN6YWctZGFuaWElMjIlMjBjb29yZHMlM0QlMjI0OTAlMkMzNDclMkM1MjElMkMzOTYlMjIlMjBzaGFwZSUzRCUyMnJlY3QlMjIlM0UlMEElMjAlMjAlMjAlMjAlM0NhcmVhJTIwdGFyZ2V0JTNEJTIyX3NlbGYlMjIlMjBhbHQlM0QlMjJBdXN6dHJpYSUyMiUyMHRpdGxlJTNEJTIyQXVzenRyaWElMjIlMjBocmVmJTNEJTIyaHUlMkZhamFubGF0dW5rJTJGYXVzenRyaWElMkYlMjIlMjBjb29yZHMlM0QlMjI3MTklMkM0MTMlMkM3NTMlMkM0NTYlMjIlMjBzaGFwZSUzRCUyMnJlY3QlMjIlM0UlMEElMjAlMjAlMjAlMjAlM0NhcmVhJTIwdGFyZ2V0JTNEJTIyX3NlbGYlMjIlMjBhbHQlM0QlMjJDc2VoJTIwSyVDMyVCNnp0JUMzJUExcnNhcyVDMyVBMWclMjIlMjB0aXRsZSUzRCUyMkNzZWglMjBLJUMzJUI2enQlQzMlQTFyc2FzJUMzJUExZyUyMiUyMGhyZWYlM0QlMjJodSUyRmFqYW5sYXR1bmslMkZjc2VoLWtvenRhcnNhc2FnJTJGJTIyJTIwY29vcmRzJTNEJTIyNjk2JTJDMzM4JTJDNzMzJTJDMzg4JTIyJTIwc2hhcGUlM0QlMjJyZWN0JTIyJTNFJTBBJTA5JTBBJTNDJTJGbWFwJTNF[\/vc_raw_html][\/vc_column][\/vc_row][vc_row content_width=&#8221;grid&#8221; el_id=&#8221;offres&#8221; el_class=&#8221;padtop70 padbot70&#8243;][vc_column][vc_row_inner][vc_column_inner el_class=&#8221;offre-item&#8221; width=&#8221;1\/2&#8243;][vc_single_image image=&#8221;3268&#8243; img_size=&#8221;large&#8221; alignment=&#8221;center&#8221;][vc_empty_space][vc_column_text]<\/p>\n<h3><span style=\"color: #035e7e;\">Franciaorsz\u00e1g (TISPL)<\/span><\/h3>\n<p>K\u00f6zlekedjen szabadon Franciaorsz\u00e1gban a 9 000 km hossz\u00fa \u00fatd\u00edjfizet\u0151 h\u00e1l\u00f3zaton.[\/vc_column_text]<a href=\"https:\/\/eurotoll.eu\/hu\/ajanlatunk\/franciaorszag-2\/\" target=\"_self\" style=\"background-color: rgba(175,202,11,0.8)\" class=\"qodef-btn qodef-btn-medium qodef-btn-solid qodef-btn-custom-hover-bg qodef-btn-icon\" data-hover-bg-color=\"#afca0b\" >\n        <span class=\"qodef-btn-text\">A k\u00f6nny\u0171- \u00e9s neh\u00e9z teherg\u00e9pj\u00e1rm\u0171vekre vonatkoz\u00f3 aj\u00e1nlatok<\/span>\n    <span class=\"qodef-btn-text-icon\"><i class=\"qodef-icon-simple-line-icon icon-arrow-right-circle \" ><\/i><\/span>\n<\/a>[\/vc_column_inner][vc_column_inner el_class=&#8221;offre-item&#8221; width=&#8221;1\/2&#8243;][vc_single_image image=&#8221;3450&#8243; img_size=&#8221;large&#8221; alignment=&#8221;center&#8221;][vc_empty_space][vc_column_text]<\/p>\n<h3><span style=\"color: #035e7e;\">Alpesi alagutak (MONT BLANC \u00e9s FREJUS)<\/span><\/h3>\n<p>Az Eurotoll-al ig\u00e9nybe veheti az alagutakat \u00fczemeltet\u0151 t\u00e1rsas\u00e1gok \u00f6sszes, maxim\u00e1lis kedvezm\u00e9ny\u00e9t.[\/vc_column_text]<a href=\"\/hu\/ajanlatunk\/alpesi-alagutak\/\" target=\"_self\" style=\"background-color: rgba(175,202,11,0.8)\" class=\"qodef-btn qodef-btn-medium qodef-btn-solid qodef-btn-custom-hover-bg qodef-btn-icon\" data-hover-bg-color=\"#afca0b\" >\n        <span class=\"qodef-btn-text\"> Aj\u00e1nlatunk<\/span>\n    <span class=\"qodef-btn-text-icon\"><i class=\"qodef-icon-simple-line-icon icon-arrow-right-circle \" ><\/i><\/span>\n<\/a>[\/vc_column_inner][\/vc_row_inner][vc_row_inner][vc_column_inner el_class=&#8221;offre-item&#8221; width=&#8221;1\/2&#8243;][vc_single_image image=&#8221;3432&#8243; img_size=&#8221;large&#8221; alignment=&#8221;center&#8221;][vc_empty_space][vc_column_text]<\/p>\n<h3><span style=\"color: #035e7e;\">Belgium (VIAPASS)<\/span><\/h3>\n<p>2016. \u00e1prilis 1-j\u00e9t\u0151l az Eurotoll hozz\u00e1f\u00e9r\u00e9st biztos\u00edt a belga utakon az \u00faj VIAPASS elektronikus \u00fatd\u00edjfizet\u00e9shez.\u00a0Fogyaszt\u00e1sait ut\u00f3lag fizetheti.[\/vc_column_text]<a href=\"https:\/\/eurotoll.eu\/hu\/ajanlatunk\/belgium\/\" target=\"_self\" style=\"background-color: rgba(175,202,11,0.8)\" class=\"qodef-btn qodef-btn-medium qodef-btn-solid qodef-btn-custom-hover-bg qodef-btn-icon\" data-hover-bg-color=\"#afca0b\" >\n        <span class=\"qodef-btn-text\">Aj\u00e1nlatunk<\/span>\n    <span class=\"qodef-btn-text-icon\"><i class=\"qodef-icon-simple-line-icon icon-arrow-right-circle \" ><\/i><\/span>\n<\/a>[\/vc_column_inner][vc_column_inner el_class=&#8221;offre-item&#8221; width=&#8221;1\/2&#8243;][vc_single_image image=&#8221;3461&#8243; img_size=&#8221;large&#8221; alignment=&#8221;center&#8221;][vc_empty_space][vc_column_text]<\/p>\n<h3><span style=\"color: #035e7e;\">Hollandia, Luxemburg, Sv\u00e9dorsz\u00e1g \u00e9s D\u00e1nia (E-vignetta)<\/span><\/h3>\n<p>E-vignett\u00e1j\u00e1t egyszer\u0171en \u00e9s biztons\u00e1gosan fizetheti az Eurotoll k\u00e1rty\u00e1val.[\/vc_column_text]<a href=\"\/hu\/ajanlatunk\/hollandia-luxemburg-svedorszag-dania\/\" target=\"_self\" style=\"background-color: rgba(175,202,11,0.8)\" class=\"qodef-btn qodef-btn-medium qodef-btn-solid qodef-btn-custom-hover-bg qodef-btn-icon\" data-hover-bg-color=\"#afca0b\" >\n        <span class=\"qodef-btn-text\">Aj\u00e1nlatunk<\/span>\n    <span class=\"qodef-btn-text-icon\"><i class=\"qodef-icon-simple-line-icon icon-arrow-right-circle \" ><\/i><\/span>\n<\/a>[\/vc_column_inner][\/vc_row_inner][vc_row_inner][vc_column_inner el_class=&#8221;offre-item&#8221; width=&#8221;1\/2&#8243;][vc_single_image image=&#8221;3434&#8243; img_size=&#8221;large&#8221; alignment=&#8221;center&#8221;][vc_empty_space][vc_column_text]<\/p>\n<h3><span style=\"color: #035e7e;\">Spanyolorsz\u00e1g (VIA-T)<\/span><\/h3>\n<p>Egyetlen k\u00e9sz\u00fcl\u00e9k seg\u00edts\u00e9g\u00e9vel k\u00f6zlekedhet Spanyolorsz\u00e1gban, Franciaorsz\u00e1gban \u00e9s Portug\u00e1li\u00e1ban, valamint r\u00e9szes\u00fclhet a maxim\u00e1lis kedvezm\u00e9nyekb\u0151l.[\/vc_column_text]<a href=\"\/hu\/ajanlatunk\/spanyolorszag\/\" target=\"_self\" style=\"background-color: rgba(175,202,11,0.8)\" class=\"qodef-btn qodef-btn-medium qodef-btn-solid qodef-btn-custom-hover-bg qodef-btn-icon\" data-hover-bg-color=\"#afca0b\" >\n        <span class=\"qodef-btn-text\">Aj\u00e1nlatunk<\/span>\n    <span class=\"qodef-btn-text-icon\"><i class=\"qodef-icon-simple-line-icon icon-arrow-right-circle \" ><\/i><\/span>\n<\/a>[\/vc_column_inner][vc_column_inner el_class=&#8221;offre-item&#8221; width=&#8221;1\/2&#8243;][vc_single_image image=&#8221;3442&#8243; img_size=&#8221;large&#8221; alignment=&#8221;center&#8221;][vc_empty_space][vc_column_text]<\/p>\n<h3><span style=\"color: #035e7e;\">Portug\u00e1lia (VIA VERDE)<\/span><\/h3>\n<p>1 700 km hossz\u00fa aut\u00f3p\u00e1ly\u00e1n k\u00f6zlekedhet egyetlen, Franciaorsz\u00e1g \u00e9s Spanyolorsz\u00e1g k\u00f6zti \u00e1tj\u00e1rhat\u00f3s\u00e1got biztos\u00edt\u00f3 Eurotoll-k\u00e9sz\u00fcl\u00e9kkel.[\/vc_column_text]<a href=\"\/hu\/ajanlatunk\/portugalia\/\" target=\"_self\" style=\"background-color: rgba(175,202,11,0.8)\" class=\"qodef-btn qodef-btn-medium qodef-btn-solid qodef-btn-custom-hover-bg qodef-btn-icon\" data-hover-bg-color=\"#afca0b\" >\n        <span class=\"qodef-btn-text\">Aj\u00e1nlatunk<\/span>\n    <span class=\"qodef-btn-text-icon\"><i class=\"qodef-icon-simple-line-icon icon-arrow-right-circle \" ><\/i><\/span>\n<\/a>[\/vc_column_inner][\/vc_row_inner][vc_row_inner][vc_column_inner el_class=&#8221;offre-item&#8221; width=&#8221;1\/2&#8243;][vc_single_image image=&#8221;3423&#8243; img_size=&#8221;large&#8221; alignment=&#8221;center&#8221;][vc_empty_space][vc_column_text]<\/p>\n<h3><span style=\"color: #035e7e;\">N\u00e9metorsz\u00e1g (TOLL COLLECT)<\/span><\/h3>\n<p>7,5 tonn\u00e1n\u00e1l nagyobb neh\u00e9z teherg\u00e9pj\u00e1rm\u0171veivel k\u00f6zlekedhet a 52 000 kilom\u00e9ternyi n\u00e9met aut\u00f3p\u00e1ly\u00e1n; fogyaszt\u00e1sait ut\u00f3lag, Eurotoll-sz\u00e1ml\u00e1ja alapj\u00e1n fizetheti.[\/vc_column_text]<a href=\"\/hu\/ajanlatunk\/nemetorszag\/\" target=\"_self\" style=\"background-color: rgba(175,202,11,0.8)\" class=\"qodef-btn qodef-btn-medium qodef-btn-solid qodef-btn-custom-hover-bg qodef-btn-icon\" data-hover-bg-color=\"#afca0b\" >\n        <span class=\"qodef-btn-text\">Aj\u00e1nlatunk<\/span>\n    <span class=\"qodef-btn-text-icon\"><i class=\"qodef-icon-simple-line-icon icon-arrow-right-circle \" ><\/i><\/span>\n<\/a>[\/vc_column_inner][vc_column_inner el_class=&#8221;offre-item&#8221; width=&#8221;1\/2&#8243;][vc_single_image image=&#8221;3435&#8243; img_size=&#8221;large&#8221; alignment=&#8221;center&#8221;][vc_empty_space][vc_column_text]<\/p>\n<h3><span style=\"color: #035e7e;\">Ausztria (GO MAUT)<\/span><\/h3>\n<p>Az Eurotoll seg\u00edts\u00e9get ny\u00fajt a 3,5 tonn\u00e1n\u00e1l nagyobb neh\u00e9z teherg\u00e9pj\u00e1rm\u0171veivel \u00e9s aut\u00f3buszaival val\u00f3 k\u00f6zleked\u00e9shez az osztr\u00e1k aut\u00f3p\u00e1ly\u00e1kon.[\/vc_column_text]<a href=\"\/hu\/ajanlatunk\/ausztria\/\" target=\"_self\" style=\"background-color: rgba(175,202,11,0.8)\" class=\"qodef-btn qodef-btn-medium qodef-btn-solid qodef-btn-custom-hover-bg qodef-btn-icon\" data-hover-bg-color=\"#afca0b\" >\n        <span class=\"qodef-btn-text\">Aj\u00e1nlatunk<\/span>\n    <span class=\"qodef-btn-text-icon\"><i class=\"qodef-icon-simple-line-icon icon-arrow-right-circle \" ><\/i><\/span>\n<\/a>[\/vc_column_inner][\/vc_row_inner][vc_row_inner][vc_column_inner el_class=&#8221;offre-item&#8221; width=&#8221;1\/2&#8243;][vc_single_image image=&#8221;3437&#8243; img_size=&#8221;large&#8221; alignment=&#8221;center&#8221;][vc_empty_space][vc_column_text]<\/p>\n<h3><span style=\"color: #035e7e;\">Olaszorsz\u00e1g (VIA CARD-TELEPASS)<\/span><\/h3>\n<p>Az Eurotoll hozz\u00e1f\u00e9r\u00e9st biztos\u00edt az olasz aut\u00f3p\u00e1ly\u00e1khoz, \u00e9s r\u00e9szes\u00fclhet az olasz \u00e1llam \u00e1ltal ny\u00fajtott maxim\u00e1lis kedvezm\u00e9nyekb\u0151l.[\/vc_column_text]<a href=\"\/hu\/ajanlatunk\/olaszorszag\/\" target=\"_self\" style=\"background-color: rgba(175,202,11,0.8)\" class=\"qodef-btn qodef-btn-medium qodef-btn-solid qodef-btn-custom-hover-bg qodef-btn-icon\" data-hover-bg-color=\"#afca0b\" >\n        <span class=\"qodef-btn-text\">Aj\u00e1nlatunk<\/span>\n    <span class=\"qodef-btn-text-icon\"><i class=\"qodef-icon-simple-line-icon icon-arrow-right-circle \" ><\/i><\/span>\n<\/a>[\/vc_column_inner][vc_column_inner el_class=&#8221;offre-item&#8221; width=&#8221;1\/2&#8243;][vc_single_image image=&#8221;3447&#8243; img_size=&#8221;large&#8221; alignment=&#8221;center&#8221;][vc_empty_space][vc_column_text]<\/p>\n<h3><span style=\"color: #035e7e;\">Sv\u00e1jc (RPLP)<\/span><\/h3>\n<p>K\u00f6zlekedjen szabadon neh\u00e9z teherg\u00e9pj\u00e1rm\u0171veivel Sv\u00e1jcban \u00e9s Liechtensteinben az Eurotoll-al. RPLP kiad\u00e1sait az Eurotoll-sz\u00e1mla tartalmazza.[\/vc_column_text]<a href=\"\/hu\/ajanlatunk\/svajc\/\" target=\"_self\" style=\"background-color: rgba(175,202,11,0.8)\" class=\"qodef-btn qodef-btn-medium qodef-btn-solid qodef-btn-custom-hover-bg qodef-btn-icon\" data-hover-bg-color=\"#afca0b\" >\n        <span class=\"qodef-btn-text\">Aj\u00e1nlatunk<\/span>\n    <span class=\"qodef-btn-text-icon\"><i class=\"qodef-icon-simple-line-icon icon-arrow-right-circle \" ><\/i><\/span>\n<\/a>[\/vc_column_inner][\/vc_row_inner][vc_row_inner][vc_column_inner el_class=&#8221;offre-item&#8221; width=&#8221;1\/2&#8243;][vc_single_image image=&#8221;3446&#8243; img_size=&#8221;large&#8221; alignment=&#8221;center&#8221;][vc_empty_space][vc_column_text]<\/p>\n<h3><span style=\"color: #035e7e;\">Szlov\u00e1kia (EMYTO)<\/span><\/h3>\n<p>Az Eurotollal el\u00e9rhet\u0151 a szlov\u00e1kiai eM\u00fdto elektronikus \u00fatd\u00edjh\u00e1l\u00f3zat.[\/vc_column_text]<a href=\"\/hu\/ajanlatunk\/szlovakia\/\" target=\"_self\" style=\"background-color: rgba(175,202,11,0.8)\" class=\"qodef-btn qodef-btn-medium qodef-btn-solid qodef-btn-custom-hover-bg qodef-btn-icon\" data-hover-bg-color=\"#afca0b\" >\n        <span class=\"qodef-btn-text\">Aj\u00e1nlatunk<\/span>\n    <span class=\"qodef-btn-text-icon\"><i class=\"qodef-icon-simple-line-icon icon-arrow-right-circle \" ><\/i><\/span>\n<\/a>[\/vc_column_inner][vc_column_inner el_class=&#8221;offre-item&#8221; width=&#8221;1\/2&#8243;][vc_single_image image=&#8221;3440&#8243; img_size=&#8221;large&#8221; alignment=&#8221;center&#8221;][vc_empty_space][vc_column_text]<\/p>\n<h3><span style=\"color: #035e7e;\">Lengyelorsz\u00e1g (VIA TOLL)<\/span><\/h3>\n<p>Az Eurotoll-al egyszer\u0171 az \u00fatd\u00edjfizet\u00e9s Lengyelorsz\u00e1gban. Neh\u00e9z teherg\u00e9pj\u00e1rm\u0171v\u00e9vel vagy 9 szem\u00e9lyesn\u00e9l nagyobb aut\u00f3busz\u00e1val biztons\u00e1gosan k\u00f6zlekedhet.[\/vc_column_text]<a href=\"\/hu\/ajanlatunk\/lengyelorszag\/\" target=\"_self\" style=\"background-color: rgba(175,202,11,0.8)\" class=\"qodef-btn qodef-btn-medium qodef-btn-solid qodef-btn-custom-hover-bg qodef-btn-icon\" data-hover-bg-color=\"#afca0b\" >\n        <span class=\"qodef-btn-text\">Aj\u00e1nlatunk<\/span>\n    <span class=\"qodef-btn-text-icon\"><i class=\"qodef-icon-simple-line-icon icon-arrow-right-circle \" ><\/i><\/span>\n<\/a>[\/vc_column_inner][\/vc_row_inner][vc_row_inner][vc_column_inner el_class=&#8221;offre-item&#8221; width=&#8221;1\/2&#8243;][vc_single_image image=&#8221;3444&#8243; img_size=&#8221;large&#8221; alignment=&#8221;center&#8221;][vc_empty_space][vc_column_text]<\/p>\n<h3><span style=\"color: #035e7e;\">Cseh K\u00f6zt\u00e1rsas\u00e1g (MYTO CZ- Premid) \u00daj!<\/span><\/h3>\n<p>Meg\u00e1ll\u00e1s n\u00e9lk\u00fcl k\u00f6zlekedhet 3,5 tonn\u00e1n\u00e1l nagyobb neh\u00e9z teherg\u00e9pj\u00e1rm\u0171v\u00e9vel, fogyaszt\u00e1sai r\u00e9szletez\u00e9s\u00e9t Eurotoll-sz\u00e1ml\u00e1ja tartalmazza.[\/vc_column_text]<a href=\"\/hu\/ajanlatunk\/cseh-koztarsasag\/\" target=\"_self\" style=\"background-color: rgba(175,202,11,0.8)\" class=\"qodef-btn qodef-btn-medium qodef-btn-solid qodef-btn-custom-hover-bg qodef-btn-icon\" data-hover-bg-color=\"#afca0b\" >\n        <span class=\"qodef-btn-text\">Aj\u00e1nlatunk<\/span>\n    <span class=\"qodef-btn-text-icon\"><i class=\"qodef-icon-simple-line-icon icon-arrow-right-circle \" ><\/i><\/span>\n<\/a>[\/vc_column_inner][vc_column_inner width=&#8221;1\/2&#8243;][\/vc_column_inner][\/vc_row_inner][\/vc_column][\/vc_row]<\/p>\n","protected":false},"excerpt":{"rendered":"<p>[vc_row el_class=&#8221;white spepadleft&#8221; css=&#8221;.vc_custom_1690191380232{background-color: #026280 !important;}&#8221;][vc_column width=&#8221;1\/2&#8243; el_class=&#8221;padtop70 padbot70 &#8222;][vc_column_text] Az Lumesia megnyitja Eur\u00f3pa kapuit [\/vc_column_text][vc_empty_space height=&#8221;20px&#8221;][vc_column_text]Az Lumesia az eur\u00f3pai elektronikus&#8230;<\/p>\n","protected":false},"author":23,"featured_media":0,"parent":0,"menu_order":0,"comment_status":"closed","ping_status":"closed","template":"full-width.php","meta":{"footnotes":""},"class_list":["post-4749","page","type-page","status-publish","hentry"],"yoast_head":"<!-- This site is optimized with the Yoast SEO Premium plugin v26.7 (Yoast SEO v26.7) - https:\/\/yoast.com\/wordpress\/plugins\/seo\/ -->\n<title>Aj\u00e1nlatunk - Eurotoll<\/title>\n<meta name=\"robots\" content=\"index, follow, max-snippet:-1, max-image-preview:large, max-video-preview:-1\" \/>\n<link rel=\"canonical\" href=\"https:\/\/www.Eurotoll.eu\/hu\/ajanlatunk\/\" \/>\n<meta property=\"og:locale\" content=\"hu_HU\" \/>\n<meta property=\"og:type\" content=\"article\" \/>\n<meta property=\"og:title\" content=\"Aj\u00e1nlatunk\" \/>\n<meta property=\"og:description\" content=\"[vc_row el_class=&#8221;white spepadleft&#8221; css=&#8221;.vc_custom_1690191380232{background-color: #026280 !important;}&#8221;][vc_column width=&#8221;1\/2&#8243; el_class=&#8221;padtop70 padbot70 &#8222;][vc_column_text] Az Lumesia megnyitja Eur\u00f3pa kapuit [\/vc_column_text][vc_empty_space height=&#8221;20px&#8221;][vc_column_text]Az Lumesia az eur\u00f3pai elektronikus...\" \/>\n<meta property=\"og:url\" content=\"https:\/\/www.Eurotoll.eu\/hu\/ajanlatunk\/\" \/>\n<meta property=\"og:site_name\" content=\"Eurotoll\" \/>\n<meta property=\"article:modified_time\" content=\"2025-11-17T13:36:18+00:00\" \/>\n<meta name=\"twitter:card\" content=\"summary_large_image\" \/>\n<meta name=\"twitter:label1\" content=\"Becs\u00fclt olvas\u00e1si id\u0151\" \/>\n\t<meta name=\"twitter:data1\" content=\"3 perc\" \/>\n<script type=\"application\/ld+json\" class=\"yoast-schema-graph\">{\"@context\":\"https:\/\/schema.org\",\"@graph\":[{\"@type\":\"WebPage\",\"@id\":\"https:\/\/www.Eurotoll.eu\/hu\/ajanlatunk\/\",\"url\":\"https:\/\/www.Eurotoll.eu\/hu\/ajanlatunk\/\",\"name\":\"Aj\u00e1nlatunk - Eurotoll\",\"isPartOf\":{\"@id\":\"https:\/\/www.Eurotoll.eu\/hu\/#website\"},\"datePublished\":\"2016-06-07T13:23:08+00:00\",\"dateModified\":\"2025-11-17T13:36:18+00:00\",\"breadcrumb\":{\"@id\":\"https:\/\/www.Eurotoll.eu\/hu\/ajanlatunk\/#breadcrumb\"},\"inLanguage\":\"hu\",\"potentialAction\":[{\"@type\":\"ReadAction\",\"target\":[\"https:\/\/www.Eurotoll.eu\/hu\/ajanlatunk\/\"]}]},{\"@type\":\"BreadcrumbList\",\"@id\":\"https:\/\/www.Eurotoll.eu\/hu\/ajanlatunk\/#breadcrumb\",\"itemListElement\":[{\"@type\":\"ListItem\",\"position\":1,\"name\":\"Accueil\",\"item\":\"https:\/\/www.Eurotoll.eu\/hu\/\"},{\"@type\":\"ListItem\",\"position\":2,\"name\":\"Aj\u00e1nlatunk\"}]},{\"@type\":\"WebSite\",\"@id\":\"https:\/\/www.Eurotoll.eu\/hu\/#website\",\"url\":\"https:\/\/www.Eurotoll.eu\/hu\/\",\"name\":\"Eurotoll\",\"description\":\"Acteur cl\u00e9 du t\u00e9l\u00e9p\u00e9age en Europe\",\"potentialAction\":[{\"@type\":\"SearchAction\",\"target\":{\"@type\":\"EntryPoint\",\"urlTemplate\":\"https:\/\/www.Eurotoll.eu\/hu\/?s={search_term_string}\"},\"query-input\":{\"@type\":\"PropertyValueSpecification\",\"valueRequired\":true,\"valueName\":\"search_term_string\"}}],\"inLanguage\":\"hu\"}]}<\/script>\n<!-- \/ Yoast SEO Premium plugin. -->","yoast_head_json":{"title":"Aj\u00e1nlatunk - Eurotoll","robots":{"index":"index","follow":"follow","max-snippet":"max-snippet:-1","max-image-preview":"max-image-preview:large","max-video-preview":"max-video-preview:-1"},"canonical":"https:\/\/www.Eurotoll.eu\/hu\/ajanlatunk\/","og_locale":"hu_HU","og_type":"article","og_title":"Aj\u00e1nlatunk","og_description":"[vc_row el_class=&#8221;white spepadleft&#8221; css=&#8221;.vc_custom_1690191380232{background-color: #026280 !important;}&#8221;][vc_column width=&#8221;1\/2&#8243; el_class=&#8221;padtop70 padbot70 &#8222;][vc_column_text] Az Lumesia megnyitja Eur\u00f3pa kapuit [\/vc_column_text][vc_empty_space height=&#8221;20px&#8221;][vc_column_text]Az Lumesia az eur\u00f3pai elektronikus...","og_url":"https:\/\/www.Eurotoll.eu\/hu\/ajanlatunk\/","og_site_name":"Eurotoll","article_modified_time":"2025-11-17T13:36:18+00:00","twitter_card":"summary_large_image","twitter_misc":{"Becs\u00fclt olvas\u00e1si id\u0151":"3 perc"},"schema":{"@context":"https:\/\/schema.org","@graph":[{"@type":"WebPage","@id":"https:\/\/www.Eurotoll.eu\/hu\/ajanlatunk\/","url":"https:\/\/www.Eurotoll.eu\/hu\/ajanlatunk\/","name":"Aj\u00e1nlatunk - Eurotoll","isPartOf":{"@id":"https:\/\/www.Eurotoll.eu\/hu\/#website"},"datePublished":"2016-06-07T13:23:08+00:00","dateModified":"2025-11-17T13:36:18+00:00","breadcrumb":{"@id":"https:\/\/www.Eurotoll.eu\/hu\/ajanlatunk\/#breadcrumb"},"inLanguage":"hu","potentialAction":[{"@type":"ReadAction","target":["https:\/\/www.Eurotoll.eu\/hu\/ajanlatunk\/"]}]},{"@type":"BreadcrumbList","@id":"https:\/\/www.Eurotoll.eu\/hu\/ajanlatunk\/#breadcrumb","itemListElement":[{"@type":"ListItem","position":1,"name":"Accueil","item":"https:\/\/www.Eurotoll.eu\/hu\/"},{"@type":"ListItem","position":2,"name":"Aj\u00e1nlatunk"}]},{"@type":"WebSite","@id":"https:\/\/www.Eurotoll.eu\/hu\/#website","url":"https:\/\/www.Eurotoll.eu\/hu\/","name":"Eurotoll","description":"Acteur cl\u00e9 du t\u00e9l\u00e9p\u00e9age en Europe","potentialAction":[{"@type":"SearchAction","target":{"@type":"EntryPoint","urlTemplate":"https:\/\/www.Eurotoll.eu\/hu\/?s={search_term_string}"},"query-input":{"@type":"PropertyValueSpecification","valueRequired":true,"valueName":"search_term_string"}}],"inLanguage":"hu"}]}},"_links":{"self":[{"href":"https:\/\/www.Eurotoll.eu\/hu\/wp-json\/wp\/v2\/pages\/4749","targetHints":{"allow":["GET"]}}],"collection":[{"href":"https:\/\/www.Eurotoll.eu\/hu\/wp-json\/wp\/v2\/pages"}],"about":[{"href":"https:\/\/www.Eurotoll.eu\/hu\/wp-json\/wp\/v2\/types\/page"}],"author":[{"embeddable":true,"href":"https:\/\/www.Eurotoll.eu\/hu\/wp-json\/wp\/v2\/users\/23"}],"replies":[{"embeddable":true,"href":"https:\/\/www.Eurotoll.eu\/hu\/wp-json\/wp\/v2\/comments?post=4749"}],"version-history":[{"count":32,"href":"https:\/\/www.Eurotoll.eu\/hu\/wp-json\/wp\/v2\/pages\/4749\/revisions"}],"predecessor-version":[{"id":19448,"href":"https:\/\/www.Eurotoll.eu\/hu\/wp-json\/wp\/v2\/pages\/4749\/revisions\/19448"}],"wp:attachment":[{"href":"https:\/\/www.Eurotoll.eu\/hu\/wp-json\/wp\/v2\/media?parent=4749"}],"curies":[{"name":"wp","href":"https:\/\/api.w.org\/{rel}","templated":true}]}}