{"id":4780,"date":"2016-06-13T22:12:26","date_gmt":"2016-06-13T20:12:26","guid":{"rendered":"http:\/\/80.75.152.85\/hu\/ajanlatunk\/italie\/"},"modified":"2025-11-17T15:17:55","modified_gmt":"2025-11-17T14:17:55","slug":"olaszorszag","status":"publish","type":"page","link":"https:\/\/www.Eurotoll.eu\/hu\/ajanlatunk\/olaszorszag\/","title":{"rendered":"Olaszorsz\u00e1g"},"content":{"rendered":"<p>[vc_row content_width=&#8221;grid&#8221; el_class=&#8221;padtop50 padbot50&#8243;][vc_column][vc_column_text]<\/p>\n<h2><span style=\"color: #035e7e;\"><strong>Az olasz h\u00e1l\u00f3zat :<\/strong><\/span><\/h2>\n<p>&nbsp;<\/p>\n<p>A 12 tonn\u00e1n\u00e1l nagyobb, megengedett legnagyobb t\u00f6meg\u0171 neh\u00e9z teherg\u00e9pj\u00e1rm\u0171vekre Olaszorsz\u00e1gban\u00a0 kilom\u00e9ter alap\u00fa illet\u00e9ket kell fizetni. Az ad\u00f3ztatott h\u00e1l\u00f3zat meghaladja az 5900 km-t, \u00e9s az alkalmazott kulcs a tengelyek sz\u00e1m\u00e1t\u00f3l, a j\u00e1rm\u0171 magass\u00e1g\u00e1t\u00f3l \u00e9s a megtett t\u00e1vols\u00e1gt\u00f3l f\u00fcgg.<\/p>\n<p>&nbsp;<\/p>\n<p>A kedvezm\u00e9nyek Olaszorsz\u00e1gban \u00e9rv\u00e9nyesek, \u00e9s a consorzio Lumesia lehet\u0151v\u00e9 teszi, hogy \u00e9lvezze a maxim\u00e1lis kedvezm\u00e9nyeket, f\u00fcggetlen\u00fcl az olasz fogyaszt\u00e1st\u00f3l.<\/p>\n<p>&nbsp;<\/p>\n<p><strong>Az aut\u00f3p\u00e1lyad\u00edj-rendszer Olaszorsz\u00e1gban :<\/strong><\/p>\n<p>&nbsp;<\/p>\n<p>Olaszorsz\u00e1gban elektronikus \u00fatd\u00edjrendszer m\u0171k\u00f6dik azoknak a jelv\u00e9nyeknek k\u00f6sz\u00f6nhet\u0151en, amelyek t\u00e1volr\u00f3l kommunik\u00e1lnak az antenn\u00e1kkal, amikor \u00e1thaladnak a fizet\u0151s \u00e1llom\u00e1sokon. Ez a p\u00e1rbesz\u00e9d egy tranzakci\u00f3t ind\u00edt el, amelyet a koncesszi\u00f3s t\u00e1rsas\u00e1g tov\u00e1bb\u00edt az Lumesia sz\u00e1ml\u00e1z\u00e1sra. Minden olasz aut\u00f3p\u00e1ly\u00e1n k\u00f6zleked\u0151 j\u00e1rm\u0171nek fizetnie kell az \u00fatd\u00edjat.<\/p>\n<p>&nbsp;<\/p>\n<p><strong>Olaszorsz\u00e1gban t\u00f6rt\u00e9n\u0151 k\u00f6zleked\u00e9shez az Lumesia 3 lehet\u0151s\u00e9get k\u00edn\u00e1l :<\/strong><\/p>\n<p>&nbsp;<\/p>\n<ul>\n<li><strong> A Lumesia MED :<\/strong><\/li>\n<\/ul>\n<p>&nbsp;<\/p>\n<p>Lehet\u0151v\u00e9 teszi, hogy Eur\u00f3p\u00e1ban 6 f\u0151 h\u00e1l\u00f3zaton k\u00f6zlekedjen: Franciaorsz\u00e1g, Spanyolorsz\u00e1g, Portug\u00e1lia, Olaszorsz\u00e1g, Ausztria, Liefkenshoek alag\u00fat (Belgium).<\/p>\n<p>&nbsp;<\/p>\n<p>Ez a k\u00e9sz\u00fcl\u00e9k elemmel m\u0171k\u00f6dik, nem ig\u00e9nyel csatlakoz\u00e1st, telep\u00edt\u00e9st \u00e9s ez\u00e9rt a j\u00e1rm\u0171vek probl\u00e9ma eset\u00e9n mozg\u00e1sk\u00e9ptelenn\u00e9 v\u00e1lhatnak. Csak annyit kell tennie, hogy r\u00f6gz\u00edti a teheraut\u00f3k sz\u00e9lv\u00e9d\u0151j\u00e9hez, \u00e9s hagyja, hogy egyszer\u0171en r\u00f6gz\u00edtse utaz\u00e1sait. Hasonl\u00f3k\u00e9ppen az \u00d6n vezet\u0151inek sem kell semmilyen be\u00e1ll\u00edt\u00e1st elv\u00e9gezni\u00fck a term\u00e9ken, kiv\u00e9ve az indul\u00e1s el\u0151tt felt\u00fcntetend\u0151 tengelyek sz\u00e1m\u00e1t.<\/p>\n<p>&nbsp;<\/p>\n<ul>\n<li><strong> A Lumesia SAT doboz :<\/strong><\/li>\n<\/ul>\n<p>&nbsp;<\/p>\n<p>Ez a m\u0171holdas OBU lehet\u0151v\u00e9 teszi a vezet\u00e9st Franciaorsz\u00e1gban, Spanyolorsz\u00e1gban, Portug\u00e1li\u00e1ban, Olaszorsz\u00e1gban, Ausztri\u00e1ban, Belgiumban, Sv\u00e1jc, Lengyelorsz\u00e1g \u00e9s N\u00e9metorsz\u00e1gban.<\/p>\n<p>Integr\u00e1lja az Lumesia saj\u00e1t TIS-PL modulj\u00e1t, vagyis k\u00f6zvetlen\u00fcl kapcsol\u00f3dik az \u00f6sszes francia aut\u00f3p\u00e1lya-t\u00e1rsas\u00e1ghoz, ami gyorsabb sz\u00e1ml\u00e1z\u00e1st tesz lehet\u0151v\u00e9, de jobb reakci\u00f3k\u00e9pess\u00e9get is lehet\u0151v\u00e9 tesz a TLPC \u00e9s a k\u00fcl\u00f6nf\u00e9le panaszok kezel\u00e9s\u00e9ben.<\/p>\n<p>&nbsp;<\/p>\n<ul>\n<li><strong> Telepass Italy doboz :<\/strong><\/li>\n<\/ul>\n<p>&nbsp;<\/p>\n<p><strong>\u00a0<\/strong>Lehet\u0151v\u00e9 teszi, hogy automatikusan fizessen az \u00f6sszes \u00fatd\u00edj kapun\u00e1l, de csak Olaszorsz\u00e1gban.<\/p>\n<p>&nbsp;<\/p>\n<p>&nbsp;<\/p>\n<p><strong>Mi\u00e9rt v\u00e1lassza az Lumesia?<\/strong><\/p>\n<p><strong>\u00a0<\/strong><\/p>\n<p>K\u00f6nny\u0171 mozg\u00e1s \u00e9s kedvezm\u00e9nyek :<\/p>\n<p>Haszn\u00e1lja az erre kijel\u00f6lt Telepass s\u00e1vokat Olaszorsz\u00e1gban, \u00e9s ezzel \u00e9rt\u00e9kes id\u0151t takar\u00edthat meg vezet\u0151inek.<\/p>\n<p>\u00c9lvezze a maxim\u00e1lis kedvezm\u00e9nyeket Olaszorsz\u00e1gban az Lumesia conzorzio-nak k\u00f6sz\u00f6nhet\u0151en, valamint Franciaorsz\u00e1gban, Spanyolorsz\u00e1gban, a Liefkenshoek alag\u00fatban.[\/vc_column_text][vc_empty_space height=&#8221;50px&#8221;]<a href=\"mailto:support@lumesia.com\" target=\"_self\" style=\"color: #ffffff;background-color: #035e7e;border-color: #035e7e\" class=\"qodef-btn qodef-btn-small qodef-btn-outline qodef-btn-custom-hover-bg qodef-btn-custom-border-hover qodef-btn-custom-hover-color qodef-btn-icon marginright15\" data-hover-bg-color=\"#035e7e\" data-hover-color=\"#ffffff\" data-hover-border-color=\"#035e7e\" >\n        <span class=\"qodef-btn-text\">Aj\u00e1nlatk\u00e9r\u00e9s<\/span>\n    <span class=\"qodef-btn-text-icon\"><i class=\"qodef-icon-simple-line-icon icon-arrow-right-circle \" ><\/i><\/span>\n<\/a>[\/vc_column][\/vc_row][vc_row el_class=&#8221;spepadleft white&#8221; css=&#8221;.vc_custom_1758931828697{background-color: #035e7e !important;}&#8221; el_id=&#8221;plus-service-eurotoll&#8221;][vc_column width=&#8221;2\/3&#8243; el_class=&#8221;padtop50 padbot50&#8243;][vc_column_text]<\/p>\n<h4>Az Lumesia tov\u00e1bbi szolg\u00e1ltat\u00e1sai:<\/h4>\n<p>&nbsp;<\/p>\n<ul>\n<li>Olaszorsz\u00e1gi \u00fatd\u00edjfizet\u00e9si tev\u00e9kenys\u00e9g\u00e9nek nyomon k\u00f6vet\u00e9se szem\u00e9lyre szabott kimutat\u00e1sok seg\u00edts\u00e9g\u00e9vel<\/li>\n<li>Olaszorsz\u00e1gi \u00fatjai ellen\u0151rz\u00e9se g\u00e9pj\u00e1rm\u0171venk\u00e9nt<\/li>\n<li>Szem\u00e9lyre szabott jelent\u00e9sek l\u00e9trehoz\u00e1sa alflott\u00e1k, \u00fcgyfelek, stb. szerinti bont\u00e1sban<\/li>\n<li>\u00datd\u00edjfizet\u00e9ssel kapcsolatos adatainak szakmai eszk\u00f6zeibe (TMS, ERP vagy Excel) val\u00f3 automatikus integr\u00e1l\u00e1sa<\/li>\n<li>Az olasz kedvezm\u00e9nyek maxim\u00e1lis ig\u00e9nybe v\u00e9tele<\/li>\n<\/ul>\n<p>[\/vc_column_text][vc_empty_space]<a href=\"\/wp-content\/uploads\/2016\/06\/Reseau_Italie.pdf\" target=\"_blank\" style=\"color: #ffffff\" class=\"qodef-btn qodef-btn-small qodef-btn-default qodef-btn-custom-hover-color qodef-btn-icon\" data-hover-color=\"#ffffff\" >\n        <span class=\"qodef-btn-text\">Tekintse meg a h\u00e1l\u00f3zati t\u00e9rk\u00e9pet<\/span>\n    <span class=\"qodef-btn-text-icon\"><i class=\"qodef-icon-font-awesome fa fa-download \" ><\/i><\/span>\n<\/a>[\/vc_column][vc_column width=&#8221;1\/3&#8243;][vc_single_image image=&#8221;4196&#8243; img_size=&#8221;full&#8221;][\/vc_column][\/vc_row][vc_row content_width=&#8221;grid&#8221; content_aligment=&#8221;center&#8221; css=&#8221;.vc_custom_1760348835116{background-color: #afca0b !important;}&#8221; el_class=&#8221;padtop50 padbot50&#8243;][vc_column][vc_empty_space height=&#8221;15px&#8221;][vc_column_text css=&#8221;.vc_custom_1760347165486{padding-right: 10px !important;padding-left: 10px !important;}&#8221;]<\/p>\n<h3 style=\"text-align: center;\"><span style=\"color: #035e7e;\">Tov\u00e1bbi inform\u00e1ci\u00f3k\u00e9rt \u00fcgyf\u00e9lszolg\u00e1latunk \u00e1ll rendelkez\u00e9s\u00e9re.<\/span><\/h3>\n<p>[\/vc_column_text][vc_empty_space]<a href=\"mailto:support@lumesia.com\" target=\"_self\" style=\"color: #035e7e;border-color: #035e7e;margin: 10\" class=\"qodef-btn qodef-btn-small qodef-btn-outline qodef-btn-icon\"  >\n        <span class=\"qodef-btn-text\">Kapcsolatfelv\u00e9tel az \u00e9rt\u00e9kes\u00edt\u0151vel<\/span>\n    <span class=\"qodef-btn-text-icon\"><i class=\"qodef-icon-simple-line-icon icon-arrow-right \" ><\/i><\/span>\n<\/a>[\/vc_column][\/vc_row]<\/p>\n","protected":false},"excerpt":{"rendered":"<p>[vc_row content_width=&#8221;grid&#8221; el_class=&#8221;padtop50 padbot50&#8243;][vc_column][vc_column_text] Az olasz h\u00e1l\u00f3zat : &nbsp; A 12 tonn\u00e1n\u00e1l nagyobb, megengedett legnagyobb t\u00f6meg\u0171 neh\u00e9z teherg\u00e9pj\u00e1rm\u0171vekre Olaszorsz\u00e1gban\u00a0 kilom\u00e9ter alap\u00fa&#8230;<\/p>\n","protected":false},"author":23,"featured_media":0,"parent":4749,"menu_order":0,"comment_status":"closed","ping_status":"closed","template":"full-width.php","meta":{"footnotes":""},"class_list":["post-4780","page","type-page","status-publish","hentry"],"yoast_head":"<!-- This site is optimized with the Yoast SEO Premium plugin v26.7 (Yoast SEO v26.7) - https:\/\/yoast.com\/wordpress\/plugins\/seo\/ -->\n<title>Olaszorsz\u00e1g - Eurotoll<\/title>\n<meta name=\"robots\" content=\"index, follow, max-snippet:-1, max-image-preview:large, max-video-preview:-1\" \/>\n<link rel=\"canonical\" href=\"https:\/\/www.Eurotoll.eu\/hu\/ajanlatunk\/olaszorszag\/\" \/>\n<meta property=\"og:locale\" content=\"hu_HU\" \/>\n<meta property=\"og:type\" content=\"article\" \/>\n<meta property=\"og:title\" content=\"Olaszorsz\u00e1g\" \/>\n<meta property=\"og:description\" content=\"[vc_row content_width=&#8221;grid&#8221; el_class=&#8221;padtop50 padbot50&#8243;][vc_column][vc_column_text] Az olasz h\u00e1l\u00f3zat : &nbsp; A 12 tonn\u00e1n\u00e1l nagyobb, megengedett legnagyobb t\u00f6meg\u0171 neh\u00e9z teherg\u00e9pj\u00e1rm\u0171vekre Olaszorsz\u00e1gban\u00a0 kilom\u00e9ter alap\u00fa...\" \/>\n<meta property=\"og:url\" content=\"https:\/\/www.Eurotoll.eu\/hu\/ajanlatunk\/olaszorszag\/\" \/>\n<meta property=\"og:site_name\" content=\"Eurotoll\" \/>\n<meta property=\"article:modified_time\" content=\"2025-11-17T14:17:55+00:00\" \/>\n<meta name=\"twitter:card\" content=\"summary_large_image\" \/>\n<meta name=\"twitter:label1\" content=\"Becs\u00fclt olvas\u00e1si id\u0151\" \/>\n\t<meta name=\"twitter:data1\" content=\"2 perc\" \/>\n<script type=\"application\/ld+json\" class=\"yoast-schema-graph\">{\"@context\":\"https:\/\/schema.org\",\"@graph\":[{\"@type\":\"WebPage\",\"@id\":\"https:\/\/www.Eurotoll.eu\/hu\/ajanlatunk\/olaszorszag\/\",\"url\":\"https:\/\/www.Eurotoll.eu\/hu\/ajanlatunk\/olaszorszag\/\",\"name\":\"Olaszorsz\u00e1g - Eurotoll\",\"isPartOf\":{\"@id\":\"https:\/\/www.Eurotoll.eu\/hu\/#website\"},\"datePublished\":\"2016-06-13T20:12:26+00:00\",\"dateModified\":\"2025-11-17T14:17:55+00:00\",\"breadcrumb\":{\"@id\":\"https:\/\/www.Eurotoll.eu\/hu\/ajanlatunk\/olaszorszag\/#breadcrumb\"},\"inLanguage\":\"hu\",\"potentialAction\":[{\"@type\":\"ReadAction\",\"target\":[\"https:\/\/www.Eurotoll.eu\/hu\/ajanlatunk\/olaszorszag\/\"]}]},{\"@type\":\"BreadcrumbList\",\"@id\":\"https:\/\/www.Eurotoll.eu\/hu\/ajanlatunk\/olaszorszag\/#breadcrumb\",\"itemListElement\":[{\"@type\":\"ListItem\",\"position\":1,\"name\":\"Accueil\",\"item\":\"https:\/\/www.Eurotoll.eu\/hu\/\"},{\"@type\":\"ListItem\",\"position\":2,\"name\":\"Aj\u00e1nlatunk\",\"item\":\"https:\/\/www.Eurotoll.eu\/hu\/ajanlatunk\/\"},{\"@type\":\"ListItem\",\"position\":3,\"name\":\"Olaszorsz\u00e1g\"}]},{\"@type\":\"WebSite\",\"@id\":\"https:\/\/www.Eurotoll.eu\/hu\/#website\",\"url\":\"https:\/\/www.Eurotoll.eu\/hu\/\",\"name\":\"Eurotoll\",\"description\":\"Acteur cl\u00e9 du t\u00e9l\u00e9p\u00e9age en Europe\",\"potentialAction\":[{\"@type\":\"SearchAction\",\"target\":{\"@type\":\"EntryPoint\",\"urlTemplate\":\"https:\/\/www.Eurotoll.eu\/hu\/?s={search_term_string}\"},\"query-input\":{\"@type\":\"PropertyValueSpecification\",\"valueRequired\":true,\"valueName\":\"search_term_string\"}}],\"inLanguage\":\"hu\"}]}<\/script>\n<!-- \/ Yoast SEO Premium plugin. -->","yoast_head_json":{"title":"Olaszorsz\u00e1g - Eurotoll","robots":{"index":"index","follow":"follow","max-snippet":"max-snippet:-1","max-image-preview":"max-image-preview:large","max-video-preview":"max-video-preview:-1"},"canonical":"https:\/\/www.Eurotoll.eu\/hu\/ajanlatunk\/olaszorszag\/","og_locale":"hu_HU","og_type":"article","og_title":"Olaszorsz\u00e1g","og_description":"[vc_row content_width=&#8221;grid&#8221; el_class=&#8221;padtop50 padbot50&#8243;][vc_column][vc_column_text] Az olasz h\u00e1l\u00f3zat : &nbsp; A 12 tonn\u00e1n\u00e1l nagyobb, megengedett legnagyobb t\u00f6meg\u0171 neh\u00e9z teherg\u00e9pj\u00e1rm\u0171vekre Olaszorsz\u00e1gban\u00a0 kilom\u00e9ter alap\u00fa...","og_url":"https:\/\/www.Eurotoll.eu\/hu\/ajanlatunk\/olaszorszag\/","og_site_name":"Eurotoll","article_modified_time":"2025-11-17T14:17:55+00:00","twitter_card":"summary_large_image","twitter_misc":{"Becs\u00fclt olvas\u00e1si id\u0151":"2 perc"},"schema":{"@context":"https:\/\/schema.org","@graph":[{"@type":"WebPage","@id":"https:\/\/www.Eurotoll.eu\/hu\/ajanlatunk\/olaszorszag\/","url":"https:\/\/www.Eurotoll.eu\/hu\/ajanlatunk\/olaszorszag\/","name":"Olaszorsz\u00e1g - Eurotoll","isPartOf":{"@id":"https:\/\/www.Eurotoll.eu\/hu\/#website"},"datePublished":"2016-06-13T20:12:26+00:00","dateModified":"2025-11-17T14:17:55+00:00","breadcrumb":{"@id":"https:\/\/www.Eurotoll.eu\/hu\/ajanlatunk\/olaszorszag\/#breadcrumb"},"inLanguage":"hu","potentialAction":[{"@type":"ReadAction","target":["https:\/\/www.Eurotoll.eu\/hu\/ajanlatunk\/olaszorszag\/"]}]},{"@type":"BreadcrumbList","@id":"https:\/\/www.Eurotoll.eu\/hu\/ajanlatunk\/olaszorszag\/#breadcrumb","itemListElement":[{"@type":"ListItem","position":1,"name":"Accueil","item":"https:\/\/www.Eurotoll.eu\/hu\/"},{"@type":"ListItem","position":2,"name":"Aj\u00e1nlatunk","item":"https:\/\/www.Eurotoll.eu\/hu\/ajanlatunk\/"},{"@type":"ListItem","position":3,"name":"Olaszorsz\u00e1g"}]},{"@type":"WebSite","@id":"https:\/\/www.Eurotoll.eu\/hu\/#website","url":"https:\/\/www.Eurotoll.eu\/hu\/","name":"Eurotoll","description":"Acteur cl\u00e9 du t\u00e9l\u00e9p\u00e9age en Europe","potentialAction":[{"@type":"SearchAction","target":{"@type":"EntryPoint","urlTemplate":"https:\/\/www.Eurotoll.eu\/hu\/?s={search_term_string}"},"query-input":{"@type":"PropertyValueSpecification","valueRequired":true,"valueName":"search_term_string"}}],"inLanguage":"hu"}]}},"_links":{"self":[{"href":"https:\/\/www.Eurotoll.eu\/hu\/wp-json\/wp\/v2\/pages\/4780","targetHints":{"allow":["GET"]}}],"collection":[{"href":"https:\/\/www.Eurotoll.eu\/hu\/wp-json\/wp\/v2\/pages"}],"about":[{"href":"https:\/\/www.Eurotoll.eu\/hu\/wp-json\/wp\/v2\/types\/page"}],"author":[{"embeddable":true,"href":"https:\/\/www.Eurotoll.eu\/hu\/wp-json\/wp\/v2\/users\/23"}],"replies":[{"embeddable":true,"href":"https:\/\/www.Eurotoll.eu\/hu\/wp-json\/wp\/v2\/comments?post=4780"}],"version-history":[{"count":14,"href":"https:\/\/www.Eurotoll.eu\/hu\/wp-json\/wp\/v2\/pages\/4780\/revisions"}],"predecessor-version":[{"id":19468,"href":"https:\/\/www.Eurotoll.eu\/hu\/wp-json\/wp\/v2\/pages\/4780\/revisions\/19468"}],"up":[{"embeddable":true,"href":"https:\/\/www.Eurotoll.eu\/hu\/wp-json\/wp\/v2\/pages\/4749"}],"wp:attachment":[{"href":"https:\/\/www.Eurotoll.eu\/hu\/wp-json\/wp\/v2\/media?parent=4780"}],"curies":[{"name":"wp","href":"https:\/\/api.w.org\/{rel}","templated":true}]}}