{"id":4785,"date":"2016-06-13T22:18:38","date_gmt":"2016-06-13T20:18:38","guid":{"rendered":"http:\/\/80.75.152.85\/hu\/ajanlatunk\/pologne\/"},"modified":"2025-11-17T15:10:27","modified_gmt":"2025-11-17T14:10:27","slug":"lengyelorszag","status":"publish","type":"page","link":"https:\/\/www.Eurotoll.eu\/hu\/ajanlatunk\/lengyelorszag\/","title":{"rendered":"Lengyelorsz\u00e1g"},"content":{"rendered":"<p>[vc_row content_width=&#8221;grid&#8221; el_class=&#8221;padtop50 padbot50&#8243;][vc_column][vc_column_text]<\/p>\n<h1><span style=\"color: #035e7e;\">Az \u00faj lengyel \u00fatd\u00edjrendszer : PL e-toll<\/span><\/h1>\n<p>&nbsp;<\/p>\n<p>Lengyelorsz\u00e1gban \u00faj \u00fatd\u00edjrendszer ker\u00fclt bevezet\u00e9sre 2021 j\u00fanius\u00e1ban, PL e-toll n\u00e9ven, amely a kor\u00e1bbi ViaToll rendszert v\u00e1ltja.<\/p>\n<p>&nbsp;<\/p>\n<p>&#8211; A rendszer GPS helymeghat\u00e1roz\u00e1s alapon r\u00f6gz\u00edti a tranzakci\u00f3kat virtu\u00e1lis kapuk haszn\u00e1lat\u00e1val<\/p>\n<p>&nbsp;<\/p>\n<p>&#8211; D\u00edjk\u00f6telesek az aut\u00f3p\u00e1ly\u00e1k, az aut\u00f3utak \u00e9s a bizonyos nemzeti utak<\/p>\n<p>&nbsp;<\/p>\n<p>&#8211; Az \u00fatd\u00edj \u00e9rv\u00e9nyes minden 3,5 tonn\u00e1t meghalad\u00f3 teherg\u00e9pj\u00e1rm\u0171re \u00e9s buszra, f\u00fcggetlen\u00fcl a legnagyobb megengedett \u00f6sszt\u00f6megt\u0151l.<\/p>\n<p>&nbsp;<\/p>\n<p>&#8211; A felhaszn\u00e1l\u00f3k 3 opci\u00f3 k\u00f6z\u00fcl v\u00e1laszthatnak a helymeghat\u00e1roz\u00e1s r\u00f6gz\u00edt\u00e9s\u00e9hez: okostelefonra let\u00f6lthet\u0151 ingyenes applik\u00e1ci\u00f3; telematikai eszk\u00f6z (ELS); vagy fed\u00e9lzeti egys\u00e9g (OBU) haszn\u00e1lat\u00e1val, mint pl. az Lumesia SAT k\u00e9sz\u00fcl\u00e9ke.<\/p>\n<p>&nbsp;<\/p>\n<p>&nbsp;<\/p>\n<h3><span style=\"color: #035e7e;\"><strong>Mi\u00e9rt \u00e9rdemes az Lumesia v\u00e1lasztani?<\/strong><\/span><\/h3>\n<p>&nbsp;<\/p>\n<p>Az Lumesia teljesk\u00f6r\u0171 megold\u00e1st k\u00edn\u00e1l :<\/p>\n<p>&nbsp;<\/p>\n<p>&#8211; Egy OBU : a lengyel e-\u00fatd\u00edj-h\u00e1l\u00f3zat k\u00f6zvetlen\u00fcl integr\u00e1lva van a LUMESIA SAT OBU-j\u00e1ba, \u00e9s 13 m\u00e1sik orsz\u00e1ggal interoper\u00e1bilis.<\/p>\n<p>&nbsp;<\/p>\n<p>&#8211; Tranzakci\u00f3inak automatikus sz\u00e1ml\u00e1z\u00e1sa ut\u00f3lagos fizet\u00e9si m\u00f3dban.<\/p>\n<h3><\/h3>\n<p>&nbsp;<\/p>\n<h3><span style=\"color: #035e7e;\" data-sheets-value=\"{&quot;1&quot;:2,&quot;2&quot;:&quot;Le contr\\u00f4le sanction :&quot;}\" data-sheets-userformat=\"{&quot;2&quot;:31681,&quot;3&quot;:{&quot;1&quot;:0},&quot;9&quot;:0,&quot;10&quot;:0,&quot;11&quot;:4,&quot;12&quot;:0,&quot;14&quot;:{&quot;1&quot;:2,&quot;2&quot;:1136076},&quot;15&quot;:&quot;Calibri&quot;,&quot;16&quot;:14,&quot;17&quot;:1}\">Felkeltett\u00fck az \u00e9rdekl\u0151d\u00e9s\u00e9t?<\/span><\/h3>\n<p>&nbsp;<\/p>\n<p><span data-sheets-value=\"{&quot;1&quot;:2,&quot;2&quot;:&quot;L\\u2019amende forfaitaire maximum est de 750\\u20ac (3000 PLN). Elle d\\u00e9pend du type d\\u2019infraction. Elle doit \\u00eatre imm\\u00e9diatement r\\u00e9gl\\u00e9e par le chauffeur sous peine d\\u2019immobilisation du v\\u00e9hicule. Les contr\\u00f4les sont effectu\\u00e9s par des agents de police et\/ou des inspecteurs du transport routier.&quot;}\" data-sheets-userformat=\"{&quot;2&quot;:15169,&quot;3&quot;:{&quot;1&quot;:0},&quot;9&quot;:0,&quot;11&quot;:4,&quot;12&quot;:0,&quot;14&quot;:{&quot;1&quot;:2,&quot;2&quot;:1136076},&quot;15&quot;:&quot;Calibri&quot;,&quot;16&quot;:12}\">K\u00e9rj\u00fck t\u00f6ltse ki a k\u00e9rd\u0151\u00edv\u00fcnket tov\u00e1bbi inform\u00e1ci\u00f3\u00e9rt\u00a0<\/span>[\/vc_column_text][vc_empty_space height=&#8221;50px&#8221;]<a href=\"mailto:support@lumesia.com\" target=\"_self\" style=\"color: #ffffff;background-color: #035e7e;border-color: #035e7e\" class=\"qodef-btn qodef-btn-small qodef-btn-outline qodef-btn-custom-hover-bg qodef-btn-custom-border-hover qodef-btn-custom-hover-color qodef-btn-icon\" data-hover-bg-color=\"#035e7e\" data-hover-color=\"#ffffff\" data-hover-border-color=\"#035e7e\" >\n        <span class=\"qodef-btn-text\">Aj\u00e1nlatk\u00e9r\u00e9s<\/span>\n    <span class=\"qodef-btn-text-icon\"><i class=\"qodef-icon-simple-line-icon icon-arrow-right-circle \" ><\/i><\/span>\n<\/a>[\/vc_column][\/vc_row][vc_row el_class=&#8221;spepadleft white&#8221; css=&#8221;.vc_custom_1758931994424{background-color: #035e7e !important;}&#8221; el_id=&#8221;plus-service-eurotoll&#8221;][vc_column width=&#8221;2\/3&#8243; el_class=&#8221;padtop50 padbot50&#8243;][vc_column_text]<\/p>\n<h4>Az Lumesia tov\u00e1bbi szolg\u00e1ltat\u00e1sai :<\/h4>\n<p>&nbsp;<\/p>\n<ul>\n<li>Az \u00fatd\u00edj k\u00f6lts\u00e9gek optimaliz\u00e1l\u00e1sa<\/li>\n<li>Tev\u00e9kenys\u00e9g\u00e9nek nyomon k\u00f6vet\u00e9se szem\u00e9lyre szabott kimutat\u00e1sok seg\u00edts\u00e9g\u00e9vel<\/li>\n<li>Az \u00fatd\u00edjfizet\u00e9sre k\u00f6telezett h\u00e1l\u00f3zaton val\u00f3 k\u00f6zleked\u00e9s ellen\u0151rz\u00e9se g\u00e9pj\u00e1rm\u0171vek szerinti bont\u00e1sban Szem\u00e9lyre szabott jelent\u00e9sek alflott\u00e1k, \u00fcgyfelek, stb. szerinti bont\u00e1sban<\/li>\n<li>\u00datd\u00edjfizet\u00e9ssel kapcsolatos adatainak szakmai eszk\u00f6zeibe (TMS, ERP vagy Excel) val\u00f3 automatikus integr\u00e1l\u00e1sa<\/li>\n<\/ul>\n<p>[\/vc_column_text][vc_empty_space][\/vc_column][vc_column width=&#8221;1\/3&#8243;][vc_single_image image=&#8221;3489&#8243; img_size=&#8221;full&#8221;][\/vc_column][\/vc_row][vc_row][vc_column][vc_column_text]<\/p>\n<p>[\/vc_column_text][\/vc_column][\/vc_row][vc_row content_width=&#8221;grid&#8221; content_aligment=&#8221;center&#8221; css=&#8221;.vc_custom_1760348835116{background-color: #afca0b !important;}&#8221; el_class=&#8221;padtop50 padbot50&#8243;][vc_column][vc_empty_space height=&#8221;15px&#8221;][vc_column_text css=&#8221;.vc_custom_1760347165486{padding-right: 10px !important;padding-left: 10px !important;}&#8221;]<\/p>\n<h3 style=\"text-align: center;\"><span style=\"color: #035e7e;\">Tov\u00e1bbi inform\u00e1ci\u00f3k\u00e9rt \u00fcgyf\u00e9lszolg\u00e1latunk \u00e1ll rendelkez\u00e9s\u00e9re.<\/span><\/h3>\n<p>[\/vc_column_text][vc_empty_space]<a href=\"mailto:support@lumesia.com\" target=\"_self\" style=\"color: #035e7e;border-color: #035e7e;margin: 10\" class=\"qodef-btn qodef-btn-small qodef-btn-outline qodef-btn-icon\"  >\n        <span class=\"qodef-btn-text\">Kapcsolatfelv\u00e9tel az \u00e9rt\u00e9kes\u00edt\u0151vel<\/span>\n    <span class=\"qodef-btn-text-icon\"><i class=\"qodef-icon-simple-line-icon icon-arrow-right \" ><\/i><\/span>\n<\/a>[\/vc_column][\/vc_row]<\/p>\n","protected":false},"excerpt":{"rendered":"<p>[vc_row content_width=&#8221;grid&#8221; el_class=&#8221;padtop50 padbot50&#8243;][vc_column][vc_column_text] Az \u00faj lengyel \u00fatd\u00edjrendszer : PL e-toll &nbsp; Lengyelorsz\u00e1gban \u00faj \u00fatd\u00edjrendszer ker\u00fclt bevezet\u00e9sre 2021 j\u00fanius\u00e1ban, PL e-toll&#8230;<\/p>\n","protected":false},"author":23,"featured_media":0,"parent":4749,"menu_order":0,"comment_status":"closed","ping_status":"closed","template":"full-width.php","meta":{"footnotes":""},"class_list":["post-4785","page","type-page","status-publish","hentry"],"yoast_head":"<!-- This site is optimized with the Yoast SEO Premium plugin v26.7 (Yoast SEO v26.7) - https:\/\/yoast.com\/wordpress\/plugins\/seo\/ -->\n<title>Lengyelorsz\u00e1g - Eurotoll<\/title>\n<meta name=\"description\" content=\"K\u00f6zlekedjen 1 600 km hossz\u00fa lengyel aut\u00f3p\u00e1ly\u00e1n az Eurotoll-al\" \/>\n<meta name=\"robots\" content=\"index, follow, max-snippet:-1, max-image-preview:large, max-video-preview:-1\" \/>\n<link rel=\"canonical\" href=\"https:\/\/www.Eurotoll.eu\/hu\/ajanlatunk\/lengyelorszag\/\" \/>\n<meta property=\"og:locale\" content=\"hu_HU\" \/>\n<meta property=\"og:type\" content=\"article\" \/>\n<meta property=\"og:title\" content=\"Lengyelorsz\u00e1g\" \/>\n<meta property=\"og:description\" content=\"K\u00f6zlekedjen 1 600 km hossz\u00fa lengyel aut\u00f3p\u00e1ly\u00e1n az Eurotoll-al\" \/>\n<meta property=\"og:url\" content=\"https:\/\/www.Eurotoll.eu\/hu\/ajanlatunk\/lengyelorszag\/\" \/>\n<meta property=\"og:site_name\" content=\"Eurotoll\" \/>\n<meta property=\"article:modified_time\" content=\"2025-11-17T14:10:27+00:00\" \/>\n<meta name=\"twitter:card\" content=\"summary_large_image\" \/>\n<meta name=\"twitter:label1\" content=\"Becs\u00fclt olvas\u00e1si id\u0151\" \/>\n\t<meta name=\"twitter:data1\" content=\"2 perc\" \/>\n<script type=\"application\/ld+json\" class=\"yoast-schema-graph\">{\"@context\":\"https:\/\/schema.org\",\"@graph\":[{\"@type\":\"WebPage\",\"@id\":\"https:\/\/www.Eurotoll.eu\/hu\/ajanlatunk\/lengyelorszag\/\",\"url\":\"https:\/\/www.Eurotoll.eu\/hu\/ajanlatunk\/lengyelorszag\/\",\"name\":\"Lengyelorsz\u00e1g - Eurotoll\",\"isPartOf\":{\"@id\":\"https:\/\/www.Eurotoll.eu\/hu\/#website\"},\"datePublished\":\"2016-06-13T20:18:38+00:00\",\"dateModified\":\"2025-11-17T14:10:27+00:00\",\"description\":\"K\u00f6zlekedjen 1 600 km hossz\u00fa lengyel aut\u00f3p\u00e1ly\u00e1n az Eurotoll-al\",\"breadcrumb\":{\"@id\":\"https:\/\/www.Eurotoll.eu\/hu\/ajanlatunk\/lengyelorszag\/#breadcrumb\"},\"inLanguage\":\"hu\",\"potentialAction\":[{\"@type\":\"ReadAction\",\"target\":[\"https:\/\/www.Eurotoll.eu\/hu\/ajanlatunk\/lengyelorszag\/\"]}]},{\"@type\":\"BreadcrumbList\",\"@id\":\"https:\/\/www.Eurotoll.eu\/hu\/ajanlatunk\/lengyelorszag\/#breadcrumb\",\"itemListElement\":[{\"@type\":\"ListItem\",\"position\":1,\"name\":\"Accueil\",\"item\":\"https:\/\/www.Eurotoll.eu\/hu\/\"},{\"@type\":\"ListItem\",\"position\":2,\"name\":\"Aj\u00e1nlatunk\",\"item\":\"https:\/\/www.Eurotoll.eu\/hu\/ajanlatunk\/\"},{\"@type\":\"ListItem\",\"position\":3,\"name\":\"Lengyelorsz\u00e1g\"}]},{\"@type\":\"WebSite\",\"@id\":\"https:\/\/www.Eurotoll.eu\/hu\/#website\",\"url\":\"https:\/\/www.Eurotoll.eu\/hu\/\",\"name\":\"Eurotoll\",\"description\":\"Acteur cl\u00e9 du t\u00e9l\u00e9p\u00e9age en Europe\",\"potentialAction\":[{\"@type\":\"SearchAction\",\"target\":{\"@type\":\"EntryPoint\",\"urlTemplate\":\"https:\/\/www.Eurotoll.eu\/hu\/?s={search_term_string}\"},\"query-input\":{\"@type\":\"PropertyValueSpecification\",\"valueRequired\":true,\"valueName\":\"search_term_string\"}}],\"inLanguage\":\"hu\"}]}<\/script>\n<!-- \/ Yoast SEO Premium plugin. -->","yoast_head_json":{"title":"Lengyelorsz\u00e1g - Eurotoll","description":"K\u00f6zlekedjen 1 600 km hossz\u00fa lengyel aut\u00f3p\u00e1ly\u00e1n az Eurotoll-al","robots":{"index":"index","follow":"follow","max-snippet":"max-snippet:-1","max-image-preview":"max-image-preview:large","max-video-preview":"max-video-preview:-1"},"canonical":"https:\/\/www.Eurotoll.eu\/hu\/ajanlatunk\/lengyelorszag\/","og_locale":"hu_HU","og_type":"article","og_title":"Lengyelorsz\u00e1g","og_description":"K\u00f6zlekedjen 1 600 km hossz\u00fa lengyel aut\u00f3p\u00e1ly\u00e1n az Eurotoll-al","og_url":"https:\/\/www.Eurotoll.eu\/hu\/ajanlatunk\/lengyelorszag\/","og_site_name":"Eurotoll","article_modified_time":"2025-11-17T14:10:27+00:00","twitter_card":"summary_large_image","twitter_misc":{"Becs\u00fclt olvas\u00e1si id\u0151":"2 perc"},"schema":{"@context":"https:\/\/schema.org","@graph":[{"@type":"WebPage","@id":"https:\/\/www.Eurotoll.eu\/hu\/ajanlatunk\/lengyelorszag\/","url":"https:\/\/www.Eurotoll.eu\/hu\/ajanlatunk\/lengyelorszag\/","name":"Lengyelorsz\u00e1g - Eurotoll","isPartOf":{"@id":"https:\/\/www.Eurotoll.eu\/hu\/#website"},"datePublished":"2016-06-13T20:18:38+00:00","dateModified":"2025-11-17T14:10:27+00:00","description":"K\u00f6zlekedjen 1 600 km hossz\u00fa lengyel aut\u00f3p\u00e1ly\u00e1n az Eurotoll-al","breadcrumb":{"@id":"https:\/\/www.Eurotoll.eu\/hu\/ajanlatunk\/lengyelorszag\/#breadcrumb"},"inLanguage":"hu","potentialAction":[{"@type":"ReadAction","target":["https:\/\/www.Eurotoll.eu\/hu\/ajanlatunk\/lengyelorszag\/"]}]},{"@type":"BreadcrumbList","@id":"https:\/\/www.Eurotoll.eu\/hu\/ajanlatunk\/lengyelorszag\/#breadcrumb","itemListElement":[{"@type":"ListItem","position":1,"name":"Accueil","item":"https:\/\/www.Eurotoll.eu\/hu\/"},{"@type":"ListItem","position":2,"name":"Aj\u00e1nlatunk","item":"https:\/\/www.Eurotoll.eu\/hu\/ajanlatunk\/"},{"@type":"ListItem","position":3,"name":"Lengyelorsz\u00e1g"}]},{"@type":"WebSite","@id":"https:\/\/www.Eurotoll.eu\/hu\/#website","url":"https:\/\/www.Eurotoll.eu\/hu\/","name":"Eurotoll","description":"Acteur cl\u00e9 du t\u00e9l\u00e9p\u00e9age en Europe","potentialAction":[{"@type":"SearchAction","target":{"@type":"EntryPoint","urlTemplate":"https:\/\/www.Eurotoll.eu\/hu\/?s={search_term_string}"},"query-input":{"@type":"PropertyValueSpecification","valueRequired":true,"valueName":"search_term_string"}}],"inLanguage":"hu"}]}},"_links":{"self":[{"href":"https:\/\/www.Eurotoll.eu\/hu\/wp-json\/wp\/v2\/pages\/4785","targetHints":{"allow":["GET"]}}],"collection":[{"href":"https:\/\/www.Eurotoll.eu\/hu\/wp-json\/wp\/v2\/pages"}],"about":[{"href":"https:\/\/www.Eurotoll.eu\/hu\/wp-json\/wp\/v2\/types\/page"}],"author":[{"embeddable":true,"href":"https:\/\/www.Eurotoll.eu\/hu\/wp-json\/wp\/v2\/users\/23"}],"replies":[{"embeddable":true,"href":"https:\/\/www.Eurotoll.eu\/hu\/wp-json\/wp\/v2\/comments?post=4785"}],"version-history":[{"count":50,"href":"https:\/\/www.Eurotoll.eu\/hu\/wp-json\/wp\/v2\/pages\/4785\/revisions"}],"predecessor-version":[{"id":19464,"href":"https:\/\/www.Eurotoll.eu\/hu\/wp-json\/wp\/v2\/pages\/4785\/revisions\/19464"}],"up":[{"embeddable":true,"href":"https:\/\/www.Eurotoll.eu\/hu\/wp-json\/wp\/v2\/pages\/4749"}],"wp:attachment":[{"href":"https:\/\/www.Eurotoll.eu\/hu\/wp-json\/wp\/v2\/media?parent=4785"}],"curies":[{"name":"wp","href":"https:\/\/api.w.org\/{rel}","templated":true}]}}