{"id":4798,"date":"2016-06-27T09:37:43","date_gmt":"2016-06-27T07:37:43","guid":{"rendered":"http:\/\/80.75.152.85\/hu\/ajanlatunk\/pays-bas-luxembourg-danemark-suede\/"},"modified":"2023-05-03T12:57:43","modified_gmt":"2023-05-03T10:57:43","slug":"hollandia-luxemburg-svedorszag-dania","status":"publish","type":"page","link":"https:\/\/www.Eurotoll.eu\/hu\/ajanlatunk\/hollandia-luxemburg-svedorszag-dania\/","title":{"rendered":"Hollandia, Luxemburg, Sv\u00e9dorsz\u00e1g \u00e9s D\u00e1nia"},"content":{"rendered":"<p>[vc_row content_width=&#8221;grid&#8221; el_class=&#8221;padtop50 padbot50&#8243;][vc_column][vc_column_text]<\/p>\n<h2><span style=\"color: #afca0b;\">\u00datd\u00edjfizet\u0151 rendszer Hollandi\u00e1ban, Luxemburgban, D\u00e1ni\u00e1ban \u00e9s Sv\u00e9dorsz\u00e1gban: e-vignetta<\/span><\/h2>\n<p>&nbsp;<\/p>\n<p>Az e-vignetta Luxemburg, Hollandia, Sv\u00e9dorsz\u00e1g \u00e9s D\u00e1nia k\u00f6z\u00fatjain \u00e9s aut\u00f3p\u00e1ly\u00e1in k\u00f6zleked\u0151, minden 12 tonn\u00e1n\u00e1l nagyobb neh\u00e9z teherg\u00e9pj\u00e1rm\u0171 ut\u00e1n k\u00f6telez\u0151en fizetend\u0151 ad\u00f3.<\/p>\n<p>&nbsp;<\/p>\n<p>Az \u00fatad\u00f3 m\u00e9rt\u00e9ke f\u00fcgg:<\/p>\n<ul>\n<li>A\u00a0g\u00e9pj\u00e1rm\u0171 EURO besorol\u00e1s\u00e1t\u00f3l<\/li>\n<li>A\u00a0g\u00e9pj\u00e1rm\u0171 tengelyeinek sz\u00e1m\u00e1t\u00f3l<\/li>\n<li>A\u00a0matrica felhaszn\u00e1l\u00e1s\u00e1nak id\u0151tartam\u00e1t\u00f3l (napi, heti, havi vagy \u00e9vi)<\/li>\n<\/ul>\n<p>&nbsp;<\/p>\n<a href=\"https:\/\/www.eurovignettes.eu\/portal\/fr\/tariffs\/tariffs?reset=true\" target=\"_self\" style=\"color: #035e7e;background-color: #ffffff;border-color: #035e7e\" class=\"qodef-btn qodef-btn-small qodef-btn-default qodef-btn-custom-hover-bg qodef-btn-custom-border-hover qodef-btn-custom-hover-color qodef-btn-icon\" data-hover-bg-color=\"#ffffff\" data-hover-color=\"#035e7e\" data-hover-border-color=\"#035e7e\" >\n        <span class=\"qodef-btn-text\">Az e-vignetta d\u00edjakat itt tal\u00e1lja<\/span>\n    <span class=\"qodef-btn-text-icon\"><i class=\"qodef-icon-simple-line-icon icon-arrow-right-circle \" ><\/i><\/span>\n<\/a>\n<p>&nbsp;<\/p>\n<p>Az e-vignetta h\u00e1l\u00f3zaton val\u00f3 k\u00f6zleked\u00e9shez \u00e9s az Eurotoll szolg\u00e1ltat\u00e1sok ig\u00e9nybe v\u00e9tel\u00e9hez <span style=\"color: #afca0b;\"><a style=\"color: #afca0b;\" href=\"https:\/\/www.eurovignettes.eu\/portal\/fr\/booking\/booking?reset=true\" target=\"_blank\" rel=\"noopener\">fizessen el\u0151<\/a> <\/span>az Eurotoll-k\u00e1rty\u00e1ra, mellyel napi, havi vagy \u00e9ves e-vignettat v\u00e1s\u00e1rolhat.[\/vc_column_text][\/vc_column][\/vc_row][vc_row content_width=&#8221;grid&#8221;][vc_column el_class=&#8221;padbot50&#8243;]<a href=\"mailto:contact@eurotoll.eu?subject=Tov\u00e1bbi%20inform\u00e1ci\u00f3k%20a%20megrendel\u00e9sr\u0151l%20Hollandia,%20Luxemburg,%20Sv\u00e9dorsz\u00e1g%20\u00e9s%20D\u00e1nia%20(honlap)\" target=\"_self\" style=\"color: #ffffff;background-color: rgba(175,202,11,0.8);border-color: #afca0b\" class=\"qodef-btn qodef-btn-small qodef-btn-outline qodef-btn-custom-hover-bg qodef-btn-custom-border-hover qodef-btn-custom-hover-color qodef-btn-icon\" data-hover-bg-color=\"#afca0b\" data-hover-color=\"#ffffff\" data-hover-border-color=\"#afca0b\" >\n        <span class=\"qodef-btn-text\">Aj\u00e1nlatk\u00e9r\u00e9s<\/span>\n    <span class=\"qodef-btn-text-icon\"><i class=\"qodef-icon-simple-line-icon icon-arrow-right-circle \" ><\/i><\/span>\n<\/a>[\/vc_column][\/vc_row][vc_row el_id=&#8221;plus-service-eurotoll&#8221; el_class=&#8221;spepadleft white&#8221; css=&#8221;.vc_custom_1683111309601{background-color: #035e7e !important;}&#8221;][vc_column width=&#8221;2\/3&#8243; el_class=&#8221;padtop50 padbot50&#8243;][vc_column_text]<\/p>\n<h4>Az Eurotoll tov\u00e1bbi szolg\u00e1ltat\u00e1sa:<\/h4>\n<ul>\n<li>Eurotoll-k\u00e1rtya: \u00fatd\u00edjfizet\u00e9sre alkalmas k\u00e1rtya<\/li>\n<li>Kimutat\u00e1sok lehet\u0151v\u00e9 teszik e-vignetta fogyaszt\u00e1sainak nyomon k\u00f6vet\u00e9s\u00e9t \u00e9s ellen\u0151rz\u00e9s\u00e9t<\/li>\n<li>Eurotoll sz\u00e1ml\u00e1ja tartalmazza e-vignetta v\u00e1s\u00e1rl\u00e1sait.<\/li>\n<\/ul>\n<p>[\/vc_column_text][\/vc_column][\/vc_row][vc_row content_width=&#8221;grid&#8221; content_aligment=&#8221;center&#8221; css=&#8221;.vc_custom_1470929306155{background-image: url(https:\/\/dev.lumesia.com\/wp-content\/uploads\/2016\/06\/eurotoll-services.jpg?id=4016) !important;background-position: center !important;background-repeat: no-repeat !important;background-size: cover !important;}&#8221; el_class=&#8221;padtop50 padbot50&#8243;][vc_column][vc_column_text]<\/p>\n<h2 style=\"text-align: center;\"><span style=\"color: #035e7e;\">Szolg\u00e1ltat\u00e1sok<\/span><\/h2>\n<p>[\/vc_column_text][vc_empty_space height=&#8221;50px&#8221;][vc_row_inner el_class=&#8221;width80&#8243;][vc_column_inner width=&#8221;1\/3&#8243;]\r\n<div class=\"qodef-team main-info-below-image\">\r\n\t<div class=\"qodef-team-inner\">\r\n\t\t\t\t\t<div class=\"qodef-team-image\">\r\n\t\t\t\t<img decoding=\"async\" src=\"https:\/\/www.Eurotoll.eu\/wp-content\/uploads\/2016\/06\/service-geolocalisation.jpg\" alt=\"qodef-team-image\"\/>\r\n\t\t\t\t<div class=\"qodef-team-position-holder\">\r\n\t\t\t\t\t<div class=\"qodef-circle-animate\"><\/div>\r\n\t\t\t\t\t<div class=\"qodef-team-position-icon\">\r\n\t\t\t\t\t\t\n    <span class=\"qodef-icon-shortcode circle \"  >\n        \n        <i class=\"qodef-icon-simple-line-icon icon-location-pin qodef-icon-element\" style=\"\" ><\/i>\n            <\/span>\n\n\t\t\t\t\t<\/div>\r\n\t\t\t\t\t\t\t\t\t\t\t<h6 class=\"q_team_position\">R\u00e9szletek a szolg\u00e1ltat\u00e1sr\u00f3l<\/h6>\r\n\t\t\t\t\t\t\t\t\t<\/div>\r\n\t\t\t<\/div>\r\n\t\t\r\n\t\t\t\t\t<div class=\"qodef-team-info\">\r\n\t\t\t\t\t\t\t\t\t<div class=\"qodef-team-title-holder\">\r\n\t\t\t\t\t\t\t\t\t\t\t\t\t<h5 class=\"qodef-team-name\">\r\n\t\t\t\t\t\t\t\tTartsa k\u00e9zben kiad\u00e1sait nyomk\u00f6vet\u0151 szolg\u00e1ltat\u00e1sunkkal\t\t\t\t\t\t\t<\/h5>\r\n\t\t\t\t\t\t\t\t\t\t\t\t\r\n\t\t\t\t\t<\/div>\r\n\t\t\t\t\r\n\t\t\t\t\t\t<\/div>\r\n\t<\/div>\r\n<\/div>[\/vc_column_inner][vc_column_inner width=&#8221;1\/3&#8243;]\r\n<div class=\"qodef-team main-info-below-image\">\r\n\t<div class=\"qodef-team-inner\">\r\n\t\t\t\t\t<div class=\"qodef-team-image\">\r\n\t\t\t\t<img decoding=\"async\" src=\"https:\/\/www.Eurotoll.eu\/wp-content\/uploads\/2016\/06\/service-peage.jpg\" alt=\"qodef-team-image\"\/>\r\n\t\t\t\t<div class=\"qodef-team-position-holder\">\r\n\t\t\t\t\t<div class=\"qodef-circle-animate\"><\/div>\r\n\t\t\t\t\t<div class=\"qodef-team-position-icon\">\r\n\t\t\t\t\t\t\n    <span class=\"qodef-icon-shortcode circle \"  >\n        \n        <i class=\"qodef-icon-simple-line-icon icon-credit-card qodef-icon-element\" style=\"\" ><\/i>\n            <\/span>\n\n\t\t\t\t\t<\/div>\r\n\t\t\t\t\t\t\t\t\t\t\t<h6 class=\"q_team_position\">R\u00e9szletek a szolg\u00e1ltat\u00e1sr\u00f3l <\/h6>\r\n\t\t\t\t\t\t\t\t\t<\/div>\r\n\t\t\t<\/div>\r\n\t\t\r\n\t\t\t\t\t<div class=\"qodef-team-info\">\r\n\t\t\t\t\t\t\t\t\t<div class=\"qodef-team-title-holder\">\r\n\t\t\t\t\t\t\t\t\t\t\t\t\t<h5 class=\"qodef-team-name\">\r\n\t\t\t\t\t\t\t\tEllen\u0151rizze \u00e9s optimaliz\u00e1lja elektronikus \u00fatd\u00edjfizet\u00e9s\u00e9t\t\t\t\t\t\t\t<\/h5>\r\n\t\t\t\t\t\t\t\t\t\t\t\t\r\n\t\t\t\t\t<\/div>\r\n\t\t\t\t\r\n\t\t\t\t\t\t<\/div>\r\n\t<\/div>\r\n<\/div>[\/vc_column_inner][vc_column_inner width=&#8221;1\/3&#8243;]\r\n<div class=\"qodef-team main-info-below-image\">\r\n\t<div class=\"qodef-team-inner\">\r\n\t\t\t\t\t<div class=\"qodef-team-image\">\r\n\t\t\t\t<img decoding=\"async\" src=\"https:\/\/www.Eurotoll.eu\/wp-content\/uploads\/2016\/06\/eurotoll-service-tva.jpg\" alt=\"qodef-team-image\"\/>\r\n\t\t\t\t<div class=\"qodef-team-position-holder\">\r\n\t\t\t\t\t<div class=\"qodef-circle-animate\"><\/div>\r\n\t\t\t\t\t<div class=\"qodef-team-position-icon\">\r\n\t\t\t\t\t\t\n    <span class=\"qodef-icon-shortcode circle \"  >\n        \n        <i class=\"qodef-icon-simple-line-icon icon-wallet qodef-icon-element\" style=\"\" ><\/i>\n            <\/span>\n\n\t\t\t\t\t<\/div>\r\n\t\t\t\t\t\t\t\t\t\t\t<h6 class=\"q_team_position\">R\u00e9szletek a szolg\u00e1ltat\u00e1sr\u00f3l<\/h6>\r\n\t\t\t\t\t\t\t\t\t<\/div>\r\n\t\t\t<\/div>\r\n\t\t\r\n\t\t\t\t\t<div class=\"qodef-team-info\">\r\n\t\t\t\t\t\t\t\t\t<div class=\"qodef-team-title-holder\">\r\n\t\t\t\t\t\t\t\t\t\t\t\t\t<h5 class=\"qodef-team-name\">\r\n\t\t\t\t\t\t\t\tIg\u00e9nyelje vissza az \u00c1F\u00c1-t\t\t\t\t\t\t\t<\/h5>\r\n\t\t\t\t\t\t\t\t\t\t\t\t\r\n\t\t\t\t\t<\/div>\r\n\t\t\t\t\r\n\t\t\t\t\t\t<\/div>\r\n\t<\/div>\r\n<\/div>[\/vc_column_inner][\/vc_row_inner][vc_row_inner][vc_column_inner][vc_empty_space]<a href=\"\/hu\/szolgaltatasaink\/\" target=\"_self\" style=\"background-color: rgba(3,94,126,0.8);border-color: #035e7e\" class=\"qodef-btn qodef-btn-small qodef-btn-solid qodef-btn-custom-hover-bg qodef-btn-custom-border-hover qodef-btn-icon\" data-hover-bg-color=\"#035e7e\" data-hover-border-color=\"#035e7e\" >\n        <span class=\"qodef-btn-text\">Szolg\u00e1ltat\u00e1saink<\/span>\n    <span class=\"qodef-btn-text-icon\"><i class=\"qodef-icon-simple-line-icon icon-arrow-right-circle \" ><\/i><\/span>\n<\/a>[\/vc_column_inner][\/vc_row_inner][\/vc_column][\/vc_row]<\/p>\n","protected":false},"excerpt":{"rendered":"<p>[vc_row content_width=&#8221;grid&#8221; el_class=&#8221;padtop50 padbot50&#8243;][vc_column][vc_column_text] \u00datd\u00edjfizet\u0151 rendszer Hollandi\u00e1ban, Luxemburgban, D\u00e1ni\u00e1ban \u00e9s Sv\u00e9dorsz\u00e1gban: e-vignetta &nbsp; Az e-vignetta Luxemburg, Hollandia, Sv\u00e9dorsz\u00e1g \u00e9s D\u00e1nia k\u00f6z\u00fatjain&#8230;<\/p>\n","protected":false},"author":23,"featured_media":0,"parent":4749,"menu_order":0,"comment_status":"closed","ping_status":"closed","template":"full-width.php","meta":{"footnotes":""},"class_list":["post-4798","page","type-page","status-publish","hentry"],"yoast_head":"<!-- This site is optimized with the Yoast SEO Premium plugin v26.7 (Yoast SEO v26.7) - https:\/\/yoast.com\/wordpress\/plugins\/seo\/ -->\n<title>Hollandia, Luxemburg, Sv\u00e9dorsz\u00e1g \u00e9s D\u00e1nia - Eurotoll<\/title>\n<meta name=\"robots\" content=\"index, follow, max-snippet:-1, max-image-preview:large, max-video-preview:-1\" \/>\n<link rel=\"canonical\" href=\"https:\/\/www.Eurotoll.eu\/hu\/ajanlatunk\/hollandia-luxemburg-svedorszag-dania\/\" \/>\n<meta property=\"og:locale\" content=\"hu_HU\" \/>\n<meta property=\"og:type\" content=\"article\" \/>\n<meta property=\"og:title\" content=\"Hollandia, Luxemburg, Sv\u00e9dorsz\u00e1g \u00e9s D\u00e1nia\" \/>\n<meta property=\"og:description\" content=\"[vc_row content_width=&#8221;grid&#8221; el_class=&#8221;padtop50 padbot50&#8243;][vc_column][vc_column_text] \u00datd\u00edjfizet\u0151 rendszer Hollandi\u00e1ban, Luxemburgban, D\u00e1ni\u00e1ban \u00e9s Sv\u00e9dorsz\u00e1gban: e-vignetta &nbsp; Az e-vignetta Luxemburg, Hollandia, Sv\u00e9dorsz\u00e1g \u00e9s D\u00e1nia k\u00f6z\u00fatjain...\" \/>\n<meta property=\"og:url\" content=\"https:\/\/www.Eurotoll.eu\/hu\/ajanlatunk\/hollandia-luxemburg-svedorszag-dania\/\" \/>\n<meta property=\"og:site_name\" content=\"Eurotoll\" \/>\n<meta property=\"article:modified_time\" content=\"2023-05-03T10:57:43+00:00\" \/>\n<meta name=\"twitter:card\" content=\"summary_large_image\" \/>\n<meta name=\"twitter:label1\" content=\"Becs\u00fclt olvas\u00e1si id\u0151\" \/>\n\t<meta name=\"twitter:data1\" content=\"1 perc\" \/>\n<script type=\"application\/ld+json\" class=\"yoast-schema-graph\">{\"@context\":\"https:\/\/schema.org\",\"@graph\":[{\"@type\":\"WebPage\",\"@id\":\"https:\/\/www.Eurotoll.eu\/hu\/ajanlatunk\/hollandia-luxemburg-svedorszag-dania\/\",\"url\":\"https:\/\/www.Eurotoll.eu\/hu\/ajanlatunk\/hollandia-luxemburg-svedorszag-dania\/\",\"name\":\"Hollandia, Luxemburg, Sv\u00e9dorsz\u00e1g \u00e9s D\u00e1nia - Eurotoll\",\"isPartOf\":{\"@id\":\"https:\/\/www.Eurotoll.eu\/hu\/#website\"},\"datePublished\":\"2016-06-27T07:37:43+00:00\",\"dateModified\":\"2023-05-03T10:57:43+00:00\",\"breadcrumb\":{\"@id\":\"https:\/\/www.Eurotoll.eu\/hu\/ajanlatunk\/hollandia-luxemburg-svedorszag-dania\/#breadcrumb\"},\"inLanguage\":\"hu\",\"potentialAction\":[{\"@type\":\"ReadAction\",\"target\":[\"https:\/\/www.Eurotoll.eu\/hu\/ajanlatunk\/hollandia-luxemburg-svedorszag-dania\/\"]}]},{\"@type\":\"BreadcrumbList\",\"@id\":\"https:\/\/www.Eurotoll.eu\/hu\/ajanlatunk\/hollandia-luxemburg-svedorszag-dania\/#breadcrumb\",\"itemListElement\":[{\"@type\":\"ListItem\",\"position\":1,\"name\":\"Accueil\",\"item\":\"https:\/\/www.Eurotoll.eu\/hu\/\"},{\"@type\":\"ListItem\",\"position\":2,\"name\":\"Aj\u00e1nlatunk\",\"item\":\"https:\/\/www.Eurotoll.eu\/hu\/ajanlatunk\/\"},{\"@type\":\"ListItem\",\"position\":3,\"name\":\"Hollandia, Luxemburg, Sv\u00e9dorsz\u00e1g \u00e9s D\u00e1nia\"}]},{\"@type\":\"WebSite\",\"@id\":\"https:\/\/www.Eurotoll.eu\/hu\/#website\",\"url\":\"https:\/\/www.Eurotoll.eu\/hu\/\",\"name\":\"Eurotoll\",\"description\":\"Acteur cl\u00e9 du t\u00e9l\u00e9p\u00e9age en Europe\",\"potentialAction\":[{\"@type\":\"SearchAction\",\"target\":{\"@type\":\"EntryPoint\",\"urlTemplate\":\"https:\/\/www.Eurotoll.eu\/hu\/?s={search_term_string}\"},\"query-input\":{\"@type\":\"PropertyValueSpecification\",\"valueRequired\":true,\"valueName\":\"search_term_string\"}}],\"inLanguage\":\"hu\"}]}<\/script>\n<!-- \/ Yoast SEO Premium plugin. -->","yoast_head_json":{"title":"Hollandia, Luxemburg, Sv\u00e9dorsz\u00e1g \u00e9s D\u00e1nia - Eurotoll","robots":{"index":"index","follow":"follow","max-snippet":"max-snippet:-1","max-image-preview":"max-image-preview:large","max-video-preview":"max-video-preview:-1"},"canonical":"https:\/\/www.Eurotoll.eu\/hu\/ajanlatunk\/hollandia-luxemburg-svedorszag-dania\/","og_locale":"hu_HU","og_type":"article","og_title":"Hollandia, Luxemburg, Sv\u00e9dorsz\u00e1g \u00e9s D\u00e1nia","og_description":"[vc_row content_width=&#8221;grid&#8221; el_class=&#8221;padtop50 padbot50&#8243;][vc_column][vc_column_text] \u00datd\u00edjfizet\u0151 rendszer Hollandi\u00e1ban, Luxemburgban, D\u00e1ni\u00e1ban \u00e9s Sv\u00e9dorsz\u00e1gban: e-vignetta &nbsp; Az e-vignetta Luxemburg, Hollandia, Sv\u00e9dorsz\u00e1g \u00e9s D\u00e1nia k\u00f6z\u00fatjain...","og_url":"https:\/\/www.Eurotoll.eu\/hu\/ajanlatunk\/hollandia-luxemburg-svedorszag-dania\/","og_site_name":"Eurotoll","article_modified_time":"2023-05-03T10:57:43+00:00","twitter_card":"summary_large_image","twitter_misc":{"Becs\u00fclt olvas\u00e1si id\u0151":"1 perc"},"schema":{"@context":"https:\/\/schema.org","@graph":[{"@type":"WebPage","@id":"https:\/\/www.Eurotoll.eu\/hu\/ajanlatunk\/hollandia-luxemburg-svedorszag-dania\/","url":"https:\/\/www.Eurotoll.eu\/hu\/ajanlatunk\/hollandia-luxemburg-svedorszag-dania\/","name":"Hollandia, Luxemburg, Sv\u00e9dorsz\u00e1g \u00e9s D\u00e1nia - Eurotoll","isPartOf":{"@id":"https:\/\/www.Eurotoll.eu\/hu\/#website"},"datePublished":"2016-06-27T07:37:43+00:00","dateModified":"2023-05-03T10:57:43+00:00","breadcrumb":{"@id":"https:\/\/www.Eurotoll.eu\/hu\/ajanlatunk\/hollandia-luxemburg-svedorszag-dania\/#breadcrumb"},"inLanguage":"hu","potentialAction":[{"@type":"ReadAction","target":["https:\/\/www.Eurotoll.eu\/hu\/ajanlatunk\/hollandia-luxemburg-svedorszag-dania\/"]}]},{"@type":"BreadcrumbList","@id":"https:\/\/www.Eurotoll.eu\/hu\/ajanlatunk\/hollandia-luxemburg-svedorszag-dania\/#breadcrumb","itemListElement":[{"@type":"ListItem","position":1,"name":"Accueil","item":"https:\/\/www.Eurotoll.eu\/hu\/"},{"@type":"ListItem","position":2,"name":"Aj\u00e1nlatunk","item":"https:\/\/www.Eurotoll.eu\/hu\/ajanlatunk\/"},{"@type":"ListItem","position":3,"name":"Hollandia, Luxemburg, Sv\u00e9dorsz\u00e1g \u00e9s D\u00e1nia"}]},{"@type":"WebSite","@id":"https:\/\/www.Eurotoll.eu\/hu\/#website","url":"https:\/\/www.Eurotoll.eu\/hu\/","name":"Eurotoll","description":"Acteur cl\u00e9 du t\u00e9l\u00e9p\u00e9age en Europe","potentialAction":[{"@type":"SearchAction","target":{"@type":"EntryPoint","urlTemplate":"https:\/\/www.Eurotoll.eu\/hu\/?s={search_term_string}"},"query-input":{"@type":"PropertyValueSpecification","valueRequired":true,"valueName":"search_term_string"}}],"inLanguage":"hu"}]}},"_links":{"self":[{"href":"https:\/\/www.Eurotoll.eu\/hu\/wp-json\/wp\/v2\/pages\/4798","targetHints":{"allow":["GET"]}}],"collection":[{"href":"https:\/\/www.Eurotoll.eu\/hu\/wp-json\/wp\/v2\/pages"}],"about":[{"href":"https:\/\/www.Eurotoll.eu\/hu\/wp-json\/wp\/v2\/types\/page"}],"author":[{"embeddable":true,"href":"https:\/\/www.Eurotoll.eu\/hu\/wp-json\/wp\/v2\/users\/23"}],"replies":[{"embeddable":true,"href":"https:\/\/www.Eurotoll.eu\/hu\/wp-json\/wp\/v2\/comments?post=4798"}],"version-history":[{"count":14,"href":"https:\/\/www.Eurotoll.eu\/hu\/wp-json\/wp\/v2\/pages\/4798\/revisions"}],"predecessor-version":[{"id":11739,"href":"https:\/\/www.Eurotoll.eu\/hu\/wp-json\/wp\/v2\/pages\/4798\/revisions\/11739"}],"up":[{"embeddable":true,"href":"https:\/\/www.Eurotoll.eu\/hu\/wp-json\/wp\/v2\/pages\/4749"}],"wp:attachment":[{"href":"https:\/\/www.Eurotoll.eu\/hu\/wp-json\/wp\/v2\/media?parent=4798"}],"curies":[{"name":"wp","href":"https:\/\/api.w.org\/{rel}","templated":true}]}}