{"id":5239,"date":"2016-06-07T15:23:54","date_gmt":"2016-06-07T13:23:54","guid":{"rendered":"http:\/\/80.75.152.85\/hu\/notre-accompagnement\/"},"modified":"2025-09-04T11:07:58","modified_gmt":"2025-09-04T09:07:58","slug":"az-eurotoll-ugyfelszolgalata","status":"publish","type":"page","link":"https:\/\/www.Eurotoll.eu\/hu\/az-eurotoll-ugyfelszolgalata\/","title":{"rendered":"Az Eurotoll \u00fcgyf\u00e9lszolg\u00e1lata"},"content":{"rendered":"<p>[vc_row][vc_column][vc_empty_space height=&#8221;50px&#8221;][\/vc_column][\/vc_row][vc_row content_width=&#8221;grid&#8221;][vc_column width=&#8221;1\/4&#8243;][vc_single_image image=&#8221;5109&#8243; img_size=&#8221;200&#215;200&#8243; alignment=&#8221;center&#8221; style=&#8221;vc_box_circle_2&#8243; css_animation=&#8221;top-to-bottom&#8221;][\/vc_column][vc_column width=&#8221;3\/4&#8243;][vc_column_text]<\/p>\n<h3><span style=\"color: #afca0b;\">Az \u00d6n v\u00e1llalat\u00e1nak ig\u00e9nyeihez igazod\u00f3 szervezet:<\/span><\/h3>\n<p>&nbsp;<\/p>\n<ul>\n<li>Mivel az Eurotoll sz\u00e1m\u00e1ra minden \u00fcgyf\u00e9l sz\u00e1m\u00edt, az Eurotoll \u00a0tan\u00e1csad\u00f3i minden k\u00e9rd\u00e9s\u00e9re v\u00e1laszolnak, az \u00c1fa-visszat\u00e9r\u00edt\u00e9s ter\u00e9n szerzett sok \u00e9ves tapasztalatnak k\u00f6sz\u00f6nhet\u0151en<\/li>\n<li>Mivel \u00d6n egy v\u00e1llalatcsoport tagja, v\u00e1llalat\u00e1hoz rendelt\u00fcnk egy \u00fcgyf\u00e9lszolg\u00e1lati tan\u00e1csad\u00f3t, aki nyomon k\u00f6veti el\u0151fizet\u00e9seit partners\u00e9g\u00fcnk teljes ideje alatt.<\/li>\n<li>Pr\u00e9mium \u00fcgyf\u00e9lszolg\u00e1latunk szem\u00e9lyre szabott szolg\u00e1ltat\u00e1sokat biztos\u00edt \u00fatd\u00edjfizet\u00e9se nyomon k\u00f6vet\u00e9s\u00e9nek optimaliz\u00e1l\u00e1sa c\u00e9lj\u00e1b\u00f3l.<\/li>\n<li>Helyi kereskedelmi k\u00e9pvis\u00e9l\u0151ink ismerik azt a gazdas\u00e1gi k\u00f6rnyezetet, amelyben v\u00e1llalata fejl\u0151dik, szem\u00e9lyesen is az \u00d6n rendelkez\u00e9s\u00e9re \u00e1llnak \u00e9s seg\u00edtenek a d\u00f6nt\u00e9shozatalban.<\/li>\n<\/ul>\n<p>[\/vc_column_text][\/vc_column][\/vc_row][vc_row][vc_column][vc_empty_space height=&#8221;50px&#8221;][\/vc_column][\/vc_row][vc_row content_width=&#8221;grid&#8221;][vc_column width=&#8221;1\/4&#8243;][vc_single_image image=&#8221;5149&#8243; img_size=&#8221;200&#215;200&#8243; alignment=&#8221;center&#8221; style=&#8221;vc_box_circle_2&#8243; css_animation=&#8221;top-to-bottom&#8221;][\/vc_column][vc_column width=&#8221;3\/4&#8243;][vc_column_text]<\/p>\n<h3><span style=\"color: #afca0b;\">Proakt\u00edv \u00e9s gyors \u00fcgyf\u00e9lszolg\u00e1lat :<\/span><\/h3>\n<p>Az Eurotoll seg\u00edts\u00e9get ny\u00fajt \u00fatd\u00edjfizet\u00e9s\u00e9nek kezel\u00e9s\u00e9ben azzal, hogy<\/p>\n<ul>\n<li>k\u00f6zvetlen inform\u00e1ci\u00f3t ny\u00fajt az aut\u00f3p\u00e1ly\u00e1kkal kapcsolatos minden esem\u00e9nyr\u0151l (\u00fatd\u00edjak, aut\u00f3p\u00e1ly\u00e1k h\u00edrei)<\/li>\n<li>seg\u00edt az \u00d6n \u00e1ltal is hozz\u00e1f\u00e9rhet\u0151 \u00a0szolg\u00e1ltat\u00e1sok \u00a0\u00e9s eszk\u00f6z\u00f6k kezel\u00e9s\u00e9nek elsaj\u00e1t\u00edt\u00e1s\u00e1ban \u00a0(El\u0151fizet\u0151i fel\u00fclet, nyomk\u00f6vet\u00e9si eszk\u00f6z\u00f6k\u2026)<\/li>\n<li>seg\u00edt \u00fcgyf\u00e9lsz\u00e1ml\u00e1ja kezel\u00e9s\u00e9ben \u00e9s nyomon k\u00f6vet\u00e9s\u00e9ben helyben vagy t\u00e1volr\u00f3l (El\u0151fizet\u0151i fel\u00fclet, nyomk\u00f6vet\u00e9si eszk\u00f6z\u00f6k\u2026)<\/li>\n<li>v\u00e1llalja reklam\u00e1ci\u00f3i int\u00e9z\u00e9s\u00e9t, nyomon k\u00f6vet\u00e9s\u00e9t \u00fcgyf\u00e9lszolg\u00e1lati tan\u00e1csad\u00f3ja \u00fatj\u00e1n<\/li>\n<li>az \u00fatd\u00edj fogyaszt\u00e1sok k\u00f6vet\u00e9s\u00e9re indik\u00e1torokat haszn\u00e1l, ezeket elemzi \u00e9s javaslatokat tesz<\/li>\n<\/ul>\n<p>[\/vc_column_text][\/vc_column][\/vc_row][vc_row][vc_column][vc_empty_space height=&#8221;50px&#8221;][\/vc_column][\/vc_row][vc_row content_width=&#8221;grid&#8221;][vc_column width=&#8221;1\/4&#8243;][vc_single_image image=&#8221;5135&#8243; img_size=&#8221;200&#215;200&#8243; alignment=&#8221;center&#8221; style=&#8221;vc_box_circle_2&#8243; css_animation=&#8221;top-to-bottom&#8221;][\/vc_column][vc_column width=&#8221;3\/4&#8243;][vc_column_text]<\/p>\n<h3><span style=\"color: #afca0b;\">T\u00f6bbnyelv\u0171 \u00fcgyf\u00e9lszolg\u00e1lat :<\/span><\/h3>\n<p>Mivel az Eurotoll az \u00fatd\u00edjfizet\u00e9s elismert szolg\u00e1ltat\u00f3ja \u00e9s nyitott a nemzetk\u00f6zi piacra, \u00fcgyf\u00e9lszolg\u00e1lati tan\u00e1csad\u00f3ink besz\u00e9lik az \u00d6n nyelv\u00e9t:<\/p>\n<ul>\n<li>francia<\/li>\n<li>angol<\/li>\n<li>spanyol<\/li>\n<li>olasz<\/li>\n<li>lengyel<\/li>\n<li>n\u00e9met<\/li>\n<li>portug\u00e1l<\/li>\n<li>magyar<\/li>\n<li>rom\u00e1n<\/li>\n<li>szlov\u00e1k<\/li>\n<\/ul>\n<p>[\/vc_column_text][\/vc_column][\/vc_row][vc_row][vc_column][vc_empty_space height=&#8221;50px&#8221;][\/vc_column][\/vc_row][vc_row content_width=&#8221;grid&#8221;][vc_column width=&#8221;1\/4&#8243;][vc_single_image image=&#8221;5157&#8243; img_size=&#8221;200&#215;200&#8243; alignment=&#8221;center&#8221; style=&#8221;vc_box_circle_2&#8243; css_animation=&#8221;top-to-bottom&#8221;][\/vc_column][vc_column width=&#8221;3\/4&#8243;][vc_column_text]<\/p>\n<h3><span style=\"color: #afca0b;\">Szolg\u00e1ltat\u00e1s min\u0151s\u00e9gbiztos\u00edt\u00e1s :<\/span><\/h3>\n<p>&nbsp;<\/p>\n<p>A n\u00e9h\u00e1ny \u00e9ve elind\u00edtott KPI (kulcs teljes\u00edtm\u00e9ny mutat\u00f3) k\u00f6vet\u00e9se lehet\u0151v\u00e9 teszi szolg\u00e1ltat\u00e1saink min\u0151s\u00e9g\u00e9nek folyamatos jav\u00edt\u00e1s\u00e1t:<\/p>\n<ul>\n<li>Sz\u00e1ll\u00edt\u00e1si hat\u00e1rid\u0151k betart\u00e1sa: 1-4 munkanap<\/li>\n<li>Az aut\u00f3p\u00e1lya koncesszi\u00f3s t\u00e1rsas\u00e1gok sz\u00e1ml\u00e1ival kapcsolatos \u00fcgyf\u00e9lreklam\u00e1ci\u00f3k 6 munkanapon bel\u00fcl t\u00f6rt\u00e9n\u0151 kezel\u00e9se (84%-\u00e1nak j\u00f3v\u00e1\u00edr\u00e1sa)<\/li>\n<\/ul>\n<p>[\/vc_column_text][\/vc_column][\/vc_row][vc_row][vc_column][vc_empty_space height=&#8221;50px&#8221;][\/vc_column][\/vc_row]<\/p>\n","protected":false},"excerpt":{"rendered":"<p>[vc_row][vc_column][vc_empty_space height=&#8221;50px&#8221;][\/vc_column][\/vc_row][vc_row content_width=&#8221;grid&#8221;][vc_column width=&#8221;1\/4&#8243;][vc_single_image image=&#8221;5109&#8243; img_size=&#8221;200&#215;200&#8243; alignment=&#8221;center&#8221; style=&#8221;vc_box_circle_2&#8243; css_animation=&#8221;top-to-bottom&#8221;][\/vc_column][vc_column width=&#8221;3\/4&#8243;][vc_column_text] Az \u00d6n v\u00e1llalat\u00e1nak ig\u00e9nyeihez igazod\u00f3 szervezet: &nbsp; Mivel az Eurotoll sz\u00e1m\u00e1ra&#8230;<\/p>\n","protected":false},"author":23,"featured_media":0,"parent":0,"menu_order":0,"comment_status":"closed","ping_status":"closed","template":"full-width.php","meta":{"footnotes":""},"class_list":["post-5239","page","type-page","status-publish","hentry"],"yoast_head":"<!-- This site is optimized with the Yoast SEO Premium plugin v26.7 (Yoast SEO v26.7) - https:\/\/yoast.com\/wordpress\/plugins\/seo\/ -->\n<title>Az Eurotoll \u00fcgyf\u00e9lszolg\u00e1lata - Eurotoll<\/title>\n<meta name=\"robots\" content=\"index, follow, max-snippet:-1, max-image-preview:large, max-video-preview:-1\" \/>\n<link rel=\"canonical\" href=\"https:\/\/www.Eurotoll.eu\/hu\/az-eurotoll-ugyfelszolgalata\/\" \/>\n<meta property=\"og:locale\" content=\"hu_HU\" \/>\n<meta property=\"og:type\" content=\"article\" \/>\n<meta property=\"og:title\" content=\"Az Eurotoll \u00fcgyf\u00e9lszolg\u00e1lata\" \/>\n<meta property=\"og:description\" content=\"[vc_row][vc_column][vc_empty_space height=&#8221;50px&#8221;][\/vc_column][\/vc_row][vc_row content_width=&#8221;grid&#8221;][vc_column width=&#8221;1\/4&#8243;][vc_single_image image=&#8221;5109&#8243; img_size=&#8221;200&#215;200&#8243; alignment=&#8221;center&#8221; style=&#8221;vc_box_circle_2&#8243; css_animation=&#8221;top-to-bottom&#8221;][\/vc_column][vc_column width=&#8221;3\/4&#8243;][vc_column_text] Az \u00d6n v\u00e1llalat\u00e1nak ig\u00e9nyeihez igazod\u00f3 szervezet: &nbsp; Mivel az Eurotoll sz\u00e1m\u00e1ra...\" \/>\n<meta property=\"og:url\" content=\"https:\/\/www.Eurotoll.eu\/hu\/az-eurotoll-ugyfelszolgalata\/\" \/>\n<meta property=\"og:site_name\" content=\"Eurotoll\" \/>\n<meta property=\"article:modified_time\" content=\"2025-09-04T09:07:58+00:00\" \/>\n<meta name=\"twitter:card\" content=\"summary_large_image\" \/>\n<meta name=\"twitter:label1\" content=\"Becs\u00fclt olvas\u00e1si id\u0151\" \/>\n\t<meta name=\"twitter:data1\" content=\"2 perc\" \/>\n<script type=\"application\/ld+json\" class=\"yoast-schema-graph\">{\"@context\":\"https:\/\/schema.org\",\"@graph\":[{\"@type\":\"WebPage\",\"@id\":\"https:\/\/www.Eurotoll.eu\/hu\/az-eurotoll-ugyfelszolgalata\/\",\"url\":\"https:\/\/www.Eurotoll.eu\/hu\/az-eurotoll-ugyfelszolgalata\/\",\"name\":\"Az Eurotoll \u00fcgyf\u00e9lszolg\u00e1lata - Eurotoll\",\"isPartOf\":{\"@id\":\"https:\/\/www.Eurotoll.eu\/hu\/#website\"},\"datePublished\":\"2016-06-07T13:23:54+00:00\",\"dateModified\":\"2025-09-04T09:07:58+00:00\",\"breadcrumb\":{\"@id\":\"https:\/\/www.Eurotoll.eu\/hu\/az-eurotoll-ugyfelszolgalata\/#breadcrumb\"},\"inLanguage\":\"hu\",\"potentialAction\":[{\"@type\":\"ReadAction\",\"target\":[\"https:\/\/www.Eurotoll.eu\/hu\/az-eurotoll-ugyfelszolgalata\/\"]}]},{\"@type\":\"BreadcrumbList\",\"@id\":\"https:\/\/www.Eurotoll.eu\/hu\/az-eurotoll-ugyfelszolgalata\/#breadcrumb\",\"itemListElement\":[{\"@type\":\"ListItem\",\"position\":1,\"name\":\"Accueil\",\"item\":\"https:\/\/www.Eurotoll.eu\/hu\/\"},{\"@type\":\"ListItem\",\"position\":2,\"name\":\"Az Eurotoll \u00fcgyf\u00e9lszolg\u00e1lata\"}]},{\"@type\":\"WebSite\",\"@id\":\"https:\/\/www.Eurotoll.eu\/hu\/#website\",\"url\":\"https:\/\/www.Eurotoll.eu\/hu\/\",\"name\":\"Eurotoll\",\"description\":\"Acteur cl\u00e9 du t\u00e9l\u00e9p\u00e9age en Europe\",\"potentialAction\":[{\"@type\":\"SearchAction\",\"target\":{\"@type\":\"EntryPoint\",\"urlTemplate\":\"https:\/\/www.Eurotoll.eu\/hu\/?s={search_term_string}\"},\"query-input\":{\"@type\":\"PropertyValueSpecification\",\"valueRequired\":true,\"valueName\":\"search_term_string\"}}],\"inLanguage\":\"hu\"}]}<\/script>\n<!-- \/ Yoast SEO Premium plugin. -->","yoast_head_json":{"title":"Az Eurotoll \u00fcgyf\u00e9lszolg\u00e1lata - Eurotoll","robots":{"index":"index","follow":"follow","max-snippet":"max-snippet:-1","max-image-preview":"max-image-preview:large","max-video-preview":"max-video-preview:-1"},"canonical":"https:\/\/www.Eurotoll.eu\/hu\/az-eurotoll-ugyfelszolgalata\/","og_locale":"hu_HU","og_type":"article","og_title":"Az Eurotoll \u00fcgyf\u00e9lszolg\u00e1lata","og_description":"[vc_row][vc_column][vc_empty_space height=&#8221;50px&#8221;][\/vc_column][\/vc_row][vc_row content_width=&#8221;grid&#8221;][vc_column width=&#8221;1\/4&#8243;][vc_single_image image=&#8221;5109&#8243; img_size=&#8221;200&#215;200&#8243; alignment=&#8221;center&#8221; style=&#8221;vc_box_circle_2&#8243; css_animation=&#8221;top-to-bottom&#8221;][\/vc_column][vc_column width=&#8221;3\/4&#8243;][vc_column_text] Az \u00d6n v\u00e1llalat\u00e1nak ig\u00e9nyeihez igazod\u00f3 szervezet: &nbsp; Mivel az Eurotoll sz\u00e1m\u00e1ra...","og_url":"https:\/\/www.Eurotoll.eu\/hu\/az-eurotoll-ugyfelszolgalata\/","og_site_name":"Eurotoll","article_modified_time":"2025-09-04T09:07:58+00:00","twitter_card":"summary_large_image","twitter_misc":{"Becs\u00fclt olvas\u00e1si id\u0151":"2 perc"},"schema":{"@context":"https:\/\/schema.org","@graph":[{"@type":"WebPage","@id":"https:\/\/www.Eurotoll.eu\/hu\/az-eurotoll-ugyfelszolgalata\/","url":"https:\/\/www.Eurotoll.eu\/hu\/az-eurotoll-ugyfelszolgalata\/","name":"Az Eurotoll \u00fcgyf\u00e9lszolg\u00e1lata - Eurotoll","isPartOf":{"@id":"https:\/\/www.Eurotoll.eu\/hu\/#website"},"datePublished":"2016-06-07T13:23:54+00:00","dateModified":"2025-09-04T09:07:58+00:00","breadcrumb":{"@id":"https:\/\/www.Eurotoll.eu\/hu\/az-eurotoll-ugyfelszolgalata\/#breadcrumb"},"inLanguage":"hu","potentialAction":[{"@type":"ReadAction","target":["https:\/\/www.Eurotoll.eu\/hu\/az-eurotoll-ugyfelszolgalata\/"]}]},{"@type":"BreadcrumbList","@id":"https:\/\/www.Eurotoll.eu\/hu\/az-eurotoll-ugyfelszolgalata\/#breadcrumb","itemListElement":[{"@type":"ListItem","position":1,"name":"Accueil","item":"https:\/\/www.Eurotoll.eu\/hu\/"},{"@type":"ListItem","position":2,"name":"Az Eurotoll \u00fcgyf\u00e9lszolg\u00e1lata"}]},{"@type":"WebSite","@id":"https:\/\/www.Eurotoll.eu\/hu\/#website","url":"https:\/\/www.Eurotoll.eu\/hu\/","name":"Eurotoll","description":"Acteur cl\u00e9 du t\u00e9l\u00e9p\u00e9age en Europe","potentialAction":[{"@type":"SearchAction","target":{"@type":"EntryPoint","urlTemplate":"https:\/\/www.Eurotoll.eu\/hu\/?s={search_term_string}"},"query-input":{"@type":"PropertyValueSpecification","valueRequired":true,"valueName":"search_term_string"}}],"inLanguage":"hu"}]}},"_links":{"self":[{"href":"https:\/\/www.Eurotoll.eu\/hu\/wp-json\/wp\/v2\/pages\/5239","targetHints":{"allow":["GET"]}}],"collection":[{"href":"https:\/\/www.Eurotoll.eu\/hu\/wp-json\/wp\/v2\/pages"}],"about":[{"href":"https:\/\/www.Eurotoll.eu\/hu\/wp-json\/wp\/v2\/types\/page"}],"author":[{"embeddable":true,"href":"https:\/\/www.Eurotoll.eu\/hu\/wp-json\/wp\/v2\/users\/23"}],"replies":[{"embeddable":true,"href":"https:\/\/www.Eurotoll.eu\/hu\/wp-json\/wp\/v2\/comments?post=5239"}],"version-history":[{"count":6,"href":"https:\/\/www.Eurotoll.eu\/hu\/wp-json\/wp\/v2\/pages\/5239\/revisions"}],"predecessor-version":[{"id":11745,"href":"https:\/\/www.Eurotoll.eu\/hu\/wp-json\/wp\/v2\/pages\/5239\/revisions\/11745"}],"wp:attachment":[{"href":"https:\/\/www.Eurotoll.eu\/hu\/wp-json\/wp\/v2\/media?parent=5239"}],"curies":[{"name":"wp","href":"https:\/\/api.w.org\/{rel}","templated":true}]}}