{"id":5348,"date":"2016-09-08T09:42:57","date_gmt":"2016-09-08T07:42:57","guid":{"rendered":"http:\/\/80.75.152.85\/hu\/faq\/"},"modified":"2025-05-09T15:10:08","modified_gmt":"2025-05-09T13:10:08","slug":"faq","status":"publish","type":"page","link":"https:\/\/www.Eurotoll.eu\/hu\/faq\/","title":{"rendered":"F.A.Q"},"content":{"rendered":"<p>[vc_row][vc_column][vc_column_text]<\/p>\n<h1 style=\"text-align: center;\"><span style=\"color: #035e7e;\">Elektronikus \u00fatd\u00edj \u2013 Hogyan m\u0171k\u00f6dik?<\/span><\/h1>\n<p>[\/vc_column_text][\/vc_column][\/vc_row][vc_row][vc_column][vc_empty_space height=&#8221;50px&#8221;][\/vc_column][\/vc_row][vc_row][vc_column][vc_column_text]<\/p>\n<h3><span style=\"color: #035e7e;\">A- Mi az az elektronikus \u00fatd\u00edj?<\/span><\/h3>\n<p>&nbsp;<\/p>\n<p>Az <strong>elektronikus<\/strong> \u00fatd\u00edj egy olyan \u201e \u00e9rintkez\u00e9s n\u00e9lk\u00fcli\u201d fizet\u00e9si rendszer, amely lehet\u0151v\u00e9 teszi az d\u00edjk\u00f6teles \u00fath\u00e1l\u00f3zatokon t\u00f6rt\u00e9n\u0151 k\u00f6zleked\u00e9st. A rendszer \u00e1ltal\u00e1ban egy, a j\u00e1rm\u0171 sz\u00e9lv\u00e9d\u0151j\u00e9re r\u00f6gz\u00edtett k\u00e9sz\u00fcl\u00e9kb\u0151l (OBU: On Board Unit \u2013 fed\u00e9lzeti egys\u00e9g) \u00e1ll.<\/p>\n<p>&nbsp;<\/p>\n<h3><span style=\"color: #035e7e;\">B- Melyek az \u00fatd\u00edjfizet\u00e9si rendszer fajt\u00e1i?<\/span><\/h3>\n<p>&nbsp;<\/p>\n<ul>\n<li><strong><span style=\"color: #000000;\">\u00c9rz\u00e9kel\u0151 kapu<\/span><\/strong><\/li>\n<\/ul>\n<p>&nbsp;<\/p>\n<p>Az ehhez haszn\u00e1lt kommunik\u00e1ci\u00f3s szabv\u00e1ny a DSRC (c\u00e9lorient\u00e1lt r\u00f6vid t\u00e1vols\u00e1g\u00fa kommunik\u00e1ci\u00f3). A j\u00e1rm\u0171vekbe szerelt rendszer egy, a sz\u00e9lv\u00e9d\u0151re r\u00f6gz\u00edtett k\u00e9sz\u00fcl\u00e9kb\u0151l \u00e1ll, ami olyan mikrohull\u00e1mokat sug\u00e1roz, melyeket a fizet\u0151s szakasz bej\u00e1rat\u00e1n\u00e1l \u00e9s kij\u00e1rat\u00e1n\u00e1l l\u00e9v\u0151 \u00fatd\u00edjszed\u0151 s\u00e1vokban elhelyezett vev\u0151egys\u00e9g \u00e9rz\u00e9kel, vagy a h\u00e1l\u00f3zaton tal\u00e1lhat\u00f3 kapuk \u00e9rz\u00e9kelnek.<\/p>\n<p>&nbsp;<\/p>\n<blockquote><p><strong><span style=\"color: #000000;\">Mely orsz\u00e1gokban?<\/span><\/strong><\/p><\/blockquote>\n<p>Franciaorsz\u00e1gban, Spanyolorsz\u00e1gban, Portug\u00e1li\u00e1ban, a belgiumi Liefkenshoek-alag\u00fatban, tov\u00e1bb\u00e1 \u0151rz\u00f6tt parkol\u00f3k fizet\u00e9se Franciaorsz\u00e1gban \u00e9s Spanyolorsz\u00e1gban. Az Eurotoll \u00fcgyfeleinek olyan egyedi Eurotoll k\u00e9sz\u00fcl\u00e9ket k\u00edn\u00e1l, melynek seg\u00edts\u00e9g\u00e9vel szabadon lehet k\u00f6zlekedni e 4 orsz\u00e1gban.<\/p>\n<p>&nbsp;<\/p>\n<ul>\n<li><strong><span style=\"color: #000000;\">M\u0171hold<\/span><\/strong><\/li>\n<\/ul>\n<p>&nbsp;<\/p>\n<p>A j\u00e1rm\u0171veket olyan k\u00e9sz\u00fcl\u00e9kkel kell ell\u00e1tni, ami lehet\u0151v\u00e9 teszi a j\u00e1rm\u0171vek helyzet\u00e9nek GPS jelek seg\u00edts\u00e9g\u00e9vel t\u00f6rt\u00e9n\u0151 m\u0171holdas \u00e9rz\u00e9kel\u00e9s\u00e9t. Ezek a k\u00f3dolt jelek a GSM telefonh\u00e1l\u00f3zat r\u00e9v\u00e9n ker\u00fclnek tov\u00e1bb\u00edt\u00e1sra, hogy azokat figyelembe v\u00e9ve lehet\u0151v\u00e9 tegy\u00e9k a sz\u00e1ml\u00e1z\u00e1st.<\/p>\n<p>&nbsp;<\/p>\n<blockquote><p><strong><span style=\"color: #000000;\">Mely orsz\u00e1gokban?<\/span><\/strong><\/p><\/blockquote>\n<p><span style=\"color: #000000;\">N\u00e9metorsz\u00e1gban \u00e9s Belgiumban.<\/span><\/p>\n<p>&nbsp;<\/p>\n<ul>\n<li><strong><span style=\"color: #000000;\">Matric\u00e1k<\/span><\/strong><\/li>\n<\/ul>\n<p>&nbsp;<\/p>\n<p>Bizonyos orsz\u00e1gokban az ott t\u00f6rt\u00e9n\u0151 k\u00f6zleked\u00e9shez matric\u00e1t kell v\u00e1s\u00e1rolni, ami lehet\u0151v\u00e9 teszi, hogy a teljes h\u00e1l\u00f3zaton k\u00f6zlekedj\u00fcnk egy el\u0151re meghat\u00e1rozott ideig.<br \/>\nAz Eurotoll k\u00e1rty\u00e1nak k\u00f6sz\u00f6nhet\u0151en k\u00f6nnyed\u00e9n megv\u00e1s\u00e1rolhatja matric\u00e1it Sv\u00e1jcba \u00e9s az e-vignetta orsz\u00e1gokba. V\u00e1s\u00e1rl\u00e1sait Eurotoll sz\u00e1ml\u00e1j\u00e1n fizetheti \u00e9s k\u00f6vetheti nyomon.<\/p>\n<p>&nbsp;<\/p>\n<blockquote><p><strong><span style=\"color: #000000;\">Mely orsz\u00e1gokban?<\/span><\/strong><\/p><\/blockquote>\n<p><span style=\"color: #000000;\">Sv\u00e1jcban, D\u00e1ni\u00e1ban, Luxemburgban, Hollandi\u00e1ban, Sv\u00e9dorsz\u00e1gban.<\/span><\/p>\n<p>&nbsp;<\/p>\n<h3><span style=\"color: #01b1ec;\"><span style=\"color: #035e7e;\">C- \u00c1tj\u00e1rhat\u00f3 h\u00e1l\u00f3zatok Eur\u00f3p\u00e1ban<\/span> <\/span><\/h3>\n<p>&nbsp;<\/p>\n<p>Az Eurotoll, mely folyamatosan b\u0151v\u00edti az \u00fatd\u00edjk\u00f6teles eur\u00f3pai h\u00e1l\u00f3zatokhoz val\u00f3 hozz\u00e1f\u00e9r\u00e9ssel kapcsolatos aj\u00e1nlatait, k\u00fcl\u00f6nf\u00e9le k\u00e9sz\u00fcl\u00e9keket \u00e9s \u00fatd\u00edjfizet\u00e9s elfogad\u00e1si m\u00f3dszereket bocs\u00e1t az \u00d6n rendelkez\u00e9s\u00e9re, melyek lehet\u0151v\u00e9 teszik, hogy 15 eur\u00f3pai orsz\u00e1gban \u00e9s az eur\u00f3pai d\u00edjk\u00f6teles \u00fath\u00e1l\u00f3zat k\u00f6r\u00fclbel\u00fcl 85%-\u00e1n k\u00f6zlekedjen.<br \/>\n2016. j\u00fanius 10-\u00e9n az Eurotoll bejegyz\u00e9sre ker\u00fclt az ETS-szolg\u00e1ltat\u00f3k list\u00e1j\u00e1ba, ami \u00faj fejezetet jelent az Eurotoll sz\u00e1m\u00e1ra az eur\u00f3pai \u00e1tj\u00e1rhat\u00f3s\u00e1g fel\u00e9 vezet\u0151 \u00faton.<\/p>\n<p>&nbsp;<\/p>\n<ul>\n<li><strong><span style=\"color: #000000;\">Mi az az ETS (eur\u00f3pai \u00fad\u00edjszed\u00e9si szolg\u00e1ltat\u00e1s)?<\/span><\/strong><\/li>\n<\/ul>\n<p>&nbsp;<\/p>\n<p><span style=\"color: #000000;\">Ezt jogilag a 2004\/52\/EK ir\u00e1nyelv \u00e9s a 2009. okt\u00f3ber 6-ai 2009\/750\/EK eur\u00f3pai k\u00f6z\u00f6ss\u00e9gi hat\u00e1rozat defini\u00e1lja. Tov\u00e1bbi inform\u00e1ci\u00f3k\u00e9rt k\u00e9rj\u00fck, kattintson az al\u00e1bbi linkre:<br \/>\n<a href=\"http:\/\/ec.europa.eu\/transport\/media\/publications\/doc\/2011-eets-european-electronic-toll-service_fr.pdf\" target=\"_blank\" rel=\"noopener\">http:\/\/ec.europa.eu\/transport\/media\/publications\/doc\/2011-eets-european-electronic-toll-service_fr.pdf<\/a><br \/>\n<\/span><\/p>\n<p>&nbsp;<\/p>\n<h3><span style=\"color: #035e7e;\">D- Hol tal\u00e1lhatok inform\u00e1ci\u00f3t a francia \u00fatd\u00edjh\u00e1l\u00f3zatr\u00f3l?<\/span><\/h3>\n<p>&nbsp;<\/p>\n<p>A h\u00e1l\u00f3zati t\u00e9rk\u00e9pek, a sebess\u00e9ghat\u00e1rok, a j\u00e1rm\u0171-oszt\u00e1lyoz\u00e1s, az \u00fatvonalak megtal\u00e1lhat\u00f3k az ASFA (Francia Aut\u00f3p\u00e1lya T\u00e1rsas\u00e1gok Sz\u00f6vets\u00e9ge) weboldal\u00e1n: <a href=\"http:\/\/www.autoroutes.fr\/index.htm\" target=\"_blank\" rel=\"noopener\">http:\/\/www.autoroutes.fr\/index.htm<\/a><\/p>\n<p>&nbsp;<\/p>\n<h3><span style=\"color: #035e7e;\">E- Hol tal\u00e1lhatok h\u00edreket a francia k\u00f6zutakon \u00e9s aut\u00f3p\u00e1ly\u00e1kon k\u00f6zleked\u0151 j\u00e1rm\u0171veimmel kapcsolatban?<\/span><\/h3>\n<p>&nbsp;<\/p>\n<p>Val\u00f3s idej\u0171 k\u00f6zleked\u00e9si inform\u00e1ci\u00f3k az ASFA weboldal\u00e1n: <a href=\"http:\/\/www.autoroutes.fr\/fr\/trafic-en-temps-reel.htm\" target=\"_blank\" rel=\"noopener\">http:\/\/www.autoroutes.fr\/fr\/trafic-en-temps-reel.htm<\/a>, vagy Bison fut\u00e9 [francia \u00fatinform] weboldal\u00e1n: <a href=\"http:\/\/www.bison-fute.gouv.fr\/maintenant.html\" target=\"_blank\" rel=\"noopener\">http:\/\/www.bison-fute.gouv.fr\/maintenant.html<\/a><br \/>\nK\u00f6zleked\u00e9si korl\u00e1toz\u00e1sok konkr\u00e9t aut\u00f3p\u00e1ly\u00e1n vagy k\u00f6z\u00faton a neh\u00e9z teherg\u00e9pj\u00e1rm\u0171vek sz\u00e1m\u00e1ra: a Bison fut\u00e9 weboldalon<a href=\"http:\/\/www.bison-fute.gouv.fr\/actualites.html\" target=\"_blank\" rel=\"noopener\"> http:\/\/www.bison-fute.gouv.fr\/actualites.html <\/a>[\/vc_column_text][\/vc_column][\/vc_row][vc_row][vc_column][vc_empty_space height=&#8221;50px&#8221;][\/vc_column][\/vc_row][vc_row][vc_column]<div class=\"qodef-separator-holder clearfix  qodef-separator-center\">\r\n\t<div class=\"qodef-separator\" style=\"border-color: #81d742;width: 300px;border-width: 4px;margin-bottom: 40px\"><\/div>\r\n<\/div>\r\n[\/vc_column][\/vc_row][vc_row][vc_column][vc_column_text]<\/p>\n<h1 style=\"text-align: center;\"><span style=\"color: #035e7e;\">Hogyan t\u00e1mogatja \u00d6nt az Eurotoll?<\/span><\/h1>\n<p>[\/vc_column_text][\/vc_column][\/vc_row][vc_row][vc_column][vc_empty_space height=&#8221;50px&#8221;][\/vc_column][\/vc_row][vc_row][vc_column][vc_column_text]<\/p>\n<h3><span style=\"color: #035e7e;\">A- Mely orsz\u00e1gokat \u201efedi le\u201d az Eurotoll aj\u00e1nlatai?<\/span><\/h3>\n<p>&nbsp;<\/p>\n<p><span style=\"color: #000000;\">Az Eurotoll aj\u00e1nlatai r\u00e9v\u00e9n 21 eur\u00f3pai orsz\u00e1gban k\u00f6zlekedhet.<br \/>\nL\u00e1togasson el weboldalunkra: <a href=\"https:\/\/www.Eurotoll.eu\/hu\/szolgaltatasaink\/\">szolgaltatasaink<\/a><br \/>\n<\/span><\/p>\n<p>&nbsp;<\/p>\n<h3><span style=\"color: #035e7e;\">B- Melyek az Eurotoll el\u0151fizet\u0151i fel\u00fclet el\u0151nyei?<\/span><\/h3>\n<p>&nbsp;<\/p>\n<ul>\n<li>\u00c1ttekint\u0151 t\u00e1bl\u00e1zatok, melyekkel k\u00f6nnyen nyomon k\u00f6vetheti \u00fatd\u00edjainak alakul\u00e1s\u00e1t, havi vagy \u00e9ves bont\u00e1sban.<\/li>\n<li>Riaszt\u00e1sok, hogy f\u00e9ken tartsa k\u00f6lts\u00e9geit.<\/li>\n<li>Tev\u00e9kenys\u00e9gi jelent\u00e9sek, melyek j\u00e1rm\u0171vek, alflott\u00e1k, \u00fcgyfelek, \u00fczembentart\u00f3k stb. szerint korl\u00e1tlanul szem\u00e9lyre szabhat\u00f3k, hogy k\u00f6vetni tudja \u00fatd\u00edjfizet\u00e9si tev\u00e9kenys\u00e9g\u00e9t, \u00e9s az adatokat egyszer\u0171en integr\u00e1lhassa szakmai eszk\u00f6zeibe.<\/li>\n<\/ul>\n<p>&nbsp;<\/p>\n<h3><span style=\"color: #035e7e;\">C- Hogyan k\u00f6thet\u0151 szerz\u0151d\u00e9s az Eurotoll-lal?<\/span><\/h3>\n<p>&nbsp;<\/p>\n<ul>\n<li>T\u00f6ltse ki a weboldalunkon tal\u00e1lhat\u00f3 online \u0171rlapot<\/li>\n<li>L\u00e9pjen kapcsolatba \u00fcgyf\u00e9lszolg\u00e1latunkkal\n<ul>\n<li>E-mailen: <a href=\"mailto:contact@eurotoll.eu\">contact@eurotoll.eu<\/a><\/li>\n<li>Telefonon: +36 1 901 10 00<\/li>\n<li>Vegye fel a kapcsolatot \u00e9rt\u00e9kes\u00edt\u00e9si k\u00e9pvisel\u0151j\u00e9vel<\/li>\n<\/ul>\n<\/li>\n<\/ul>\n<p>&nbsp;<\/p>\n<h3><span style=\"color: #035e7e;\">D- Mi a k\u00fcl\u00f6nbs\u00e9g a Lumesia T-Pass k\u00e9sz\u00fcl\u00e9k \u00e9s a TISPL Eurotoll k\u00e9sz\u00fcl\u00e9k k\u00f6z\u00f6tt?<\/span><\/h3>\n<p>&nbsp;<\/p>\n<ul>\n<li>A Lumesia T-Pass k\u00e9sz\u00fcl\u00e9k azon k\u00f6nny\u0171 g\u00e9pj\u00e1rm\u0171vek sz\u00e1m\u00e1ra, melyek legnagyobb megengedett \u00f6sszt\u00f6mege 3,5 tonn\u00e1n\u00e1l nem nagyobb, ill. a magass\u00e1ga 3 m\u00e9tert nem haladja meg (szem\u00e9lyaut\u00f3, motorker\u00e9kp\u00e1r, kisteheraut\u00f3 stb.). Ezzel az Eurotoll el\u0151fizet\u0151i fel\u00fclet \u00f6sszes szolg\u00e1ltat\u00e1s\u00e1t \u00e9s figyelmeztet\u0151 jelz\u00e9seit \u00e9lvezheti.<\/li>\n<li>A TISPL (T\u00e9l\u00e9p\u00e9age Inter Soci\u00e9t\u00e9 Poids Lourds \u2013 neh\u00e9z teherg\u00e9pj\u00e1rm\u0171 \u00fatd\u00edjfizet\u0151 k\u00e9sz\u00fcl\u00e9k) a 3,5 tonna \u00f6sszt\u00f6meget meghalad\u00f3, illetve 3 m\u00e9ter magas vagy azt meghalad\u00f3 neh\u00e9z teherg\u00e9pj\u00e1rm\u0171vek sz\u00e1m\u00e1ra fenntartott Eurotoll k\u00e9sz\u00fcl\u00e9k. A k\u00e9sz\u00fcl\u00e9kre t\u00f6rt\u00e9n\u0151 el\u0151fizet\u00e9s lehet\u0151v\u00e9 teszi, hogy r\u00e9szes\u00fclj\u00f6n a francia aut\u00f3p\u00e1lya t\u00e1rsas\u00e1gok \u00e1ltal ny\u00fajtott kedvezm\u00e9nyekb\u0151l.<\/li>\n<\/ul>\n<p>&nbsp;<\/p>\n<h3><span style=\"color: #035e7e;\">E- Melyek az Eurotoll \u201emindent mag\u00e1ba foglal\u00f3\u201d k\u00e9sz\u00fcl\u00e9k\u00e9nek ?<\/span><\/h3>\n<p>&nbsp;<\/p>\n<ul>\n<li>Egyszer\u0171s\u00e9g:\n<ul>\n<li>Egy \u201emindent mag\u00e1ba foglal\u00f3\u201d \u00e9s csatlakoztat\u00e1s ut\u00e1n haszn\u00e1latra k\u00e9sz k\u00e9sz\u00fcl\u00e9k:\n<ul>\n<li>Amellyel hozz\u00e1f\u00e9r az eur\u00f3pai \u00fatd\u00edjszed\u00e9si h\u00e1l\u00f3zatokhoz (Franciaorsz\u00e1gban, Spanyolorsz\u00e1gban, Portug\u00e1li\u00e1ban, a belgiumi Liefkenshoek-alag\u00fathoz, hamarosan Ausztri\u00e1ban, Belgiumban stb.).<\/li>\n<li>Amellyel \u00e9lvezheti a fuvaroz\u00f3k sz\u00e1m\u00e1ra tervezett helymeghat\u00e1roz\u00f3 szolg\u00e1ltat\u00e1s el\u0151nyeit.<\/li>\n<\/ul>\n<\/li>\n<li>\u00a0Egyetlen szerz\u0151d\u00e9s<\/li>\n<\/ul>\n<\/li>\n<\/ul>\n<ul>\n<li>Biztons\u00e1g:\n<ul>\n<li>Az Eurotoll a k\u00e9sz\u00fcl\u00e9khez kapcsolt helymeghat\u00e1roz\u00f3 szolg\u00e1ltat\u00e1s \u00fatt\u00f6r\u0151je.<\/li>\n<\/ul>\n<\/li>\n<li>\u00a0Megtakar\u00edt\u00e1s:\n<ul>\n<li>A j\u00e1rm\u0171h\u00f6z t\u00f6rt\u00e9n\u0151 csatlakoztat\u00e1s ut\u00e1n haszn\u00e1latra k\u00e9sz k\u00e9sz\u00fcl\u00e9k, melyn\u00e9l nincs sz\u00fcks\u00e9g szakember \u00e1ltali beavatkoz\u00e1sra.<\/li>\n<li>Lehet\u0151v\u00e9 teszi \u00d6nnek, hogy Franciaorsz\u00e1gban \u00e9s Eur\u00f3p\u00e1ban (Spanyolorsz\u00e1g) az \u00fatd\u00edjfizet\u0151 h\u00e1l\u00f3zatok maxim\u00e1lis kedvezm\u00e9nyeiben r\u00e9szes\u00fclj\u00f6n.<\/li>\n<\/ul>\n<\/li>\n<\/ul>\n<p>[\/vc_column_text][\/vc_column][\/vc_row][vc_row][vc_column][vc_empty_space height=&#8221;50px&#8221;][\/vc_column][\/vc_row][vc_row][vc_column]<div class=\"qodef-separator-holder clearfix  qodef-separator-center\">\r\n\t<div class=\"qodef-separator\" style=\"border-color: #81d742;width: 300px;border-width: 4px;margin-bottom: 40px\"><\/div>\r\n<\/div>\r\n[\/vc_column][\/vc_row][vc_row][vc_column][vc_column_text]<\/p>\n<h1 style=\"text-align: center;\"><span style=\"color: #01b1ec;\"><span style=\"color: #035e7e;\">Sz\u00f3szedet<\/span><br \/>\n<\/span><\/h1>\n<p>[\/vc_column_text][\/vc_column][\/vc_row][vc_row][vc_column][vc_empty_space height=&#8221;50px&#8221;][\/vc_column][\/vc_row][vc_row][vc_column][vc_column_text]<span style=\"color: #035e7e;\">Mi az az OBU?<\/span>[\/vc_column_text][vc_column_text]OBU = On Board Unit (fed\u00e9lzeti egys\u00e9g).<br \/>\nFizet\u00e9si m\u00f3d, mely \u00e1ltal\u00e1ban a j\u00e1rm\u0171 sz\u00e9lv\u00e9d\u0151j\u00e9re r\u00f6gz\u00edtett.[\/vc_column_text][\/vc_column][\/vc_row][vc_row][vc_column][vc_empty_space height=&#8221;20px&#8221;][\/vc_column][\/vc_row][vc_row][vc_column][vc_column_text]<span style=\"color: #035e7e;\">Mi az az SCA?<\/span>[\/vc_column_text][vc_column_text]SCA = Soci\u00e9t\u00e9 Concessionnaire d\u2019Autoroute (koncesszi\u00f3s aut\u00f3p\u00e1lya \u00fczemeltet\u0151 t\u00e1rsas\u00e1g).[\/vc_column_text][\/vc_column][\/vc_row][vc_row][vc_column][vc_empty_space height=&#8221;20px&#8221;][\/vc_column][\/vc_row][vc_row][vc_column][vc_column_text]<span style=\"color: #035e7e;\">Mi az a TLPC?<\/span>[\/vc_column_text][vc_column_text]<strong>T<\/strong>rajet <strong>L<\/strong>e <strong>P<\/strong>lus <strong>C<\/strong>her (legdr\u00e1g\u00e1bb \u00fatvonal).<\/p>\n<p>A legdr\u00e1g\u00e1bb \u00fatvonalak akkor jelennek meg, amikor a j\u00e1rm\u0171 a lehet\u0151 leghosszabb utat teszi meg az aut\u00f3p\u00e1ly\u00e1n.<br \/>\nA TLPC reklam\u00e1ci\u00f3ra adhat okot, ha bizonytalans\u00e1g van a haszn\u00e1lt felhajt\u00f3t illet\u0151en.<\/p>\n<p>Az Eurotoll azzal t\u00e1mogatja \u00fcgyfeleit, hogy figyelmezteti \u0151ket, ha TLPC mer\u00fcl fel, \u00e9s online reklam\u00e1ci\u00f3s eszk\u00f6zt bocs\u00e1t rendelkez\u00e9s\u00fckre. Az Eurotoll gondoskodik a reklam\u00e1ci\u00f3r\u00f3l \u00e9s egyeztet az aut\u00f3p\u00e1lya t\u00e1rsas\u00e1gokkal.[\/vc_column_text][\/vc_column][\/vc_row][vc_row][vc_column][vc_empty_space height=&#8221;50px&#8221;][\/vc_column][\/vc_row][vc_row][vc_column]<div class=\"qodef-separator-holder clearfix  qodef-separator-center\">\r\n\t<div class=\"qodef-separator\" style=\"border-color: #81d742;width: 300px;border-width: 4px;margin-bottom: 40px\"><\/div>\r\n<\/div>\r\n[\/vc_column][\/vc_row][vc_row][vc_column][vc_column_text]<\/p>\n<h1 style=\"text-align: center;\"><span style=\"color: #01b1ec;\"><span style=\"color: #035e7e;\">Hasznos linkek<\/span><br \/>\n<\/span><\/h1>\n<p>[\/vc_column_text][\/vc_column][\/vc_row][vc_row][vc_column][vc_empty_space height=&#8221;50px&#8221;][\/vc_column][\/vc_row][vc_row][vc_column][vc_column_text]<span style=\"color: #035e7e;\">\u00datd\u00edjakkal, aut\u00f3p\u00e1ly\u00e1kkal \u00e9s a francia \u00fath\u00e1l\u00f3zattal kapcsolatos inform\u00e1ci\u00f3k :<\/span>[\/vc_column_text][vc_column_text]<\/p>\n<ul>\n<li>Asfa <a href=\"http:\/\/www.autoroutes.fr\/fr\/asfa.htm\" target=\"_blank\" rel=\"noopener\">http:\/\/www.autoroutes.fr\/fr\/asfa.htm<\/a><\/li>\n<li>Bison Fut\u00e9: <a href=\"http:\/\/www.bison-fute.gouv.fr\/\" target=\"_blank\" rel=\"noopener\">http:\/\/www.bison-fute.gouv.fr\/<\/a><\/li>\n<li>K\u00f6rnyezetv\u00e9delmi Miniszt\u00e9rium: <a href=\"http:\/\/www.developpement-durable.gouv.fr\/-Secteur-Routier-.html\" target=\"_blank\" rel=\"noopener\">http:\/\/www.developpement-durable.gouv.fr\/-Secteur-Routier-.html<\/a><\/li>\n<\/ul>\n<p>[\/vc_column_text][\/vc_column][\/vc_row][vc_row][vc_column][vc_empty_space height=&#8221;20px&#8221;][\/vc_column][\/vc_row][vc_row][vc_column][vc_column_text]<span style=\"color: #035e7e;\">\u00datd\u00edjakkal, aut\u00f3p\u00e1ly\u00e1kkal \u00e9s az eur\u00f3pai \u00fath\u00e1l\u00f3zattal kapcsolatos inform\u00e1ci\u00f3k<\/span>[\/vc_column_text][vc_column_text]<\/p>\n<ul>\n<li><span style=\"line-height: 1.5;\">Asecap <\/span><a style=\"line-height: 1.5;\" href=\"http:\/\/www.asecap.com\/index.php?lang=en\" target=\"_blank\" rel=\"noopener\">http:\/\/www.asecap.com\/index.php?lang=en<\/a><\/li>\n<li>Iru <a href=\"https:\/\/www.iru.org\/\" target=\"_blank\" rel=\"noopener\">https:\/\/www.iru.org\/<\/a><\/li>\n<\/ul>\n<p>[\/vc_column_text][\/vc_column][\/vc_row][vc_row][vc_column][vc_empty_space height=&#8221;20px&#8221;][\/vc_column][\/vc_row][vc_row][vc_column][vc_empty_space height=&#8221;20px&#8221;][\/vc_column][\/vc_row][vc_row][vc_column][\/vc_column][\/vc_row][vc_row][vc_column][vc_empty_space height=&#8221;20px&#8221;][\/vc_column][\/vc_row][vc_row][vc_column][vc_empty_space height=&#8221;30px&#8221;][\/vc_column][\/vc_row]<\/p>\n","protected":false},"excerpt":{"rendered":"<p>[vc_row][vc_column][vc_column_text] Elektronikus \u00fatd\u00edj \u2013 Hogyan m\u0171k\u00f6dik? [\/vc_column_text][\/vc_column][\/vc_row][vc_row][vc_column][vc_empty_space height=&#8221;50px&#8221;][\/vc_column][\/vc_row][vc_row][vc_column][vc_column_text] A- Mi az az elektronikus \u00fatd\u00edj? &nbsp; Az elektronikus \u00fatd\u00edj egy olyan \u201e&#8230;<\/p>\n","protected":false},"author":23,"featured_media":0,"parent":0,"menu_order":0,"comment_status":"closed","ping_status":"closed","template":"","meta":{"footnotes":""},"class_list":["post-5348","page","type-page","status-publish","hentry"],"yoast_head":"<!-- This site is optimized with the Yoast SEO Premium plugin v26.7 (Yoast SEO v26.7) - https:\/\/yoast.com\/wordpress\/plugins\/seo\/ -->\n<title>F.A.Q - Eurotoll<\/title>\n<meta name=\"robots\" content=\"index, follow, max-snippet:-1, max-image-preview:large, max-video-preview:-1\" \/>\n<link rel=\"canonical\" href=\"https:\/\/www.Eurotoll.eu\/hu\/faq\/\" \/>\n<meta property=\"og:locale\" content=\"hu_HU\" \/>\n<meta property=\"og:type\" content=\"article\" \/>\n<meta property=\"og:title\" content=\"F.A.Q\" \/>\n<meta property=\"og:description\" content=\"[vc_row][vc_column][vc_column_text] Elektronikus \u00fatd\u00edj \u2013 Hogyan m\u0171k\u00f6dik? [\/vc_column_text][\/vc_column][\/vc_row][vc_row][vc_column][vc_empty_space height=&#8221;50px&#8221;][\/vc_column][\/vc_row][vc_row][vc_column][vc_column_text] A- Mi az az elektronikus \u00fatd\u00edj? &nbsp; Az elektronikus \u00fatd\u00edj egy olyan \u201e...\" \/>\n<meta property=\"og:url\" content=\"https:\/\/www.Eurotoll.eu\/hu\/faq\/\" \/>\n<meta property=\"og:site_name\" content=\"Eurotoll\" \/>\n<meta property=\"article:modified_time\" content=\"2025-05-09T13:10:08+00:00\" \/>\n<meta name=\"twitter:card\" content=\"summary_large_image\" \/>\n<meta name=\"twitter:label1\" content=\"Becs\u00fclt olvas\u00e1si id\u0151\" \/>\n\t<meta name=\"twitter:data1\" content=\"4 perc\" \/>\n<script type=\"application\/ld+json\" class=\"yoast-schema-graph\">{\"@context\":\"https:\/\/schema.org\",\"@graph\":[{\"@type\":\"WebPage\",\"@id\":\"https:\/\/www.Eurotoll.eu\/hu\/faq\/\",\"url\":\"https:\/\/www.Eurotoll.eu\/hu\/faq\/\",\"name\":\"F.A.Q - Eurotoll\",\"isPartOf\":{\"@id\":\"https:\/\/www.Eurotoll.eu\/hu\/#website\"},\"datePublished\":\"2016-09-08T07:42:57+00:00\",\"dateModified\":\"2025-05-09T13:10:08+00:00\",\"breadcrumb\":{\"@id\":\"https:\/\/www.Eurotoll.eu\/hu\/faq\/#breadcrumb\"},\"inLanguage\":\"hu\",\"potentialAction\":[{\"@type\":\"ReadAction\",\"target\":[\"https:\/\/www.Eurotoll.eu\/hu\/faq\/\"]}]},{\"@type\":\"BreadcrumbList\",\"@id\":\"https:\/\/www.Eurotoll.eu\/hu\/faq\/#breadcrumb\",\"itemListElement\":[{\"@type\":\"ListItem\",\"position\":1,\"name\":\"Accueil\",\"item\":\"https:\/\/www.Eurotoll.eu\/hu\/\"},{\"@type\":\"ListItem\",\"position\":2,\"name\":\"F.A.Q\"}]},{\"@type\":\"WebSite\",\"@id\":\"https:\/\/www.Eurotoll.eu\/hu\/#website\",\"url\":\"https:\/\/www.Eurotoll.eu\/hu\/\",\"name\":\"Eurotoll\",\"description\":\"Acteur cl\u00e9 du t\u00e9l\u00e9p\u00e9age en Europe\",\"potentialAction\":[{\"@type\":\"SearchAction\",\"target\":{\"@type\":\"EntryPoint\",\"urlTemplate\":\"https:\/\/www.Eurotoll.eu\/hu\/?s={search_term_string}\"},\"query-input\":{\"@type\":\"PropertyValueSpecification\",\"valueRequired\":true,\"valueName\":\"search_term_string\"}}],\"inLanguage\":\"hu\"}]}<\/script>\n<!-- \/ Yoast SEO Premium plugin. -->","yoast_head_json":{"title":"F.A.Q - Eurotoll","robots":{"index":"index","follow":"follow","max-snippet":"max-snippet:-1","max-image-preview":"max-image-preview:large","max-video-preview":"max-video-preview:-1"},"canonical":"https:\/\/www.Eurotoll.eu\/hu\/faq\/","og_locale":"hu_HU","og_type":"article","og_title":"F.A.Q","og_description":"[vc_row][vc_column][vc_column_text] Elektronikus \u00fatd\u00edj \u2013 Hogyan m\u0171k\u00f6dik? [\/vc_column_text][\/vc_column][\/vc_row][vc_row][vc_column][vc_empty_space height=&#8221;50px&#8221;][\/vc_column][\/vc_row][vc_row][vc_column][vc_column_text] A- Mi az az elektronikus \u00fatd\u00edj? &nbsp; Az elektronikus \u00fatd\u00edj egy olyan \u201e...","og_url":"https:\/\/www.Eurotoll.eu\/hu\/faq\/","og_site_name":"Eurotoll","article_modified_time":"2025-05-09T13:10:08+00:00","twitter_card":"summary_large_image","twitter_misc":{"Becs\u00fclt olvas\u00e1si id\u0151":"4 perc"},"schema":{"@context":"https:\/\/schema.org","@graph":[{"@type":"WebPage","@id":"https:\/\/www.Eurotoll.eu\/hu\/faq\/","url":"https:\/\/www.Eurotoll.eu\/hu\/faq\/","name":"F.A.Q - Eurotoll","isPartOf":{"@id":"https:\/\/www.Eurotoll.eu\/hu\/#website"},"datePublished":"2016-09-08T07:42:57+00:00","dateModified":"2025-05-09T13:10:08+00:00","breadcrumb":{"@id":"https:\/\/www.Eurotoll.eu\/hu\/faq\/#breadcrumb"},"inLanguage":"hu","potentialAction":[{"@type":"ReadAction","target":["https:\/\/www.Eurotoll.eu\/hu\/faq\/"]}]},{"@type":"BreadcrumbList","@id":"https:\/\/www.Eurotoll.eu\/hu\/faq\/#breadcrumb","itemListElement":[{"@type":"ListItem","position":1,"name":"Accueil","item":"https:\/\/www.Eurotoll.eu\/hu\/"},{"@type":"ListItem","position":2,"name":"F.A.Q"}]},{"@type":"WebSite","@id":"https:\/\/www.Eurotoll.eu\/hu\/#website","url":"https:\/\/www.Eurotoll.eu\/hu\/","name":"Eurotoll","description":"Acteur cl\u00e9 du t\u00e9l\u00e9p\u00e9age en Europe","potentialAction":[{"@type":"SearchAction","target":{"@type":"EntryPoint","urlTemplate":"https:\/\/www.Eurotoll.eu\/hu\/?s={search_term_string}"},"query-input":{"@type":"PropertyValueSpecification","valueRequired":true,"valueName":"search_term_string"}}],"inLanguage":"hu"}]}},"_links":{"self":[{"href":"https:\/\/www.Eurotoll.eu\/hu\/wp-json\/wp\/v2\/pages\/5348","targetHints":{"allow":["GET"]}}],"collection":[{"href":"https:\/\/www.Eurotoll.eu\/hu\/wp-json\/wp\/v2\/pages"}],"about":[{"href":"https:\/\/www.Eurotoll.eu\/hu\/wp-json\/wp\/v2\/types\/page"}],"author":[{"embeddable":true,"href":"https:\/\/www.Eurotoll.eu\/hu\/wp-json\/wp\/v2\/users\/23"}],"replies":[{"embeddable":true,"href":"https:\/\/www.Eurotoll.eu\/hu\/wp-json\/wp\/v2\/comments?post=5348"}],"version-history":[{"count":18,"href":"https:\/\/www.Eurotoll.eu\/hu\/wp-json\/wp\/v2\/pages\/5348\/revisions"}],"predecessor-version":[{"id":18279,"href":"https:\/\/www.Eurotoll.eu\/hu\/wp-json\/wp\/v2\/pages\/5348\/revisions\/18279"}],"wp:attachment":[{"href":"https:\/\/www.Eurotoll.eu\/hu\/wp-json\/wp\/v2\/media?parent=5348"}],"curies":[{"name":"wp","href":"https:\/\/api.w.org\/{rel}","templated":true}]}}