{"id":7692,"date":"2018-07-18T09:28:42","date_gmt":"2018-07-18T07:28:42","guid":{"rendered":"http:\/\/80.75.152.85\/cookies\/"},"modified":"2025-06-16T09:19:30","modified_gmt":"2025-06-16T07:19:30","slug":"cookies","status":"publish","type":"page","link":"https:\/\/www.Eurotoll.eu\/hu\/cookies\/","title":{"rendered":"Cookies Szab\u00e1lyzat"},"content":{"rendered":"<p>Az Eurotoll (tov\u00e1bbiakban: \u201eAdatkezel\u0151\u201d vagy \u201eMi\u201d), amelynek sz\u00e9khelye a 35 rue Camille Desmoulins, 92130 Issy-les-Moulineaux, Franciaorsz\u00e1g, a Nanterre-i Kereskedelmi \u00e9s C\u00e9gjegyz\u00e9kben 484 835 103 nyilv\u00e1ntart\u00e1si sz\u00e1mon, FR21484835103 ad\u00f3sz\u00e1mon bejegyzett, \u00e9s a\u00a0<a href=\"mailto:juridique@lumesia.com\">juridique@lumesia.com<\/a>\u00a0email c\u00edmen el\u00e9rhet\u0151, mint Adatkezel\u0151, az al\u00e1bbi t\u00e1j\u00e9koztat\u00e1st ny\u00fajtja \u00d6nnek a\u00a0<a href=\"http:\/\/dev.lumesia.com\/\">dev.lumesia.com<\/a>\u00a0weboldalon \u00a0(a tov\u00e1bbiakban: \u201eWeboldal\u201d) haszn\u00e1lt cookie-kal kapcsolatban.<\/p>\n<p>&nbsp;<\/p>\n<h3><span style=\"color: #035e7e;\"><strong>1. A cookie-r\u00f3l<\/strong><\/span><\/h3>\n<p>&nbsp;<\/p>\n<p>A cookie-k olyan kism\u00e9ret\u0171 sz\u00f6vegf\u00e1jlok, amelyeket a megl\u00e1togatott weboldal k\u00fcld a felhaszn\u00e1l\u00f3 eszk\u00f6z\u00e9re (pl. sz\u00e1m\u00edt\u00f3g\u00e9p, okostelefon vagy tablet), ahol t\u00e1rol\u00e1sra ker\u00fclnek, majd a k\u00e9s\u0151bbi l\u00e1togat\u00e1sok alkalm\u00e1val visszak\u00fcldi azokat ugyanarra a weboldalra.<\/p>\n<p>&nbsp;<\/p>\n<p>A Weboldalon haszn\u00e1lt cookie-k a k\u00f6vetkez\u0151 krit\u00e9riumok alapj\u00e1n oszt\u00e1lyozhat\u00f3k:<\/p>\n<p><strong>a)\u00a0<\/strong><strong>Eredet szerint<\/strong><strong>:<\/strong><\/p>\n<ul>\n<li><strong>Saj\u00e1t vagy els\u0151 f\u00e9lt\u0151l sz\u00e1rmaz\u00f3 (first-party) cookie:<\/strong>\u00a0A megl\u00e1togatott weboldal hozza l\u00e9tre.<\/li>\n<li><strong>Harmadik f\u00e9lt\u0151l sz\u00e1rmaz\u00f3 (third-party) cookie-k:<\/strong>\u00a0K\u00fcls\u0151 szolg\u00e1ltat\u00f3k helyezik el<\/li>\n<\/ul>\n<p>&nbsp;<\/p>\n<p><strong>b)\u00a0<\/strong><strong>T\u00e1rol\u00e1si id<\/strong><strong>\u0151<\/strong><strong>\u00a0alapj<\/strong><strong>\u00e1<\/strong><strong>n<\/strong><strong>:<\/strong><\/p>\n<ul>\n<li><strong>Munkamenet (session) cookie-k:<\/strong>\u00a0Ezek a s\u00fctik a b\u00f6ng\u00e9sz\u00e9si munkamenet sor\u00e1n t\u00e1rolj\u00e1k a sz\u00fcks\u00e9ges inform\u00e1ci\u00f3kat, \u00e9s a munkamenet lej\u00e1rtakor, azaz a b\u00f6ng\u00e9sz\u0151 bez\u00e1r\u00e1sakor azonnal t\u00f6rl\u0151dnek.<\/li>\n<li><strong>\u00c1lland\u00f3 (persistent) cookie-k:<\/strong>\u00a0Ezek a cookie-k a felhaszn\u00e1l\u00f3 merevlemez\u00e9n t\u00e1rol\u00f3dnak, \u00e9s a Weboldal minden egyes \u00faj l\u00e1togat\u00e1skor beolvassa \u0151ket. El\u0151re meghat\u00e1rozott ideig t\u00e1rol\u00f3dnak a felhaszn\u00e1l\u00f3 k\u00e9sz\u00fcl\u00e9k\u00e9n, ezut\u00e1n megsz\u0171nnek.<\/li>\n<\/ul>\n<p>&nbsp;<\/p>\n<p><strong>c)\u00a0<\/strong><strong>Funkci\u00f3 alapj\u00e1n<\/strong><strong>:<\/strong><\/p>\n<ul>\n<li><strong>Elengedhetetlen (sz\u00fcks\u00e9ges) cookie-k:<\/strong>\u00a0Ezek a cookie-k ahhoz sz\u00fcks\u00e9gesek, hogy a felhaszn\u00e1l\u00f3k b\u00f6ng\u00e9szhess\u00e9k a Weboldalt \u00e9s haszn\u00e1lhass\u00e1k annak funkci\u00f3it (pl. felhaszn\u00e1l\u00f3i fel\u00fcletre val\u00f3 bejelentkez\u00e9s).<\/li>\n<li><strong>Teljes\u00edtm\u00e9ny cookie-k:<\/strong>\u00a0Ezek a cookie-k arra szolg\u00e1lnak, hogy \u00f6sszes\u00edtett vagy nem \u00f6sszes\u00edtett form\u00e1ban statisztikai inform\u00e1ci\u00f3kat kapjunk a Weboldalt l\u00e1togat\u00f3 felhaszn\u00e1l\u00f3k sz\u00e1m\u00e1r\u00f3l \u00e9s a Weboldal haszn\u00e1lat\u00e1r\u00f3l.<\/li>\n<li><strong>Funkcionalit\u00e1si cookie-k:<\/strong>\u00a0Ezek a cookie-k segitik a felhaszn\u00e1l\u00f3i \u00e9lm\u00e9nyt, megjegyezik a felhaszn\u00e1l\u00f3k Weboldallal kapcsolatos be\u00e1ll\u00edt\u00e1sait, p\u00e9ld\u00e1ul a nyelvet, az id\u0151z\u00f3n\u00e1t \u00e9s a speci\u00e1lis tartalmakat.<\/li>\n<li><strong>Rekl\u00e1m- \u00e9s marketing cookie-k:<\/strong>\u00a0Ezeket a cookie-kat arra haszn\u00e1lj\u00e1k, hogy a felhaszn\u00e1l\u00f3 \u00e9rdekl\u0151d\u00e9si k\u00f6r\u00e9nek megfelel\u0151 hirdet\u00e9seket jelen\u00edtsenek meg a felhaszn\u00e1l\u00f3 preferenci\u00e1i \u00e9s fogyaszt\u00e1si szok\u00e1sai alapj\u00e1n<\/li>\n<\/ul>\n<p>&nbsp;<\/p>\n<h3><span style=\"color: #035e7e;\"><strong>2. Adatv\u00e9delmi szempontb\u00f3l<\/strong><\/span><\/h3>\n<p>A technikailag sz\u00fcks\u00e9ges cookie-kon kereszt\u00fcl v\u00e9gzett adatkezel\u00e9s az Adatkezel\u0151 vagy harmadik felek jogos \u00e9rdekeinek \u00e9rv\u00e9nyes\u00edt\u00e9s\u00e9n alapul, felt\u00e9ve hogy ezek az \u00e9rdekek nem \u00edrj\u00e1k fel\u00fcl az \u00e9rintett adatv\u00e9delemhez f\u0171z\u0151d\u0151 alapvet\u0151 jogait \u00e9s szabads\u00e1gait, figyelembe v\u00e9ve az Adatkezel\u0151vel fenn\u00e1ll\u00f3 kapcsolat\u00e1n alapul\u00f3 \u00e9sszer\u0171 elv\u00e1r\u00e1sait (GDPR 6. cikk (1) bekezd\u00e9s f) pont).<\/p>\n<p>&nbsp;<\/p>\n<p>Ezzel szemben a teljes\u00edtm\u00e9ny- \u00e9s c\u00e9lzott cookie-k alkalmaz\u00e1sa \u00a0az \u00e9rintett kifejezett hozz\u00e1j\u00e1rul\u00e1s\u00e1n alapul (GDPR 6. cikk (1) bekezd\u00e9s a) pont), amely b\u00e1rmikor visszavonhat\u00f3. A cookie-be\u00e1ll\u00edt\u00e1sok m\u00f3dos\u00edt\u00e1s\u00e1ra, a hozz\u00e1j\u00e1rul\u00e1s megad\u00e1s\u00e1ra vagy visszavon\u00e1s\u00e1ra a Weboldal alj\u00e1n tal\u00e1lhat\u00f3 \u201eCookie-k\u201d szakaszban van lehet\u0151s\u00e9g az oldal alj\u00e1n.<\/p>\n<p>&nbsp;<\/p>\n<h3><span style=\"color: #035e7e;\"><strong>3. A cookie-preferenci\u00e1k kezel\u00e9se<\/strong><\/span><\/h3>\n<p>A felhaszn\u00e1l\u00f3 b\u00e1rmikor d\u00f6nthet \u00fagy, hogy a b\u00f6ng\u00e9sz\u0151je be\u00e1ll\u00edt\u00e1sainak m\u00f3dosit\u00e1s\u00e1val \u00a0teljesen vagy r\u00e9szben megakad\u00e1lyozza a cookie-k telep\u00edt\u00e9s\u00e9t. Fontos azonban megjegyezni, hogy \u00a0a b\u00f6ng\u00e9sz\u0151 be\u00e1ll\u00edt\u00e1sai az \u00f6sszes cookie-t (bele\u00e9rtve a felt\u00e9tlen\u00fcl sz\u00fcks\u00e9ges cookie-kat is) blokkolj\u00e1k, el\u0151fordulhat, hogy a Weboldal funkci\u00f3i vagy ak\u00e1r teljes eg\u00e9sze nem lesz el\u00e9rhet\u0151. K\u00fcl\u00f6n\u00f6sen a technikai cookie-k letilt\u00e1sa akad\u00e1lyozhatja a Weboldalon val\u00f3 navig\u00e1ci\u00f3t, m\u00edg a t\u00f6bbi cookie letilt\u00e1sa nem befoly\u00e1solja a b\u00f6ng\u00e9sz\u00e9si \u00e9lm\u00e9nyt.<\/p>\n<p>&nbsp;<\/p>\n<p>Minden b\u00f6ng\u00e9sz\u0151nek elt\u00e9r\u0151 be\u00e1ll\u00edt\u00e1sai vannak, ezek a b\u00f6ng\u00e9sz\u0151 \u201eS\u00fag\u00f3\u201d men\u00fcj\u00e9ben tal\u00e1lhat\u00f3k. Az al\u00e1bbi linkeken a legn\u00e9pszer\u0171bb b\u00f6ng\u00e9sz\u0151kre vonatkoz\u00f3 utas\u00edt\u00e1sok \u00e9rhet\u0151k el:<\/p>\n<ul>\n<li><a href=\"https:\/\/support.google.com\/chrome\/answer\/95647?hl=hu\"><span style=\"color: #035e7e;\"><strong>Google Chrome<\/strong><\/span><\/a><\/li>\n<li><a href=\"https:\/\/support.mozilla.org\/hu\/kb\/weboldalak-altal-elhelyezett-sutik-torlese-szamito\"><span style=\"color: #035e7e;\"><strong>Mozilla Firefox<\/strong><\/span><\/a><\/li>\n<li><a href=\"https:\/\/support.microsoft.com\/hu-hu\/windows\/cookie-k-kezel%C3%A9se-a-microsoft-edge-ben-megtekint%C3%A9s-enged%C3%A9lyez%C3%A9s-letilt%C3%A1s-t%C3%B6rl%C3%A9s-%C3%A9s-haszn%C3%A1lat-168dab11-0753-043d-7c16-ede5947fc64d#:~:text=visualiser%20ce%20site.-,Ouvrez%20le%20navigateur%20Edge%2C%20s%C3%A9lectionnez%20Param%C3%A8tres%20et%20bien%20plus%20encore,activez%20Bloquer%20les%20cookies%20tiers.\"><span style=\"color: #035e7e;\"><strong>Internet Explorer<\/strong><\/span><\/a><\/li>\n<li><a href=\"https:\/\/help.opera.com\/en\/latest\/web-preferences\/#cookies\"><span style=\"color: #035e7e;\"><strong>Opera<\/strong><\/span><\/a><\/li>\n<li><a href=\"https:\/\/support.apple.com\/guide\/safari\/manage-cookies-sfri11471\/mac\"><span style=\"color: #035e7e;\"><strong>Safari<\/strong><\/span><\/a><\/li>\n<\/ul>\n<p>&nbsp;<\/p>\n<p><script type=\"text\/javascript\" charset=\"UTF-8\" data-cookiescriptreport=\"report\" src=\"\/\/report.cookie-script.com\/r\/f46109f91de32e9218d172a596bc9d1b.js\"><\/script><\/p>\n<p>&nbsp;<\/p>\n","protected":false},"excerpt":{"rendered":"<p>Az Eurotoll (tov\u00e1bbiakban: \u201eAdatkezel\u0151\u201d vagy \u201eMi\u201d), amelynek sz\u00e9khelye a 35 rue Camille Desmoulins, 92130 Issy-les-Moulineaux, Franciaorsz\u00e1g, a Nanterre-i Kereskedelmi \u00e9s C\u00e9gjegyz\u00e9kben&#8230;<\/p>\n","protected":false},"author":23,"featured_media":0,"parent":0,"menu_order":0,"comment_status":"closed","ping_status":"closed","template":"","meta":{"footnotes":""},"class_list":["post-7692","page","type-page","status-publish","hentry"],"yoast_head":"<!-- This site is optimized with the Yoast SEO Premium plugin v26.7 (Yoast SEO v26.7) - https:\/\/yoast.com\/wordpress\/plugins\/seo\/ -->\n<title>Cookies Szab\u00e1lyzat - Eurotoll<\/title>\n<meta name=\"robots\" content=\"noindex, nofollow\" \/>\n<meta property=\"og:locale\" content=\"hu_HU\" \/>\n<meta property=\"og:type\" content=\"article\" \/>\n<meta property=\"og:title\" content=\"Cookies Szab\u00e1lyzat\" \/>\n<meta property=\"og:description\" content=\"Az Eurotoll (tov\u00e1bbiakban: \u201eAdatkezel\u0151\u201d vagy \u201eMi\u201d), amelynek sz\u00e9khelye a 35 rue Camille Desmoulins, 92130 Issy-les-Moulineaux, Franciaorsz\u00e1g, a Nanterre-i Kereskedelmi \u00e9s C\u00e9gjegyz\u00e9kben...\" \/>\n<meta property=\"og:url\" content=\"https:\/\/www.Eurotoll.eu\/hu\/cookies\/\" \/>\n<meta property=\"og:site_name\" content=\"Eurotoll\" \/>\n<meta property=\"article:modified_time\" content=\"2025-06-16T07:19:30+00:00\" \/>\n<meta name=\"twitter:card\" content=\"summary_large_image\" \/>\n<meta name=\"twitter:label1\" content=\"Becs\u00fclt olvas\u00e1si id\u0151\" \/>\n\t<meta name=\"twitter:data1\" content=\"3 perc\" \/>\n<script type=\"application\/ld+json\" class=\"yoast-schema-graph\">{\"@context\":\"https:\/\/schema.org\",\"@graph\":[{\"@type\":\"WebPage\",\"@id\":\"https:\/\/www.Eurotoll.eu\/hu\/cookies\/\",\"url\":\"https:\/\/www.Eurotoll.eu\/hu\/cookies\/\",\"name\":\"Cookies Szab\u00e1lyzat - Eurotoll\",\"isPartOf\":{\"@id\":\"https:\/\/www.Eurotoll.eu\/hu\/#website\"},\"datePublished\":\"2018-07-18T07:28:42+00:00\",\"dateModified\":\"2025-06-16T07:19:30+00:00\",\"breadcrumb\":{\"@id\":\"https:\/\/www.Eurotoll.eu\/hu\/cookies\/#breadcrumb\"},\"inLanguage\":\"hu\",\"potentialAction\":[{\"@type\":\"ReadAction\",\"target\":[\"https:\/\/www.Eurotoll.eu\/hu\/cookies\/\"]}]},{\"@type\":\"BreadcrumbList\",\"@id\":\"https:\/\/www.Eurotoll.eu\/hu\/cookies\/#breadcrumb\",\"itemListElement\":[{\"@type\":\"ListItem\",\"position\":1,\"name\":\"Accueil\",\"item\":\"https:\/\/www.Eurotoll.eu\/hu\/\"},{\"@type\":\"ListItem\",\"position\":2,\"name\":\"Cookies Szab\u00e1lyzat\"}]},{\"@type\":\"WebSite\",\"@id\":\"https:\/\/www.Eurotoll.eu\/hu\/#website\",\"url\":\"https:\/\/www.Eurotoll.eu\/hu\/\",\"name\":\"Eurotoll\",\"description\":\"Acteur cl\u00e9 du t\u00e9l\u00e9p\u00e9age en Europe\",\"potentialAction\":[{\"@type\":\"SearchAction\",\"target\":{\"@type\":\"EntryPoint\",\"urlTemplate\":\"https:\/\/www.Eurotoll.eu\/hu\/?s={search_term_string}\"},\"query-input\":{\"@type\":\"PropertyValueSpecification\",\"valueRequired\":true,\"valueName\":\"search_term_string\"}}],\"inLanguage\":\"hu\"}]}<\/script>\n<!-- \/ Yoast SEO Premium plugin. -->","yoast_head_json":{"title":"Cookies Szab\u00e1lyzat - Eurotoll","robots":{"index":"noindex","follow":"nofollow"},"og_locale":"hu_HU","og_type":"article","og_title":"Cookies Szab\u00e1lyzat","og_description":"Az Eurotoll (tov\u00e1bbiakban: \u201eAdatkezel\u0151\u201d vagy \u201eMi\u201d), amelynek sz\u00e9khelye a 35 rue Camille Desmoulins, 92130 Issy-les-Moulineaux, Franciaorsz\u00e1g, a Nanterre-i Kereskedelmi \u00e9s C\u00e9gjegyz\u00e9kben...","og_url":"https:\/\/www.Eurotoll.eu\/hu\/cookies\/","og_site_name":"Eurotoll","article_modified_time":"2025-06-16T07:19:30+00:00","twitter_card":"summary_large_image","twitter_misc":{"Becs\u00fclt olvas\u00e1si id\u0151":"3 perc"},"schema":{"@context":"https:\/\/schema.org","@graph":[{"@type":"WebPage","@id":"https:\/\/www.Eurotoll.eu\/hu\/cookies\/","url":"https:\/\/www.Eurotoll.eu\/hu\/cookies\/","name":"Cookies Szab\u00e1lyzat - Eurotoll","isPartOf":{"@id":"https:\/\/www.Eurotoll.eu\/hu\/#website"},"datePublished":"2018-07-18T07:28:42+00:00","dateModified":"2025-06-16T07:19:30+00:00","breadcrumb":{"@id":"https:\/\/www.Eurotoll.eu\/hu\/cookies\/#breadcrumb"},"inLanguage":"hu","potentialAction":[{"@type":"ReadAction","target":["https:\/\/www.Eurotoll.eu\/hu\/cookies\/"]}]},{"@type":"BreadcrumbList","@id":"https:\/\/www.Eurotoll.eu\/hu\/cookies\/#breadcrumb","itemListElement":[{"@type":"ListItem","position":1,"name":"Accueil","item":"https:\/\/www.Eurotoll.eu\/hu\/"},{"@type":"ListItem","position":2,"name":"Cookies Szab\u00e1lyzat"}]},{"@type":"WebSite","@id":"https:\/\/www.Eurotoll.eu\/hu\/#website","url":"https:\/\/www.Eurotoll.eu\/hu\/","name":"Eurotoll","description":"Acteur cl\u00e9 du t\u00e9l\u00e9p\u00e9age en Europe","potentialAction":[{"@type":"SearchAction","target":{"@type":"EntryPoint","urlTemplate":"https:\/\/www.Eurotoll.eu\/hu\/?s={search_term_string}"},"query-input":{"@type":"PropertyValueSpecification","valueRequired":true,"valueName":"search_term_string"}}],"inLanguage":"hu"}]}},"_links":{"self":[{"href":"https:\/\/www.Eurotoll.eu\/hu\/wp-json\/wp\/v2\/pages\/7692","targetHints":{"allow":["GET"]}}],"collection":[{"href":"https:\/\/www.Eurotoll.eu\/hu\/wp-json\/wp\/v2\/pages"}],"about":[{"href":"https:\/\/www.Eurotoll.eu\/hu\/wp-json\/wp\/v2\/types\/page"}],"author":[{"embeddable":true,"href":"https:\/\/www.Eurotoll.eu\/hu\/wp-json\/wp\/v2\/users\/23"}],"replies":[{"embeddable":true,"href":"https:\/\/www.Eurotoll.eu\/hu\/wp-json\/wp\/v2\/comments?post=7692"}],"version-history":[{"count":12,"href":"https:\/\/www.Eurotoll.eu\/hu\/wp-json\/wp\/v2\/pages\/7692\/revisions"}],"predecessor-version":[{"id":18315,"href":"https:\/\/www.Eurotoll.eu\/hu\/wp-json\/wp\/v2\/pages\/7692\/revisions\/18315"}],"wp:attachment":[{"href":"https:\/\/www.Eurotoll.eu\/hu\/wp-json\/wp\/v2\/media?parent=7692"}],"curies":[{"name":"wp","href":"https:\/\/api.w.org\/{rel}","templated":true}]}}