{"id":7873,"date":"2023-05-22T11:10:11","date_gmt":"2023-05-22T09:10:11","guid":{"rendered":"http:\/\/80.75.152.85\/?page_id=7873\/"},"modified":"2023-05-22T16:20:02","modified_gmt":"2023-05-22T14:20:02","slug":"a-belga-viapass-halozat-fedelzeti-egyseggel","status":"publish","type":"page","link":"https:\/\/www.Eurotoll.eu\/hu\/ajanlatunk\/ausztria\/a-belga-viapass-halozat-fedelzeti-egyseggel\/","title":{"rendered":"A belga Viapass"},"content":{"rendered":"<p>[vc_row][vc_column][\/vc_column][\/vc_row]<\/p>\n","protected":false},"excerpt":{"rendered":"<p>[vc_row][vc_column][\/vc_column][\/vc_row]<\/p>\n","protected":false},"author":23,"featured_media":0,"parent":4760,"menu_order":0,"comment_status":"closed","ping_status":"closed","template":"","meta":{"footnotes":""},"class_list":["post-7873","page","type-page","status-publish","hentry"],"yoast_head":"<!-- This site is optimized with the Yoast SEO Premium plugin v26.7 (Yoast SEO v26.7) - https:\/\/yoast.com\/wordpress\/plugins\/seo\/ -->\n<title>En savoir plus sur l&#039;offre Viapass | eurotoll<\/title>\n<meta name=\"description\" content=\"Circulez en toute s\u00e9r\u00e9nit\u00e9 sur le r\u00e9seau Viapass et profitez d&#039;un boitier t\u00e9l\u00e9p\u00e9age unique pour 5 pays (France, Espagne, Portugal, Belgique, Autriche)\" \/>\n<meta name=\"robots\" content=\"index, follow, max-snippet:-1, max-image-preview:large, max-video-preview:-1\" \/>\n<link rel=\"canonical\" href=\"https:\/\/www.Eurotoll.eu\/hu\/ajanlatunk\/ausztria\/a-belga-viapass-halozat-fedelzeti-egyseggel\/\" \/>\n<meta property=\"og:locale\" content=\"hu_HU\" \/>\n<meta property=\"og:type\" content=\"article\" \/>\n<meta property=\"og:title\" content=\"A belga Viapass\" \/>\n<meta property=\"og:description\" content=\"Circulez en toute s\u00e9r\u00e9nit\u00e9 sur le r\u00e9seau Viapass et profitez d&#039;un boitier t\u00e9l\u00e9p\u00e9age unique pour 5 pays (France, Espagne, Portugal, Belgique, Autriche)\" \/>\n<meta property=\"og:url\" content=\"https:\/\/www.Eurotoll.eu\/hu\/ajanlatunk\/ausztria\/a-belga-viapass-halozat-fedelzeti-egyseggel\/\" \/>\n<meta property=\"og:site_name\" content=\"Eurotoll\" \/>\n<meta property=\"article:modified_time\" content=\"2023-05-22T14:20:02+00:00\" \/>\n<meta name=\"twitter:card\" content=\"summary_large_image\" \/>\n<meta name=\"twitter:label1\" content=\"Becs\u00fclt olvas\u00e1si id\u0151\" \/>\n\t<meta name=\"twitter:data1\" content=\"1 perc\" \/>\n<script type=\"application\/ld+json\" class=\"yoast-schema-graph\">{\"@context\":\"https:\/\/schema.org\",\"@graph\":[{\"@type\":\"WebPage\",\"@id\":\"https:\/\/www.Eurotoll.eu\/hu\/ajanlatunk\/ausztria\/a-belga-viapass-halozat-fedelzeti-egyseggel\/\",\"url\":\"https:\/\/www.Eurotoll.eu\/hu\/ajanlatunk\/ausztria\/a-belga-viapass-halozat-fedelzeti-egyseggel\/\",\"name\":\"En savoir plus sur l'offre Viapass | eurotoll\",\"isPartOf\":{\"@id\":\"https:\/\/www.Eurotoll.eu\/hu\/#website\"},\"datePublished\":\"2023-05-22T09:10:11+00:00\",\"dateModified\":\"2023-05-22T14:20:02+00:00\",\"description\":\"Circulez en toute s\u00e9r\u00e9nit\u00e9 sur le r\u00e9seau Viapass et profitez d'un boitier t\u00e9l\u00e9p\u00e9age unique pour 5 pays (France, Espagne, Portugal, Belgique, Autriche)\",\"breadcrumb\":{\"@id\":\"https:\/\/www.Eurotoll.eu\/hu\/ajanlatunk\/ausztria\/a-belga-viapass-halozat-fedelzeti-egyseggel\/#breadcrumb\"},\"inLanguage\":\"hu\",\"potentialAction\":[{\"@type\":\"ReadAction\",\"target\":[\"https:\/\/www.Eurotoll.eu\/hu\/ajanlatunk\/ausztria\/a-belga-viapass-halozat-fedelzeti-egyseggel\/\"]}]},{\"@type\":\"BreadcrumbList\",\"@id\":\"https:\/\/www.Eurotoll.eu\/hu\/ajanlatunk\/ausztria\/a-belga-viapass-halozat-fedelzeti-egyseggel\/#breadcrumb\",\"itemListElement\":[{\"@type\":\"ListItem\",\"position\":1,\"name\":\"Accueil\",\"item\":\"https:\/\/www.Eurotoll.eu\/hu\/\"},{\"@type\":\"ListItem\",\"position\":2,\"name\":\"Aj\u00e1nlatunk\",\"item\":\"https:\/\/www.Eurotoll.eu\/hu\/ajanlatunk\/\"},{\"@type\":\"ListItem\",\"position\":3,\"name\":\"Ausztria\",\"item\":\"https:\/\/www.Eurotoll.eu\/hu\/ajanlatunk\/ausztria\/\"},{\"@type\":\"ListItem\",\"position\":4,\"name\":\"A belga Viapass\"}]},{\"@type\":\"WebSite\",\"@id\":\"https:\/\/www.Eurotoll.eu\/hu\/#website\",\"url\":\"https:\/\/www.Eurotoll.eu\/hu\/\",\"name\":\"Eurotoll\",\"description\":\"Acteur cl\u00e9 du t\u00e9l\u00e9p\u00e9age en Europe\",\"potentialAction\":[{\"@type\":\"SearchAction\",\"target\":{\"@type\":\"EntryPoint\",\"urlTemplate\":\"https:\/\/www.Eurotoll.eu\/hu\/?s={search_term_string}\"},\"query-input\":{\"@type\":\"PropertyValueSpecification\",\"valueRequired\":true,\"valueName\":\"search_term_string\"}}],\"inLanguage\":\"hu\"}]}<\/script>\n<!-- \/ Yoast SEO Premium plugin. -->","yoast_head_json":{"title":"En savoir plus sur l'offre Viapass | eurotoll","description":"Circulez en toute s\u00e9r\u00e9nit\u00e9 sur le r\u00e9seau Viapass et profitez d'un boitier t\u00e9l\u00e9p\u00e9age unique pour 5 pays (France, Espagne, Portugal, Belgique, Autriche)","robots":{"index":"index","follow":"follow","max-snippet":"max-snippet:-1","max-image-preview":"max-image-preview:large","max-video-preview":"max-video-preview:-1"},"canonical":"https:\/\/www.Eurotoll.eu\/hu\/ajanlatunk\/ausztria\/a-belga-viapass-halozat-fedelzeti-egyseggel\/","og_locale":"hu_HU","og_type":"article","og_title":"A belga Viapass","og_description":"Circulez en toute s\u00e9r\u00e9nit\u00e9 sur le r\u00e9seau Viapass et profitez d'un boitier t\u00e9l\u00e9p\u00e9age unique pour 5 pays (France, Espagne, Portugal, Belgique, Autriche)","og_url":"https:\/\/www.Eurotoll.eu\/hu\/ajanlatunk\/ausztria\/a-belga-viapass-halozat-fedelzeti-egyseggel\/","og_site_name":"Eurotoll","article_modified_time":"2023-05-22T14:20:02+00:00","twitter_card":"summary_large_image","twitter_misc":{"Becs\u00fclt olvas\u00e1si id\u0151":"1 perc"},"schema":{"@context":"https:\/\/schema.org","@graph":[{"@type":"WebPage","@id":"https:\/\/www.Eurotoll.eu\/hu\/ajanlatunk\/ausztria\/a-belga-viapass-halozat-fedelzeti-egyseggel\/","url":"https:\/\/www.Eurotoll.eu\/hu\/ajanlatunk\/ausztria\/a-belga-viapass-halozat-fedelzeti-egyseggel\/","name":"En savoir plus sur l'offre Viapass | eurotoll","isPartOf":{"@id":"https:\/\/www.Eurotoll.eu\/hu\/#website"},"datePublished":"2023-05-22T09:10:11+00:00","dateModified":"2023-05-22T14:20:02+00:00","description":"Circulez en toute s\u00e9r\u00e9nit\u00e9 sur le r\u00e9seau Viapass et profitez d'un boitier t\u00e9l\u00e9p\u00e9age unique pour 5 pays (France, Espagne, Portugal, Belgique, Autriche)","breadcrumb":{"@id":"https:\/\/www.Eurotoll.eu\/hu\/ajanlatunk\/ausztria\/a-belga-viapass-halozat-fedelzeti-egyseggel\/#breadcrumb"},"inLanguage":"hu","potentialAction":[{"@type":"ReadAction","target":["https:\/\/www.Eurotoll.eu\/hu\/ajanlatunk\/ausztria\/a-belga-viapass-halozat-fedelzeti-egyseggel\/"]}]},{"@type":"BreadcrumbList","@id":"https:\/\/www.Eurotoll.eu\/hu\/ajanlatunk\/ausztria\/a-belga-viapass-halozat-fedelzeti-egyseggel\/#breadcrumb","itemListElement":[{"@type":"ListItem","position":1,"name":"Accueil","item":"https:\/\/www.Eurotoll.eu\/hu\/"},{"@type":"ListItem","position":2,"name":"Aj\u00e1nlatunk","item":"https:\/\/www.Eurotoll.eu\/hu\/ajanlatunk\/"},{"@type":"ListItem","position":3,"name":"Ausztria","item":"https:\/\/www.Eurotoll.eu\/hu\/ajanlatunk\/ausztria\/"},{"@type":"ListItem","position":4,"name":"A belga Viapass"}]},{"@type":"WebSite","@id":"https:\/\/www.Eurotoll.eu\/hu\/#website","url":"https:\/\/www.Eurotoll.eu\/hu\/","name":"Eurotoll","description":"Acteur cl\u00e9 du t\u00e9l\u00e9p\u00e9age en Europe","potentialAction":[{"@type":"SearchAction","target":{"@type":"EntryPoint","urlTemplate":"https:\/\/www.Eurotoll.eu\/hu\/?s={search_term_string}"},"query-input":{"@type":"PropertyValueSpecification","valueRequired":true,"valueName":"search_term_string"}}],"inLanguage":"hu"}]}},"_links":{"self":[{"href":"https:\/\/www.Eurotoll.eu\/hu\/wp-json\/wp\/v2\/pages\/7873","targetHints":{"allow":["GET"]}}],"collection":[{"href":"https:\/\/www.Eurotoll.eu\/hu\/wp-json\/wp\/v2\/pages"}],"about":[{"href":"https:\/\/www.Eurotoll.eu\/hu\/wp-json\/wp\/v2\/types\/page"}],"author":[{"embeddable":true,"href":"https:\/\/www.Eurotoll.eu\/hu\/wp-json\/wp\/v2\/users\/23"}],"replies":[{"embeddable":true,"href":"https:\/\/www.Eurotoll.eu\/hu\/wp-json\/wp\/v2\/comments?post=7873"}],"version-history":[{"count":1,"href":"https:\/\/www.Eurotoll.eu\/hu\/wp-json\/wp\/v2\/pages\/7873\/revisions"}],"predecessor-version":[{"id":11870,"href":"https:\/\/www.Eurotoll.eu\/hu\/wp-json\/wp\/v2\/pages\/7873\/revisions\/11870"}],"up":[{"embeddable":true,"href":"https:\/\/www.Eurotoll.eu\/hu\/wp-json\/wp\/v2\/pages\/4760"}],"wp:attachment":[{"href":"https:\/\/www.Eurotoll.eu\/hu\/wp-json\/wp\/v2\/media?parent=7873"}],"curies":[{"name":"wp","href":"https:\/\/api.w.org\/{rel}","templated":true}]}}