{"id":14017,"date":"2023-07-28T16:51:37","date_gmt":"2023-07-28T14:51:37","guid":{"rendered":"https:\/\/www.Eurotoll.eu\/nasze-uslugi\/lumesia-1\/"},"modified":"2025-12-22T16:28:29","modified_gmt":"2025-12-22T15:28:29","slug":"lumesia-1","status":"publish","type":"page","link":"https:\/\/www.Eurotoll.eu\/pl\/nasze-uslugi\/lumesia-1\/","title":{"rendered":"Lumesia 1"},"content":{"rendered":"<p>[vc_row content_width=&#8221;grid&#8221; el_class=&#8221;padtop50 padbot50&#8243;][vc_column][vc_row_inner el_class=&#8221;padtop50&#8243;][vc_column_inner][vc_column_text]<\/p>\n<p style=\"text-align: center;\">Lumesia 1 to znacznie wi\u0119cej ni\u017c OBU, to kompletna platforma serwisowa, kt\u00f3ry u\u0142atwia zarz\u0105dzanie op\u0142atami za przejazdy samochod\u00f3w ci\u0119\u017carowych w Europie.<\/p>\n<p>[\/vc_column_text][\/vc_column_inner][\/vc_row_inner][vc_empty_space height=&#8221;70px&#8221;][\/vc_column][\/vc_row][vc_row row_type=&#8221;parallax&#8221; content_width=&#8221;grid&#8221; full_screen_section_height=&#8221;no&#8221;][vc_column width=&#8221;1\/3&#8243;]\r\n<div class=\"qodef-team main-info-below-image\">\r\n\t<div class=\"qodef-team-inner\">\r\n\t\t\t\t\t<div class=\"qodef-team-image\">\r\n\t\t\t\t<img decoding=\"async\" src=\"https:\/\/www.Eurotoll.eu\/wp-content\/uploads\/2023\/06\/1.png\" alt=\"qodef-team-image\"\/>\r\n\t\t\t\t<div class=\"qodef-team-position-holder\">\r\n\t\t\t\t\t<div class=\"qodef-circle-animate\"><\/div>\r\n\t\t\t\t\t<div class=\"qodef-team-position-icon\">\r\n\t\t\t\t\t\t\n    <span class=\"qodef-icon-shortcode circle \"  >\n        \n        <i class=\"qodef-icon-simple-line-icon icon-feed qodef-icon-element\" style=\"\" ><\/i>\n            <\/span>\n\n\t\t\t\t\t<\/div>\r\n\t\t\t\t\t\t\t\t\t\t\t<h6 class=\"q_team_position\">Force du r\u00e9seau<\/h6>\r\n\t\t\t\t\t\t\t\t\t<\/div>\r\n\t\t\t<\/div>\r\n\t\t\r\n\t\t\t\t\t<div class=\"qodef-team-info\">\r\n\t\t\t\t\t\t\t\t\t<div class=\"qodef-team-title-holder\">\r\n\t\t\t\t\t\t\t\t\t\t\t\t\r\n\t\t\t\t\t<\/div>\r\n\t\t\t\t\r\n\t\t\t\t\t\t<\/div>\r\n\t<\/div>\r\n<\/div>[vc_column_text]<\/p>\n<p style=\"text-align: center;\"><strong>NOWE URZ\u0104DZENIE SATELITARNE<br \/>\n<\/strong><\/p>\n<p>&nbsp;<\/p>\n<p style=\"text-align: center;\"><strong>Najwi\u0119ksza sie\u0107 na rynku<\/strong><\/p>\n<p style=\"text-align: center;\">18 kraj\u00f3w europejskich na jednym urz\u0105dzeniu<\/p>\n<p>[\/vc_column_text][\/vc_column][vc_column width=&#8221;1\/3&#8243;]\r\n<div class=\"qodef-team main-info-below-image\">\r\n\t<div class=\"qodef-team-inner\">\r\n\t\t\t\t\t<div class=\"qodef-team-image\">\r\n\t\t\t\t<img decoding=\"async\" src=\"https:\/\/www.Eurotoll.eu\/wp-content\/uploads\/2023\/06\/3.png\" alt=\"qodef-team-image\"\/>\r\n\t\t\t\t<div class=\"qodef-team-position-holder\">\r\n\t\t\t\t\t<div class=\"qodef-circle-animate\"><\/div>\r\n\t\t\t\t\t<div class=\"qodef-team-position-icon\">\r\n\t\t\t\t\t\t\n    <span class=\"qodef-icon-shortcode circle \"  >\n        \n        <i class=\"qodef-icon-simple-line-icon icon-screen-smartphone qodef-icon-element\" style=\"\" ><\/i>\n            <\/span>\n\n\t\t\t\t\t<\/div>\r\n\t\t\t\t\t\t\t\t\t\t\t<h6 class=\"q_team_position\">Simplicit\u00e9 d&#039;utilisation<\/h6>\r\n\t\t\t\t\t\t\t\t\t<\/div>\r\n\t\t\t<\/div>\r\n\t\t\r\n\t\t\t\t\t<div class=\"qodef-team-info\">\r\n\t\t\t\t\t\t\t\t\t<div class=\"qodef-team-title-holder\">\r\n\t\t\t\t\t\t\t\t\t\t\t\t\r\n\t\t\t\t\t<\/div>\r\n\t\t\t\t\r\n\t\t\t\t\t\t<\/div>\r\n\t<\/div>\r\n<\/div>[vc_column_text]<\/p>\n<p style=\"text-align: center;\"><strong>APLIKACJA MOBILNA DLA KIEROWC\u00d3W<\/strong><\/p>\n<p>&nbsp;<\/p>\n<p style=\"text-align: center;\"><strong>Uproszczone zarz\u0105dzanie za pomoc\u0105 urz\u0105dzenia konfigurowanego<\/strong> z poziomu dedykowanej aplikacji mobilnej<\/p>\n<p>[\/vc_column_text][\/vc_column][vc_column width=&#8221;1\/3&#8243;]\r\n<div class=\"qodef-team main-info-below-image\">\r\n\t<div class=\"qodef-team-inner\">\r\n\t\t\t\t\t<div class=\"qodef-team-image\">\r\n\t\t\t\t<img decoding=\"async\" src=\"https:\/\/www.Eurotoll.eu\/wp-content\/uploads\/2023\/06\/illustration-plateforme-en-ligne.png\" alt=\"qodef-team-image\"\/>\r\n\t\t\t\t<div class=\"qodef-team-position-holder\">\r\n\t\t\t\t\t<div class=\"qodef-circle-animate\"><\/div>\r\n\t\t\t\t\t<div class=\"qodef-team-position-icon\">\r\n\t\t\t\t\t\t\n    <span class=\"qodef-icon-shortcode circle \"  >\n        \n        <i class=\"qodef-icon-simple-line-icon icon-screen-desktop qodef-icon-element\" style=\"\" ><\/i>\n            <\/span>\n\n\t\t\t\t\t<\/div>\r\n\t\t\t\t\t\t\t\t\t\t\t<h6 class=\"q_team_position\">Meilleur contr\u00f4le<\/h6>\r\n\t\t\t\t\t\t\t\t\t<\/div>\r\n\t\t\t<\/div>\r\n\t\t\r\n\t\t\t\t\t<div class=\"qodef-team-info\">\r\n\t\t\t\t\t\t\t\t\t<div class=\"qodef-team-title-holder\">\r\n\t\t\t\t\t\t\t\t\t\t\t\t\r\n\t\t\t\t\t<\/div>\r\n\t\t\t\t\r\n\t\t\t\t\t\t<\/div>\r\n\t<\/div>\r\n<\/div>[vc_column_text]<\/p>\n<p style=\"text-align: center;\"><strong>INTERFEJS SIECIOWY DLA MENED\u017bERA FLOTY<\/strong><\/p>\n<p>&nbsp;<\/p>\n<p style=\"text-align: center;\"><strong>Lepsza kontrola wizualizacji stanu OBU <\/strong>w czasie rzeczywistym (ju\u017c wkr\u00f3tce)<\/p>\n<p>[\/vc_column_text][\/vc_column][\/vc_row][vc_row content_width=&#8221;grid&#8221; el_class=&#8221;padtop50 padbot50&#8243;][vc_column][vc_empty_space height=&#8221;70px&#8221;][vc_column_text]<\/p>\n<h2 style=\"text-align: center;\"><span style=\"color: #035e7e;\">Upro\u015b\u0107 swoje codzienne \u017cycie dzi\u0119ki nowym us\u0142ugom poboru op\u0142at drogowych <\/span><\/h2>\n<h2 style=\"text-align: center;\"><\/h2>\n<p>[\/vc_column_text][\/vc_column][\/vc_row][vc_row content_width=&#8221;grid&#8221; el_class=&#8221;padtop50 padbot50&#8243; css=&#8221;.vc_custom_1687331144086{background-color: #035e7e !important;}&#8221;][vc_column][vc_column_text]<\/p>\n<h3><span style=\"color: #ffffff;\"><strong>Lumesia 1, satelitarny system op\u0142at, kt\u00f3ry otwiera Europ\u0119<\/strong><\/span><\/h3>\n<p>&nbsp;<\/p>\n<p><span style=\"color: #ffffff;\"><span class=\"TextRun SCXW81377670 BCX0\" lang=\"FR-FR\" xml:lang=\"FR-FR\" data-contrast=\"none\"><span class=\"NormalTextRun SCXW81377670 BCX0\"><strong><span style=\"color: #afca0b;\">\u25cf<\/span>18 obs\u0142ugiwanych kraj\u00f3w: <\/strong><\/span><\/span><span class=\"TextRun SCXW81377670 BCX0\" lang=\"FR-FR\" xml:lang=\"FR-FR\" data-contrast=\"none\"><span class=\"NormalTextRun SCXW81377670 BCX0\">Francja, Hiszpania, Portugalia, W\u0142ochy, Austria, Belgia, Niemcy, Polska, Szwajcaria, W\u0119gry, Bu\u0142garia, Norwegia, Szwecja, Dania, Chorwacja, S\u0142owenia, S\u0142owacja<\/span><\/span><span class=\"EOP SCXW81377670 BCX0\" data-ccp-props=\"{&quot;201341983&quot;:0,&quot;335559739&quot;:160,&quot;335559740&quot;:259}\"> i Czechy<\/span><\/span><\/p>\n<p><span style=\"color: #ffffff;\"><span class=\"TextRun SCXW81377670 BCX0\" lang=\"FR-FR\" xml:lang=\"FR-FR\" data-contrast=\"none\"><span class=\"NormalTextRun SCXW81377670 BCX0\"><span class=\"TextRun SCXW70063845 BCX0\" lang=\"FR-FR\" xml:lang=\"FR-FR\" data-contrast=\"none\"><span class=\"NormalTextRun SCXW70063845 BCX0\"><span style=\"color: #afca0b;\"><strong>\u25cf<\/strong><\/span>Dost\u0119p do <\/span><\/span><strong><span class=\"TextRun SCXW70063845 BCX0\" lang=\"FR-FR\" xml:lang=\"FR-FR\" data-contrast=\"none\"><span class=\"NormalTextRun SCXW70063845 BCX0\">21 strze\u017conych parking\u00f3w dla ci\u0119\u017car\u00f3wek we Francji<\/span><\/span><span class=\"TextRun SCXW70063845 BCX0\" lang=\"FR-FR\" xml:lang=\"FR-FR\" data-contrast=\"none\"><span class=\"NormalTextRun SCXW70063845 BCX0\">\u00a0<\/span><\/span><\/strong><\/span><\/span><\/span><\/p>\n<p><span style=\"color: #ffffff;\"><span class=\"TextRun SCXW81377670 BCX0\" lang=\"FR-FR\" xml:lang=\"FR-FR\" data-contrast=\"none\"><span class=\"NormalTextRun SCXW81377670 BCX0\"><span style=\"color: #afca0b;\"><strong>\u25cf<\/strong><\/span> <strong>Kompatybilny z promami (Mesyna i Skandynawia)<\/strong> (Messine et Scandinavie)<\/span><\/span><\/span><\/p>\n<p><span style=\"color: #ffffff;\"><span class=\"TextRun SCXW81377670 BCX0\" lang=\"FR-FR\" xml:lang=\"FR-FR\" data-contrast=\"none\"><span class=\"NormalTextRun SCXW81377670 BCX0\"><span style=\"color: #afca0b;\"><strong>\u25cf<\/strong><\/span> <b>Technologia 4G<\/b><\/span><\/span><\/span><\/p>\n<p><span style=\"color: #ffffff;\"><span class=\"TextRun SCXW81377670 BCX0\" lang=\"FR-FR\" xml:lang=\"FR-FR\" data-contrast=\"none\"><span class=\"NormalTextRun SCXW81377670 BCX0\" data-wp-editing=\"1\"><span style=\"color: #afca0b;\"><strong>\u25cf<\/strong><\/span> <b>Sta\u0142a instalacja zmniejszaj\u0105ca ryzyko mandat\u00f3w oraz narz\u0119dzie do autotestu do sprawdzania instalacji<\/b><\/span><\/span><\/span>[\/vc_column_text][\/vc_column][\/vc_row][vc_row content_width=&#8221;grid&#8221; el_class=&#8221;padtop50 padbot50&#8243;][vc_column][vc_column_text]<\/p>\n<h3><span class=\"TextRun SCXW135978769 BCX0\" lang=\"FR-FR\" xml:lang=\"FR-FR\" data-contrast=\"none\"><span class=\"NormalTextRun SCXW135978769 BCX0\">Lumesia 1, aplikacja mobilna u\u0142atwiaj\u0105ca zarz\u0105dzanie OBU<\/span><\/span><span class=\"EOP SCXW135978769 BCX0\" data-ccp-props=\"{&quot;201341983&quot;:0,&quot;335559739&quot;:160,&quot;335559740&quot;:259}\">\u00a0<\/span><\/h3>\n<p>&nbsp;<\/p>\n<p>&nbsp;<\/p>\n<p><span class=\"TextRun SCXW81377670 BCX0\" lang=\"FR-FR\" xml:lang=\"FR-FR\" data-contrast=\"none\"><span class=\"NormalTextRun SCXW81377670 BCX0\" data-wp-editing=\"1\"><span style=\"color: #ffffff;\"><span style=\"color: #afca0b;\"><strong>\u25cf<\/strong><\/span><\/span> <b>Dost\u0119pne na Androida i iOS<\/b><\/span><\/span><\/p>\n<p><span class=\"TextRun SCXW81377670 BCX0\" lang=\"FR-FR\" xml:lang=\"FR-FR\" data-contrast=\"none\"><span class=\"NormalTextRun SCXW81377670 BCX0\" data-wp-editing=\"1\"><span style=\"color: #ffffff;\"><span style=\"color: #afca0b;\"><strong>\u25cf<\/strong><\/span><\/span> Wizualizacja stanu jednostek OBU i aktywowanych sieci<\/span><\/span><\/p>\n<p><span class=\"TextRun SCXW81377670 BCX0\" lang=\"FR-FR\" xml:lang=\"FR-FR\" data-contrast=\"none\"><span class=\"NormalTextRun SCXW81377670 BCX0\" data-wp-editing=\"1\"><span style=\"color: #ffffff;\"><span style=\"color: #afca0b;\"><strong>\u25cf<\/strong><\/span><\/span> Automatyczne aktualizacje ustawie\u0144 op\u0142at (osie, waga) w czasie rzeczywistym<\/span><\/span><\/p>\n<p><span class=\"TextRun SCXW81377670 BCX0\" lang=\"FR-FR\" xml:lang=\"FR-FR\" data-contrast=\"none\"><span class=\"NormalTextRun SCXW81377670 BCX0\" data-wp-editing=\"1\"><span style=\"color: #ffffff;\"><span style=\"color: #afca0b;\"><strong>\u25cf<\/strong><\/span><\/span> <strong>Powiadomienia push przy wszystkich dokonywanych zmiaach<\/strong><\/span><\/span><\/p>\n<p><span class=\"TextRun SCXW81377670 BCX0\" lang=\"FR-FR\" xml:lang=\"FR-FR\" data-contrast=\"none\"><span class=\"NormalTextRun SCXW81377670 BCX0\" data-wp-editing=\"1\"><span style=\"color: #ffffff;\"><span style=\"color: #afca0b;\"><strong>\u25cf<\/strong><\/span><\/span> <strong>Dokumenty dost\u0119pne za pomoc\u0105 kilku klikni\u0119\u0107 (instrukcje obs\u0142ugi, vouchery, deklaracje pojazdu)<\/strong><\/span><\/span><\/p>\n<p><span class=\"TextRun SCXW81377670 BCX0\" lang=\"FR-FR\" xml:lang=\"FR-FR\" data-contrast=\"none\"><span class=\"NormalTextRun SCXW81377670 BCX0\" data-wp-editing=\"1\"><span style=\"color: #ffffff;\"><span style=\"color: #afca0b;\"><strong>\u25cf <\/strong><\/span><\/span>Komunikaty g\u0142osowe (11 j\u0119zyk\u00f3w) dost\u0119pne jako substytut aplikacji<strong>r<\/strong><\/span><\/span>[\/vc_column_text][\/vc_column][\/vc_row][vc_row][vc_column][vc_single_image image=&#8221;14205&#8243; img_size=&#8221;medium&#8221; alignment=&#8221;center&#8221;][\/vc_column][\/vc_row][vc_row][vc_column width=&#8221;1\/2&#8243;][vc_single_image image=&#8221;14211&#8243; alignment=&#8221;right&#8221; onclick=&#8221;custom_link&#8221; img_link_target=&#8221;_blank&#8221; link=&#8221;https:\/\/apps.apple.com\/fr\/app\/lumesia-1\/id6447969316&#8243;][vc_empty_space height=&#8221;50px&#8221;][\/vc_column][vc_column width=&#8221;1\/2&#8243;][vc_single_image image=&#8221;14215&#8243; onclick=&#8221;custom_link&#8221; img_link_target=&#8221;_blank&#8221; link=&#8221;https:\/\/play.google.com\/store\/apps\/details?id=com.faiservice.lumesia1&#8243;][vc_empty_space height=&#8221;50px&#8221;][\/vc_column][\/vc_row][vc_row content_width=&#8221;grid&#8221; el_class=&#8221;padtop50 padbot50&#8243; css=&#8221;.vc_custom_1687331270983{background-color: #afca0b !important;}&#8221;][vc_column][vc_column_text]<\/p>\n<h3><span style=\"color: #000000;\">Lumesia 1, interfejs sieciowy do monitorowania urz\u0105dze\u0144 poboru op\u0142at drogowych.<\/span><\/h3>\n<h3><span style=\"color: #000000;\">(ju\u017c wkr\u00f3tce)<\/span><\/h3>\n<p>&nbsp;<\/p>\n<p>&nbsp;<\/p>\n<p><span style=\"color: #035e7e;\"><span class=\"TextRun SCXW81377670 BCX0\" lang=\"FR-FR\" xml:lang=\"FR-FR\" data-contrast=\"none\"><span class=\"NormalTextRun SCXW81377670 BCX0\" data-wp-editing=\"1\"><span style=\"color: #035e7e;\"><strong>\u25cf<\/strong> <\/span><strong><span style=\"color: #000000;\">Wizualizacja stanu i konfiguracji OBU w czasie rzeczywistym<\/span><\/strong><\/span><\/span><\/span><\/p>\n<p><strong style=\"color: #000000;\"><span style=\"color: #035e7e;\"><span class=\"TextRun SCXW81377670 BCX0\" lang=\"FR-FR\" xml:lang=\"FR-FR\" data-contrast=\"none\"><span class=\"NormalTextRun SCXW81377670 BCX0\" data-wp-editing=\"1\"><strong>\u25cf<\/strong><\/span><\/span> <\/span>Raporty do pobrania<\/strong>[\/vc_column_text][\/vc_column][\/vc_row][vc_row content_width=&#8221;grid&#8221; el_class=&#8221;padtop50 padbot50&#8243; css=&#8221;.vc_custom_1687264851081{background-color: #ffffff !important;}&#8221;][vc_column][vc_column_text]<\/p>\n<h3>Kompatybilny z wysokiej jako\u015bci us\u0142ugami dodatkowymi.<\/h3>\n<p>&nbsp;<\/p>\n<p>&nbsp;<\/p>\n<p><span class=\"TextRun SCXW81377670 BCX0\" lang=\"FR-FR\" xml:lang=\"FR-FR\" data-contrast=\"none\"><span class=\"NormalTextRun SCXW81377670 BCX0\" data-wp-editing=\"1\"><span style=\"color: #ffffff;\"><span style=\"color: #afca0b;\"><strong>\u25cf<\/strong><\/span><\/span> <b>Us\u0142ugi geolokalizacyjne z telematyk\u0105<\/b><\/span><\/span><\/p>\n<p><span class=\"TextRun SCXW81377670 BCX0\" lang=\"FR-FR\" xml:lang=\"FR-FR\" data-contrast=\"none\"><span class=\"NormalTextRun SCXW81377670 BCX0\" data-wp-editing=\"1\"><span style=\"color: #ffffff;\"><span style=\"color: #afca0b;\"><strong>\u25cf<\/strong><\/span><\/span> <b>EDI dziennej konsumpcji wed\u0142ug kraj\u00f3w przejechanych w Europie<\/b><\/span><\/span>[\/vc_column_text][\/vc_column][\/vc_row][vc_row content_width=&#8221;grid&#8221; css=&#8221;.vc_custom_1687343077738{background-color: #afca0b !important;}&#8221;][vc_column width=&#8221;1\/2&#8243;][vc_empty_space][vc_empty_space][\/vc_column][vc_column width=&#8221;1\/2&#8243;][vc_empty_space]<a href=\"mailto:service.client@eurotoll.fr\" target=\"_self\" style=\"color: #035e7e;border-color: #035e7e\" class=\"qodef-btn qodef-btn-small qodef-btn-outline qodef-btn-icon\"  >\n        <span class=\"qodef-btn-text\">Skontaktuj si\u0119 z nami<\/span>\n    <span class=\"qodef-btn-text-icon\"><i class=\"qodef-icon-simple-line-icon icon-arrow-right \" ><\/i><\/span>\n<\/a>[vc_empty_space][\/vc_column][\/vc_row]<\/p>\n","protected":false},"excerpt":{"rendered":"<p>[vc_row content_width=&#8221;grid&#8221; el_class=&#8221;padtop50 padbot50&#8243;][vc_column][vc_row_inner el_class=&#8221;padtop50&#8243;][vc_column_inner][vc_column_text] Lumesia 1 to znacznie wi\u0119cej ni\u017c OBU, to kompletna platforma serwisowa, kt\u00f3ry u\u0142atwia zarz\u0105dzanie op\u0142atami za&#8230;<\/p>\n","protected":false},"author":23,"featured_media":12550,"parent":3929,"menu_order":0,"comment_status":"closed","ping_status":"closed","template":"full-width.php","meta":{"footnotes":""},"class_list":["post-14017","page","type-page","status-publish","has-post-thumbnail","hentry"],"yoast_head":"<!-- This site is optimized with the Yoast SEO Premium plugin v26.7 (Yoast SEO v26.7) - https:\/\/yoast.com\/wordpress\/plugins\/seo\/ -->\n<title>Urz\u0105dzenie satelitarne nowej generacji<\/title>\n<meta name=\"description\" content=\"Eurotoll Lumesia zapewnia now\u0105 generacj\u0119 us\u0142ugi poboru op\u0142at drogowych w 14 krajach Europy!\" \/>\n<meta name=\"robots\" content=\"index, follow, max-snippet:-1, max-image-preview:large, max-video-preview:-1\" \/>\n<link rel=\"canonical\" href=\"https:\/\/www.Eurotoll.eu\/pl\/nasze-uslugi\/lumesia-1\/\" \/>\n<meta property=\"og:locale\" content=\"pl_PL\" \/>\n<meta property=\"og:type\" content=\"article\" \/>\n<meta property=\"og:title\" content=\"Lumesia 1\" \/>\n<meta property=\"og:description\" content=\"Eurotoll Lumesia zapewnia now\u0105 generacj\u0119 us\u0142ugi poboru op\u0142at drogowych w 14 krajach Europy!\" \/>\n<meta property=\"og:url\" content=\"https:\/\/www.Eurotoll.eu\/pl\/nasze-uslugi\/lumesia-1\/\" \/>\n<meta property=\"og:site_name\" content=\"Eurotoll\" \/>\n<meta property=\"article:modified_time\" content=\"2025-12-22T15:28:29+00:00\" \/>\n<meta property=\"og:image\" content=\"https:\/\/www.Eurotoll.eu\/wp-content\/uploads\/2023\/06\/Image-Twitter-WP.png\" \/>\n<meta name=\"twitter:card\" content=\"summary_large_image\" \/>\n<meta name=\"twitter:image\" content=\"https:\/\/www.Eurotoll.eu\/wp-content\/uploads\/2023\/06\/Image-Twitter-WP.png\" \/>\n<meta name=\"twitter:label1\" content=\"Szacowany czas czytania\" \/>\n\t<meta name=\"twitter:data1\" content=\"2 minuty\" \/>\n<script type=\"application\/ld+json\" class=\"yoast-schema-graph\">{\"@context\":\"https:\/\/schema.org\",\"@graph\":[{\"@type\":\"WebPage\",\"@id\":\"https:\/\/www.Eurotoll.eu\/pl\/nasze-uslugi\/lumesia-1\/\",\"url\":\"https:\/\/www.Eurotoll.eu\/pl\/nasze-uslugi\/lumesia-1\/\",\"name\":\"Urz\u0105dzenie satelitarne nowej generacji\",\"isPartOf\":{\"@id\":\"https:\/\/www.Eurotoll.eu\/pl\/#website\"},\"primaryImageOfPage\":{\"@id\":\"https:\/\/www.Eurotoll.eu\/pl\/nasze-uslugi\/lumesia-1\/#primaryimage\"},\"image\":{\"@id\":\"https:\/\/www.Eurotoll.eu\/pl\/nasze-uslugi\/lumesia-1\/#primaryimage\"},\"thumbnailUrl\":\"https:\/\/www.Eurotoll.eu\/wp-content\/uploads\/2023\/06\/Image-Twitter-WP-1.png\",\"datePublished\":\"2023-07-28T14:51:37+00:00\",\"dateModified\":\"2025-12-22T15:28:29+00:00\",\"description\":\"Eurotoll Lumesia zapewnia now\u0105 generacj\u0119 us\u0142ugi poboru op\u0142at drogowych w 14 krajach Europy!\",\"breadcrumb\":{\"@id\":\"https:\/\/www.Eurotoll.eu\/pl\/nasze-uslugi\/lumesia-1\/#breadcrumb\"},\"inLanguage\":\"pl-PL\",\"potentialAction\":[{\"@type\":\"ReadAction\",\"target\":[\"https:\/\/www.Eurotoll.eu\/pl\/nasze-uslugi\/lumesia-1\/\"]}]},{\"@type\":\"ImageObject\",\"inLanguage\":\"pl-PL\",\"@id\":\"https:\/\/www.Eurotoll.eu\/pl\/nasze-uslugi\/lumesia-1\/#primaryimage\",\"url\":\"https:\/\/www.Eurotoll.eu\/wp-content\/uploads\/2023\/06\/Image-Twitter-WP-1.png\",\"contentUrl\":\"https:\/\/www.Eurotoll.eu\/wp-content\/uploads\/2023\/06\/Image-Twitter-WP-1.png\",\"width\":200,\"height\":200},{\"@type\":\"BreadcrumbList\",\"@id\":\"https:\/\/www.Eurotoll.eu\/pl\/nasze-uslugi\/lumesia-1\/#breadcrumb\",\"itemListElement\":[{\"@type\":\"ListItem\",\"position\":1,\"name\":\"Accueil\",\"item\":\"https:\/\/www.Eurotoll.eu\/pl\/\"},{\"@type\":\"ListItem\",\"position\":2,\"name\":\"Nasze us\u0142ugi\",\"item\":\"https:\/\/www.Eurotoll.eu\/pl\/nasze-uslugi\/\"},{\"@type\":\"ListItem\",\"position\":3,\"name\":\"Lumesia 1\"}]},{\"@type\":\"WebSite\",\"@id\":\"https:\/\/www.Eurotoll.eu\/pl\/#website\",\"url\":\"https:\/\/www.Eurotoll.eu\/pl\/\",\"name\":\"Eurotoll\",\"description\":\"Acteur cl\u00e9 du t\u00e9l\u00e9p\u00e9age en Europe\",\"potentialAction\":[{\"@type\":\"SearchAction\",\"target\":{\"@type\":\"EntryPoint\",\"urlTemplate\":\"https:\/\/www.Eurotoll.eu\/pl\/?s={search_term_string}\"},\"query-input\":{\"@type\":\"PropertyValueSpecification\",\"valueRequired\":true,\"valueName\":\"search_term_string\"}}],\"inLanguage\":\"pl-PL\"}]}<\/script>\n<!-- \/ Yoast SEO Premium plugin. -->","yoast_head_json":{"title":"Urz\u0105dzenie satelitarne nowej generacji","description":"Eurotoll Lumesia zapewnia now\u0105 generacj\u0119 us\u0142ugi poboru op\u0142at drogowych w 14 krajach Europy!","robots":{"index":"index","follow":"follow","max-snippet":"max-snippet:-1","max-image-preview":"max-image-preview:large","max-video-preview":"max-video-preview:-1"},"canonical":"https:\/\/www.Eurotoll.eu\/pl\/nasze-uslugi\/lumesia-1\/","og_locale":"pl_PL","og_type":"article","og_title":"Lumesia 1","og_description":"Eurotoll Lumesia zapewnia now\u0105 generacj\u0119 us\u0142ugi poboru op\u0142at drogowych w 14 krajach Europy!","og_url":"https:\/\/www.Eurotoll.eu\/pl\/nasze-uslugi\/lumesia-1\/","og_site_name":"Eurotoll","article_modified_time":"2025-12-22T15:28:29+00:00","og_image":[{"url":"https:\/\/www.Eurotoll.eu\/wp-content\/uploads\/2023\/06\/Image-Twitter-WP.png","type":"","width":"","height":""}],"twitter_card":"summary_large_image","twitter_image":"https:\/\/www.Eurotoll.eu\/wp-content\/uploads\/2023\/06\/Image-Twitter-WP.png","twitter_misc":{"Szacowany czas czytania":"2 minuty"},"schema":{"@context":"https:\/\/schema.org","@graph":[{"@type":"WebPage","@id":"https:\/\/www.Eurotoll.eu\/pl\/nasze-uslugi\/lumesia-1\/","url":"https:\/\/www.Eurotoll.eu\/pl\/nasze-uslugi\/lumesia-1\/","name":"Urz\u0105dzenie satelitarne nowej generacji","isPartOf":{"@id":"https:\/\/www.Eurotoll.eu\/pl\/#website"},"primaryImageOfPage":{"@id":"https:\/\/www.Eurotoll.eu\/pl\/nasze-uslugi\/lumesia-1\/#primaryimage"},"image":{"@id":"https:\/\/www.Eurotoll.eu\/pl\/nasze-uslugi\/lumesia-1\/#primaryimage"},"thumbnailUrl":"https:\/\/www.Eurotoll.eu\/wp-content\/uploads\/2023\/06\/Image-Twitter-WP-1.png","datePublished":"2023-07-28T14:51:37+00:00","dateModified":"2025-12-22T15:28:29+00:00","description":"Eurotoll Lumesia zapewnia now\u0105 generacj\u0119 us\u0142ugi poboru op\u0142at drogowych w 14 krajach Europy!","breadcrumb":{"@id":"https:\/\/www.Eurotoll.eu\/pl\/nasze-uslugi\/lumesia-1\/#breadcrumb"},"inLanguage":"pl-PL","potentialAction":[{"@type":"ReadAction","target":["https:\/\/www.Eurotoll.eu\/pl\/nasze-uslugi\/lumesia-1\/"]}]},{"@type":"ImageObject","inLanguage":"pl-PL","@id":"https:\/\/www.Eurotoll.eu\/pl\/nasze-uslugi\/lumesia-1\/#primaryimage","url":"https:\/\/www.Eurotoll.eu\/wp-content\/uploads\/2023\/06\/Image-Twitter-WP-1.png","contentUrl":"https:\/\/www.Eurotoll.eu\/wp-content\/uploads\/2023\/06\/Image-Twitter-WP-1.png","width":200,"height":200},{"@type":"BreadcrumbList","@id":"https:\/\/www.Eurotoll.eu\/pl\/nasze-uslugi\/lumesia-1\/#breadcrumb","itemListElement":[{"@type":"ListItem","position":1,"name":"Accueil","item":"https:\/\/www.Eurotoll.eu\/pl\/"},{"@type":"ListItem","position":2,"name":"Nasze us\u0142ugi","item":"https:\/\/www.Eurotoll.eu\/pl\/nasze-uslugi\/"},{"@type":"ListItem","position":3,"name":"Lumesia 1"}]},{"@type":"WebSite","@id":"https:\/\/www.Eurotoll.eu\/pl\/#website","url":"https:\/\/www.Eurotoll.eu\/pl\/","name":"Eurotoll","description":"Acteur cl\u00e9 du t\u00e9l\u00e9p\u00e9age en Europe","potentialAction":[{"@type":"SearchAction","target":{"@type":"EntryPoint","urlTemplate":"https:\/\/www.Eurotoll.eu\/pl\/?s={search_term_string}"},"query-input":{"@type":"PropertyValueSpecification","valueRequired":true,"valueName":"search_term_string"}}],"inLanguage":"pl-PL"}]}},"_links":{"self":[{"href":"https:\/\/www.Eurotoll.eu\/pl\/wp-json\/wp\/v2\/pages\/14017","targetHints":{"allow":["GET"]}}],"collection":[{"href":"https:\/\/www.Eurotoll.eu\/pl\/wp-json\/wp\/v2\/pages"}],"about":[{"href":"https:\/\/www.Eurotoll.eu\/pl\/wp-json\/wp\/v2\/types\/page"}],"author":[{"embeddable":true,"href":"https:\/\/www.Eurotoll.eu\/pl\/wp-json\/wp\/v2\/users\/23"}],"replies":[{"embeddable":true,"href":"https:\/\/www.Eurotoll.eu\/pl\/wp-json\/wp\/v2\/comments?post=14017"}],"version-history":[{"count":13,"href":"https:\/\/www.Eurotoll.eu\/pl\/wp-json\/wp\/v2\/pages\/14017\/revisions"}],"predecessor-version":[{"id":19675,"href":"https:\/\/www.Eurotoll.eu\/pl\/wp-json\/wp\/v2\/pages\/14017\/revisions\/19675"}],"up":[{"embeddable":true,"href":"https:\/\/www.Eurotoll.eu\/pl\/wp-json\/wp\/v2\/pages\/3929"}],"wp:featuredmedia":[{"embeddable":true,"href":"https:\/\/www.Eurotoll.eu\/pl\/wp-json\/wp\/v2\/media\/12550"}],"wp:attachment":[{"href":"https:\/\/www.Eurotoll.eu\/pl\/wp-json\/wp\/v2\/media?parent=14017"}],"curies":[{"name":"wp","href":"https:\/\/api.w.org\/{rel}","templated":true}]}}