{"id":3841,"date":"2016-06-08T04:16:29","date_gmt":"2016-06-08T02:16:29","guid":{"rendered":"http:\/\/80.75.152.85\/pl\/accueil\/"},"modified":"2025-11-17T17:31:48","modified_gmt":"2025-11-17T16:31:48","slug":"stronie-glownej-2","status":"publish","type":"page","link":"https:\/\/www.Eurotoll.eu\/pl\/","title":{"rendered":"Lumesia, platforma us\u0142ugowa dla przewo\u017anik\u00f3w drogowych"},"content":{"rendered":"<p>[vc_row el_class=&#8221;white spepadleft&#8221; css=&#8221;.vc_custom_1689931298508{background-color: #026280 !important;}&#8221;][vc_column width=&#8221;1\/2&#8243; el_class=&#8221;padtop70 padbot70&#8243;][vc_column_text]<\/p>\n<h1><span style=\"color: #ffffff;\">Lumesia, platforma us\u0142ugowa dla przewo\u017anik\u00f3w drogowych<\/span><\/h1>\n<p>[\/vc_column_text][vc_empty_space height=&#8221;20px&#8221;][vc_column_text]<span data-teams=\"true\">Maj\u0105c \u015bwiadomo\u015b\u0107 rosn\u0105cych wyzwa\u0144 stoj\u0105cych przed przewo\u017anikami drogowymi, Eurotoll, poprzez swoj\u0105 platform\u0119 us\u0142ugow\u0105 Lumesia, oferuje innowacyjne rozwi\u0105zania upraszczaj\u0105ce ich codzienn\u0105 dzia\u0142alno\u015b\u0107.<\/span><\/p>\n<p><span data-teams=\"true\"><br \/>\nZaprojektowana jako punkt kompleksowej obs\u0142ugi, Lumesia oferuje szeroki zakres us\u0142ug &#8211; op\u0142aty drogowe, telematyk\u0119, Lumesia Card, zwrot podatku VAT i rozwi\u0105zania multimodalne &#8211; w celu optymalizacji wydajno\u015bci, zwi\u0119kszenia rentowno\u015bci i poprawy zadowolenia klient\u00f3w.<\/span>[\/vc_column_text][vc_empty_space height=&#8221;20px&#8221;][vc_column_text]<span data-teams=\"true\">Aby dowiedzie\u0107 si\u0119 wi\u0119cej o us\u0142ugach Lumesia oferowanych przez Eurotoll, wybierz na mapie kraj, w kt\u00f3rym chcesz podr\u00f3\u017cowa\u0107.<br \/>\n<\/span>[\/vc_column_text][vc_empty_space height=&#8221;20px&#8221;]<a href=\"https:\/\/eurotoll.eu\/pl\/nasza-oferta\/\" target=\"_self\" style=\"background-color: rgba(175,202,11,0.8)\" class=\"qodef-btn qodef-btn-small qodef-btn-solid qodef-btn-custom-hover-bg qodef-btn-icon\" data-hover-bg-color=\"#afca0b\" >\n        <span class=\"qodef-btn-text\">Odkryj us\u0142ugi Lumesia<\/span>\n    <span class=\"qodef-btn-text-icon\"><i class=\"qodef-icon-simple-line-icon icon-arrow-right-circle \" ><\/i><\/span>\n<\/a>[\/vc_column][vc_column width=&#8221;1\/2&#8243;][vc_raw_html]JTNDaW1nJTIwc3JjJTNEJTIyaHR0cHMlM0ElMkYlMkZ3d3cuRXVyb3RvbGwuZXUlMkZ3cC1jb250ZW50JTJGdXBsb2FkcyUyRjIwMjQlMkYwMiUyRkhQLUV1cm90b2xsLWh0dHBzd3d3LmV1cm90b2xsLmV1ZnItMi5wbmclMjIlMjB1c2VtYXAlM0QlMjIlMjNpbWFnZS1tYXAlMjIlM0UlMEElM0NtYXAlMjBuYW1lJTNEJTIyaW1hZ2UtbWFwJTIyJTNFJTBBJTIwJTIwJTIwJTNDYXJlYSUyMHRhcmdldCUzRCUyMiUyMiUyMGFsdCUzRCUyMkhpc3pwYW5pYSUyMiUyMHRpdGxlJTNEJTIySGlzenBhbmlhJTIyJTIwaHJlZiUzRCUyMmh0dHBzJTNBJTJGJTJGd3d3LmV1cm90b2xsLmV1JTJGcGwlMkZuYXN6YS1vZmVydGElMkZoaXN6cGFuaWElMkYlMjIlMjBjb29yZHMlM0QlMjIyMzklMkM2NDAlMkMyNzAlMkM2ODglMjIlMjBzaGFwZSUzRCUyMnJlY3QlMjIlM0UlMEElMjAlMjAlMjAlM0NhcmVhJTIwdGFyZ2V0JTNEJTIyJTIyJTIwYWx0JTNEJTIyUG9ydHVnYWxpYSUyMiUyMHRpdGxlJTNEJTIyUG9ydHVnYWxpYSUyMiUyMGhyZWYlM0QlMjJodHRwcyUzQSUyRiUyRnd3dy5ldXJvdG9sbC5ldSUyRnBsJTJGbmFzemEtb2ZlcnRhJTJGcG9ydHVnYWxpYSUyRiUyMiUyMGNvb3JkcyUzRCUyMjk3JTJDNjI5JTJDMTMxJTJDNjc1JTIyJTIwc2hhcGUlM0QlMjJyZWN0JTIyJTNFJTBBJTIwJTIwJTIwJTIwJTNDYXJlYSUyMHRhcmdldCUzRCUyMiUyMiUyMGFsdCUzRCUyMkZyYW5jamElMjIlMjB0aXRsZSUzRCUyMkZyYW5jamElMjIlMjBocmVmJTNEJTIyaHR0cHMlM0ElMkYlMkZ3d3cuZXVyb3RvbGwuZXUlMkZwbCUyRm5hc3phLW9mZXJ0YSUyRmZyYW5jamEtMiUyRiUyMiUyMGNvb3JkcyUzRCUyMjM5NiUyQzM4NyUyQzQzMyUyQzQzNSUyMiUyMHNoYXBlJTNEJTIycmVjdCUyMiUzRSUwQSUyMCUyMCUyMCUyMCUzQ2FyZWElMjB0YXJnZXQlM0QlMjIlMjIlMjBhbHQlM0QlMjJCZWxnaWElMjIlMjB0aXRsZSUzRCUyMkJlbGdpYSUyMiUyMGhyZWYlM0QlMjJodHRwcyUzQSUyRiUyRnd3dy5ldXJvdG9sbC5ldSUyRnBsJTJGbmFzemEtb2ZlcnRhJTJGYmVsZ2lhJTJGJTIyJTIwY29vcmRzJTNEJTIyNDUwJTJDMzE5JTJDNDgzJTJDMzY0JTIyJTIwc2hhcGUlM0QlMjJyZWN0JTIyJTNFJTBBJTIwJTIwJTIwJTIwJTNDYXJlYSUyMHRhcmdldCUzRCUyMiUyMiUyMGFsdCUzRCUyMkx1a3NlbWJ1cmclMjIlMjB0aXRsZSUzRCUyMkx1a3NlbWJ1cmclMjIlMjBocmVmJTNEJTIyaHR0cHMlM0ElMkYlMkZ3d3cuZXVyb3RvbGwuZXUlMkZwbCUyRm5hc3phLW9mZXJ0YSUyRmhvbGFuZGlhLWx1a3NlbWJ1cmctc3p3ZWNqYS1pLWRhbmlhJTJGJTIyJTIwY29vcmRzJTNEJTIyNDkwJTJDMzQ3JTJDNTIxJTJDMzk2JTIyJTIwc2hhcGUlM0QlMjJyZWN0JTIyJTNFJTBBJTIwJTIwJTIwJTNDYXJlYSUyMHRhcmdldCUzRCUyMiUyMiUyMGFsdCUzRCUyMkhvbGFuZGlhJTIyJTIwdGl0bGUlM0QlMjJIb2xhbmRpYSUyMiUyMGhyZWYlM0QlMjJodHRwcyUzQSUyRiUyRnd3dy5ldXJvdG9sbC5ldSUyRnBsJTJGbmFzemEtb2ZlcnRhJTJGaG9sYW5kaWEtbHVrc2VtYnVyZy1zendlY2phLWktZGFuaWElMkYlMjIlMjBjb29yZHMlM0QlMjI0ODUlMkMyNjAlMkM1MjElMkMzMDYlMjIlMjBzaGFwZSUzRCUyMnJlY3QlMjIlM0UlMEElMjAlMjAlMjAlMjAlM0NhcmVhJTIwdGFyZ2V0JTNEJTIyJTIyJTIwYWx0JTNEJTIyTmllbWN5JTIyJTIwdGl0bGUlM0QlMjJOaWVtY3klMjIlMjBocmVmJTNEJTIyaHR0cHMlM0ElMkYlMkZ3d3cuZXVyb3RvbGwuZXUlMkZwbCUyRm5hc3phLW9mZXJ0YSUyRm5pZW1jeSUyRiUyMiUyMGNvb3JkcyUzRCUyMjU3MSUyQzI5NyUyQzYwNCUyQzM0NCUyMiUyMHNoYXBlJTNEJTIycmVjdCUyMiUzRSUwQSUyMCUyMCUyMCUyMCUzQ2FyZWElMjB0YXJnZXQlM0QlMjIlMjIlMjBhbHQlM0QlMjJTendhamNhcmlhJTIyJTIwdGl0bGUlM0QlMjJTendhamNhcmlhJTIyJTIwaHJlZiUzRCUyMmh0dHBzJTNBJTJGJTJGd3d3LmV1cm90b2xsLmV1JTJGcGwlMkZuYXN6YS1vZmVydGElMkZzendhamNhcmlhJTJGJTIyJTIwY29vcmRzJTNEJTIyNTM4JTJDNDQ3JTJDNTcyJTJDNDk4JTIyJTIwc2hhcGUlM0QlMjJyZWN0JTIyJTNFJTBBJTIwJTIwJTIwJTIwJTNDYXJlYSUyMHRhcmdldCUzRCUyMiUyMiUyMGFsdCUzRCUyMldsb2NoeSUyMiUyMHRpdGxlJTNEJTIyV2xvY2h5JTIyJTIwaHJlZiUzRCUyMmh0dHBzJTNBJTJGJTJGd3d3LmV1cm90b2xsLmV1JTJGcGwlMkZuYXN6YS1vZmVydGElMkZ3bG9jaHktMyUyRiUyMiUyMGNvb3JkcyUzRCUyMjY1MiUyQzYwNSUyQzY4NSUyQzY1MSUyMiUyMHNoYXBlJTNEJTIycmVjdCUyMiUzRSUwQSUyMCUyMCUyMCUyMCUzQ2FyZWElMjB0YXJnZXQlM0QlMjIlMjIlMjBhbHQlM0QlMjJBdXN0cmlhJTIyJTIwdGl0bGUlM0QlMjJBdXN0cmlhJTIyJTIwaHJlZiUzRCUyMmh0dHBzJTNBJTJGJTJGd3d3LmV1cm90b2xsLmV1JTJGcGwlMkZuYXN6YS1vZmVydGElMkZhdXN0cmlhJTJGJTIyJTIwY29vcmRzJTNEJTIyNzE5JTJDNDEzJTJDNzUzJTJDNDU2JTIyJTIwc2hhcGUlM0QlMjJyZWN0JTIyJTNFJTBBJTIwJTIwJTIwJTIwJTNDYXJlYSUyMHRhcmdldCUzRCUyMiUyMiUyMGFsdCUzRCUyMlJlcHVibGlrYSUyMEN6ZXNrYSUyMiUyMHRpdGxlJTNEJTIyUmVwdWJsaWthJTIwQ3plc2thJTIyJTIwaHJlZiUzRCUyMmh0dHBzJTNBJTJGJTJGd3d3LmV1cm90b2xsLmV1JTJGcGwlMkZuYXN6YS1vZmVydGElMkZyZXB1Ymxpa2EtY3plc2thJTJGJTIyJTIwY29vcmRzJTNEJTIyNjk2JTJDMzM4JTJDNzMzJTJDMzg4JTIyJTIwc2hhcGUlM0QlMjJyZWN0JTIyJTNFJTBBJTIwJTIwJTIwJTIwJTNDYXJlYSUyMHRhcmdldCUzRCUyMiUyMiUyMGFsdCUzRCUyMlNsb3dhY2phJTIyJTIwdGl0bGUlM0QlMjJTbG93YWNqYSUyMiUyMGhyZWYlM0QlMjJodHRwcyUzQSUyRiUyRnd3dy5ldXJvdG9sbC5ldSUyRnBsJTJGbmFzemEtb2ZlcnRhJTJGc2xvd2FjamElMkYlMjIlMjBjb29yZHMlM0QlMjI3OTclMkMzNjQlMkM4MzIlMkM0MTMlMjIlMjBzaGFwZSUzRCUyMnJlY3QlMjIlM0UlMEElMjAlMjAlMjAlMjAlM0NhcmVhJTIwdGFyZ2V0JTNEJTIyJTIyJTIwYWx0JTNEJTIyV2VncnklMjIlMjB0aXRsZSUzRCUyMldlZ3J5JTIyJTIwaHJlZiUzRCUyMmh0dHBzJTNBJTJGJTJGd3d3LmV1cm90b2xsLmV1JTJGcGwlMkZuYXN6YS1vZmVydGElMkZ3ZWdyeSUyRiUyMiUyMGNvb3JkcyUzRCUyMjgwNSUyQzQzMyUyQzgzOSUyQzQ4MSUyMiUyMHNoYXBlJTNEJTIycmVjdCUyMiUzRSUwQSUyMCUyMCUyMCUyMCUzQ2FyZWElMjB0YXJnZXQlM0QlMjIlMjIlMjBhbHQlM0QlMjJQb2xza2ElMjIlMjB0aXRsZSUzRCUyMlBvbHNrYSUyMiUyMGhyZWYlM0QlMjJodHRwcyUzQSUyRiUyRnd3dy5ldXJvdG9sbC5ldSUyRnBsJTJGbmFzemEtb2ZlcnRhJTJGcG9sc2thJTJGJTIyJTIwY29vcmRzJTNEJTIyODIxJTJDMjQ4JTJDODU1JTJDMjk4JTIyJTIwc2hhcGUlM0QlMjJyZWN0JTIyJTNFJTBBJTIwJTIwJTIwJTIwJTNDYXJlYSUyMHRhcmdldCUzRCUyMiUyMiUyMGFsdCUzRCUyMlN6d2VjamElMjIlMjB0aXRsZSUzRCUyMlN6d2VjamElMjIlMjBocmVmJTNEJTIyaHR0cHMlM0ElMkYlMkZ3d3cuZXVyb3RvbGwuZXUlMkZwbCUyRm5hc3phLW9mZXJ0YSUyRmhvbGFuZGlhLWx1a3NlbWJ1cmctc3p3ZWNqYS1pLWRhbmlhJTJGJTIyJTIwY29vcmRzJTNEJTIyNjUyJTJDNzAlMkM2ODUlMkMxMjElMjIlMjBzaGFwZSUzRCUyMnJlY3QlMjIlM0UlMEElMjAlMjAlMjAlMjAlM0NhcmVhJTIwdGFyZ2V0JTNEJTIyJTIyJTIwYWx0JTNEJTIyRGFuaWElMjIlMjB0aXRsZSUzRCUyMkRhbmlhJTIyJTIwaHJlZiUzRCUyMmh0dHBzJTNBJTJGJTJGd3d3LmV1cm90b2xsLmV1JTJGcGwlMkZuYXN6YS1vZmVydGElMkZob2xhbmRpYS1sdWtzZW1idXJnLXN6d2VjamEtaS1kYW5pYSUyRiUyMiUyMGNvb3JkcyUzRCUyMjU1MCUyQzExMSUyQzU4OCUyQzE2MCUyMiUyMHNoYXBlJTNEJTIycmVjdCUyMiUzRSUwQSUzQyUyRm1hcCUzRQ==[\/vc_raw_html][\/vc_column][\/vc_row][vc_row css=&#8221;.vc_custom_1683100520651{background-color: #afca0b !important;}&#8221; el_class=&#8221;white lineh0&#8243;][vc_column width=&#8221;1\/2&#8243;][vc_column_text]<img decoding=\"async\" src=\"https:\/\/Eurotoll.eu\/wp-content\/uploads\/2016\/06\/eurotoll-suivi.jpg\" alt=\"eurotoll-suivi\" width=\"100%\" height=\"auto\" \/>[\/vc_column_text][\/vc_column][vc_column width=&#8221;1\/2&#8243; el_class=&#8221;padleft10 padtop70 padtop40-sm padbot40-xs padleft30-xs padright30-xs&#8221;][vc_column_text el_class=&#8221;size26-sm&#8221;]<\/p>\n<h2>Profesjonalny Dzia\u0142 Obs\u0142ugi Klienta Lumesia jest do Twojej dyspozycji.<\/h2>\n<p>[\/vc_column_text][vc_empty_space height=&#8221;45px&#8221;]<a href=\"https:\/\/www.eurotoll.eu\/pl\/dzial-obslugi-klienta-eurotoll\/\" target=\"_self\" style=\"background-color: #035e7e;border-color: #035e7e\" class=\"qodef-btn qodef-btn-small qodef-btn-solid qodef-btn-custom-hover-bg qodef-btn-custom-border-hover qodef-btn-icon\" data-hover-bg-color=\"#035e7e\" data-hover-border-color=\"#035e7e\" >\n        <span class=\"qodef-btn-text\">nasze wsparcie<\/span>\n    <span class=\"qodef-btn-text-icon\"><i class=\"qodef-icon-simple-line-icon icon-arrow-right-circle \" ><\/i><\/span>\n<\/a>[\/vc_column][\/vc_row][vc_row css=&#8221;.vc_custom_1465518715600{background-color: #e3e8ee !important;}&#8221; el_id=&#8221;homepage-news&#8221;][vc_column]<div class=\"qodef-blog-list-holder qodef-boxes qodef-three-columns\">\r\n\t<ul class=\"qodef-blog-list\">\r\n\t<li class=\"qodef-blog-list-item clearfix\">\n\t<div class=\"qodef-blog-list-item-inner\">\n\t\t\n\t\t<!--\n\t\t<div class=\"qodef-item-image\">\n\t\t\t<a href=\"https:\/\/www.Eurotoll.eu\/pl\/2026\/04\/22\/niderlandy-ewolucja-systemu-oplat-drogowych-od-1-lipca-2026-r\/\">\n\t\t\t\t\t\t\t\t\n\t\t\t<\/a>\n\t\t<\/div>\n\t\t-->\n\t\t\n\t\t<div class=\"qodef-item-text-holder\">\n\t\t\t<h3 class=\"qodef-item-title\">\n\t\t\t\t<a href=\"https:\/\/www.Eurotoll.eu\/pl\/2026\/04\/22\/niderlandy-ewolucja-systemu-oplat-drogowych-od-1-lipca-2026-r\/\" >\n\t\t\t\t\tNiderlandy \u2013 Ewolucja systemu op\u0142at drogowych od 1 lipca 2026 r.\t\t\t\t<\/a>\n\t\t\t<\/h3>\n\t\t\t\n\t\t\t<div class=\"qodef-item-info-section\">\n\t\t\t\t<div class=\"qodef-post-info-date\">\r\n\t\r\n\t\t22 kwietnia 2026\r\n\t\t<\/div>\t\t\t<\/div>\n\t\t\t\n\t\t\t\t\t\t\t<p class=\"qodef-excerpt\">[vc_row][vc_column][vc_column_text] &nbsp; Koniec systemu eurowiniet oraz wprowadzenie satelitarnego systemu poboru op\u0142at od 1 lipca 2026 r. w Niderl...<\/p>\n\t\t\t\t\t\t\n\t\t\t<a href=\"https:\/\/www.Eurotoll.eu\/pl\/2026\/04\/22\/niderlandy-ewolucja-systemu-oplat-drogowych-od-1-lipca-2026-r\/\" target=\"_self\" style=\"color: #01b1ec;border-color: #01b1ec;font-size: 12px;font-weight: 500\" class=\"qodef-btn qodef-btn-small qodef-btn-outline qodef-btn-custom-border-hover qodef-btn-custom-hover-color qodef-btn-icon\" data-hover-color=\"#01b1ec\" data-hover-border-color=\"#01b1ec\">\n\t\t\t\t<span class=\"qodef-btn-text\">Czytaj wi\u0119cej<\/span>\n\t\t\t\t<span class=\"qodef-btn-text-icon\"><i class=\"qodef-icon-simple-line-icon icon-arrow-right-circle \"><\/i><\/span>\n\t\t\t<\/a>\n\t\t<\/div>\n\t<\/div>\t\n<\/li><li class=\"qodef-blog-list-item clearfix\">\n\t<div class=\"qodef-blog-list-item-inner\">\n\t\t\n\t\t<!--\n\t\t<div class=\"qodef-item-image\">\n\t\t\t<a href=\"https:\/\/www.Eurotoll.eu\/pl\/2025\/11\/12\/lumesia-card-nowa-karta-wielouslugowa-dla-przewoznikow-drogowych\/\">\n\t\t\t\t\t\t\t\t\n\t\t\t<\/a>\n\t\t<\/div>\n\t\t-->\n\t\t\n\t\t<div class=\"qodef-item-text-holder\">\n\t\t\t<h3 class=\"qodef-item-title\">\n\t\t\t\t<a href=\"https:\/\/www.Eurotoll.eu\/pl\/2025\/11\/12\/lumesia-card-nowa-karta-wielouslugowa-dla-przewoznikow-drogowych\/\" >\n\t\t\t\t\tLumesia Card, nowa karta wielous\u0142ugowa dla przewo\u017anik\u00f3w drogowych\t\t\t\t<\/a>\n\t\t\t<\/h3>\n\t\t\t\n\t\t\t<div class=\"qodef-item-info-section\">\n\t\t\t\t<div class=\"qodef-post-info-date\">\r\n\t\r\n\t\t12 listopada 2025\r\n\t\t<\/div>\t\t\t<\/div>\n\t\t\t\n\t\t\t\t\t\t\t<p class=\"qodef-excerpt\">&nbsp; &nbsp; &nbsp; &nbsp; Lumesia przedstawia Lumesia Card, bezpieczn\u0105 kart\u0119 wielous\u0142ugow\u0105, kt\u00f3ra zast\u0119puje Eurotoll Card. Zaprojektowana, aby...<\/p>\n\t\t\t\t\t\t\n\t\t\t<a href=\"https:\/\/www.Eurotoll.eu\/pl\/2025\/11\/12\/lumesia-card-nowa-karta-wielouslugowa-dla-przewoznikow-drogowych\/\" target=\"_self\" style=\"color: #01b1ec;border-color: #01b1ec;font-size: 12px;font-weight: 500\" class=\"qodef-btn qodef-btn-small qodef-btn-outline qodef-btn-custom-border-hover qodef-btn-custom-hover-color qodef-btn-icon\" data-hover-color=\"#01b1ec\" data-hover-border-color=\"#01b1ec\">\n\t\t\t\t<span class=\"qodef-btn-text\">Czytaj wi\u0119cej<\/span>\n\t\t\t\t<span class=\"qodef-btn-text-icon\"><i class=\"qodef-icon-simple-line-icon icon-arrow-right-circle \"><\/i><\/span>\n\t\t\t<\/a>\n\t\t<\/div>\n\t<\/div>\t\n<\/li><li class=\"qodef-blog-list-item clearfix\">\n\t<div class=\"qodef-blog-list-item-inner\">\n\t\t\n\t\t<!--\n\t\t<div class=\"qodef-item-image\">\n\t\t\t<a href=\"https:\/\/www.Eurotoll.eu\/pl\/2025\/07\/30\/zamkniecie-tunelu-mont-blanc-od-1-wrzesnia-do-12-grudnia-2025-r\/\">\n\t\t\t\t\t\t\t\t\n\t\t\t<\/a>\n\t\t<\/div>\n\t\t-->\n\t\t\n\t\t<div class=\"qodef-item-text-holder\">\n\t\t\t<h3 class=\"qodef-item-title\">\n\t\t\t\t<a href=\"https:\/\/www.Eurotoll.eu\/pl\/2025\/07\/30\/zamkniecie-tunelu-mont-blanc-od-1-wrzesnia-do-12-grudnia-2025-r\/\" >\n\t\t\t\t\tZamkni\u0119cie tunelu Mont-Blanc od 1 wrze\u015bnia do 12 grudnia 2025 r.\t\t\t\t<\/a>\n\t\t\t<\/h3>\n\t\t\t\n\t\t\t<div class=\"qodef-item-info-section\">\n\t\t\t\t<div class=\"qodef-post-info-date\">\r\n\t\r\n\t\t30 lipca 2025\r\n\t\t<\/div>\t\t\t<\/div>\n\t\t\t\n\t\t\t\t\t\t\t<p class=\"qodef-excerpt\">...<\/p>\n\t\t\t\t\t\t\n\t\t\t<a href=\"https:\/\/www.Eurotoll.eu\/pl\/2025\/07\/30\/zamkniecie-tunelu-mont-blanc-od-1-wrzesnia-do-12-grudnia-2025-r\/\" target=\"_self\" style=\"color: #01b1ec;border-color: #01b1ec;font-size: 12px;font-weight: 500\" class=\"qodef-btn qodef-btn-small qodef-btn-outline qodef-btn-custom-border-hover qodef-btn-custom-hover-color qodef-btn-icon\" data-hover-color=\"#01b1ec\" data-hover-border-color=\"#01b1ec\">\n\t\t\t\t<span class=\"qodef-btn-text\">Czytaj wi\u0119cej<\/span>\n\t\t\t\t<span class=\"qodef-btn-text-icon\"><i class=\"qodef-icon-simple-line-icon icon-arrow-right-circle \"><\/i><\/span>\n\t\t\t<\/a>\n\t\t<\/div>\n\t<\/div>\t\n<\/li>\t<\/ul>\t\r\n<\/div>\r\n[\/vc_column][\/vc_row]<\/p>\n","protected":false},"excerpt":{"rendered":"<p>[vc_row el_class=&#8221;white spepadleft&#8221; css=&#8221;.vc_custom_1689931298508{background-color: #026280 !important;}&#8221;][vc_column width=&#8221;1\/2&#8243; el_class=&#8221;padtop70 padbot70&#8243;][vc_column_text] Lumesia, platforma us\u0142ugowa dla przewo\u017anik\u00f3w drogowych [\/vc_column_text][vc_empty_space height=&#8221;20px&#8221;][vc_column_text]Maj\u0105c \u015bwiadomo\u015b\u0107 rosn\u0105cych wyzwa\u0144 stoj\u0105cych&#8230;<\/p>\n","protected":false},"author":23,"featured_media":0,"parent":0,"menu_order":0,"comment_status":"closed","ping_status":"closed","template":"full-width.php","meta":{"footnotes":""},"class_list":["post-3841","page","type-page","status-publish","hentry"],"yoast_head":"<!-- This site is optimized with the Yoast SEO Premium plugin v26.7 (Yoast SEO v26.7) - https:\/\/yoast.com\/wordpress\/plugins\/seo\/ -->\n<title>Lumesia, platforma us\u0142ugowa dla przewo\u017anik\u00f3w drogowych - Eurotoll<\/title>\n<meta name=\"robots\" content=\"index, follow, max-snippet:-1, max-image-preview:large, max-video-preview:-1\" \/>\n<link rel=\"canonical\" href=\"https:\/\/www.Eurotoll.eu\/pl\/\" \/>\n<meta property=\"og:locale\" content=\"pl_PL\" \/>\n<meta property=\"og:type\" content=\"article\" \/>\n<meta property=\"og:title\" content=\"Lumesia, platforma us\u0142ugowa dla przewo\u017anik\u00f3w drogowych\" \/>\n<meta property=\"og:description\" content=\"[vc_row el_class=&#8221;white spepadleft&#8221; css=&#8221;.vc_custom_1689931298508{background-color: #026280 !important;}&#8221;][vc_column width=&#8221;1\/2&#8243; el_class=&#8221;padtop70 padbot70&#8243;][vc_column_text] Lumesia, platforma us\u0142ugowa dla przewo\u017anik\u00f3w drogowych [\/vc_column_text][vc_empty_space height=&#8221;20px&#8221;][vc_column_text]Maj\u0105c \u015bwiadomo\u015b\u0107 rosn\u0105cych wyzwa\u0144 stoj\u0105cych...\" \/>\n<meta property=\"og:url\" content=\"https:\/\/www.Eurotoll.eu\/pl\/\" \/>\n<meta property=\"og:site_name\" content=\"Eurotoll\" \/>\n<meta property=\"article:modified_time\" content=\"2025-11-17T16:31:48+00:00\" \/>\n<meta property=\"og:image\" content=\"https:\/\/Eurotoll.eu\/wp-content\/uploads\/2016\/06\/eurotoll-suivi.jpg\" \/>\n<meta name=\"twitter:card\" content=\"summary_large_image\" \/>\n<meta name=\"twitter:label1\" content=\"Szacowany czas czytania\" \/>\n\t<meta name=\"twitter:data1\" content=\"1 minuta\" \/>\n<script type=\"application\/ld+json\" class=\"yoast-schema-graph\">{\"@context\":\"https:\/\/schema.org\",\"@graph\":[{\"@type\":\"WebPage\",\"@id\":\"https:\/\/www.Eurotoll.eu\/pl\/\",\"url\":\"https:\/\/www.Eurotoll.eu\/pl\/\",\"name\":\"Lumesia, platforma us\u0142ugowa dla przewo\u017anik\u00f3w drogowych - Eurotoll\",\"isPartOf\":{\"@id\":\"https:\/\/www.Eurotoll.eu\/pl\/#website\"},\"primaryImageOfPage\":{\"@id\":\"https:\/\/www.Eurotoll.eu\/pl\/#primaryimage\"},\"image\":{\"@id\":\"https:\/\/www.Eurotoll.eu\/pl\/#primaryimage\"},\"thumbnailUrl\":\"https:\/\/Eurotoll.eu\/wp-content\/uploads\/2016\/06\/eurotoll-suivi.jpg\",\"datePublished\":\"2016-06-08T02:16:29+00:00\",\"dateModified\":\"2025-11-17T16:31:48+00:00\",\"breadcrumb\":{\"@id\":\"https:\/\/www.Eurotoll.eu\/pl\/#breadcrumb\"},\"inLanguage\":\"pl-PL\",\"potentialAction\":[{\"@type\":\"ReadAction\",\"target\":[\"https:\/\/www.Eurotoll.eu\/pl\/\"]}]},{\"@type\":\"ImageObject\",\"inLanguage\":\"pl-PL\",\"@id\":\"https:\/\/www.Eurotoll.eu\/pl\/#primaryimage\",\"url\":\"https:\/\/Eurotoll.eu\/wp-content\/uploads\/2016\/06\/eurotoll-suivi.jpg\",\"contentUrl\":\"https:\/\/Eurotoll.eu\/wp-content\/uploads\/2016\/06\/eurotoll-suivi.jpg\"},{\"@type\":\"BreadcrumbList\",\"@id\":\"https:\/\/www.Eurotoll.eu\/pl\/#breadcrumb\",\"itemListElement\":[{\"@type\":\"ListItem\",\"position\":1,\"name\":\"Accueil\",\"item\":\"https:\/\/www.Eurotoll.eu\/pl\/\"},{\"@type\":\"ListItem\",\"position\":2,\"name\":\"Lumesia, platforma us\u0142ugowa dla przewo\u017anik\u00f3w drogowych\"}]},{\"@type\":\"WebSite\",\"@id\":\"https:\/\/www.Eurotoll.eu\/pl\/#website\",\"url\":\"https:\/\/www.Eurotoll.eu\/pl\/\",\"name\":\"Eurotoll\",\"description\":\"Acteur cl\u00e9 du t\u00e9l\u00e9p\u00e9age en Europe\",\"potentialAction\":[{\"@type\":\"SearchAction\",\"target\":{\"@type\":\"EntryPoint\",\"urlTemplate\":\"https:\/\/www.Eurotoll.eu\/pl\/?s={search_term_string}\"},\"query-input\":{\"@type\":\"PropertyValueSpecification\",\"valueRequired\":true,\"valueName\":\"search_term_string\"}}],\"inLanguage\":\"pl-PL\"}]}<\/script>\n<!-- \/ Yoast SEO Premium plugin. -->","yoast_head_json":{"title":"Lumesia, platforma us\u0142ugowa dla przewo\u017anik\u00f3w drogowych - Eurotoll","robots":{"index":"index","follow":"follow","max-snippet":"max-snippet:-1","max-image-preview":"max-image-preview:large","max-video-preview":"max-video-preview:-1"},"canonical":"https:\/\/www.Eurotoll.eu\/pl\/","og_locale":"pl_PL","og_type":"article","og_title":"Lumesia, platforma us\u0142ugowa dla przewo\u017anik\u00f3w drogowych","og_description":"[vc_row el_class=&#8221;white spepadleft&#8221; css=&#8221;.vc_custom_1689931298508{background-color: #026280 !important;}&#8221;][vc_column width=&#8221;1\/2&#8243; el_class=&#8221;padtop70 padbot70&#8243;][vc_column_text] Lumesia, platforma us\u0142ugowa dla przewo\u017anik\u00f3w drogowych [\/vc_column_text][vc_empty_space height=&#8221;20px&#8221;][vc_column_text]Maj\u0105c \u015bwiadomo\u015b\u0107 rosn\u0105cych wyzwa\u0144 stoj\u0105cych...","og_url":"https:\/\/www.Eurotoll.eu\/pl\/","og_site_name":"Eurotoll","article_modified_time":"2025-11-17T16:31:48+00:00","og_image":[{"url":"https:\/\/Eurotoll.eu\/wp-content\/uploads\/2016\/06\/eurotoll-suivi.jpg","type":"","width":"","height":""}],"twitter_card":"summary_large_image","twitter_misc":{"Szacowany czas czytania":"1 minuta"},"schema":{"@context":"https:\/\/schema.org","@graph":[{"@type":"WebPage","@id":"https:\/\/www.Eurotoll.eu\/pl\/","url":"https:\/\/www.Eurotoll.eu\/pl\/","name":"Lumesia, platforma us\u0142ugowa dla przewo\u017anik\u00f3w drogowych - Eurotoll","isPartOf":{"@id":"https:\/\/www.Eurotoll.eu\/pl\/#website"},"primaryImageOfPage":{"@id":"https:\/\/www.Eurotoll.eu\/pl\/#primaryimage"},"image":{"@id":"https:\/\/www.Eurotoll.eu\/pl\/#primaryimage"},"thumbnailUrl":"https:\/\/Eurotoll.eu\/wp-content\/uploads\/2016\/06\/eurotoll-suivi.jpg","datePublished":"2016-06-08T02:16:29+00:00","dateModified":"2025-11-17T16:31:48+00:00","breadcrumb":{"@id":"https:\/\/www.Eurotoll.eu\/pl\/#breadcrumb"},"inLanguage":"pl-PL","potentialAction":[{"@type":"ReadAction","target":["https:\/\/www.Eurotoll.eu\/pl\/"]}]},{"@type":"ImageObject","inLanguage":"pl-PL","@id":"https:\/\/www.Eurotoll.eu\/pl\/#primaryimage","url":"https:\/\/Eurotoll.eu\/wp-content\/uploads\/2016\/06\/eurotoll-suivi.jpg","contentUrl":"https:\/\/Eurotoll.eu\/wp-content\/uploads\/2016\/06\/eurotoll-suivi.jpg"},{"@type":"BreadcrumbList","@id":"https:\/\/www.Eurotoll.eu\/pl\/#breadcrumb","itemListElement":[{"@type":"ListItem","position":1,"name":"Accueil","item":"https:\/\/www.Eurotoll.eu\/pl\/"},{"@type":"ListItem","position":2,"name":"Lumesia, platforma us\u0142ugowa dla przewo\u017anik\u00f3w drogowych"}]},{"@type":"WebSite","@id":"https:\/\/www.Eurotoll.eu\/pl\/#website","url":"https:\/\/www.Eurotoll.eu\/pl\/","name":"Eurotoll","description":"Acteur cl\u00e9 du t\u00e9l\u00e9p\u00e9age en Europe","potentialAction":[{"@type":"SearchAction","target":{"@type":"EntryPoint","urlTemplate":"https:\/\/www.Eurotoll.eu\/pl\/?s={search_term_string}"},"query-input":{"@type":"PropertyValueSpecification","valueRequired":true,"valueName":"search_term_string"}}],"inLanguage":"pl-PL"}]}},"_links":{"self":[{"href":"https:\/\/www.Eurotoll.eu\/pl\/wp-json\/wp\/v2\/pages\/3841","targetHints":{"allow":["GET"]}}],"collection":[{"href":"https:\/\/www.Eurotoll.eu\/pl\/wp-json\/wp\/v2\/pages"}],"about":[{"href":"https:\/\/www.Eurotoll.eu\/pl\/wp-json\/wp\/v2\/types\/page"}],"author":[{"embeddable":true,"href":"https:\/\/www.Eurotoll.eu\/pl\/wp-json\/wp\/v2\/users\/23"}],"replies":[{"embeddable":true,"href":"https:\/\/www.Eurotoll.eu\/pl\/wp-json\/wp\/v2\/comments?post=3841"}],"version-history":[{"count":39,"href":"https:\/\/www.Eurotoll.eu\/pl\/wp-json\/wp\/v2\/pages\/3841\/revisions"}],"predecessor-version":[{"id":19559,"href":"https:\/\/www.Eurotoll.eu\/pl\/wp-json\/wp\/v2\/pages\/3841\/revisions\/19559"}],"wp:attachment":[{"href":"https:\/\/www.Eurotoll.eu\/pl\/wp-json\/wp\/v2\/media?parent=3841"}],"curies":[{"name":"wp","href":"https:\/\/api.w.org\/{rel}","templated":true}]}}