{"id":3853,"date":"2016-06-07T15:22:10","date_gmt":"2016-06-07T13:22:10","guid":{"rendered":"http:\/\/80.75.152.85\/pl\/eurotoll\/"},"modified":"2023-10-10T12:05:03","modified_gmt":"2023-10-10T10:05:03","slug":"eurotoll","status":"publish","type":"page","link":"https:\/\/www.Eurotoll.eu\/pl\/eurotoll\/","title":{"rendered":"Eurotoll"},"content":{"rendered":"<p>[vc_row content_width=&#8221;grid&#8221; css=&#8221;.vc_custom_1465324748353{background-color: #f8f9fb !important;}&#8221; el_class=&#8221;padtop70 padbot70 size21 lineh30&#8243;][vc_column][vc_column_text]<\/p>\n<p style=\"text-align: center;\">Eurotoll, specjalista od elektronicznej op\u0142aty drogowej, jest obecna wsz\u0119dzie w Europie u boku spedytor\u00f3w i przewo\u017anik\u00f3w. Misj\u0105 Eurotoll jest s\u0142u\u017cy\u0107 im pomoc\u0105 w kontroli koszt\u00f3w zwi\u0105zanych z op\u0142atami drogowymi i podatkami.<\/p>\n<p>[\/vc_column_text][\/vc_column][\/vc_row][vc_row content_width=&#8221;grid&#8221; el_class=&#8221;padtop70 padbot70&#8243;][vc_column][vc_column_text]<\/p>\n<h2 style=\"text-align: center;\"><span style=\"color: #afca0b;\">Kluczowe dane<\/span><\/h2>\n<p>[\/vc_column_text][vc_row_inner el_class=&#8221;padtop50 width80&#8243;][vc_column_inner width=&#8221;1\/3&#8243;]<div class=\"qodef-pie-chart-holder\">\r\n\t<div class=\"qodef-percentage\" data-size=\"180\" data-percent=\"100\" data-bar-color=\"#035e7e\" data-bar-inactive-color=\"#f4f4f4\">\r\n\t\t\t\t\t<h4 class=\"qodef-pie-title\">\r\n\t\t\t\t160 000\t\t\t<\/h4>\r\n\t\t\t<\/div>\r\n\t<div class=\"qodef-pie-chart-text\" >\r\n\t\t\t\t\t<span class=\"qodef-to-counter\">\r\n\t\t\t\t100\t\t\t<\/span>\r\n\t\t\t\t<p>rodzaj\u00f3w akceptacji p\u0142atno\u015bci zwi\u0105zanych z podatkami i op\u0142atami drogowymi<\/p>\r\n\t<\/div>\r\n<\/div>[\/vc_column_inner][vc_column_inner width=&#8221;1\/3&#8243;]<div class=\"qodef-pie-chart-holder\">\r\n\t<div class=\"qodef-percentage\" data-size=\"180\" data-percent=\"100\" data-bar-color=\"#035e7e\" data-bar-inactive-color=\"#f4f4f4\">\r\n\t\t\t\t\t<h4 class=\"qodef-pie-title\">\r\n\t\t\t\t92 000 km\t\t\t<\/h4>\r\n\t\t\t<\/div>\r\n\t<div class=\"qodef-pie-chart-text\" >\r\n\t\t\t\t\t<span class=\"qodef-to-counter\">\r\n\t\t\t\t100\t\t\t<\/span>\r\n\t\t\t\t<p>sieci dr\u00f3g obj\u0119tych elektronicznymi op\u0142atami drogowymi w Europie<\/p>\r\n\t<\/div>\r\n<\/div>[\/vc_column_inner][vc_column_inner width=&#8221;1\/3&#8243;]<div class=\"qodef-pie-chart-holder\">\r\n\t<div class=\"qodef-percentage\" data-size=\"180\" data-percent=\"100\" data-bar-color=\"#035e7e\" data-bar-inactive-color=\"#f4f4f4\">\r\n\t\t\t\t\t<h4 class=\"qodef-pie-title\">\r\n\t\t\t\t94 %\t\t\t<\/h4>\r\n\t\t\t<\/div>\r\n\t<div class=\"qodef-pie-chart-text\" >\r\n\t\t\t\t\t<span class=\"qodef-to-counter\">\r\n\t\t\t\t100\t\t\t<\/span>\r\n\t\t\t\t<p>zadowolonych klient\u00f3w (wed\u0142ug ankiety z listopada 2015 roku, 6 580 zapytanych klient\u00f3w)<\/p>\r\n\t<\/div>\r\n<\/div>[\/vc_column_inner][\/vc_row_inner][\/vc_column][\/vc_row][vc_row css=&#8221;.vc_custom_1689840073859{background-color: #a5ce3b !important;}&#8221; el_class=&#8221;white spepadleft&#8221;][vc_column width=&#8221;1\/2&#8243; el_class=&#8221;padtop140 padbot140&#8243;][vc_empty_space height=&#8221;70px&#8221;][vc_column_text]<\/p>\n<h2 style=\"text-align: center;\">Nasza obecno\u015b\u0107 w Europie<\/h2>\n<p>[\/vc_column_text][vc_empty_space height=&#8221;50px&#8221;][vc_row_inner el_class=&#8221;size20&#8243;][vc_column_inner][\/vc_column_inner][\/vc_row_inner][vc_empty_space height=&#8221;50px&#8221;][\/vc_column][vc_column width=&#8221;1\/2&#8243;][vc_single_image image=&#8221;14566&#8243; img_size=&#8221;full&#8221;][\/vc_column][\/vc_row][vc_row el_class=&#8221;padtop70 padbot70 width80&#8243; el_id=&#8221;maitrise-les-couts&#8221;][vc_column][vc_column_text]<\/p>\n<h2 style=\"text-align: center;\"><span style=\"color: #035e7e;\">Kontrola koszt\u00f3w<\/span><\/h2>\n<p>[\/vc_column_text][vc_empty_space height=&#8221;50px&#8221;]<div class=\"qodef-tabs qodef-horizontal qodef-tab-text clearfix\">\r\n\t<ul class=\"qodef-tabs-nav\">\r\n\t\t\t\t\t<li>\r\n\t\t\t\t<a href=\"#tab-narzedzia-potrzebne-do-kontroli-poniesionych-oplat-drogowych-do-optymalizacji-i-integracji-danych-zwiazanych-z-oplatami-drogowymi-i-podatkami\">\r\n\t\t\t\t\tNarz\u0119dzia potrzebne do kontroli poniesionych op\u0142at drogowych, do optymalizacji i integracji danych zwi\u0105zanych z op\u0142atami drogowymi i podatkami \t\t\t\t<\/a>\r\n\t\t\t<\/li>\r\n\t\t\t\t\t<li>\r\n\t\t\t\t<a href=\"#tab-uslugi-finansowe-dopasowane-do-potrzeb-klienta\">\r\n\t\t\t\t\tUs\u0142ugi finansowe dopasowane do potrzeb klienta\t\t\t\t<\/a>\r\n\t\t\t<\/li>\r\n\t\t\t<\/ul>\r\n\t<div  class=\"qodef-tab-container\" id=\"tab-narzedzia-potrzebne-do-kontroli-poniesionych-oplat-drogowych-do-optymalizacji-i-integracji-danych-zwiazanych-z-oplatami-drogowymi-i-podatkami\" data-icon-pack=\"font_awesome\" data-icon-html=\"&lt;i class=&quot;qodef-icon-font-awesome fa  &quot; &gt;&lt;\/i&gt;\">\r\n    [vc_column_text]<strong>KONTROLA<\/strong><\/p>\n<ul>\n<li>Wykazy dotycz\u0105ce aktywno\u015bci<\/li>\n<li>Wyci\u0105gi transakcji w rozbiciu na pojazdy, floty, cz\u0119\u015bci flot<\/li>\n<li>Alarmy<\/li>\n<li>Uwierzytelnione, przejrzyste faktury on-line<\/li>\n<\/ul>\n<p>&nbsp;<\/p>\n<p><strong>OPTYMALIZACJA<\/strong><\/p>\n<ul>\n<li>Sprawozdania skrojone na miar\u0119 potrzeb<\/li>\n<li>Przyjmowanie reklamacji i \u015bledzenie ich rozpatrywania<\/li>\n<li>Us\u0142ugi zwi\u0105zane z okre\u015blaniem pozycji geograficznej<\/li>\n<\/ul>\n<p>&nbsp;<\/p>\n<p><strong>INTEGRACJA<\/strong><\/p>\n<ul>\n<li>EDI (Elektroniczna Wymiana Informacji) i us\u0142ugi internetowe<\/li>\n<li>Doradztwo i udzielanie pomocy<\/li>\n<\/ul>\n<p>[\/vc_column_text]<\/div>\t\r\n\r\n<div  class=\"qodef-tab-container\" id=\"tab-uslugi-finansowe-dopasowane-do-potrzeb-klienta\" data-icon-pack=\"font_awesome\" data-icon-html=\"&lt;i class=&quot;qodef-icon-font-awesome fa  &quot; &gt;&lt;\/i&gt;\">\r\n    [vc_column_text]Zarz\u0105dzanie ryzykiem: ubezpieczanie kredyt\u00f3w, p\u0142atno\u015bci ratalne, przedp\u0142aty<\/p>\n<p>Jednorodne fakturowanie: multi-sie\u0107, multi-sites (biura), umowy ramowe[\/vc_column_text]<\/div>\t\r\n\r\n<\/div>\r\n\r\n[\/vc_column][\/vc_row]<\/p>\n","protected":false},"excerpt":{"rendered":"<p>[vc_row content_width=&#8221;grid&#8221; css=&#8221;.vc_custom_1465324748353{background-color: #f8f9fb !important;}&#8221; el_class=&#8221;padtop70 padbot70 size21 lineh30&#8243;][vc_column][vc_column_text] Eurotoll, specjalista od elektronicznej op\u0142aty drogowej, jest obecna wsz\u0119dzie w Europie u&#8230;<\/p>\n","protected":false},"author":23,"featured_media":0,"parent":0,"menu_order":0,"comment_status":"closed","ping_status":"closed","template":"full-width.php","meta":{"footnotes":""},"class_list":["post-3853","page","type-page","status-publish","hentry"],"yoast_head":"<!-- This site is optimized with the Yoast SEO Premium plugin v26.7 (Yoast SEO v26.7) - https:\/\/yoast.com\/wordpress\/plugins\/seo\/ -->\n<title>Eurotoll - Eurotoll<\/title>\n<meta name=\"robots\" content=\"index, follow, max-snippet:-1, max-image-preview:large, max-video-preview:-1\" \/>\n<link rel=\"canonical\" href=\"https:\/\/www.Eurotoll.eu\/pl\/eurotoll\/\" \/>\n<meta property=\"og:locale\" content=\"pl_PL\" \/>\n<meta property=\"og:type\" content=\"article\" \/>\n<meta property=\"og:title\" content=\"Eurotoll\" \/>\n<meta property=\"og:description\" content=\"[vc_row content_width=&#8221;grid&#8221; css=&#8221;.vc_custom_1465324748353{background-color: #f8f9fb !important;}&#8221; el_class=&#8221;padtop70 padbot70 size21 lineh30&#8243;][vc_column][vc_column_text] Eurotoll, specjalista od elektronicznej op\u0142aty drogowej, jest obecna wsz\u0119dzie w Europie u...\" \/>\n<meta property=\"og:url\" content=\"https:\/\/www.Eurotoll.eu\/pl\/eurotoll\/\" \/>\n<meta property=\"og:site_name\" content=\"Eurotoll\" \/>\n<meta property=\"article:modified_time\" content=\"2023-10-10T10:05:03+00:00\" \/>\n<meta name=\"twitter:card\" content=\"summary_large_image\" \/>\n<meta name=\"twitter:label1\" content=\"Szacowany czas czytania\" \/>\n\t<meta name=\"twitter:data1\" content=\"1 minuta\" \/>\n<script type=\"application\/ld+json\" class=\"yoast-schema-graph\">{\"@context\":\"https:\/\/schema.org\",\"@graph\":[{\"@type\":\"WebPage\",\"@id\":\"https:\/\/www.Eurotoll.eu\/pl\/eurotoll\/\",\"url\":\"https:\/\/www.Eurotoll.eu\/pl\/eurotoll\/\",\"name\":\"Eurotoll - Eurotoll\",\"isPartOf\":{\"@id\":\"https:\/\/www.Eurotoll.eu\/pl\/#website\"},\"datePublished\":\"2016-06-07T13:22:10+00:00\",\"dateModified\":\"2023-10-10T10:05:03+00:00\",\"breadcrumb\":{\"@id\":\"https:\/\/www.Eurotoll.eu\/pl\/eurotoll\/#breadcrumb\"},\"inLanguage\":\"pl-PL\",\"potentialAction\":[{\"@type\":\"ReadAction\",\"target\":[\"https:\/\/www.Eurotoll.eu\/pl\/eurotoll\/\"]}]},{\"@type\":\"BreadcrumbList\",\"@id\":\"https:\/\/www.Eurotoll.eu\/pl\/eurotoll\/#breadcrumb\",\"itemListElement\":[{\"@type\":\"ListItem\",\"position\":1,\"name\":\"Accueil\",\"item\":\"https:\/\/www.Eurotoll.eu\/pl\/\"},{\"@type\":\"ListItem\",\"position\":2,\"name\":\"Eurotoll\"}]},{\"@type\":\"WebSite\",\"@id\":\"https:\/\/www.Eurotoll.eu\/pl\/#website\",\"url\":\"https:\/\/www.Eurotoll.eu\/pl\/\",\"name\":\"Eurotoll\",\"description\":\"Acteur cl\u00e9 du t\u00e9l\u00e9p\u00e9age en Europe\",\"potentialAction\":[{\"@type\":\"SearchAction\",\"target\":{\"@type\":\"EntryPoint\",\"urlTemplate\":\"https:\/\/www.Eurotoll.eu\/pl\/?s={search_term_string}\"},\"query-input\":{\"@type\":\"PropertyValueSpecification\",\"valueRequired\":true,\"valueName\":\"search_term_string\"}}],\"inLanguage\":\"pl-PL\"}]}<\/script>\n<!-- \/ Yoast SEO Premium plugin. -->","yoast_head_json":{"title":"Eurotoll - Eurotoll","robots":{"index":"index","follow":"follow","max-snippet":"max-snippet:-1","max-image-preview":"max-image-preview:large","max-video-preview":"max-video-preview:-1"},"canonical":"https:\/\/www.Eurotoll.eu\/pl\/eurotoll\/","og_locale":"pl_PL","og_type":"article","og_title":"Eurotoll","og_description":"[vc_row content_width=&#8221;grid&#8221; css=&#8221;.vc_custom_1465324748353{background-color: #f8f9fb !important;}&#8221; el_class=&#8221;padtop70 padbot70 size21 lineh30&#8243;][vc_column][vc_column_text] Eurotoll, specjalista od elektronicznej op\u0142aty drogowej, jest obecna wsz\u0119dzie w Europie u...","og_url":"https:\/\/www.Eurotoll.eu\/pl\/eurotoll\/","og_site_name":"Eurotoll","article_modified_time":"2023-10-10T10:05:03+00:00","twitter_card":"summary_large_image","twitter_misc":{"Szacowany czas czytania":"1 minuta"},"schema":{"@context":"https:\/\/schema.org","@graph":[{"@type":"WebPage","@id":"https:\/\/www.Eurotoll.eu\/pl\/eurotoll\/","url":"https:\/\/www.Eurotoll.eu\/pl\/eurotoll\/","name":"Eurotoll - Eurotoll","isPartOf":{"@id":"https:\/\/www.Eurotoll.eu\/pl\/#website"},"datePublished":"2016-06-07T13:22:10+00:00","dateModified":"2023-10-10T10:05:03+00:00","breadcrumb":{"@id":"https:\/\/www.Eurotoll.eu\/pl\/eurotoll\/#breadcrumb"},"inLanguage":"pl-PL","potentialAction":[{"@type":"ReadAction","target":["https:\/\/www.Eurotoll.eu\/pl\/eurotoll\/"]}]},{"@type":"BreadcrumbList","@id":"https:\/\/www.Eurotoll.eu\/pl\/eurotoll\/#breadcrumb","itemListElement":[{"@type":"ListItem","position":1,"name":"Accueil","item":"https:\/\/www.Eurotoll.eu\/pl\/"},{"@type":"ListItem","position":2,"name":"Eurotoll"}]},{"@type":"WebSite","@id":"https:\/\/www.Eurotoll.eu\/pl\/#website","url":"https:\/\/www.Eurotoll.eu\/pl\/","name":"Eurotoll","description":"Acteur cl\u00e9 du t\u00e9l\u00e9p\u00e9age en Europe","potentialAction":[{"@type":"SearchAction","target":{"@type":"EntryPoint","urlTemplate":"https:\/\/www.Eurotoll.eu\/pl\/?s={search_term_string}"},"query-input":{"@type":"PropertyValueSpecification","valueRequired":true,"valueName":"search_term_string"}}],"inLanguage":"pl-PL"}]}},"_links":{"self":[{"href":"https:\/\/www.Eurotoll.eu\/pl\/wp-json\/wp\/v2\/pages\/3853","targetHints":{"allow":["GET"]}}],"collection":[{"href":"https:\/\/www.Eurotoll.eu\/pl\/wp-json\/wp\/v2\/pages"}],"about":[{"href":"https:\/\/www.Eurotoll.eu\/pl\/wp-json\/wp\/v2\/types\/page"}],"author":[{"embeddable":true,"href":"https:\/\/www.Eurotoll.eu\/pl\/wp-json\/wp\/v2\/users\/23"}],"replies":[{"embeddable":true,"href":"https:\/\/www.Eurotoll.eu\/pl\/wp-json\/wp\/v2\/comments?post=3853"}],"version-history":[{"count":29,"href":"https:\/\/www.Eurotoll.eu\/pl\/wp-json\/wp\/v2\/pages\/3853\/revisions"}],"predecessor-version":[{"id":14698,"href":"https:\/\/www.Eurotoll.eu\/pl\/wp-json\/wp\/v2\/pages\/3853\/revisions\/14698"}],"wp:attachment":[{"href":"https:\/\/www.Eurotoll.eu\/pl\/wp-json\/wp\/v2\/media?parent=3853"}],"curies":[{"name":"wp","href":"https:\/\/api.w.org\/{rel}","templated":true}]}}