{"id":3869,"date":"2016-08-04T11:30:11","date_gmt":"2016-08-04T09:30:11","guid":{"rendered":"http:\/\/80.75.152.85\/pl\/?page_id=3869"},"modified":"2026-03-05T13:26:03","modified_gmt":"2026-03-05T12:26:03","slug":"tunele-alpejskie","status":"publish","type":"page","link":"https:\/\/www.Eurotoll.eu\/pl\/nasza-oferta\/tunele-alpejskie\/","title":{"rendered":"Tunele alpejskie"},"content":{"rendered":"<p>[vc_row content_width=&#8221;grid&#8221; el_class=&#8221;padtop50 padbot50&#8243;][vc_column][vc_column_text]<\/p>\n<h2><span style=\"color: #01b1ec;\"><span style=\"color: #afca0b;\">Pob\u00f3r op\u0142at drogowych w tunelach alpejskich:<\/span> <\/span><\/h2>\n<p>&nbsp;<\/p>\n<p><span data-sheets-userformat=\"{&quot;2&quot;:15297,&quot;3&quot;:{&quot;1&quot;:0},&quot;9&quot;:0,&quot;10&quot;:0,&quot;11&quot;:4,&quot;12&quot;:0,&quot;14&quot;:{&quot;1&quot;:2,&quot;2&quot;:3963096},&quot;15&quot;:&quot;Calibri&quot;,&quot;16&quot;:12}\" data-sheets-value=\"{&quot;1&quot;:2,&quot;2&quot;:&quot;Pour franchir les Tunnels du Mont Blanc et de Fr\\u00e9jus et b\\u00e9n\\u00e9ficier des remises maximum, eurotoll met \\u00e0 votre disposition une carte d\\u2019abonnement. (mettre visuel carte d'abonnement)\\nEurotoll vous fait b\\u00e9n\\u00e9ficier des meilleures tarifs et les remises maximum sur vos passages dans les Tunnels Alpins. &quot;}\">Lumesia oferuje ci kart\u0119 przeznaczon\u0105 do przejazd\u00f3w tunelami Mont Blanc i Fr\u00e9jus oraz do korzystania ze zni\u017cek.<br \/>\nZ Eurotollem mo\u017cesz korzysta\u0107 z najni\u017cszych stawek i z maksymalnych zni\u017cek podczas przejazd\u00f3w tunelami alpejskimi.<br \/>\n<\/span><\/p>\n<p>&nbsp;<\/p>\n<h3><span style=\"color: #01b1ec;\"><span style=\"color: #afca0b;\">Tunel Mont Blanc<\/span> <\/span><\/h3>\n<p>&nbsp;<\/p>\n<p>\u0141\u0105czy dolin\u0119 Chamonix (G\u00f3rna Sabaudia, Francja) z dolin\u0105 Aosty (W\u0142ochy)<\/p>\n<p>D\u0142ugo\u015b\u0107: 11,6 km<\/p>\n<p>Wjazd:<\/p>\n<ul>\n<li><span data-sheets-userformat=\"{&quot;2&quot;:15297,&quot;3&quot;:{&quot;1&quot;:0},&quot;9&quot;:0,&quot;10&quot;:0,&quot;11&quot;:4,&quot;12&quot;:0,&quot;14&quot;:{&quot;1&quot;:2,&quot;2&quot;:3963096},&quot;15&quot;:&quot;Calibri&quot;,&quot;16&quot;:12}\" data-sheets-value=\"{&quot;1&quot;:2,&quot;2&quot;:&quot;ll relie la vall\\u00e9e de Chamonix (Haute-Savoie en France) et la vall\\u00e9e d\\u2019Aoste (en Italie)\\nSa longueur : 11,6 kilom\\u00e8tres \\nLes acc\\u00e8s:\\n\\u2022C\\u00f4t\\u00e9 fran\\u00e7ais par Chamonix (ATMB)\\n\\u2022Cot\\u00e9 italien par Courmayeur (SITMB)&quot;}\">ze strony Francji od strony Chamonix (ATMB)<\/span><\/li>\n<li><span data-sheets-userformat=\"{&quot;2&quot;:15297,&quot;3&quot;:{&quot;1&quot;:0},&quot;9&quot;:0,&quot;10&quot;:0,&quot;11&quot;:4,&quot;12&quot;:0,&quot;14&quot;:{&quot;1&quot;:2,&quot;2&quot;:3963096},&quot;15&quot;:&quot;Calibri&quot;,&quot;16&quot;:12}\" data-sheets-value=\"{&quot;1&quot;:2,&quot;2&quot;:&quot;ll relie la vall\\u00e9e de Chamonix (Haute-Savoie en France) et la vall\\u00e9e d\\u2019Aoste (en Italie)\\nSa longueur : 11,6 kilom\\u00e8tres \\nLes acc\\u00e8s:\\n\\u2022C\\u00f4t\\u00e9 fran\\u00e7ais par Chamonix (ATMB)\\n\\u2022Cot\\u00e9 italien par Courmayeur (SITMB)&quot;}\">ze strony W\u0142och od strony Courmayeur (SITMB)<\/span><\/li>\n<\/ul>\n<p>[\/vc_column_text][vc_empty_space]<a href=\"https:\/\/www.tunnelmb.net\/en-US\/vehicles-classification-and-tolls\" target=\"_self\" style=\"color: #035e7e;background-color: #ffffff;border-color: #035e7e\" class=\"qodef-btn qodef-btn-small qodef-btn-outline qodef-btn-custom-hover-bg qodef-btn-custom-border-hover qodef-btn-custom-hover-color qodef-btn-icon\" data-hover-bg-color=\"#ffffff\" data-hover-color=\"#035e7e\" data-hover-border-color=\"#035e7e\" >\n        <span class=\"qodef-btn-text\">Op\u0142aty za przejazd tunelem Mont Blanc<\/span>\n    <span class=\"qodef-btn-text-icon\"><i class=\"qodef-icon-simple-line-icon icon-arrow-right-circle \" ><\/i><\/span>\n<\/a>[vc_empty_space][vc_column_text]<\/p>\n<h2><span style=\"color: #01b1ec;\" data-sheets-userformat=\"{&quot;2&quot;:31681,&quot;3&quot;:{&quot;1&quot;:0},&quot;9&quot;:0,&quot;10&quot;:0,&quot;11&quot;:4,&quot;12&quot;:0,&quot;14&quot;:{&quot;1&quot;:2,&quot;2&quot;:3963096},&quot;15&quot;:&quot;Calibri&quot;,&quot;16&quot;:12,&quot;17&quot;:1}\" data-sheets-value=\"{&quot;1&quot;:2,&quot;2&quot;:&quot;Le Tunnel de Frejus (si possible mettre photo de l'entr\\u00e9e du tunnel j'en avais mis une sur le site actuelle mais elle est vieillotte)&quot;}\"><span style=\"color: #afca0b;\">Tunel Fr\u00e9jus<\/span><br \/>\n<\/span><\/h2>\n<p>&nbsp;<\/p>\n<p>\u0141\u0105czy Modane (Francja) z Bardonecchi\u0105 (W\u0142ochy)<\/p>\n<p>D\u0142ugo\u015b\u0107: 12,9 km<\/p>\n<p>Wjazd:<\/p>\n<p>&nbsp;<\/p>\n<ul>\n<li><span data-sheets-userformat=\"{&quot;2&quot;:14915,&quot;3&quot;:{&quot;1&quot;:0},&quot;4&quot;:{&quot;1&quot;:2,&quot;2&quot;:16777215},&quot;9&quot;:0,&quot;12&quot;:0,&quot;14&quot;:{&quot;1&quot;:2,&quot;2&quot;:3963096},&quot;15&quot;:&quot;Calibri&quot;,&quot;16&quot;:12}\" data-sheets-value=\"{&quot;1&quot;:2,&quot;2&quot;:&quot;Il relie Modane (France) \\u00e0 Bardon\\u00e8che (Italie)\\nSa longueur : 12,9 kilom\\u00e8tres \\nLes acc\\u00e8s :\\n\\u2022C\\u00f4t\\u00e9 fran\\u00e7ais par l\\u2019autoroute A 43 qui part de Lyon (SFTRF).\\n\\u2022C\\u00f4t\\u00e9 italien par l\\u2019autoroute A 32 qui part de Turin.&quot;}\">ze strony Francji autostrad\u0105 A43 zaczynaj\u0105c\u0105 si\u0119 w Lyonie (SFTRF)<\/span><\/li>\n<li><span data-sheets-userformat=\"{&quot;2&quot;:14915,&quot;3&quot;:{&quot;1&quot;:0},&quot;4&quot;:{&quot;1&quot;:2,&quot;2&quot;:16777215},&quot;9&quot;:0,&quot;12&quot;:0,&quot;14&quot;:{&quot;1&quot;:2,&quot;2&quot;:3963096},&quot;15&quot;:&quot;Calibri&quot;,&quot;16&quot;:12}\" data-sheets-value=\"{&quot;1&quot;:2,&quot;2&quot;:&quot;Il relie Modane (France) \\u00e0 Bardon\\u00e8che (Italie)\\nSa longueur : 12,9 kilom\\u00e8tres \\nLes acc\\u00e8s :\\n\\u2022C\\u00f4t\\u00e9 fran\\u00e7ais par l\\u2019autoroute A 43 qui part de Lyon (SFTRF).\\n\\u2022C\\u00f4t\\u00e9 italien par l\\u2019autoroute A 32 qui part de Turin.&quot;}\">ze strony W\u0142och autostrad\u0105 A32 zaczynaj\u0105c\u0105 si\u0119 w Turynie<\/span><\/li>\n<\/ul>\n<p>&nbsp;<\/p>\n<p><span data-sheets-userformat=\"{&quot;2&quot;:31297,&quot;3&quot;:{&quot;1&quot;:0},&quot;9&quot;:0,&quot;12&quot;:0,&quot;14&quot;:{&quot;1&quot;:2,&quot;2&quot;:1136076},&quot;15&quot;:&quot;Calibri&quot;,&quot;16&quot;:12,&quot;17&quot;:1}\" data-sheets-value=\"{&quot;1&quot;:2,&quot;2&quot;:&quot;Les tarifs sont calcul\\u00e9s en fonction&quot;}\">Wysoko\u015b\u0107 op\u0142aty tunelowej zale\u017cy od poni\u017cszych czynnik\u00f3w:<\/span><\/p>\n<ul>\n<li><span data-sheets-userformat=\"{&quot;2&quot;:14913,&quot;3&quot;:{&quot;1&quot;:0},&quot;9&quot;:0,&quot;12&quot;:0,&quot;14&quot;:{&quot;1&quot;:2,&quot;2&quot;:1136076},&quot;15&quot;:&quot;Calibri&quot;,&quot;16&quot;:12}\" data-sheets-value=\"{&quot;1&quot;:2,&quot;2&quot;:&quot;-Du Tunnel dans lequel vous circulez (Mont-Blanc ou Fr\\u00e9jus)\\n-Du type de v\\u00e9hicule (PL \\u2013Transport exceptionnel)\\n-Du sens du trajet (France vers Italie ou Italie vers France)\\n-S\\u2019il s\\u2019agit d\\u2019un aller simple ou d\\u2019un aller retour&quot;}\">tunelu, przez kt\u00f3ry nast\u0105pi\u0142 przejazd (Mont Blanc lub Fr\u00e9jus)<\/span><\/li>\n<li><span data-sheets-userformat=\"{&quot;2&quot;:14913,&quot;3&quot;:{&quot;1&quot;:0},&quot;9&quot;:0,&quot;12&quot;:0,&quot;14&quot;:{&quot;1&quot;:2,&quot;2&quot;:1136076},&quot;15&quot;:&quot;Calibri&quot;,&quot;16&quot;:12}\" data-sheets-value=\"{&quot;1&quot;:2,&quot;2&quot;:&quot;-Du Tunnel dans lequel vous circulez (Mont-Blanc ou Fr\\u00e9jus)\\n-Du type de v\\u00e9hicule (PL \\u2013Transport exceptionnel)\\n-Du sens du trajet (France vers Italie ou Italie vers France)\\n-S\\u2019il s\\u2019agit d\\u2019un aller simple ou d\\u2019un aller retour&quot;}\">typu pojazdu (pojazd ci\u0119\u017cki \u2013 transport specjalny)<\/span><\/li>\n<li><span data-sheets-userformat=\"{&quot;2&quot;:14913,&quot;3&quot;:{&quot;1&quot;:0},&quot;9&quot;:0,&quot;12&quot;:0,&quot;14&quot;:{&quot;1&quot;:2,&quot;2&quot;:1136076},&quot;15&quot;:&quot;Calibri&quot;,&quot;16&quot;:12}\" data-sheets-value=\"{&quot;1&quot;:2,&quot;2&quot;:&quot;-Du Tunnel dans lequel vous circulez (Mont-Blanc ou Fr\\u00e9jus)\\n-Du type de v\\u00e9hicule (PL \\u2013Transport exceptionnel)\\n-Du sens du trajet (France vers Italie ou Italie vers France)\\n-S\\u2019il s\\u2019agit d\\u2019un aller simple ou d\\u2019un aller retour&quot;}\">kierunku przejazdu (z Francji do W\u0142och lub z W\u0142och do Francji)<\/span><\/li>\n<li><span data-sheets-userformat=\"{&quot;2&quot;:14913,&quot;3&quot;:{&quot;1&quot;:0},&quot;9&quot;:0,&quot;12&quot;:0,&quot;14&quot;:{&quot;1&quot;:2,&quot;2&quot;:1136076},&quot;15&quot;:&quot;Calibri&quot;,&quot;16&quot;:12}\" data-sheets-value=\"{&quot;1&quot;:2,&quot;2&quot;:&quot;-Du Tunnel dans lequel vous circulez (Mont-Blanc ou Fr\\u00e9jus)\\n-Du type de v\\u00e9hicule (PL \\u2013Transport exceptionnel)\\n-Du sens du trajet (France vers Italie ou Italie vers France)\\n-S\\u2019il s\\u2019agit d\\u2019un aller simple ou d\\u2019un aller retour&quot;}\">przejazdu tylko w jedn\u0105 stron\u0119, lub przejazdu tam i z powrotem<\/span><\/li>\n<\/ul>\n<p>[\/vc_column_text][vc_empty_space]<a href=\"https:\/\/www.sftrf.fr\/en\/tarifs-tunnel\/\" target=\"_self\" style=\"color: #035e7e;background-color: #ffffff;border-color: #035e7e\" class=\"qodef-btn qodef-btn-small qodef-btn-outline qodef-btn-custom-hover-bg qodef-btn-custom-border-hover qodef-btn-custom-hover-color qodef-btn-icon\" data-hover-bg-color=\"#ffffff\" data-hover-color=\"#035e7e\" data-hover-border-color=\"#035e7e\" >\n        <span class=\"qodef-btn-text\">Op\u0142aty za przejazd tunelem Fr\u00e9jus<\/span>\n    <span class=\"qodef-btn-text-icon\"><i class=\"qodef-icon-simple-line-icon icon-arrow-right-circle \" ><\/i><\/span>\n<\/a>[vc_empty_space]<a href=\"mailto:bok@lumesia.com\" target=\"_self\" style=\"color: #ffffff;background-color: rgba(175,202,11,0.8);border-color: #afca0b\" class=\"qodef-btn qodef-btn-small qodef-btn-outline qodef-btn-custom-hover-bg qodef-btn-custom-border-hover qodef-btn-custom-hover-color qodef-btn-icon\" data-hover-bg-color=\"#afca0b\" data-hover-color=\"#ffffff\" data-hover-border-color=\"#afca0b\" >\n        <span class=\"qodef-btn-text\">Aby zapisa\u0107 si\u0119 na abonament kliknij tutaj<\/span>\n    <span class=\"qodef-btn-text-icon\"><i class=\"qodef-icon-simple-line-icon icon-arrow-right-circle \" ><\/i><\/span>\n<\/a>[\/vc_column][\/vc_row][vc_row el_class=&#8221;spepadleft white&#8221; css=&#8221;.vc_custom_1683108120959{background-color: #035e7e !important;}&#8221; el_id=&#8221;plus-service-eurotoll&#8221;][vc_column width=&#8221;2\/3&#8243; el_class=&#8221;padtop50 padbot50&#8243;][vc_column_text]<\/p>\n<h4>Dodatkowe us\u0142ugi Lumesia plus:<\/h4>\n<p>&nbsp;<\/p>\n<ul>\n<li>Optymalizacja koszt\u00f3w op\u0142at drogowych<\/li>\n<li>\u015aledzenie twojej dzia\u0142alno\u015bci poprzez indywidualnie dobrane zestawienia tabelaryczne<\/li>\n<li>Kontrola przejazd\u00f3w przez tunele alpejskie na fakturach Lumesia<\/li>\n<li>Skrojone na miar\u0119 potrzeb raporty w rozbiciu na cz\u0119\u015bci floty, klient\u00f3w, u\u017cytkownik\u00f3w, itp..<\/li>\n<li>Automatyczna integracja danych zwi\u0105zanych z op\u0142atami drogowymi do formatu narz\u0119dzi specjalistycznych (TMS, ERP lub Excel)<\/li>\n<\/ul>\n<p>[\/vc_column_text][\/vc_column][vc_column width=&#8221;1\/3&#8243;][\/vc_column][\/vc_row][vc_row content_width=&#8221;grid&#8221; content_aligment=&#8221;center&#8221; css=&#8221;.vc_custom_1760348835116{background-color: #afca0b !important;}&#8221; el_class=&#8221;padtop50 padbot50&#8243;][vc_column][vc_empty_space height=&#8221;15px&#8221;][vc_column_text css=&#8221;.vc_custom_1760347165486{padding-right: 10px !important;padding-left: 10px !important;}&#8221;]<\/p>\n<h3 style=\"text-align: center;\"><span style=\"color: #035e7e;\">W celu uzyskania dalszych informacji nasz dzia\u0142 obs\u0142ugi klienta pozostaje do Pa\u0144stwa dyspozycji.<\/span><\/h3>\n<p>[\/vc_column_text][vc_empty_space]<a href=\"mailto:bok@lumesia.com\" target=\"_self\" style=\"color: #035e7e;border-color: #035e7e;margin: 10\" class=\"qodef-btn qodef-btn-small qodef-btn-outline qodef-btn-icon\"  >\n        <span class=\"qodef-btn-text\">Skontaktuj si\u0119 z nami<\/span>\n    <span class=\"qodef-btn-text-icon\"><i class=\"qodef-icon-simple-line-icon icon-arrow-right \" ><\/i><\/span>\n<\/a>[\/vc_column][\/vc_row]<\/p>\n","protected":false},"excerpt":{"rendered":"<p>[vc_row content_width=&#8221;grid&#8221; el_class=&#8221;padtop50 padbot50&#8243;][vc_column][vc_column_text] Pob\u00f3r op\u0142at drogowych w tunelach alpejskich: &nbsp; Lumesia oferuje ci kart\u0119 przeznaczon\u0105 do przejazd\u00f3w tunelami Mont Blanc&#8230;<\/p>\n","protected":false},"author":23,"featured_media":0,"parent":3859,"menu_order":0,"comment_status":"closed","ping_status":"closed","template":"full-width.php","meta":{"footnotes":""},"class_list":["post-3869","page","type-page","status-publish","hentry"],"yoast_head":"<!-- This site is optimized with the Yoast SEO Premium plugin v26.7 (Yoast SEO v26.7) - https:\/\/yoast.com\/wordpress\/plugins\/seo\/ -->\n<title>Tunele alpejskie - Eurotoll<\/title>\n<meta name=\"robots\" content=\"index, follow, max-snippet:-1, max-image-preview:large, max-video-preview:-1\" \/>\n<link rel=\"canonical\" href=\"https:\/\/www.Eurotoll.eu\/pl\/nasza-oferta\/tunele-alpejskie\/\" \/>\n<meta property=\"og:locale\" content=\"pl_PL\" \/>\n<meta property=\"og:type\" content=\"article\" \/>\n<meta property=\"og:title\" content=\"Tunele alpejskie\" \/>\n<meta property=\"og:description\" content=\"[vc_row content_width=&#8221;grid&#8221; el_class=&#8221;padtop50 padbot50&#8243;][vc_column][vc_column_text] Pob\u00f3r op\u0142at drogowych w tunelach alpejskich: &nbsp; Lumesia oferuje ci kart\u0119 przeznaczon\u0105 do przejazd\u00f3w tunelami Mont Blanc...\" \/>\n<meta property=\"og:url\" content=\"https:\/\/www.Eurotoll.eu\/pl\/nasza-oferta\/tunele-alpejskie\/\" \/>\n<meta property=\"og:site_name\" content=\"Eurotoll\" \/>\n<meta property=\"article:modified_time\" content=\"2026-03-05T12:26:03+00:00\" \/>\n<meta name=\"twitter:card\" content=\"summary_large_image\" \/>\n<meta name=\"twitter:label1\" content=\"Szacowany czas czytania\" \/>\n\t<meta name=\"twitter:data1\" content=\"2 minuty\" \/>\n<script type=\"application\/ld+json\" class=\"yoast-schema-graph\">{\"@context\":\"https:\/\/schema.org\",\"@graph\":[{\"@type\":\"WebPage\",\"@id\":\"https:\/\/www.Eurotoll.eu\/pl\/nasza-oferta\/tunele-alpejskie\/\",\"url\":\"https:\/\/www.Eurotoll.eu\/pl\/nasza-oferta\/tunele-alpejskie\/\",\"name\":\"Tunele alpejskie - Eurotoll\",\"isPartOf\":{\"@id\":\"https:\/\/www.Eurotoll.eu\/pl\/#website\"},\"datePublished\":\"2016-08-04T09:30:11+00:00\",\"dateModified\":\"2026-03-05T12:26:03+00:00\",\"breadcrumb\":{\"@id\":\"https:\/\/www.Eurotoll.eu\/pl\/nasza-oferta\/tunele-alpejskie\/#breadcrumb\"},\"inLanguage\":\"pl-PL\",\"potentialAction\":[{\"@type\":\"ReadAction\",\"target\":[\"https:\/\/www.Eurotoll.eu\/pl\/nasza-oferta\/tunele-alpejskie\/\"]}]},{\"@type\":\"BreadcrumbList\",\"@id\":\"https:\/\/www.Eurotoll.eu\/pl\/nasza-oferta\/tunele-alpejskie\/#breadcrumb\",\"itemListElement\":[{\"@type\":\"ListItem\",\"position\":1,\"name\":\"Accueil\",\"item\":\"https:\/\/www.Eurotoll.eu\/pl\/\"},{\"@type\":\"ListItem\",\"position\":2,\"name\":\"Nasza oferta\",\"item\":\"https:\/\/www.Eurotoll.eu\/pl\/nasza-oferta\/\"},{\"@type\":\"ListItem\",\"position\":3,\"name\":\"Tunele alpejskie\"}]},{\"@type\":\"WebSite\",\"@id\":\"https:\/\/www.Eurotoll.eu\/pl\/#website\",\"url\":\"https:\/\/www.Eurotoll.eu\/pl\/\",\"name\":\"Eurotoll\",\"description\":\"Acteur cl\u00e9 du t\u00e9l\u00e9p\u00e9age en Europe\",\"potentialAction\":[{\"@type\":\"SearchAction\",\"target\":{\"@type\":\"EntryPoint\",\"urlTemplate\":\"https:\/\/www.Eurotoll.eu\/pl\/?s={search_term_string}\"},\"query-input\":{\"@type\":\"PropertyValueSpecification\",\"valueRequired\":true,\"valueName\":\"search_term_string\"}}],\"inLanguage\":\"pl-PL\"}]}<\/script>\n<!-- \/ Yoast SEO Premium plugin. -->","yoast_head_json":{"title":"Tunele alpejskie - Eurotoll","robots":{"index":"index","follow":"follow","max-snippet":"max-snippet:-1","max-image-preview":"max-image-preview:large","max-video-preview":"max-video-preview:-1"},"canonical":"https:\/\/www.Eurotoll.eu\/pl\/nasza-oferta\/tunele-alpejskie\/","og_locale":"pl_PL","og_type":"article","og_title":"Tunele alpejskie","og_description":"[vc_row content_width=&#8221;grid&#8221; el_class=&#8221;padtop50 padbot50&#8243;][vc_column][vc_column_text] Pob\u00f3r op\u0142at drogowych w tunelach alpejskich: &nbsp; Lumesia oferuje ci kart\u0119 przeznaczon\u0105 do przejazd\u00f3w tunelami Mont Blanc...","og_url":"https:\/\/www.Eurotoll.eu\/pl\/nasza-oferta\/tunele-alpejskie\/","og_site_name":"Eurotoll","article_modified_time":"2026-03-05T12:26:03+00:00","twitter_card":"summary_large_image","twitter_misc":{"Szacowany czas czytania":"2 minuty"},"schema":{"@context":"https:\/\/schema.org","@graph":[{"@type":"WebPage","@id":"https:\/\/www.Eurotoll.eu\/pl\/nasza-oferta\/tunele-alpejskie\/","url":"https:\/\/www.Eurotoll.eu\/pl\/nasza-oferta\/tunele-alpejskie\/","name":"Tunele alpejskie - Eurotoll","isPartOf":{"@id":"https:\/\/www.Eurotoll.eu\/pl\/#website"},"datePublished":"2016-08-04T09:30:11+00:00","dateModified":"2026-03-05T12:26:03+00:00","breadcrumb":{"@id":"https:\/\/www.Eurotoll.eu\/pl\/nasza-oferta\/tunele-alpejskie\/#breadcrumb"},"inLanguage":"pl-PL","potentialAction":[{"@type":"ReadAction","target":["https:\/\/www.Eurotoll.eu\/pl\/nasza-oferta\/tunele-alpejskie\/"]}]},{"@type":"BreadcrumbList","@id":"https:\/\/www.Eurotoll.eu\/pl\/nasza-oferta\/tunele-alpejskie\/#breadcrumb","itemListElement":[{"@type":"ListItem","position":1,"name":"Accueil","item":"https:\/\/www.Eurotoll.eu\/pl\/"},{"@type":"ListItem","position":2,"name":"Nasza oferta","item":"https:\/\/www.Eurotoll.eu\/pl\/nasza-oferta\/"},{"@type":"ListItem","position":3,"name":"Tunele alpejskie"}]},{"@type":"WebSite","@id":"https:\/\/www.Eurotoll.eu\/pl\/#website","url":"https:\/\/www.Eurotoll.eu\/pl\/","name":"Eurotoll","description":"Acteur cl\u00e9 du t\u00e9l\u00e9p\u00e9age en Europe","potentialAction":[{"@type":"SearchAction","target":{"@type":"EntryPoint","urlTemplate":"https:\/\/www.Eurotoll.eu\/pl\/?s={search_term_string}"},"query-input":{"@type":"PropertyValueSpecification","valueRequired":true,"valueName":"search_term_string"}}],"inLanguage":"pl-PL"}]}},"_links":{"self":[{"href":"https:\/\/www.Eurotoll.eu\/pl\/wp-json\/wp\/v2\/pages\/3869","targetHints":{"allow":["GET"]}}],"collection":[{"href":"https:\/\/www.Eurotoll.eu\/pl\/wp-json\/wp\/v2\/pages"}],"about":[{"href":"https:\/\/www.Eurotoll.eu\/pl\/wp-json\/wp\/v2\/types\/page"}],"author":[{"embeddable":true,"href":"https:\/\/www.Eurotoll.eu\/pl\/wp-json\/wp\/v2\/users\/23"}],"replies":[{"embeddable":true,"href":"https:\/\/www.Eurotoll.eu\/pl\/wp-json\/wp\/v2\/comments?post=3869"}],"version-history":[{"count":23,"href":"https:\/\/www.Eurotoll.eu\/pl\/wp-json\/wp\/v2\/pages\/3869\/revisions"}],"predecessor-version":[{"id":19867,"href":"https:\/\/www.Eurotoll.eu\/pl\/wp-json\/wp\/v2\/pages\/3869\/revisions\/19867"}],"up":[{"embeddable":true,"href":"https:\/\/www.Eurotoll.eu\/pl\/wp-json\/wp\/v2\/pages\/3859"}],"wp:attachment":[{"href":"https:\/\/www.Eurotoll.eu\/pl\/wp-json\/wp\/v2\/media?parent=3869"}],"curies":[{"name":"wp","href":"https:\/\/api.w.org\/{rel}","templated":true}]}}