{"id":3873,"date":"2016-08-04T11:47:35","date_gmt":"2016-08-04T09:47:35","guid":{"rendered":"http:\/\/80.75.152.85\/pl\/?page_id=3873"},"modified":"2023-05-03T13:00:48","modified_gmt":"2023-05-03T11:00:48","slug":"holandia-luksemburg-szwecja-i-dania","status":"publish","type":"page","link":"https:\/\/www.Eurotoll.eu\/pl\/nasza-oferta\/holandia-luksemburg-szwecja-i-dania\/","title":{"rendered":"Holandia, Luksemburg, Szwecja i Dania"},"content":{"rendered":"<p>[vc_row content_width=&#8221;grid&#8221; el_class=&#8221;padtop50 padbot50&#8243;][vc_column][vc_column_text]<\/p>\n<h2><span style=\"color: #01b1ec;\"><span style=\"color: #afca0b;\">System poboru op\u0142at drogowych w Holandii, Luksemburgu, Danii i Szwecji: eurowinieta<\/span><br \/>\n<\/span><\/h2>\n<p>eurowinieta jest form\u0105 podatku p\u0142atnego przez ka\u017cdy pojazd ci\u0119\u017carowy powy\u017cej 12 ton, poruszaj\u0105cy si\u0119 po drogach publicznych i autostradach Luksemburga, Holandii, Szwecji i Danii.<\/p>\n<p>&nbsp;<\/p>\n<p><strong>Wysoko\u015b\u0107 podatku zale\u017cy od:<\/strong><\/p>\n<ul>\n<li>klasy EURO emisji spalin pojazdu<\/li>\n<li>liczby osi pojazdu<\/li>\n<li>okresu wykorzystania winiety (dzienna, tygodniowa, miesi\u0119czna lub roczna)<\/li>\n<\/ul>\n<p>&nbsp;<\/p>\n<p>&nbsp;<\/p>\n<p>Aby korzysta\u0107 z mo\u017cliwo\u015bci poruszania si\u0119 po sieci eurowiniet i z us\u0142ug Eurotoll, nale\u017cy podpisa\u0107 abonament na kart\u0119 Eurotoll. Dzi\u0119ki karcie Eurotoll mo\u017cesz wykupi\u0107 eurowiniet\u0119 dzienn\u0105, miesi\u0119czn\u0105, roczn\u0105. Aby zapisa\u0107 si\u0119 na abonament na kart\u0119 Eurotoll, kliknij tutaj[\/vc_column_text][vc_empty_space]<a href=\"https:\/\/www.eurovignettes.eu\/portal\/fr\/tariffs\/tariffs?reset=true\" target=\"_self\" style=\"color: #035e7e;border-color: #035e7e\" class=\"qodef-btn qodef-btn-small qodef-btn-outline qodef-btn-custom-border-hover qodef-btn-custom-hover-color qodef-btn-icon\" data-hover-color=\"#035e7e\" data-hover-border-color=\"#035e7e\" >\n        <span class=\"qodef-btn-text\">Wysoko\u015b\u0107 op\u0142at za eurowiniety mo\u017cna sprawdzi\u0107 tutaj<\/span>\n    <span class=\"qodef-btn-text-icon\"><i class=\"qodef-icon-simple-line-icon icon-arrow-right-circle \" ><\/i><\/span>\n<\/a>[\/vc_column][\/vc_row][vc_row content_width=&#8221;grid&#8221;][vc_column el_class=&#8221;padbot50&#8243;]<a href=\"mailto:biuro@eurotoll.eu?subject=Wi\u0119cej%20informacji%20na%20temat%20oferty%20Holandia,%20Luksemburg,%20Szwecla%20i%20Dania%20(sie\u0107)\" target=\"_self\" style=\"color: #ffffff;background-color: rgba(175,202,11,0.8);border-color: #afca0b\" class=\"qodef-btn qodef-btn-small qodef-btn-outline qodef-btn-custom-hover-bg qodef-btn-custom-border-hover qodef-btn-custom-hover-color qodef-btn-icon\" data-hover-bg-color=\"#afca0b\" data-hover-color=\"#ffffff\" data-hover-border-color=\"#afca0b\" >\n        <span class=\"qodef-btn-text\">Aby zapisa\u0107 si\u0119 na abonament na kart\u0119 Eurotoll<\/span>\n    <span class=\"qodef-btn-text-icon\"><i class=\"qodef-icon-simple-line-icon icon-arrow-right-circle \" ><\/i><\/span>\n<\/a>[\/vc_column][\/vc_row][vc_row el_id=&#8221;plus-service-eurotoll&#8221; el_class=&#8221;spepadleft white&#8221; css=&#8221;.vc_custom_1683111565207{background-color: #035e7e !important;}&#8221;][vc_column width=&#8221;2\/3&#8243; el_class=&#8221;padtop50 padbot50&#8243;][vc_column_text]<\/p>\n<h4>Dodatkowe us\u0142ugi Eurotoll plus:<\/h4>\n<ul>\n<li>Karta Eurotoll: karta p\u0142atnicza &#8211; 100% op\u0142aty drogowej,<\/li>\n<li>Tabele umo\u017cliwiaj\u0105 \u015bledzenie i kontrol\u0119 wykorzystania systemu eurowiniet<\/li>\n<li>Twoja faktura Eurotoll b\u0119dzie zawiera\u0107 twoje zakupy eurowiniet<\/li>\n<\/ul>\n<p>[\/vc_column_text][\/vc_column][vc_column width=&#8221;1\/3&#8243;][\/vc_column][\/vc_row][vc_row][vc_column][\/vc_column][\/vc_row]<\/p>\n","protected":false},"excerpt":{"rendered":"<p>[vc_row content_width=&#8221;grid&#8221; el_class=&#8221;padtop50 padbot50&#8243;][vc_column][vc_column_text] System poboru op\u0142at drogowych w Holandii, Luksemburgu, Danii i Szwecji: eurowinieta eurowinieta jest form\u0105 podatku p\u0142atnego przez&#8230;<\/p>\n","protected":false},"author":23,"featured_media":0,"parent":3859,"menu_order":0,"comment_status":"closed","ping_status":"closed","template":"full-width.php","meta":{"footnotes":""},"class_list":["post-3873","page","type-page","status-publish","hentry"],"yoast_head":"<!-- This site is optimized with the Yoast SEO Premium plugin v26.7 (Yoast SEO v26.7) - https:\/\/yoast.com\/wordpress\/plugins\/seo\/ -->\n<title>Holandia, Luksemburg, Szwecja i Dania - Eurotoll<\/title>\n<meta name=\"robots\" content=\"index, follow, max-snippet:-1, max-image-preview:large, max-video-preview:-1\" \/>\n<link rel=\"canonical\" href=\"https:\/\/www.Eurotoll.eu\/pl\/nasza-oferta\/holandia-luksemburg-szwecja-i-dania\/\" \/>\n<meta property=\"og:locale\" content=\"pl_PL\" \/>\n<meta property=\"og:type\" content=\"article\" \/>\n<meta property=\"og:title\" content=\"Holandia, Luksemburg, Szwecja i Dania\" \/>\n<meta property=\"og:description\" content=\"[vc_row content_width=&#8221;grid&#8221; el_class=&#8221;padtop50 padbot50&#8243;][vc_column][vc_column_text] System poboru op\u0142at drogowych w Holandii, Luksemburgu, Danii i Szwecji: eurowinieta eurowinieta jest form\u0105 podatku p\u0142atnego przez...\" \/>\n<meta property=\"og:url\" content=\"https:\/\/www.Eurotoll.eu\/pl\/nasza-oferta\/holandia-luksemburg-szwecja-i-dania\/\" \/>\n<meta property=\"og:site_name\" content=\"Eurotoll\" \/>\n<meta property=\"article:modified_time\" content=\"2023-05-03T11:00:48+00:00\" \/>\n<meta name=\"twitter:card\" content=\"summary_large_image\" \/>\n<meta name=\"twitter:label1\" content=\"Szacowany czas czytania\" \/>\n\t<meta name=\"twitter:data1\" content=\"1 minuta\" \/>\n<script type=\"application\/ld+json\" class=\"yoast-schema-graph\">{\"@context\":\"https:\/\/schema.org\",\"@graph\":[{\"@type\":\"WebPage\",\"@id\":\"https:\/\/www.Eurotoll.eu\/pl\/nasza-oferta\/holandia-luksemburg-szwecja-i-dania\/\",\"url\":\"https:\/\/www.Eurotoll.eu\/pl\/nasza-oferta\/holandia-luksemburg-szwecja-i-dania\/\",\"name\":\"Holandia, Luksemburg, Szwecja i Dania - Eurotoll\",\"isPartOf\":{\"@id\":\"https:\/\/www.Eurotoll.eu\/pl\/#website\"},\"datePublished\":\"2016-08-04T09:47:35+00:00\",\"dateModified\":\"2023-05-03T11:00:48+00:00\",\"breadcrumb\":{\"@id\":\"https:\/\/www.Eurotoll.eu\/pl\/nasza-oferta\/holandia-luksemburg-szwecja-i-dania\/#breadcrumb\"},\"inLanguage\":\"pl-PL\",\"potentialAction\":[{\"@type\":\"ReadAction\",\"target\":[\"https:\/\/www.Eurotoll.eu\/pl\/nasza-oferta\/holandia-luksemburg-szwecja-i-dania\/\"]}]},{\"@type\":\"BreadcrumbList\",\"@id\":\"https:\/\/www.Eurotoll.eu\/pl\/nasza-oferta\/holandia-luksemburg-szwecja-i-dania\/#breadcrumb\",\"itemListElement\":[{\"@type\":\"ListItem\",\"position\":1,\"name\":\"Accueil\",\"item\":\"https:\/\/www.Eurotoll.eu\/pl\/\"},{\"@type\":\"ListItem\",\"position\":2,\"name\":\"Nasza oferta\",\"item\":\"https:\/\/www.Eurotoll.eu\/pl\/nasza-oferta\/\"},{\"@type\":\"ListItem\",\"position\":3,\"name\":\"Holandia, Luksemburg, Szwecja i Dania\"}]},{\"@type\":\"WebSite\",\"@id\":\"https:\/\/www.Eurotoll.eu\/pl\/#website\",\"url\":\"https:\/\/www.Eurotoll.eu\/pl\/\",\"name\":\"Eurotoll\",\"description\":\"Acteur cl\u00e9 du t\u00e9l\u00e9p\u00e9age en Europe\",\"potentialAction\":[{\"@type\":\"SearchAction\",\"target\":{\"@type\":\"EntryPoint\",\"urlTemplate\":\"https:\/\/www.Eurotoll.eu\/pl\/?s={search_term_string}\"},\"query-input\":{\"@type\":\"PropertyValueSpecification\",\"valueRequired\":true,\"valueName\":\"search_term_string\"}}],\"inLanguage\":\"pl-PL\"}]}<\/script>\n<!-- \/ Yoast SEO Premium plugin. -->","yoast_head_json":{"title":"Holandia, Luksemburg, Szwecja i Dania - Eurotoll","robots":{"index":"index","follow":"follow","max-snippet":"max-snippet:-1","max-image-preview":"max-image-preview:large","max-video-preview":"max-video-preview:-1"},"canonical":"https:\/\/www.Eurotoll.eu\/pl\/nasza-oferta\/holandia-luksemburg-szwecja-i-dania\/","og_locale":"pl_PL","og_type":"article","og_title":"Holandia, Luksemburg, Szwecja i Dania","og_description":"[vc_row content_width=&#8221;grid&#8221; el_class=&#8221;padtop50 padbot50&#8243;][vc_column][vc_column_text] System poboru op\u0142at drogowych w Holandii, Luksemburgu, Danii i Szwecji: eurowinieta eurowinieta jest form\u0105 podatku p\u0142atnego przez...","og_url":"https:\/\/www.Eurotoll.eu\/pl\/nasza-oferta\/holandia-luksemburg-szwecja-i-dania\/","og_site_name":"Eurotoll","article_modified_time":"2023-05-03T11:00:48+00:00","twitter_card":"summary_large_image","twitter_misc":{"Szacowany czas czytania":"1 minuta"},"schema":{"@context":"https:\/\/schema.org","@graph":[{"@type":"WebPage","@id":"https:\/\/www.Eurotoll.eu\/pl\/nasza-oferta\/holandia-luksemburg-szwecja-i-dania\/","url":"https:\/\/www.Eurotoll.eu\/pl\/nasza-oferta\/holandia-luksemburg-szwecja-i-dania\/","name":"Holandia, Luksemburg, Szwecja i Dania - Eurotoll","isPartOf":{"@id":"https:\/\/www.Eurotoll.eu\/pl\/#website"},"datePublished":"2016-08-04T09:47:35+00:00","dateModified":"2023-05-03T11:00:48+00:00","breadcrumb":{"@id":"https:\/\/www.Eurotoll.eu\/pl\/nasza-oferta\/holandia-luksemburg-szwecja-i-dania\/#breadcrumb"},"inLanguage":"pl-PL","potentialAction":[{"@type":"ReadAction","target":["https:\/\/www.Eurotoll.eu\/pl\/nasza-oferta\/holandia-luksemburg-szwecja-i-dania\/"]}]},{"@type":"BreadcrumbList","@id":"https:\/\/www.Eurotoll.eu\/pl\/nasza-oferta\/holandia-luksemburg-szwecja-i-dania\/#breadcrumb","itemListElement":[{"@type":"ListItem","position":1,"name":"Accueil","item":"https:\/\/www.Eurotoll.eu\/pl\/"},{"@type":"ListItem","position":2,"name":"Nasza oferta","item":"https:\/\/www.Eurotoll.eu\/pl\/nasza-oferta\/"},{"@type":"ListItem","position":3,"name":"Holandia, Luksemburg, Szwecja i Dania"}]},{"@type":"WebSite","@id":"https:\/\/www.Eurotoll.eu\/pl\/#website","url":"https:\/\/www.Eurotoll.eu\/pl\/","name":"Eurotoll","description":"Acteur cl\u00e9 du t\u00e9l\u00e9p\u00e9age en Europe","potentialAction":[{"@type":"SearchAction","target":{"@type":"EntryPoint","urlTemplate":"https:\/\/www.Eurotoll.eu\/pl\/?s={search_term_string}"},"query-input":{"@type":"PropertyValueSpecification","valueRequired":true,"valueName":"search_term_string"}}],"inLanguage":"pl-PL"}]}},"_links":{"self":[{"href":"https:\/\/www.Eurotoll.eu\/pl\/wp-json\/wp\/v2\/pages\/3873","targetHints":{"allow":["GET"]}}],"collection":[{"href":"https:\/\/www.Eurotoll.eu\/pl\/wp-json\/wp\/v2\/pages"}],"about":[{"href":"https:\/\/www.Eurotoll.eu\/pl\/wp-json\/wp\/v2\/types\/page"}],"author":[{"embeddable":true,"href":"https:\/\/www.Eurotoll.eu\/pl\/wp-json\/wp\/v2\/users\/23"}],"replies":[{"embeddable":true,"href":"https:\/\/www.Eurotoll.eu\/pl\/wp-json\/wp\/v2\/comments?post=3873"}],"version-history":[{"count":12,"href":"https:\/\/www.Eurotoll.eu\/pl\/wp-json\/wp\/v2\/pages\/3873\/revisions"}],"predecessor-version":[{"id":11741,"href":"https:\/\/www.Eurotoll.eu\/pl\/wp-json\/wp\/v2\/pages\/3873\/revisions\/11741"}],"up":[{"embeddable":true,"href":"https:\/\/www.Eurotoll.eu\/pl\/wp-json\/wp\/v2\/pages\/3859"}],"wp:attachment":[{"href":"https:\/\/www.Eurotoll.eu\/pl\/wp-json\/wp\/v2\/media?parent=3873"}],"curies":[{"name":"wp","href":"https:\/\/api.w.org\/{rel}","templated":true}]}}