{"id":3877,"date":"2016-08-04T11:51:49","date_gmt":"2016-08-04T09:51:49","guid":{"rendered":"http:\/\/80.75.152.85\/pl\/?page_id=3877"},"modified":"2025-11-17T16:10:45","modified_gmt":"2025-11-17T15:10:45","slug":"austria","status":"publish","type":"page","link":"https:\/\/www.Eurotoll.eu\/pl\/nasza-oferta\/austria\/","title":{"rendered":"Austria"},"content":{"rendered":"<p>[vc_row content_width=&#8221;grid&#8221; el_class=&#8221;padtop50 padbot50&#8243;][vc_column][vc_column_text]<\/p>\n<h2><span style=\"color: #01b1ec;\"><span style=\"color: #035e7e;\">Elektroniczny system poboru op\u0142at drogowych w Austrii: GO Maut<\/span><br \/>\n<\/span><\/h2>\n<p>&nbsp;<\/p>\n<p>W Austrii pob\u00f3r op\u0142at drogowych odbywa si\u0119 drog\u0105 radiow\u0105. Na autostradach i drogach szybkiego ruchu w Austrii ka\u017cdy pojazd ci\u0119\u017carowy i autobus powy\u017cej 3,5 tony ma obowi\u0105zek uiszczania op\u0142aty drogowej.[\/vc_column_text][vc_row_inner el_class=&#8221;padtop50&#8243;][vc_column_inner width=&#8221;2\/3&#8243;][vc_column_text]<\/p>\n<h3><span style=\"color: #01b1ec;\"><span style=\"color: #035e7e;\">Wysoko\u015b\u0107 op\u0142aty zale\u017cy od poni\u017cszych czynnik\u00f3w:<\/span><br \/>\n<\/span><\/h3>\n<ul>\n<li>od liczby kilometr\u00f3w przejechanych w sieci,<\/li>\n<li>od liczby osi pojazdu,<\/li>\n<li><span data-sheets-userformat=\"{&quot;2&quot;:15041,&quot;3&quot;:{&quot;1&quot;:0},&quot;9&quot;:0,&quot;10&quot;:0,&quot;12&quot;:0,&quot;14&quot;:{&quot;1&quot;:2,&quot;2&quot;:1136076},&quot;15&quot;:&quot;Calibri&quot;,&quot;16&quot;:12}\" data-sheets-value=\"{&quot;1&quot;:2,&quot;2&quot;:&quot;- Du nombre d\\u2019essieux du v\\u00e9hicule&quot;}\">od klasy EURO emisji spalin pojazdu,<\/span><\/li>\n<\/ul>\n<p>Tutaj mo\u017cesz sprawdzi\u0107 wysoko\u015b\u0107 op\u0142at w Austrii[\/vc_column_text][vc_empty_space height=&#8221;50px&#8221;]<a href=\"https:\/\/go-maut.at\/pl\/uiszczanie-oplaty-drogowej-go\/taryfy-oplaty-drogowej-go\/\" target=\"_blank\" style=\"color: #035e7e;border-color: #035e7e\" class=\"qodef-btn qodef-btn-small qodef-btn-outline qodef-btn-custom-border-hover qodef-btn-custom-hover-color qodef-btn-icon marginright15\" data-hover-color=\"#035e7e\" data-hover-border-color=\"#035e7e\" >\n        <span class=\"qodef-btn-text\">\u201eSprawd\u017a ceny w Austrii\u201d<\/span>\n    <span class=\"qodef-btn-text-icon\"><i class=\"qodef-icon-simple-line-icon icon-arrow-right-circle \" ><\/i><\/span>\n<\/a>[\/vc_column_inner][vc_column_inner width=&#8221;1\/3&#8243;][\/vc_column_inner][\/vc_row_inner][vc_row_inner el_class=&#8221;padtop50&#8243;][vc_column_inner width=&#8221;2\/3&#8243;][vc_column_text]<\/p>\n<h3>Kontrola karna:<\/h3>\n<p>&nbsp;<\/p>\n<p><strong><span data-sheets-userformat=\"{&quot;2&quot;:31425,&quot;3&quot;:{&quot;1&quot;:0},&quot;9&quot;:0,&quot;10&quot;:0,&quot;12&quot;:0,&quot;14&quot;:{&quot;1&quot;:2,&quot;2&quot;:1136076},&quot;15&quot;:&quot;Calibri&quot;,&quot;16&quot;:12,&quot;17&quot;:1}\" data-sheets-value=\"{&quot;1&quot;:2,&quot;2&quot;:&quot;Contr\\u00f4le manuel&quot;}\">Kontrola manualna<\/span><\/strong><\/p>\n<p>Kontrola odbywa si\u0119 w sta\u0142ych punktach, a tak\u017ce na parkingach, jak r\u00f3wnie\u017c w formie bie\u017c\u0105cej kontroli podczas ruchu na trasach.<\/p>\n<p>&nbsp;<\/p>\n<p><strong>Kontrola automatyczna<\/strong><\/p>\n<p>Kontrola automatyczna odbywa si\u0119 za pomoc\u0105 kamer umieszczonych na bramownicach. Funkcjonuj\u0105 r\u00f3wnie\u017c mobilne urz\u0105dzenia kontrolne, kt\u00f3rych lokalizacja jest ci\u0105gle zmieniana.<\/p>\n<p>&nbsp;<\/p>\n<p>W\u0142adze mog\u0105 ukara\u0107 ka\u017cd\u0105 osob\u0119, kt\u00f3ra nie op\u0142aci myta we w\u0142a\u015bciwej wysoko\u015bci.<\/p>\n<p>Wysoko\u015b\u0107 kary waha si\u0119 pomi\u0119dzy 300 i 3000 Euro.<\/p>\n<p>&nbsp;<\/p>\n<p><span data-sheets-userformat=\"{&quot;2&quot;:14913,&quot;3&quot;:{&quot;1&quot;:0},&quot;9&quot;:0,&quot;12&quot;:0,&quot;14&quot;:{&quot;1&quot;:2,&quot;2&quot;:1136076},&quot;15&quot;:&quot;Calibri&quot;,&quot;16&quot;:12}\" data-sheets-value=\"{&quot;1&quot;:2,&quot;2&quot;:&quot;Si vous circulez \\u00e9galement en Allemagne contactez nous (lien vers service.client@eurotoll.fr)&quot;}\">Skontaktuj si\u0119 z nami, je\u017celi poruszasz si\u0119 r\u00f3wnie\u017c po drogach Niemiec<\/span>[\/vc_column_text][vc_empty_space height=&#8221;50px&#8221;]<a href=\"mailto:bok@lumesia.com\" target=\"_self\" style=\"color: #ffffff;background-color: #035e7e;border-color: #035e7e\" class=\"qodef-btn qodef-btn-small qodef-btn-outline qodef-btn-custom-hover-bg qodef-btn-custom-border-hover qodef-btn-custom-hover-color qodef-btn-icon\" data-hover-bg-color=\"#035e7e\" data-hover-color=\"#ffffff\" data-hover-border-color=\"#035e7e\" >\n        <span class=\"qodef-btn-text\">Aby zapisa\u0107 si\u0119 na abonament kliknij tutaj<\/span>\n    <span class=\"qodef-btn-text-icon\"><i class=\"qodef-icon-simple-line-icon icon-arrow-right-circle \" ><\/i><\/span>\n<\/a>[\/vc_column_inner][vc_column_inner width=&#8221;1\/3&#8243;][\/vc_column_inner][\/vc_row_inner][\/vc_column][\/vc_row][vc_row el_class=&#8221;spepadleft white&#8221; css=&#8221;.vc_custom_1759224224068{background-color: #035e7e !important;}&#8221; el_id=&#8221;plus-service-eurotoll&#8221;][vc_column width=&#8221;2\/3&#8243; el_class=&#8221;padtop50 padbot50&#8243;][vc_column_text]<\/p>\n<h4><strong>Dodatkowe us\u0142ugi Lumesia plus:<\/strong><\/h4>\n<p>&nbsp;<\/p>\n<ul>\n<li>Optymalizacja koszt\u00f3w op\u0142at drogowych<\/li>\n<li>\u015aledzenie twojej dzia\u0142alno\u015bci poprzez indywidualnie dobrane zestawienia tabelaryczne<\/li>\n<li>Kontrola poruszania si\u0119 po drogach p\u0142atnych w rozbiciu na pojazdy lub na kierowc\u00f3w<\/li>\n<li>Skrojona na miar\u0119 potrzeb raporty w rozbiciu na cz\u0119\u015bci floty, klient\u00f3w, u\u017cytkownik\u00f3w, itp..<\/li>\n<li>Automatyczna integracja danych zwi\u0105zanych z op\u0142atami drogowymi do formatu narz\u0119dzi specjalistycznych (TMS, ERP lub Excel)<\/li>\n<\/ul>\n<p>[\/vc_column_text][\/vc_column][vc_column width=&#8221;1\/3&#8243;][vc_single_image image=&#8221;3480&#8243; img_size=&#8221;full&#8221;][\/vc_column][\/vc_row][vc_row content_width=&#8221;grid&#8221; content_aligment=&#8221;center&#8221; css=&#8221;.vc_custom_1760348835116{background-color: #afca0b !important;}&#8221; el_class=&#8221;padtop50 padbot50&#8243;][vc_column][vc_empty_space height=&#8221;15px&#8221;][vc_column_text css=&#8221;.vc_custom_1760347165486{padding-right: 10px !important;padding-left: 10px !important;}&#8221;]<\/p>\n<h3 style=\"text-align: center;\"><span style=\"color: #035e7e;\">W celu uzyskania dalszych informacji nasz dzia\u0142 obs\u0142ugi klienta pozostaje do Pa\u0144stwa dyspozycji.<\/span><\/h3>\n<p>[\/vc_column_text][vc_empty_space]<a href=\"mailto:bok@lumesia.com\" target=\"_self\" style=\"color: #035e7e;border-color: #035e7e;margin: 10\" class=\"qodef-btn qodef-btn-small qodef-btn-outline qodef-btn-icon\"  >\n        <span class=\"qodef-btn-text\">Skontaktuj si\u0119 z nami<\/span>\n    <span class=\"qodef-btn-text-icon\"><i class=\"qodef-icon-simple-line-icon icon-arrow-right \" ><\/i><\/span>\n<\/a>[\/vc_column][\/vc_row]<\/p>\n","protected":false},"excerpt":{"rendered":"<p>[vc_row content_width=&#8221;grid&#8221; el_class=&#8221;padtop50 padbot50&#8243;][vc_column][vc_column_text] Elektroniczny system poboru op\u0142at drogowych w Austrii: GO Maut &nbsp; W Austrii pob\u00f3r op\u0142at drogowych odbywa si\u0119&#8230;<\/p>\n","protected":false},"author":23,"featured_media":0,"parent":3859,"menu_order":0,"comment_status":"closed","ping_status":"closed","template":"full-width.php","meta":{"footnotes":""},"class_list":["post-3877","page","type-page","status-publish","hentry"],"yoast_head":"<!-- This site is optimized with the Yoast SEO Premium plugin v26.7 (Yoast SEO v26.7) - https:\/\/yoast.com\/wordpress\/plugins\/seo\/ -->\n<title>Austria - Eurotoll<\/title>\n<meta name=\"robots\" content=\"index, follow, max-snippet:-1, max-image-preview:large, max-video-preview:-1\" \/>\n<link rel=\"canonical\" href=\"https:\/\/www.Eurotoll.eu\/pl\/nasza-oferta\/austria\/\" \/>\n<meta property=\"og:locale\" content=\"pl_PL\" \/>\n<meta property=\"og:type\" content=\"article\" \/>\n<meta property=\"og:title\" content=\"Austria\" \/>\n<meta property=\"og:description\" content=\"[vc_row content_width=&#8221;grid&#8221; el_class=&#8221;padtop50 padbot50&#8243;][vc_column][vc_column_text] Elektroniczny system poboru op\u0142at drogowych w Austrii: GO Maut &nbsp; W Austrii pob\u00f3r op\u0142at drogowych odbywa si\u0119...\" \/>\n<meta property=\"og:url\" content=\"https:\/\/www.Eurotoll.eu\/pl\/nasza-oferta\/austria\/\" \/>\n<meta property=\"og:site_name\" content=\"Eurotoll\" \/>\n<meta property=\"article:modified_time\" content=\"2025-11-17T15:10:45+00:00\" \/>\n<meta name=\"twitter:card\" content=\"summary_large_image\" \/>\n<meta name=\"twitter:label1\" content=\"Szacowany czas czytania\" \/>\n\t<meta name=\"twitter:data1\" content=\"2 minuty\" \/>\n<script type=\"application\/ld+json\" class=\"yoast-schema-graph\">{\"@context\":\"https:\/\/schema.org\",\"@graph\":[{\"@type\":\"WebPage\",\"@id\":\"https:\/\/www.Eurotoll.eu\/pl\/nasza-oferta\/austria\/\",\"url\":\"https:\/\/www.Eurotoll.eu\/pl\/nasza-oferta\/austria\/\",\"name\":\"Austria - Eurotoll\",\"isPartOf\":{\"@id\":\"https:\/\/www.Eurotoll.eu\/pl\/#website\"},\"datePublished\":\"2016-08-04T09:51:49+00:00\",\"dateModified\":\"2025-11-17T15:10:45+00:00\",\"breadcrumb\":{\"@id\":\"https:\/\/www.Eurotoll.eu\/pl\/nasza-oferta\/austria\/#breadcrumb\"},\"inLanguage\":\"pl-PL\",\"potentialAction\":[{\"@type\":\"ReadAction\",\"target\":[\"https:\/\/www.Eurotoll.eu\/pl\/nasza-oferta\/austria\/\"]}]},{\"@type\":\"BreadcrumbList\",\"@id\":\"https:\/\/www.Eurotoll.eu\/pl\/nasza-oferta\/austria\/#breadcrumb\",\"itemListElement\":[{\"@type\":\"ListItem\",\"position\":1,\"name\":\"Accueil\",\"item\":\"https:\/\/www.Eurotoll.eu\/pl\/\"},{\"@type\":\"ListItem\",\"position\":2,\"name\":\"Nasza oferta\",\"item\":\"https:\/\/www.Eurotoll.eu\/pl\/nasza-oferta\/\"},{\"@type\":\"ListItem\",\"position\":3,\"name\":\"Austria\"}]},{\"@type\":\"WebSite\",\"@id\":\"https:\/\/www.Eurotoll.eu\/pl\/#website\",\"url\":\"https:\/\/www.Eurotoll.eu\/pl\/\",\"name\":\"Eurotoll\",\"description\":\"Acteur cl\u00e9 du t\u00e9l\u00e9p\u00e9age en Europe\",\"potentialAction\":[{\"@type\":\"SearchAction\",\"target\":{\"@type\":\"EntryPoint\",\"urlTemplate\":\"https:\/\/www.Eurotoll.eu\/pl\/?s={search_term_string}\"},\"query-input\":{\"@type\":\"PropertyValueSpecification\",\"valueRequired\":true,\"valueName\":\"search_term_string\"}}],\"inLanguage\":\"pl-PL\"}]}<\/script>\n<!-- \/ Yoast SEO Premium plugin. -->","yoast_head_json":{"title":"Austria - Eurotoll","robots":{"index":"index","follow":"follow","max-snippet":"max-snippet:-1","max-image-preview":"max-image-preview:large","max-video-preview":"max-video-preview:-1"},"canonical":"https:\/\/www.Eurotoll.eu\/pl\/nasza-oferta\/austria\/","og_locale":"pl_PL","og_type":"article","og_title":"Austria","og_description":"[vc_row content_width=&#8221;grid&#8221; el_class=&#8221;padtop50 padbot50&#8243;][vc_column][vc_column_text] Elektroniczny system poboru op\u0142at drogowych w Austrii: GO Maut &nbsp; W Austrii pob\u00f3r op\u0142at drogowych odbywa si\u0119...","og_url":"https:\/\/www.Eurotoll.eu\/pl\/nasza-oferta\/austria\/","og_site_name":"Eurotoll","article_modified_time":"2025-11-17T15:10:45+00:00","twitter_card":"summary_large_image","twitter_misc":{"Szacowany czas czytania":"2 minuty"},"schema":{"@context":"https:\/\/schema.org","@graph":[{"@type":"WebPage","@id":"https:\/\/www.Eurotoll.eu\/pl\/nasza-oferta\/austria\/","url":"https:\/\/www.Eurotoll.eu\/pl\/nasza-oferta\/austria\/","name":"Austria - Eurotoll","isPartOf":{"@id":"https:\/\/www.Eurotoll.eu\/pl\/#website"},"datePublished":"2016-08-04T09:51:49+00:00","dateModified":"2025-11-17T15:10:45+00:00","breadcrumb":{"@id":"https:\/\/www.Eurotoll.eu\/pl\/nasza-oferta\/austria\/#breadcrumb"},"inLanguage":"pl-PL","potentialAction":[{"@type":"ReadAction","target":["https:\/\/www.Eurotoll.eu\/pl\/nasza-oferta\/austria\/"]}]},{"@type":"BreadcrumbList","@id":"https:\/\/www.Eurotoll.eu\/pl\/nasza-oferta\/austria\/#breadcrumb","itemListElement":[{"@type":"ListItem","position":1,"name":"Accueil","item":"https:\/\/www.Eurotoll.eu\/pl\/"},{"@type":"ListItem","position":2,"name":"Nasza oferta","item":"https:\/\/www.Eurotoll.eu\/pl\/nasza-oferta\/"},{"@type":"ListItem","position":3,"name":"Austria"}]},{"@type":"WebSite","@id":"https:\/\/www.Eurotoll.eu\/pl\/#website","url":"https:\/\/www.Eurotoll.eu\/pl\/","name":"Eurotoll","description":"Acteur cl\u00e9 du t\u00e9l\u00e9p\u00e9age en Europe","potentialAction":[{"@type":"SearchAction","target":{"@type":"EntryPoint","urlTemplate":"https:\/\/www.Eurotoll.eu\/pl\/?s={search_term_string}"},"query-input":{"@type":"PropertyValueSpecification","valueRequired":true,"valueName":"search_term_string"}}],"inLanguage":"pl-PL"}]}},"_links":{"self":[{"href":"https:\/\/www.Eurotoll.eu\/pl\/wp-json\/wp\/v2\/pages\/3877","targetHints":{"allow":["GET"]}}],"collection":[{"href":"https:\/\/www.Eurotoll.eu\/pl\/wp-json\/wp\/v2\/pages"}],"about":[{"href":"https:\/\/www.Eurotoll.eu\/pl\/wp-json\/wp\/v2\/types\/page"}],"author":[{"embeddable":true,"href":"https:\/\/www.Eurotoll.eu\/pl\/wp-json\/wp\/v2\/users\/23"}],"replies":[{"embeddable":true,"href":"https:\/\/www.Eurotoll.eu\/pl\/wp-json\/wp\/v2\/comments?post=3877"}],"version-history":[{"count":21,"href":"https:\/\/www.Eurotoll.eu\/pl\/wp-json\/wp\/v2\/pages\/3877\/revisions"}],"predecessor-version":[{"id":19497,"href":"https:\/\/www.Eurotoll.eu\/pl\/wp-json\/wp\/v2\/pages\/3877\/revisions\/19497"}],"up":[{"embeddable":true,"href":"https:\/\/www.Eurotoll.eu\/pl\/wp-json\/wp\/v2\/pages\/3859"}],"wp:attachment":[{"href":"https:\/\/www.Eurotoll.eu\/pl\/wp-json\/wp\/v2\/media?parent=3877"}],"curies":[{"name":"wp","href":"https:\/\/api.w.org\/{rel}","templated":true}]}}