{"id":3888,"date":"2016-08-04T14:20:59","date_gmt":"2016-08-04T12:20:59","guid":{"rendered":"http:\/\/80.75.152.85\/pl\/?page_id=3888"},"modified":"2025-11-17T16:18:14","modified_gmt":"2025-11-17T15:18:14","slug":"hiszpania","status":"publish","type":"page","link":"https:\/\/www.Eurotoll.eu\/pl\/nasza-oferta\/hiszpania\/","title":{"rendered":"Hiszpania"},"content":{"rendered":"<p>[vc_row content_width=&#8221;grid&#8221; el_class=&#8221;padtop50 padbot50&#8243;][vc_column][vc_column_text]<\/p>\n<h2><span style=\"color: #035e7e;\">System elektronicznego poboru op\u0142at w Hiszpanii: VIA-T<\/span><\/h2>\n<p>W Hiszpanii system elektronicznego poboru op\u0142at drogowych dzia\u0142a drog\u0105 radiow\u0105. Podczas przejazdu przez stacj\u0119 poboru op\u0142at, urz\u0105dzenie umieszczone w poje\u017adzie (OBU*) uruchamia transakcj\u0119, kt\u00f3ra przekierowana jest przez centrum komputerowe koncesjonariusza autastrady do Lumesia w celu wystawienia faktury.<\/p>\n<p>Oznaczenia znajduj\u0105ce si\u0119 w pasie obj\u0119tym op\u0142atami drogowymi:<\/p>\n<p>Naliczona kwota op\u0142aty drogowej zale\u017cy od klasy pojazdu (w przypadku pojazdu ci\u0119\u017carowego s\u0105 dwie klasy), kt\u00f3re okre\u015bla si\u0119 na podstawie poni\u017cszych trzech warunk\u00f3w:<\/p>\n<p>&nbsp;<\/p>\n<ul>\n<li><span data-sheets-userformat=\"{&quot;2&quot;:14913,&quot;3&quot;:{&quot;1&quot;:0},&quot;9&quot;:0,&quot;12&quot;:0,&quot;14&quot;:{&quot;1&quot;:2,&quot;2&quot;:1136076},&quot;15&quot;:&quot;Calibri&quot;,&quot;16&quot;:12}\" data-sheets-value=\"{&quot;1&quot;:2,&quot;2&quot;:&quot;- La hauteur totale du v\\u00e9hicule&quot;}\">Ca\u0142kowita wysoko\u015b\u0107 pojazdu<\/span><\/li>\n<li><span data-sheets-userformat=\"{&quot;2&quot;:14913,&quot;3&quot;:{&quot;1&quot;:0},&quot;9&quot;:0,&quot;12&quot;:0,&quot;14&quot;:{&quot;1&quot;:2,&quot;2&quot;:1136076},&quot;15&quot;:&quot;Calibri&quot;,&quot;16&quot;:12}\" data-sheets-value=\"{&quot;1&quot;:2,&quot;2&quot;:&quot;- Le poids total autoris\\u00e9 (Pour les Poids Lourds: PTAC du tracteur)&quot;}\">Dopuszczalna masa ca\u0142kowita pojazdu<\/span><\/li>\n<li><span data-sheets-userformat=\"{&quot;2&quot;:14913,&quot;3&quot;:{&quot;1&quot;:0},&quot;9&quot;:0,&quot;12&quot;:0,&quot;14&quot;:{&quot;1&quot;:2,&quot;2&quot;:1136076},&quot;15&quot;:&quot;Calibri&quot;,&quot;16&quot;:12}\" data-sheets-value=\"{&quot;1&quot;:2,&quot;2&quot;:&quot;- Le nombre d\\u2019essieux au sol&quot;}\">Liczba osi pojazdu<\/span><\/li>\n<\/ul>\n<p>&nbsp;<\/p>\n<p>Oznaczenia znajduj\u0105ce si\u0119 w pasie obj\u0119tym op\u0142atami drogowymi:<\/p>\n<p>&nbsp;<\/p>\n<p><img loading=\"lazy\" decoding=\"async\" class=\"wp-image-5530 size-full aligncenter\" src=\"https:\/\/dev.lumesia.com\/wp-content\/uploads\/2016\/08\/spain-schema-1.png\" width=\"683\" height=\"184\" srcset=\"https:\/\/www.Eurotoll.eu\/wp-content\/uploads\/2016\/08\/spain-schema-1.png 683w, https:\/\/www.Eurotoll.eu\/wp-content\/uploads\/2016\/08\/spain-schema-1-300x81.png 300w\" sizes=\"auto, (max-width: 683px) 100vw, 683px\" \/><\/p>\n<p>&nbsp;<\/p>\n<p>&nbsp;<\/p>\n<h3><span style=\"color: #035e7e;\">\u201eKategorie op\u0142at drogowych w Hiszpanii\u201d<\/span><\/h3>\n<p>&nbsp;<\/p>\n<p><span data-sheets-userformat=\"{&quot;2&quot;:15169,&quot;3&quot;:{&quot;1&quot;:0},&quot;9&quot;:0,&quot;11&quot;:4,&quot;12&quot;:0,&quot;14&quot;:{&quot;1&quot;:2,&quot;2&quot;:1136076},&quot;15&quot;:&quot;Calibri&quot;,&quot;16&quot;:12}\" data-sheets-value=\"{&quot;1&quot;:2,&quot;2&quot;:&quot;Equipez vous du badge t\\u00e9l\\u00e9p\\u00e9age eurotoll interop\\u00e9rable et b\\u00e9n\\u00e9ficiez des remises maximum consenties (jusqu\\u2019\\u00e0 50%)&quot;}\"><img loading=\"lazy\" decoding=\"async\" class=\"alignright size-full wp-image-3737\" src=\"https:\/\/dev.lumesia.com\/wp-content\/uploads\/2016\/07\/espagne-shema3.jpg\" alt=\"Les classes p\u00e9age en Espagne\" width=\"8202\" height=\"5198\" srcset=\"https:\/\/www.Eurotoll.eu\/wp-content\/uploads\/2016\/07\/espagne-shema3.jpg 8202w, https:\/\/www.Eurotoll.eu\/wp-content\/uploads\/2016\/07\/espagne-shema3-300x190.jpg 300w, https:\/\/www.Eurotoll.eu\/wp-content\/uploads\/2016\/07\/espagne-shema3-768x487.jpg 768w, https:\/\/www.Eurotoll.eu\/wp-content\/uploads\/2016\/07\/espagne-shema3-1024x649.jpg 1024w\" sizes=\"auto, (max-width: 8202px) 100vw, 8202px\" \/>\u00a0 \u00a0 \u00a0 \u00a0 \u00a0 \u00a0 \u00a0 \u00a0 \u00a0 \u00a0 \u00a0 \u00a0 \u00a0 \u00a0 \u00a0 \u00a0 \u00a0 \u00a0 \u00a0 \u00a0 \u00a0 \u00a0 \u00a0 \u00a0 \u00a0 \u00a0 \u00a0 \u00a0 \u00a0 \u00a0 \u00a0 \u00a0 \u00a0 \u00a0 \u00a0 \u00a0 \u00a0 \u00a0 \u00a0 \u00a0 \u00a0 \u00a0 \u00a0 \u00a0 \u00a0 \u00a0 \u00a0 \u00a0 \u00a0 \u00a0 \u00a0 \u00a0 \u00a0 \u00a0 \u00a0 \u00a0 \u00a0 \u00a0 \u00a0 \u00a0 \u00a0 \u00a0 \u00a0 \u00a0 \u00a0 \u00a0 \u00a0 \u00a0 \u00a0 \u00a0 \u00a0 \u00a0 \u00a0 \u00a0 \u00a0 \u00a0 \u00a0 \u00a0 \u00a0 \u00a0 \u00a0 \u00a0\u00a0<\/span><\/p>\n<p>Zainstaluj transgraniczne urz\u0105dzenie Lumesia na Hiszpani\u0119, Portugali\u0119 i Francj\u0119 do elektronicznego poboru op\u0142at drogowych i wykorzystuj maksymalnie dost\u0119pne zni\u017cki (nawet do 50%).[\/vc_column_text][vc_empty_space height=&#8221;50px&#8221;]<a href=\"https:\/\/eurotoll.eu\/pl\/nasze-uslugi\/lumesia-tolling\/\" target=\"_self\" style=\"color: #ffffff;background-color: #035e7e;border-color: #035e7e\" class=\"qodef-btn qodef-btn-small qodef-btn-outline qodef-btn-custom-hover-bg qodef-btn-custom-border-hover qodef-btn-custom-hover-color qodef-btn-icon marginright15\" data-hover-bg-color=\"#035e7e\" data-hover-color=\"#ffffff\" data-hover-border-color=\"#035e7e\" >\n        <span class=\"qodef-btn-text\">Aby zapisa\u0107 si\u0119 na abonament kliknij tutaj<\/span>\n    <span class=\"qodef-btn-text-icon\"><i class=\"qodef-icon-simple-line-icon icon-arrow-right-circle \" ><\/i><\/span>\n<\/a>[\/vc_column][\/vc_row][vc_row el_class=&#8221;spepadleft white&#8221; css=&#8221;.vc_custom_1759228727197{background-color: #035e7e !important;}&#8221; el_id=&#8221;plus-service-eurotoll&#8221;][vc_column width=&#8221;2\/3&#8243; el_class=&#8221;padtop50 padbot50&#8243;][vc_column_text]<\/p>\n<h4><strong>Dodatkowe us\u0142ugi Lumesia plus:<\/strong><\/h4>\n<p>&nbsp;<\/p>\n<ul>\n<li>Jedno urz\u0105dzenie do poruszania si\u0119 po drogach Hiszpanii, Francji, Belgii (tunel Liefkenshoek) i Portugalii<\/li>\n<li>Optymalizacja koszt\u00f3w op\u0142at drogowych przy pomocy alarm\u00f3w<\/li>\n<li>\u015aledzenie twojej dzia\u0142alno\u015bci poprzez indywidualnie dobrane zestawienia tabelaryczne<\/li>\n<li>Kontrola poruszania si\u0119 po Hiszpanii w rozbiciu na pojazdy lub na kierowc\u00f3w<\/li>\n<li>Skrojone na miar\u0119 potrzeb raporty w rozbiciu na cz\u0119\u015bci floty, klient\u00f3w, u\u017cytkownik\u00f3w, itp..<\/li>\n<li>Automatyczna integracja danych zwi\u0105zanych z op\u0142atami drogowymi do formatu narz\u0119dzi specjalistycznych (TMS, ERP lub Excel)<\/li>\n<li>Maksymalne wykorzystanie dost\u0119pnych zni\u017cek<\/li>\n<\/ul>\n<p>[\/vc_column_text][vc_empty_space][\/vc_column][vc_column width=&#8221;1\/3&#8243;][vc_single_image image=&#8221;4192&#8243; img_size=&#8221;full&#8221;][\/vc_column][\/vc_row][vc_row content_width=&#8221;grid&#8221; content_aligment=&#8221;center&#8221; css=&#8221;.vc_custom_1760348835116{background-color: #afca0b !important;}&#8221; el_class=&#8221;padtop50 padbot50&#8243;][vc_column][vc_empty_space height=&#8221;15px&#8221;][vc_column_text css=&#8221;.vc_custom_1760347165486{padding-right: 10px !important;padding-left: 10px !important;}&#8221;]<\/p>\n<h3 style=\"text-align: center;\"><span style=\"color: #035e7e;\">W celu uzyskania dalszych informacji nasz dzia\u0142 obs\u0142ugi klienta pozostaje do Pa\u0144stwa dyspozycji.<\/span><\/h3>\n<p>[\/vc_column_text][vc_empty_space]<a href=\"mailto:bok@lumesia.com\" target=\"_self\" style=\"color: #035e7e;border-color: #035e7e;margin: 10\" class=\"qodef-btn qodef-btn-small qodef-btn-outline qodef-btn-icon\"  >\n        <span class=\"qodef-btn-text\">Skontaktuj si\u0119 z nami<\/span>\n    <span class=\"qodef-btn-text-icon\"><i class=\"qodef-icon-simple-line-icon icon-arrow-right \" ><\/i><\/span>\n<\/a>[\/vc_column][\/vc_row]<\/p>\n","protected":false},"excerpt":{"rendered":"<p>[vc_row content_width=&#8221;grid&#8221; el_class=&#8221;padtop50 padbot50&#8243;][vc_column][vc_column_text] System elektronicznego poboru op\u0142at w Hiszpanii: VIA-T W Hiszpanii system elektronicznego poboru op\u0142at drogowych dzia\u0142a drog\u0105 radiow\u0105&#8230;.<\/p>\n","protected":false},"author":23,"featured_media":0,"parent":3859,"menu_order":0,"comment_status":"closed","ping_status":"closed","template":"full-width.php","meta":{"footnotes":""},"class_list":["post-3888","page","type-page","status-publish","hentry"],"yoast_head":"<!-- This site is optimized with the Yoast SEO Premium plugin v26.7 (Yoast SEO v26.7) - https:\/\/yoast.com\/wordpress\/plugins\/seo\/ -->\n<title>Hiszpania - Eurotoll<\/title>\n<meta name=\"robots\" content=\"index, follow, max-snippet:-1, max-image-preview:large, max-video-preview:-1\" \/>\n<link rel=\"canonical\" href=\"https:\/\/www.Eurotoll.eu\/pl\/nasza-oferta\/hiszpania\/\" \/>\n<meta property=\"og:locale\" content=\"pl_PL\" \/>\n<meta property=\"og:type\" content=\"article\" \/>\n<meta property=\"og:title\" content=\"Hiszpania\" \/>\n<meta property=\"og:description\" content=\"[vc_row content_width=&#8221;grid&#8221; el_class=&#8221;padtop50 padbot50&#8243;][vc_column][vc_column_text] System elektronicznego poboru op\u0142at w Hiszpanii: VIA-T W Hiszpanii system elektronicznego poboru op\u0142at drogowych dzia\u0142a drog\u0105 radiow\u0105....\" \/>\n<meta property=\"og:url\" content=\"https:\/\/www.Eurotoll.eu\/pl\/nasza-oferta\/hiszpania\/\" \/>\n<meta property=\"og:site_name\" content=\"Eurotoll\" \/>\n<meta property=\"article:modified_time\" content=\"2025-11-17T15:18:14+00:00\" \/>\n<meta property=\"og:image\" content=\"https:\/\/www.Eurotoll.eu\/wp-content\/uploads\/2016\/08\/spain-schema-1.png\" \/>\n\t<meta property=\"og:image:width\" content=\"683\" \/>\n\t<meta property=\"og:image:height\" content=\"184\" \/>\n\t<meta property=\"og:image:type\" content=\"image\/png\" \/>\n<meta name=\"twitter:card\" content=\"summary_large_image\" \/>\n<meta name=\"twitter:label1\" content=\"Szacowany czas czytania\" \/>\n\t<meta name=\"twitter:data1\" content=\"2 minuty\" \/>\n<script type=\"application\/ld+json\" class=\"yoast-schema-graph\">{\"@context\":\"https:\/\/schema.org\",\"@graph\":[{\"@type\":\"WebPage\",\"@id\":\"https:\/\/www.Eurotoll.eu\/pl\/nasza-oferta\/hiszpania\/\",\"url\":\"https:\/\/www.Eurotoll.eu\/pl\/nasza-oferta\/hiszpania\/\",\"name\":\"Hiszpania - Eurotoll\",\"isPartOf\":{\"@id\":\"https:\/\/www.Eurotoll.eu\/pl\/#website\"},\"primaryImageOfPage\":{\"@id\":\"https:\/\/www.Eurotoll.eu\/pl\/nasza-oferta\/hiszpania\/#primaryimage\"},\"image\":{\"@id\":\"https:\/\/www.Eurotoll.eu\/pl\/nasza-oferta\/hiszpania\/#primaryimage\"},\"thumbnailUrl\":\"https:\/\/dev.lumesia.com\/wp-content\/uploads\/2016\/08\/spain-schema-1.png\",\"datePublished\":\"2016-08-04T12:20:59+00:00\",\"dateModified\":\"2025-11-17T15:18:14+00:00\",\"breadcrumb\":{\"@id\":\"https:\/\/www.Eurotoll.eu\/pl\/nasza-oferta\/hiszpania\/#breadcrumb\"},\"inLanguage\":\"pl-PL\",\"potentialAction\":[{\"@type\":\"ReadAction\",\"target\":[\"https:\/\/www.Eurotoll.eu\/pl\/nasza-oferta\/hiszpania\/\"]}]},{\"@type\":\"ImageObject\",\"inLanguage\":\"pl-PL\",\"@id\":\"https:\/\/www.Eurotoll.eu\/pl\/nasza-oferta\/hiszpania\/#primaryimage\",\"url\":\"https:\/\/dev.lumesia.com\/wp-content\/uploads\/2016\/08\/spain-schema-1.png\",\"contentUrl\":\"https:\/\/dev.lumesia.com\/wp-content\/uploads\/2016\/08\/spain-schema-1.png\"},{\"@type\":\"BreadcrumbList\",\"@id\":\"https:\/\/www.Eurotoll.eu\/pl\/nasza-oferta\/hiszpania\/#breadcrumb\",\"itemListElement\":[{\"@type\":\"ListItem\",\"position\":1,\"name\":\"Accueil\",\"item\":\"https:\/\/www.Eurotoll.eu\/pl\/\"},{\"@type\":\"ListItem\",\"position\":2,\"name\":\"Nasza oferta\",\"item\":\"https:\/\/www.Eurotoll.eu\/pl\/nasza-oferta\/\"},{\"@type\":\"ListItem\",\"position\":3,\"name\":\"Hiszpania\"}]},{\"@type\":\"WebSite\",\"@id\":\"https:\/\/www.Eurotoll.eu\/pl\/#website\",\"url\":\"https:\/\/www.Eurotoll.eu\/pl\/\",\"name\":\"Eurotoll\",\"description\":\"Acteur cl\u00e9 du t\u00e9l\u00e9p\u00e9age en Europe\",\"potentialAction\":[{\"@type\":\"SearchAction\",\"target\":{\"@type\":\"EntryPoint\",\"urlTemplate\":\"https:\/\/www.Eurotoll.eu\/pl\/?s={search_term_string}\"},\"query-input\":{\"@type\":\"PropertyValueSpecification\",\"valueRequired\":true,\"valueName\":\"search_term_string\"}}],\"inLanguage\":\"pl-PL\"}]}<\/script>\n<!-- \/ Yoast SEO Premium plugin. -->","yoast_head_json":{"title":"Hiszpania - Eurotoll","robots":{"index":"index","follow":"follow","max-snippet":"max-snippet:-1","max-image-preview":"max-image-preview:large","max-video-preview":"max-video-preview:-1"},"canonical":"https:\/\/www.Eurotoll.eu\/pl\/nasza-oferta\/hiszpania\/","og_locale":"pl_PL","og_type":"article","og_title":"Hiszpania","og_description":"[vc_row content_width=&#8221;grid&#8221; el_class=&#8221;padtop50 padbot50&#8243;][vc_column][vc_column_text] System elektronicznego poboru op\u0142at w Hiszpanii: VIA-T W Hiszpanii system elektronicznego poboru op\u0142at drogowych dzia\u0142a drog\u0105 radiow\u0105....","og_url":"https:\/\/www.Eurotoll.eu\/pl\/nasza-oferta\/hiszpania\/","og_site_name":"Eurotoll","article_modified_time":"2025-11-17T15:18:14+00:00","og_image":[{"width":683,"height":184,"url":"https:\/\/www.Eurotoll.eu\/wp-content\/uploads\/2016\/08\/spain-schema-1.png","type":"image\/png"}],"twitter_card":"summary_large_image","twitter_misc":{"Szacowany czas czytania":"2 minuty"},"schema":{"@context":"https:\/\/schema.org","@graph":[{"@type":"WebPage","@id":"https:\/\/www.Eurotoll.eu\/pl\/nasza-oferta\/hiszpania\/","url":"https:\/\/www.Eurotoll.eu\/pl\/nasza-oferta\/hiszpania\/","name":"Hiszpania - Eurotoll","isPartOf":{"@id":"https:\/\/www.Eurotoll.eu\/pl\/#website"},"primaryImageOfPage":{"@id":"https:\/\/www.Eurotoll.eu\/pl\/nasza-oferta\/hiszpania\/#primaryimage"},"image":{"@id":"https:\/\/www.Eurotoll.eu\/pl\/nasza-oferta\/hiszpania\/#primaryimage"},"thumbnailUrl":"https:\/\/dev.lumesia.com\/wp-content\/uploads\/2016\/08\/spain-schema-1.png","datePublished":"2016-08-04T12:20:59+00:00","dateModified":"2025-11-17T15:18:14+00:00","breadcrumb":{"@id":"https:\/\/www.Eurotoll.eu\/pl\/nasza-oferta\/hiszpania\/#breadcrumb"},"inLanguage":"pl-PL","potentialAction":[{"@type":"ReadAction","target":["https:\/\/www.Eurotoll.eu\/pl\/nasza-oferta\/hiszpania\/"]}]},{"@type":"ImageObject","inLanguage":"pl-PL","@id":"https:\/\/www.Eurotoll.eu\/pl\/nasza-oferta\/hiszpania\/#primaryimage","url":"https:\/\/dev.lumesia.com\/wp-content\/uploads\/2016\/08\/spain-schema-1.png","contentUrl":"https:\/\/dev.lumesia.com\/wp-content\/uploads\/2016\/08\/spain-schema-1.png"},{"@type":"BreadcrumbList","@id":"https:\/\/www.Eurotoll.eu\/pl\/nasza-oferta\/hiszpania\/#breadcrumb","itemListElement":[{"@type":"ListItem","position":1,"name":"Accueil","item":"https:\/\/www.Eurotoll.eu\/pl\/"},{"@type":"ListItem","position":2,"name":"Nasza oferta","item":"https:\/\/www.Eurotoll.eu\/pl\/nasza-oferta\/"},{"@type":"ListItem","position":3,"name":"Hiszpania"}]},{"@type":"WebSite","@id":"https:\/\/www.Eurotoll.eu\/pl\/#website","url":"https:\/\/www.Eurotoll.eu\/pl\/","name":"Eurotoll","description":"Acteur cl\u00e9 du t\u00e9l\u00e9p\u00e9age en Europe","potentialAction":[{"@type":"SearchAction","target":{"@type":"EntryPoint","urlTemplate":"https:\/\/www.Eurotoll.eu\/pl\/?s={search_term_string}"},"query-input":{"@type":"PropertyValueSpecification","valueRequired":true,"valueName":"search_term_string"}}],"inLanguage":"pl-PL"}]}},"_links":{"self":[{"href":"https:\/\/www.Eurotoll.eu\/pl\/wp-json\/wp\/v2\/pages\/3888","targetHints":{"allow":["GET"]}}],"collection":[{"href":"https:\/\/www.Eurotoll.eu\/pl\/wp-json\/wp\/v2\/pages"}],"about":[{"href":"https:\/\/www.Eurotoll.eu\/pl\/wp-json\/wp\/v2\/types\/page"}],"author":[{"embeddable":true,"href":"https:\/\/www.Eurotoll.eu\/pl\/wp-json\/wp\/v2\/users\/23"}],"replies":[{"embeddable":true,"href":"https:\/\/www.Eurotoll.eu\/pl\/wp-json\/wp\/v2\/comments?post=3888"}],"version-history":[{"count":22,"href":"https:\/\/www.Eurotoll.eu\/pl\/wp-json\/wp\/v2\/pages\/3888\/revisions"}],"predecessor-version":[{"id":19504,"href":"https:\/\/www.Eurotoll.eu\/pl\/wp-json\/wp\/v2\/pages\/3888\/revisions\/19504"}],"up":[{"embeddable":true,"href":"https:\/\/www.Eurotoll.eu\/pl\/wp-json\/wp\/v2\/pages\/3859"}],"wp:attachment":[{"href":"https:\/\/www.Eurotoll.eu\/pl\/wp-json\/wp\/v2\/media?parent=3888"}],"curies":[{"name":"wp","href":"https:\/\/api.w.org\/{rel}","templated":true}]}}