{"id":3890,"date":"2016-08-04T14:45:44","date_gmt":"2016-08-04T12:45:44","guid":{"rendered":"http:\/\/80.75.152.85\/pl\/?page_id=3890"},"modified":"2025-11-17T16:35:04","modified_gmt":"2025-11-17T15:35:04","slug":"wlochy-3","status":"publish","type":"page","link":"https:\/\/www.Eurotoll.eu\/pl\/nasza-oferta\/wlochy-3\/","title":{"rendered":"W\u0142ochy"},"content":{"rendered":"<p>[vc_row content_width=&#8221;grid&#8221; el_class=&#8221;padtop50 padbot50&#8243;][vc_column][vc_column_text]<\/p>\n<h2><span style=\"color: #035e7e;\">W\u0142oska sie\u0107 :<\/span><\/h2>\n<p>&nbsp;<\/p>\n<p>Pojazdy ci\u0119\u017carowe o maksymalnej dopuszczalnej masie wi\u0119kszej ni\u017c 12 ton podlegaj\u0105 op\u0142acie kilometrowej we W\u0142oszech. Opodatkowana sie\u0107 rozci\u0105ga si\u0119 na 5900 km, a stosowana stawka zale\u017cy od liczby osi, wysoko\u015bci pojazdu i przebytej odleg\u0142o\u015bci.<\/p>\n<p>&nbsp;<\/p>\n<p>We W\u0142oszech obowi\u0105zuj\u0105 rabaty, a konsorcjum Lumesia pozwala na korzystanie z maksymalnych zni\u017cek, niezale\u017cnie od wydatk\u00f3w we W\u0142oszech.<\/p>\n<p>&nbsp;<\/p>\n<h3><span style=\"color: #035e7e;\"><strong>System poboru op\u0142at drogowych we W\u0142oszech :<\/strong><\/span><\/h3>\n<p>&nbsp;<\/p>\n<p>We W\u0142oszech elektroniczny system poboru op\u0142at drogowych dzia\u0142a dzi\u0119ki urz\u0105dzeniom, kt\u00f3re komunikuj\u0105 si\u0119 zdalnie z antenami podczas przejazdu przez stacje poboru op\u0142at. Komunikacja ta powoduje, \u017ce transakcja jest nast\u0119pnie przekazywana przez sp\u00f3\u0142k\u0119 koncesyjn\u0105 do Lumesia w celu zafakturowania. Wszystkie pojazdy jad\u0105ce po w\u0142oskich autostradach musz\u0105 uiszcza\u0107 op\u0142at\u0119.<\/p>\n<p>&nbsp;<\/p>\n<h3><span style=\"color: #035e7e;\"><strong>W celu uiszczenia w\u0142oskich op\u0142at, Lumesia oferuje 3 opcje :<\/strong><\/span><\/h3>\n<p>&nbsp;<\/p>\n<p>&nbsp;<\/p>\n<ul>\n<li><strong>Urz\u0105dzenie Lumesia MED:<\/strong><\/li>\n<\/ul>\n<p>&nbsp;<\/p>\n<p>Pozwala ono na jazd\u0119 w 6 g\u0142\u00f3wnych sieciach w Europie: Francja, Hiszpania, Portugalia, W\u0142ochy, Austria, Liefkenshoek tunel (Belgia).<\/p>\n<p>To OBU jest zasilane bateri\u0105, nie wymaga pod\u0142\u0105czenia, instalacji, a zatem unieruchomienia pojazd\u00f3w. Wszystko, co musisz zrobi\u0107, to przyklei\u0107 je do przednich szyb swoich ci\u0119\u017car\u00f3wek i ju\u017c mo\u017cna wyjecha\u0107 w tras\u0119. R\u00f3wnie\u017c kierowcy nie b\u0119d\u0105 musieli wprowadza\u0107 \u017cadnych ustawie\u0144, z wyj\u0105tkiem liczby osi, kt\u00f3re nale\u017cy ustawi\u0107 przed wyjazdem.<\/p>\n<p>&nbsp;<\/p>\n<ul>\n<li><strong>Urz\u0105dzenie Lumesia SAT :<\/strong><\/li>\n<\/ul>\n<p>&nbsp;<\/p>\n<p>To satelitarne OBU pozwala na jazd\u0119 we Francji, Hiszpanii, Portugalii, W\u0142oszech, Austrii, Polska, Szwajcaria, Belgii i Niemczech.<\/p>\n<p>&nbsp;<\/p>\n<p>Posiada zintegrowany modu\u0142 TIS-PL od Lumesia, czyli jest bezpo\u015brednio po\u0142\u0105czony ze wszystkimi francuskimi operatorami autostradowymi, co pozwala na szybsze fakturowanie ale tak\u017ce lepsz\u0105 reaktywno\u015b\u0107 w zarz\u0105dzaniu TLPC i reklamacjami.<\/p>\n<p>&nbsp;<\/p>\n<ul>\n<li><strong>Urz\u0105dzenie w\u0142oskie Telepass :<\/strong><\/li>\n<\/ul>\n<p>&nbsp;<\/p>\n<p>Pozwala na automatyczne p\u0142acenie na wszystkich bramkach, ale tylko we W\u0142oszech.<\/p>\n<p>&nbsp;<\/p>\n<p>&nbsp;<\/p>\n<h3><span style=\"color: #035e7e;\"><strong>Dlaczego warto wybra\u0107 Lumesia?<\/strong><\/span><\/h3>\n<p>&nbsp;<\/p>\n<p>\u0141atwe przejazdy &amp; rabaty :<\/p>\n<p>Skorzystaj z dedykowanych pas\u00f3w drogowych telepass we W\u0142oszech i oszcz\u0119dzaj kierowcom cenny czas. Skorzystaj z maksymalnych zni\u017cek we W\u0142oszech dzi\u0119ki konsorcjum Lumesia a tak\u017ce we Francji, Hiszpanii, w tunelu Liefkenshoek.[\/vc_column_text][vc_empty_space height=&#8221;50px&#8221;]<a href=\"mailto:bok@lumesia.com\" target=\"_self\" style=\"color: #ffffff;background-color: #035e7e;border-color: #035e7e\" class=\"qodef-btn qodef-btn-small qodef-btn-outline qodef-btn-custom-hover-bg qodef-btn-custom-border-hover qodef-btn-custom-hover-color qodef-btn-icon marginright15\" data-hover-bg-color=\"#035e7e\" data-hover-color=\"#ffffff\" data-hover-border-color=\"#035e7e\" >\n        <span class=\"qodef-btn-text\">Aby zapisa\u0107 si\u0119 na abonament kliknij tutaj<\/span>\n    <span class=\"qodef-btn-text-icon\"><i class=\"qodef-icon-simple-line-icon icon-arrow-right-circle \" ><\/i><\/span>\n<\/a>[\/vc_column][\/vc_row][vc_row el_class=&#8221;spepadleft white&#8221; css=&#8221;.vc_custom_1759224650695{background-color: #035e7e !important;}&#8221; el_id=&#8221;plus-service-eurotoll&#8221;][vc_column width=&#8221;2\/3&#8243; el_class=&#8221;padtop50 padbot50&#8243;][vc_column_text]<\/p>\n<h4><strong>Us\u0142ugi dodatkowe w ofercie Lumesia plus:<\/strong><\/h4>\n<p>&nbsp;<\/p>\n<ul>\n<li>\u015aledzenie dzia\u0142alno\u015bci zwi\u0105zanej z w\u0142oskimi op\u0142atami drogowymi za pomoc\u0105 indywidualnie dobranych zestawie\u0144 tabelarycznych<\/li>\n<li>Kontrola poruszania si\u0119 po w\u0142oskich drogach obj\u0119tych op\u0142atami drogowymi w rozbiciu na pojazdy i kierowc\u00f3w<\/li>\n<li>Indywidualnie dobrany system raportowania w rozbiciu na cz\u0119\u015bci floty, klient\u00f3w, u\u017cytkownik\u00f3w itp.<\/li>\n<li>Automatyczna integracja danych zwi\u0105zanych z op\u0142atami drogowymi do formatu narz\u0119dzi specjalistycznych (TMS, ERP lub Excel)<\/li>\n<li>Maksymalne wykorzystanie zni\u017cek oferowanych przez w\u0142oski system<\/li>\n<\/ul>\n<p>[\/vc_column_text][vc_empty_space][\/vc_column][vc_column width=&#8221;1\/3&#8243;][vc_single_image image=&#8221;4197&#8243; img_size=&#8221;full&#8221;][\/vc_column][\/vc_row][vc_row content_width=&#8221;grid&#8221; content_aligment=&#8221;center&#8221; css=&#8221;.vc_custom_1760348835116{background-color: #afca0b !important;}&#8221; el_class=&#8221;padtop50 padbot50&#8243;][vc_column][vc_empty_space height=&#8221;15px&#8221;][vc_column_text css=&#8221;.vc_custom_1760347165486{padding-right: 10px !important;padding-left: 10px !important;}&#8221;]<\/p>\n<h3 style=\"text-align: center;\"><span style=\"color: #035e7e;\">W celu uzyskania dalszych informacji nasz dzia\u0142 obs\u0142ugi klienta pozostaje do Pa\u0144stwa dyspozycji.<\/span><\/h3>\n<p>[\/vc_column_text][vc_empty_space]<a href=\"mailto:bok@lumesia.com\" target=\"_self\" style=\"color: #035e7e;border-color: #035e7e;margin: 10\" class=\"qodef-btn qodef-btn-small qodef-btn-outline qodef-btn-icon\"  >\n        <span class=\"qodef-btn-text\">Skontaktuj si\u0119 z nami<\/span>\n    <span class=\"qodef-btn-text-icon\"><i class=\"qodef-icon-simple-line-icon icon-arrow-right \" ><\/i><\/span>\n<\/a>[\/vc_column][\/vc_row]<\/p>\n","protected":false},"excerpt":{"rendered":"<p>[vc_row content_width=&#8221;grid&#8221; el_class=&#8221;padtop50 padbot50&#8243;][vc_column][vc_column_text] W\u0142oska sie\u0107 : &nbsp; Pojazdy ci\u0119\u017carowe o maksymalnej dopuszczalnej masie wi\u0119kszej ni\u017c 12 ton podlegaj\u0105 op\u0142acie kilometrowej&#8230;<\/p>\n","protected":false},"author":23,"featured_media":0,"parent":3859,"menu_order":0,"comment_status":"closed","ping_status":"closed","template":"full-width.php","meta":{"footnotes":""},"class_list":["post-3890","page","type-page","status-publish","hentry"],"yoast_head":"<!-- This site is optimized with the Yoast SEO Premium plugin v26.7 (Yoast SEO v26.7) - https:\/\/yoast.com\/wordpress\/plugins\/seo\/ -->\n<title>W\u0142ochy - Eurotoll<\/title>\n<meta name=\"robots\" content=\"index, follow, max-snippet:-1, max-image-preview:large, max-video-preview:-1\" \/>\n<link rel=\"canonical\" href=\"https:\/\/www.Eurotoll.eu\/pl\/nasza-oferta\/wlochy-3\/\" \/>\n<meta property=\"og:locale\" content=\"pl_PL\" \/>\n<meta property=\"og:type\" content=\"article\" \/>\n<meta property=\"og:title\" content=\"W\u0142ochy\" \/>\n<meta property=\"og:description\" content=\"[vc_row content_width=&#8221;grid&#8221; el_class=&#8221;padtop50 padbot50&#8243;][vc_column][vc_column_text] W\u0142oska sie\u0107 : &nbsp; Pojazdy ci\u0119\u017carowe o maksymalnej dopuszczalnej masie wi\u0119kszej ni\u017c 12 ton podlegaj\u0105 op\u0142acie kilometrowej...\" \/>\n<meta property=\"og:url\" content=\"https:\/\/www.Eurotoll.eu\/pl\/nasza-oferta\/wlochy-3\/\" \/>\n<meta property=\"og:site_name\" content=\"Eurotoll\" \/>\n<meta property=\"article:modified_time\" content=\"2025-11-17T15:35:04+00:00\" \/>\n<meta name=\"twitter:card\" content=\"summary_large_image\" \/>\n<meta name=\"twitter:label1\" content=\"Szacowany czas czytania\" \/>\n\t<meta name=\"twitter:data1\" content=\"2 minuty\" \/>\n<script type=\"application\/ld+json\" class=\"yoast-schema-graph\">{\"@context\":\"https:\/\/schema.org\",\"@graph\":[{\"@type\":\"WebPage\",\"@id\":\"https:\/\/www.Eurotoll.eu\/pl\/nasza-oferta\/wlochy-3\/\",\"url\":\"https:\/\/www.Eurotoll.eu\/pl\/nasza-oferta\/wlochy-3\/\",\"name\":\"W\u0142ochy - Eurotoll\",\"isPartOf\":{\"@id\":\"https:\/\/www.Eurotoll.eu\/pl\/#website\"},\"datePublished\":\"2016-08-04T12:45:44+00:00\",\"dateModified\":\"2025-11-17T15:35:04+00:00\",\"breadcrumb\":{\"@id\":\"https:\/\/www.Eurotoll.eu\/pl\/nasza-oferta\/wlochy-3\/#breadcrumb\"},\"inLanguage\":\"pl-PL\",\"potentialAction\":[{\"@type\":\"ReadAction\",\"target\":[\"https:\/\/www.Eurotoll.eu\/pl\/nasza-oferta\/wlochy-3\/\"]}]},{\"@type\":\"BreadcrumbList\",\"@id\":\"https:\/\/www.Eurotoll.eu\/pl\/nasza-oferta\/wlochy-3\/#breadcrumb\",\"itemListElement\":[{\"@type\":\"ListItem\",\"position\":1,\"name\":\"Accueil\",\"item\":\"https:\/\/www.Eurotoll.eu\/pl\/\"},{\"@type\":\"ListItem\",\"position\":2,\"name\":\"Nasza oferta\",\"item\":\"https:\/\/www.Eurotoll.eu\/pl\/nasza-oferta\/\"},{\"@type\":\"ListItem\",\"position\":3,\"name\":\"W\u0142ochy\"}]},{\"@type\":\"WebSite\",\"@id\":\"https:\/\/www.Eurotoll.eu\/pl\/#website\",\"url\":\"https:\/\/www.Eurotoll.eu\/pl\/\",\"name\":\"Eurotoll\",\"description\":\"Acteur cl\u00e9 du t\u00e9l\u00e9p\u00e9age en Europe\",\"potentialAction\":[{\"@type\":\"SearchAction\",\"target\":{\"@type\":\"EntryPoint\",\"urlTemplate\":\"https:\/\/www.Eurotoll.eu\/pl\/?s={search_term_string}\"},\"query-input\":{\"@type\":\"PropertyValueSpecification\",\"valueRequired\":true,\"valueName\":\"search_term_string\"}}],\"inLanguage\":\"pl-PL\"}]}<\/script>\n<!-- \/ Yoast SEO Premium plugin. -->","yoast_head_json":{"title":"W\u0142ochy - Eurotoll","robots":{"index":"index","follow":"follow","max-snippet":"max-snippet:-1","max-image-preview":"max-image-preview:large","max-video-preview":"max-video-preview:-1"},"canonical":"https:\/\/www.Eurotoll.eu\/pl\/nasza-oferta\/wlochy-3\/","og_locale":"pl_PL","og_type":"article","og_title":"W\u0142ochy","og_description":"[vc_row content_width=&#8221;grid&#8221; el_class=&#8221;padtop50 padbot50&#8243;][vc_column][vc_column_text] W\u0142oska sie\u0107 : &nbsp; Pojazdy ci\u0119\u017carowe o maksymalnej dopuszczalnej masie wi\u0119kszej ni\u017c 12 ton podlegaj\u0105 op\u0142acie kilometrowej...","og_url":"https:\/\/www.Eurotoll.eu\/pl\/nasza-oferta\/wlochy-3\/","og_site_name":"Eurotoll","article_modified_time":"2025-11-17T15:35:04+00:00","twitter_card":"summary_large_image","twitter_misc":{"Szacowany czas czytania":"2 minuty"},"schema":{"@context":"https:\/\/schema.org","@graph":[{"@type":"WebPage","@id":"https:\/\/www.Eurotoll.eu\/pl\/nasza-oferta\/wlochy-3\/","url":"https:\/\/www.Eurotoll.eu\/pl\/nasza-oferta\/wlochy-3\/","name":"W\u0142ochy - Eurotoll","isPartOf":{"@id":"https:\/\/www.Eurotoll.eu\/pl\/#website"},"datePublished":"2016-08-04T12:45:44+00:00","dateModified":"2025-11-17T15:35:04+00:00","breadcrumb":{"@id":"https:\/\/www.Eurotoll.eu\/pl\/nasza-oferta\/wlochy-3\/#breadcrumb"},"inLanguage":"pl-PL","potentialAction":[{"@type":"ReadAction","target":["https:\/\/www.Eurotoll.eu\/pl\/nasza-oferta\/wlochy-3\/"]}]},{"@type":"BreadcrumbList","@id":"https:\/\/www.Eurotoll.eu\/pl\/nasza-oferta\/wlochy-3\/#breadcrumb","itemListElement":[{"@type":"ListItem","position":1,"name":"Accueil","item":"https:\/\/www.Eurotoll.eu\/pl\/"},{"@type":"ListItem","position":2,"name":"Nasza oferta","item":"https:\/\/www.Eurotoll.eu\/pl\/nasza-oferta\/"},{"@type":"ListItem","position":3,"name":"W\u0142ochy"}]},{"@type":"WebSite","@id":"https:\/\/www.Eurotoll.eu\/pl\/#website","url":"https:\/\/www.Eurotoll.eu\/pl\/","name":"Eurotoll","description":"Acteur cl\u00e9 du t\u00e9l\u00e9p\u00e9age en Europe","potentialAction":[{"@type":"SearchAction","target":{"@type":"EntryPoint","urlTemplate":"https:\/\/www.Eurotoll.eu\/pl\/?s={search_term_string}"},"query-input":{"@type":"PropertyValueSpecification","valueRequired":true,"valueName":"search_term_string"}}],"inLanguage":"pl-PL"}]}},"_links":{"self":[{"href":"https:\/\/www.Eurotoll.eu\/pl\/wp-json\/wp\/v2\/pages\/3890","targetHints":{"allow":["GET"]}}],"collection":[{"href":"https:\/\/www.Eurotoll.eu\/pl\/wp-json\/wp\/v2\/pages"}],"about":[{"href":"https:\/\/www.Eurotoll.eu\/pl\/wp-json\/wp\/v2\/types\/page"}],"author":[{"embeddable":true,"href":"https:\/\/www.Eurotoll.eu\/pl\/wp-json\/wp\/v2\/users\/23"}],"replies":[{"embeddable":true,"href":"https:\/\/www.Eurotoll.eu\/pl\/wp-json\/wp\/v2\/comments?post=3890"}],"version-history":[{"count":20,"href":"https:\/\/www.Eurotoll.eu\/pl\/wp-json\/wp\/v2\/pages\/3890\/revisions"}],"predecessor-version":[{"id":19518,"href":"https:\/\/www.Eurotoll.eu\/pl\/wp-json\/wp\/v2\/pages\/3890\/revisions\/19518"}],"up":[{"embeddable":true,"href":"https:\/\/www.Eurotoll.eu\/pl\/wp-json\/wp\/v2\/pages\/3859"}],"wp:attachment":[{"href":"https:\/\/www.Eurotoll.eu\/pl\/wp-json\/wp\/v2\/media?parent=3890"}],"curies":[{"name":"wp","href":"https:\/\/api.w.org\/{rel}","templated":true}]}}