{"id":3896,"date":"2016-08-04T16:39:24","date_gmt":"2016-08-04T14:39:24","guid":{"rendered":"http:\/\/80.75.152.85\/pl\/?page_id=3896"},"modified":"2025-11-17T16:23:03","modified_gmt":"2025-11-17T15:23:03","slug":"polska","status":"publish","type":"page","link":"https:\/\/www.Eurotoll.eu\/pl\/nasza-oferta\/polska\/","title":{"rendered":"Polska"},"content":{"rendered":"<p>[vc_row content_width=&#8221;grid&#8221; el_class=&#8221;padtop50 padbot50&#8243;][vc_column][vc_column_text]<\/p>\n<h1><span style=\"color: #035e7e;\"><strong>System poboru op\u0142at drogowych w Polsce : PL e-toll<\/strong><\/span><\/h1>\n<p>&nbsp;<\/p>\n<p>W czerwcu 2021 roku w Polsce zosta\u0142 uruchomiony nowy system poboru op\u0142at drogowych. System ten nosi nazw\u0119 PL e-toll i zast\u0105pi\u0142 dotychczasowy system ViaToll.<\/p>\n<p>&nbsp;<\/p>\n<p>&#8211; System oparty na Globalnym Systemie Nawigacji Satelitarnej do lokalizacji po\u0142o\u017cenia u\u017cytkownika z wykorzystaniem wirtualnych bramek.<\/p>\n<p>&nbsp;<\/p>\n<p>&#8211; Drogi podlegaj\u0105ce op\u0142atom to autostrady, drogi ekspresowe i kilka dr\u00f3g krajowych.<\/p>\n<p>&nbsp;<\/p>\n<p>&#8211; Op\u0142ata za przejazd jest obowi\u0105zkowa dla wszystkich pojazd\u00f3w samochodowych i zespo\u0142\u00f3w pojazd\u00f3w o dopuszczalnej masie ca\u0142kowitej &gt;3,5 tony oraz dla autobus\u00f3w (niezale\u017cnie od ich dopuszczalnej masy ca\u0142kowitej).<\/p>\n<p>&nbsp;<\/p>\n<p>&#8211; U\u017cytkownicy mog\u0105 wybra\u0107 najdogodniejszy spos\u00f3b przekazywania danych o po\u0142o\u017ceniu do systemu: za pomoc\u0105 bezp\u0142atnej aplikacji zainstalowanej na urz\u0105dzeniu mobilnym, za pomoc\u0105 urz\u0105dzenia telematycznego (ELS) lub za pomoc\u0105 urz\u0105dzenia pok\u0142adowego (OBU), takiego jak LUMESIA SAT.<\/p>\n<p>&nbsp;<\/p>\n<p>&nbsp;<\/p>\n<h3><span style=\"color: #01b1ec;\"><strong><span data-sheets-value=\"{&quot;1&quot;:2,&quot;2&quot;:&quot;Les tarifs sont calcul\\u00e9s en fonction : &quot;}\" data-sheets-userformat=\"{&quot;2&quot;:31425,&quot;3&quot;:{&quot;1&quot;:0},&quot;9&quot;:0,&quot;10&quot;:0,&quot;12&quot;:0,&quot;14&quot;:{&quot;1&quot;:2,&quot;2&quot;:1136076},&quot;15&quot;:&quot;Calibri&quot;,&quot;16&quot;:12,&quot;17&quot;:1}\"><span style=\"color: #035e7e;\">Dlaczego warto wybra\u0107 Lumesia?<\/span><br \/>\n<\/span><\/strong><\/span><\/h3>\n<p>&nbsp;<\/p>\n<p>Lumesia oferuje Pa\u0144stwu kompleksowe rozwi\u0105zanie z :<\/p>\n<p>&nbsp;<\/p>\n<p>&#8211; OBU: sie\u0107 e-TOLL jest bezpo\u015brednio zintegrowana z Twoim OBU LUMESIA SAT, kt\u00f3re wsp\u00f3\u0142pracuje r\u00f3wnie\u017c z 13 innymi krajami.<\/p>\n<p>&nbsp;<\/p>\n<p>&#8211; Automatyczne rozliczanie transakcji z odroczon\u0105 p\u0142atno\u015bci\u0105.<\/p>\n<p>&nbsp;<\/p>\n<p>&nbsp;<\/p>\n<h3><span style=\"color: #035e7e;\" data-sheets-value=\"{&quot;1&quot;:2,&quot;2&quot;:&quot;Le contr\\u00f4le sanction :&quot;}\" data-sheets-userformat=\"{&quot;2&quot;:31681,&quot;3&quot;:{&quot;1&quot;:0},&quot;9&quot;:0,&quot;10&quot;:0,&quot;11&quot;:4,&quot;12&quot;:0,&quot;14&quot;:{&quot;1&quot;:2,&quot;2&quot;:1136076},&quot;15&quot;:&quot;Calibri&quot;,&quot;16&quot;:14,&quot;17&quot;:1}\">Zainteresowany?<\/span><\/h3>\n<p>&nbsp;<\/p>\n<p>Prosz\u0119 wype\u0142ni\u0107 nasz formularz zapytania, aby dowiedzie\u0107 si\u0119 wi\u0119cej ![\/vc_column_text][vc_empty_space height=&#8221;50px&#8221;]<a href=\"mailto:bok@lumesia.com\" target=\"_self\" style=\"color: #ffffff;background-color: #035e7e;border-color: #035e7e\" class=\"qodef-btn qodef-btn-small qodef-btn-outline qodef-btn-custom-hover-bg qodef-btn-custom-border-hover qodef-btn-custom-hover-color qodef-btn-icon\" data-hover-bg-color=\"#035e7e\" data-hover-color=\"#ffffff\" data-hover-border-color=\"#035e7e\" >\n        <span class=\"qodef-btn-text\">ZAREJESTRUJ SI\u0118 <\/span>\n    <span class=\"qodef-btn-text-icon\"><i class=\"qodef-icon-simple-line-icon icon-arrow-right-circle \" ><\/i><\/span>\n<\/a>[\/vc_column][\/vc_row][vc_row el_class=&#8221;spepadleft white&#8221; css=&#8221;.vc_custom_1759228282673{background-color: #035e7e !important;}&#8221; el_id=&#8221;plus-service-eurotoll&#8221;][vc_column width=&#8221;2\/3&#8243; el_class=&#8221;padtop50 padbot50&#8243;][vc_column_text]<\/p>\n<h4><strong>Us\u0142ugi dodatkowe w ofercie Lumesia plus:<\/strong><\/h4>\n<p>&nbsp;<\/p>\n<ul>\n<li>Optymalizacja koszt\u00f3w op\u0142at drogowych<\/li>\n<li>\u015aledzenie dzia\u0142alno\u015bci za pomoc\u0105 indywidualnie dobranych zestawie\u0144 tabelarycznych<\/li>\n<li>Kontrola poruszania si\u0119 po drogach obj\u0119tych op\u0142atami drogowymi w rozbiciu na pojazdy i kierowc\u00f3w<\/li>\n<li>Indywidualnie dobrany system raportowania w rozbiciu na cz\u0119\u015bci floty, klient\u00f3w, u\u017cytkownik\u00f3w itp.<\/li>\n<li>Automatyczna integracja danych zwi\u0105zanych z op\u0142atami drogowymi do formatu narz\u0119dzi specjalistycznych (TMS, ERP lub Excel)<\/li>\n<\/ul>\n<p>[\/vc_column_text][vc_empty_space][\/vc_column][vc_column width=&#8221;1\/3&#8243;][vc_single_image image=&#8221;3489&#8243; img_size=&#8221;full&#8221;][\/vc_column][\/vc_row][vc_row content_width=&#8221;grid&#8221; content_aligment=&#8221;center&#8221; css=&#8221;.vc_custom_1760348835116{background-color: #afca0b !important;}&#8221; el_class=&#8221;padtop50 padbot50&#8243;][vc_column][vc_empty_space height=&#8221;15px&#8221;][vc_column_text css=&#8221;.vc_custom_1760347165486{padding-right: 10px !important;padding-left: 10px !important;}&#8221;]<\/p>\n<h3 style=\"text-align: center;\"><span style=\"color: #035e7e;\">W celu uzyskania dalszych informacji nasz dzia\u0142 obs\u0142ugi klienta pozostaje do Pa\u0144stwa dyspozycji.<\/span><\/h3>\n<p>[\/vc_column_text][vc_empty_space]<a href=\"mailto:bok@lumesia.com\" target=\"_self\" style=\"color: #035e7e;border-color: #035e7e;margin: 10\" class=\"qodef-btn qodef-btn-small qodef-btn-outline qodef-btn-icon\"  >\n        <span class=\"qodef-btn-text\">Skontaktuj si\u0119 z nami<\/span>\n    <span class=\"qodef-btn-text-icon\"><i class=\"qodef-icon-simple-line-icon icon-arrow-right \" ><\/i><\/span>\n<\/a>[\/vc_column][\/vc_row]<\/p>\n","protected":false},"excerpt":{"rendered":"<p>[vc_row content_width=&#8221;grid&#8221; el_class=&#8221;padtop50 padbot50&#8243;][vc_column][vc_column_text] System poboru op\u0142at drogowych w Polsce : PL e-toll &nbsp; W czerwcu 2021 roku w Polsce zosta\u0142&#8230;<\/p>\n","protected":false},"author":23,"featured_media":0,"parent":3859,"menu_order":0,"comment_status":"closed","ping_status":"closed","template":"full-width.php","meta":{"footnotes":""},"class_list":["post-3896","page","type-page","status-publish","hentry"],"yoast_head":"<!-- This site is optimized with the Yoast SEO Premium plugin v26.7 (Yoast SEO v26.7) - https:\/\/yoast.com\/wordpress\/plugins\/seo\/ -->\n<title>Polska - Eurotoll<\/title>\n<meta name=\"description\" content=\"\u0141\u0105czna d\u0142ugo\u015b\u0107 sieci dr\u00f3g krajowych obj\u0119tych elektronicznym systemem poboru op\u0142at wyniesie ok. 3293 km, w tym ok. 1164 km autostrad, ok. 1321 km dr\u00f3g ekspresowych i ok. 808 km dr\u00f3g krajowych innych klas.\" \/>\n<meta name=\"robots\" content=\"index, follow, max-snippet:-1, max-image-preview:large, max-video-preview:-1\" \/>\n<link rel=\"canonical\" href=\"https:\/\/www.Eurotoll.eu\/pl\/nasza-oferta\/polska\/\" \/>\n<meta property=\"og:locale\" content=\"pl_PL\" \/>\n<meta property=\"og:type\" content=\"article\" \/>\n<meta property=\"og:title\" content=\"Polska\" \/>\n<meta property=\"og:description\" content=\"\u0141\u0105czna d\u0142ugo\u015b\u0107 sieci dr\u00f3g krajowych obj\u0119tych elektronicznym systemem poboru op\u0142at wyniesie ok. 3293 km, w tym ok. 1164 km autostrad, ok. 1321 km dr\u00f3g ekspresowych i ok. 808 km dr\u00f3g krajowych innych klas.\" \/>\n<meta property=\"og:url\" content=\"https:\/\/www.Eurotoll.eu\/pl\/nasza-oferta\/polska\/\" \/>\n<meta property=\"og:site_name\" content=\"Eurotoll\" \/>\n<meta property=\"article:modified_time\" content=\"2025-11-17T15:23:03+00:00\" \/>\n<meta name=\"twitter:card\" content=\"summary_large_image\" \/>\n<meta name=\"twitter:label1\" content=\"Szacowany czas czytania\" \/>\n\t<meta name=\"twitter:data1\" content=\"2 minuty\" \/>\n<script type=\"application\/ld+json\" class=\"yoast-schema-graph\">{\"@context\":\"https:\/\/schema.org\",\"@graph\":[{\"@type\":\"WebPage\",\"@id\":\"https:\/\/www.Eurotoll.eu\/pl\/nasza-oferta\/polska\/\",\"url\":\"https:\/\/www.Eurotoll.eu\/pl\/nasza-oferta\/polska\/\",\"name\":\"Polska - Eurotoll\",\"isPartOf\":{\"@id\":\"https:\/\/www.Eurotoll.eu\/pl\/#website\"},\"datePublished\":\"2016-08-04T14:39:24+00:00\",\"dateModified\":\"2025-11-17T15:23:03+00:00\",\"description\":\"\u0141\u0105czna d\u0142ugo\u015b\u0107 sieci dr\u00f3g krajowych obj\u0119tych elektronicznym systemem poboru op\u0142at wyniesie ok. 3293 km, w tym ok. 1164 km autostrad, ok. 1321 km dr\u00f3g ekspresowych i ok. 808 km dr\u00f3g krajowych innych klas.\",\"breadcrumb\":{\"@id\":\"https:\/\/www.Eurotoll.eu\/pl\/nasza-oferta\/polska\/#breadcrumb\"},\"inLanguage\":\"pl-PL\",\"potentialAction\":[{\"@type\":\"ReadAction\",\"target\":[\"https:\/\/www.Eurotoll.eu\/pl\/nasza-oferta\/polska\/\"]}]},{\"@type\":\"BreadcrumbList\",\"@id\":\"https:\/\/www.Eurotoll.eu\/pl\/nasza-oferta\/polska\/#breadcrumb\",\"itemListElement\":[{\"@type\":\"ListItem\",\"position\":1,\"name\":\"Accueil\",\"item\":\"https:\/\/www.Eurotoll.eu\/pl\/\"},{\"@type\":\"ListItem\",\"position\":2,\"name\":\"Nasza oferta\",\"item\":\"https:\/\/www.Eurotoll.eu\/pl\/nasza-oferta\/\"},{\"@type\":\"ListItem\",\"position\":3,\"name\":\"Polska\"}]},{\"@type\":\"WebSite\",\"@id\":\"https:\/\/www.Eurotoll.eu\/pl\/#website\",\"url\":\"https:\/\/www.Eurotoll.eu\/pl\/\",\"name\":\"Eurotoll\",\"description\":\"Acteur cl\u00e9 du t\u00e9l\u00e9p\u00e9age en Europe\",\"potentialAction\":[{\"@type\":\"SearchAction\",\"target\":{\"@type\":\"EntryPoint\",\"urlTemplate\":\"https:\/\/www.Eurotoll.eu\/pl\/?s={search_term_string}\"},\"query-input\":{\"@type\":\"PropertyValueSpecification\",\"valueRequired\":true,\"valueName\":\"search_term_string\"}}],\"inLanguage\":\"pl-PL\"}]}<\/script>\n<!-- \/ Yoast SEO Premium plugin. -->","yoast_head_json":{"title":"Polska - Eurotoll","description":"\u0141\u0105czna d\u0142ugo\u015b\u0107 sieci dr\u00f3g krajowych obj\u0119tych elektronicznym systemem poboru op\u0142at wyniesie ok. 3293 km, w tym ok. 1164 km autostrad, ok. 1321 km dr\u00f3g ekspresowych i ok. 808 km dr\u00f3g krajowych innych klas.","robots":{"index":"index","follow":"follow","max-snippet":"max-snippet:-1","max-image-preview":"max-image-preview:large","max-video-preview":"max-video-preview:-1"},"canonical":"https:\/\/www.Eurotoll.eu\/pl\/nasza-oferta\/polska\/","og_locale":"pl_PL","og_type":"article","og_title":"Polska","og_description":"\u0141\u0105czna d\u0142ugo\u015b\u0107 sieci dr\u00f3g krajowych obj\u0119tych elektronicznym systemem poboru op\u0142at wyniesie ok. 3293 km, w tym ok. 1164 km autostrad, ok. 1321 km dr\u00f3g ekspresowych i ok. 808 km dr\u00f3g krajowych innych klas.","og_url":"https:\/\/www.Eurotoll.eu\/pl\/nasza-oferta\/polska\/","og_site_name":"Eurotoll","article_modified_time":"2025-11-17T15:23:03+00:00","twitter_card":"summary_large_image","twitter_misc":{"Szacowany czas czytania":"2 minuty"},"schema":{"@context":"https:\/\/schema.org","@graph":[{"@type":"WebPage","@id":"https:\/\/www.Eurotoll.eu\/pl\/nasza-oferta\/polska\/","url":"https:\/\/www.Eurotoll.eu\/pl\/nasza-oferta\/polska\/","name":"Polska - Eurotoll","isPartOf":{"@id":"https:\/\/www.Eurotoll.eu\/pl\/#website"},"datePublished":"2016-08-04T14:39:24+00:00","dateModified":"2025-11-17T15:23:03+00:00","description":"\u0141\u0105czna d\u0142ugo\u015b\u0107 sieci dr\u00f3g krajowych obj\u0119tych elektronicznym systemem poboru op\u0142at wyniesie ok. 3293 km, w tym ok. 1164 km autostrad, ok. 1321 km dr\u00f3g ekspresowych i ok. 808 km dr\u00f3g krajowych innych klas.","breadcrumb":{"@id":"https:\/\/www.Eurotoll.eu\/pl\/nasza-oferta\/polska\/#breadcrumb"},"inLanguage":"pl-PL","potentialAction":[{"@type":"ReadAction","target":["https:\/\/www.Eurotoll.eu\/pl\/nasza-oferta\/polska\/"]}]},{"@type":"BreadcrumbList","@id":"https:\/\/www.Eurotoll.eu\/pl\/nasza-oferta\/polska\/#breadcrumb","itemListElement":[{"@type":"ListItem","position":1,"name":"Accueil","item":"https:\/\/www.Eurotoll.eu\/pl\/"},{"@type":"ListItem","position":2,"name":"Nasza oferta","item":"https:\/\/www.Eurotoll.eu\/pl\/nasza-oferta\/"},{"@type":"ListItem","position":3,"name":"Polska"}]},{"@type":"WebSite","@id":"https:\/\/www.Eurotoll.eu\/pl\/#website","url":"https:\/\/www.Eurotoll.eu\/pl\/","name":"Eurotoll","description":"Acteur cl\u00e9 du t\u00e9l\u00e9p\u00e9age en Europe","potentialAction":[{"@type":"SearchAction","target":{"@type":"EntryPoint","urlTemplate":"https:\/\/www.Eurotoll.eu\/pl\/?s={search_term_string}"},"query-input":{"@type":"PropertyValueSpecification","valueRequired":true,"valueName":"search_term_string"}}],"inLanguage":"pl-PL"}]}},"_links":{"self":[{"href":"https:\/\/www.Eurotoll.eu\/pl\/wp-json\/wp\/v2\/pages\/3896","targetHints":{"allow":["GET"]}}],"collection":[{"href":"https:\/\/www.Eurotoll.eu\/pl\/wp-json\/wp\/v2\/pages"}],"about":[{"href":"https:\/\/www.Eurotoll.eu\/pl\/wp-json\/wp\/v2\/types\/page"}],"author":[{"embeddable":true,"href":"https:\/\/www.Eurotoll.eu\/pl\/wp-json\/wp\/v2\/users\/23"}],"replies":[{"embeddable":true,"href":"https:\/\/www.Eurotoll.eu\/pl\/wp-json\/wp\/v2\/comments?post=3896"}],"version-history":[{"count":39,"href":"https:\/\/www.Eurotoll.eu\/pl\/wp-json\/wp\/v2\/pages\/3896\/revisions"}],"predecessor-version":[{"id":19508,"href":"https:\/\/www.Eurotoll.eu\/pl\/wp-json\/wp\/v2\/pages\/3896\/revisions\/19508"}],"up":[{"embeddable":true,"href":"https:\/\/www.Eurotoll.eu\/pl\/wp-json\/wp\/v2\/pages\/3859"}],"wp:attachment":[{"href":"https:\/\/www.Eurotoll.eu\/pl\/wp-json\/wp\/v2\/media?parent=3896"}],"curies":[{"name":"wp","href":"https:\/\/api.w.org\/{rel}","templated":true}]}}