{"id":3903,"date":"2016-08-04T17:18:07","date_gmt":"2016-08-04T15:18:07","guid":{"rendered":"http:\/\/80.75.152.85\/pl\/?page_id=3903"},"modified":"2025-11-17T16:27:31","modified_gmt":"2025-11-17T15:27:31","slug":"republika-czeska","status":"publish","type":"page","link":"https:\/\/www.Eurotoll.eu\/pl\/nasza-oferta\/republika-czeska\/","title":{"rendered":"Republika Czeska"},"content":{"rendered":"<p>[vc_row content_width=&#8221;grid&#8221; el_class=&#8221;padtop50 padbot50&#8243;][vc_column][vc_column_text]<\/p>\n<h2><span style=\"color: #01b1ec;\"><span data-sheets-value=\"{&quot;1&quot;:2,&quot;2&quot;:&quot;Le syst\\u00e8me de p\\u00e9age en R\\u00e9publique Tch\\u00e8que : Myto CZ&quot;}\" data-sheets-userformat=\"{&quot;2&quot;:14913,&quot;3&quot;:{&quot;1&quot;:0},&quot;9&quot;:0,&quot;12&quot;:0,&quot;14&quot;:{&quot;1&quot;:2,&quot;2&quot;:1136076},&quot;15&quot;:&quot;Calibri&quot;,&quot;16&quot;:12}\"><span style=\"color: #035e7e;\">System poboru op\u0142at drogowych w Republice Czeskiej: Myto CZ<\/span><br \/>\n<\/span><\/span><\/h2>\n<p>&nbsp;<\/p>\n<p>W Czechach do poboru op\u0142at wykorzystywane s\u0105 urz\u0105dzenia pok\u0142adowe, kt\u00f3re s\u0105 wykrywane przez anteny umieszczone na bramownicach ustawionych na ca\u0142ej d\u0142ugo\u015bci p\u0142atnych dr\u00f3g. Pojazdy ci\u0119\u017carowe oraz autobusy powy\u017cej 3,5tony poruszaj\u0105ce si\u0119 po sieci czeskich dr\u00f3g publicznych o d\u0142ugo\u015bci 1 430 kilometr\u00f3w maj\u0105 obowi\u0105zek uiszczania op\u0142aty drogowej.<\/p>\n<p>&nbsp;<\/p>\n<p><strong>W dniu 1 grudnia 2019 r.<\/strong> wprowadzony zosta\u0142 nowy system elektronicznego poboru op\u0142at drogowych z nowymi OBU. Aby uzyska\u0107 zezwolenie na pob\u00f3r tych op\u0142at, od tej daty musisz by\u0107 zarejestrowany w nowym systemie i mie\u0107 urz\u0105dzenie OBU nowej generacji. Lumesia wspiera Ci\u0119 w tym przej\u015bciu, zarz\u0105dzaj\u0105c wszystkimi formalno\u015bciami zwi\u0105zanymi z rejestracj\u0105 i zapewniaj\u0105c odpowiednie OBU.<\/p>\n<p>&nbsp;<\/p>\n<h3><span style=\"color: #035e7e;\" data-sheets-value=\"{&quot;1&quot;:2,&quot;2&quot;:&quot;Les tarifs sont calcul\\u00e9s en fonction:&quot;}\" data-sheets-userformat=\"{&quot;2&quot;:14913,&quot;3&quot;:{&quot;1&quot;:0},&quot;9&quot;:0,&quot;12&quot;:0,&quot;14&quot;:{&quot;1&quot;:2,&quot;2&quot;:1136076},&quot;15&quot;:&quot;Calibri&quot;,&quot;16&quot;:12}\">Wysoko\u015b\u0107 op\u0142at zale\u017cy od:<\/span><\/h3>\n<ul>\n<li><span data-sheets-value=\"{&quot;1&quot;:2,&quot;2&quot;:&quot;o Du type de route emprunt\\u00e9e (Autoroute, nationales, route de 1ere classe)\\no De l\\u2019heure de passage\\no Du type de v\\u00e9hicule (Poids Lourds, Autocar)\\no Du nombre d\\u2019essieux&quot;}\" data-sheets-userformat=\"{&quot;2&quot;:14913,&quot;3&quot;:{&quot;1&quot;:0},&quot;9&quot;:0,&quot;12&quot;:0,&quot;14&quot;:{&quot;1&quot;:2,&quot;2&quot;:1136076},&quot;15&quot;:&quot;Calibri&quot;,&quot;16&quot;:12}\">rodzaju wykorzystanej drogi (autostrada, szosa krajowa, droga pierwszej klasy),<\/span><\/li>\n<li><span data-sheets-value=\"{&quot;1&quot;:2,&quot;2&quot;:&quot;o Du type de route emprunt\\u00e9e (Autoroute, nationales, route de 1ere classe)\\no De l\\u2019heure de passage\\no Du type de v\\u00e9hicule (Poids Lourds, Autocar)\\no Du nombre d\\u2019essieux&quot;}\" data-sheets-userformat=\"{&quot;2&quot;:14913,&quot;3&quot;:{&quot;1&quot;:0},&quot;9&quot;:0,&quot;12&quot;:0,&quot;14&quot;:{&quot;1&quot;:2,&quot;2&quot;:1136076},&quot;15&quot;:&quot;Calibri&quot;,&quot;16&quot;:12}\">godziny przejazdu,<\/span><\/li>\n<li><span data-sheets-value=\"{&quot;1&quot;:2,&quot;2&quot;:&quot;o Du type de route emprunt\\u00e9e (Autoroute, nationales, route de 1ere classe)\\no De l\\u2019heure de passage\\no Du type de v\\u00e9hicule (Poids Lourds, Autocar)\\no Du nombre d\\u2019essieux&quot;}\" data-sheets-userformat=\"{&quot;2&quot;:14913,&quot;3&quot;:{&quot;1&quot;:0},&quot;9&quot;:0,&quot;12&quot;:0,&quot;14&quot;:{&quot;1&quot;:2,&quot;2&quot;:1136076},&quot;15&quot;:&quot;Calibri&quot;,&quot;16&quot;:12}\">typu pojazdu (pojazd ci\u0119\u017carowy, autobus),<\/span><\/li>\n<li><span data-sheets-value=\"{&quot;1&quot;:2,&quot;2&quot;:&quot;o Du type de route emprunt\\u00e9e (Autoroute, nationales, route de 1ere classe)\\no De l\\u2019heure de passage\\no Du type de v\\u00e9hicule (Poids Lourds, Autocar)\\no Du nombre d\\u2019essieux&quot;}\" data-sheets-userformat=\"{&quot;2&quot;:14913,&quot;3&quot;:{&quot;1&quot;:0},&quot;9&quot;:0,&quot;12&quot;:0,&quot;14&quot;:{&quot;1&quot;:2,&quot;2&quot;:1136076},&quot;15&quot;:&quot;Calibri&quot;,&quot;16&quot;:12}\">liczby osi pojazdu.<\/span><\/li>\n<\/ul>\n<p>[\/vc_column_text][vc_empty_space]<a href=\"https:\/\/mytocz.eu\/pl\/customer-services\/toll-calculator\" target=\"_blank\" style=\"color: #035e7e;border-color: #035e7e\" class=\"qodef-btn qodef-btn-small qodef-btn-outline qodef-btn-custom-border-hover qodef-btn-custom-hover-color qodef-btn-icon\" data-hover-color=\"#035e7e\" data-hover-border-color=\"#035e7e\" >\n        <span class=\"qodef-btn-text\">Wysoko\u015b\u0107 op\u0142at za przejazd mo\u017cna sprawdzi\u0107 tutaj<\/span>\n    <span class=\"qodef-btn-text-icon\"><i class=\"qodef-icon-simple-line-icon icon-arrow-right-circle \" ><\/i><\/span>\n<\/a>[vc_empty_space][vc_column_text]<\/p>\n<h3><span style=\"color: #035e7e;\" data-sheets-value=\"{&quot;1&quot;:2,&quot;2&quot;:&quot;Contr\\u00f4le sanction&quot;}\" data-sheets-userformat=\"{&quot;2&quot;:15041,&quot;3&quot;:{&quot;1&quot;:0},&quot;9&quot;:0,&quot;10&quot;:0,&quot;12&quot;:0,&quot;14&quot;:{&quot;1&quot;:2,&quot;2&quot;:1136076},&quot;15&quot;:&quot;Calibri&quot;,&quot;16&quot;:12}\">Kontrola skutkuj\u0105ca sankcjami karnymi:<\/span><\/h3>\n<p>&nbsp;<\/p>\n<p><img loading=\"lazy\" decoding=\"async\" class=\"alignright wp-image-3718 size-medium\" src=\"https:\/\/dev.lumesia.com\/wp-content\/uploads\/2016\/06\/image-portique-surveillance-rep-tcheque-e1468333899838-300x190.png\" width=\"300\" height=\"190\" srcset=\"https:\/\/www.Eurotoll.eu\/wp-content\/uploads\/2016\/06\/image-portique-surveillance-rep-tcheque-e1468333899838-300x190.png 300w, https:\/\/www.Eurotoll.eu\/wp-content\/uploads\/2016\/06\/image-portique-surveillance-rep-tcheque-e1468333899838.png 325w\" sizes=\"auto, (max-width: 300px) 100vw, 300px\" \/><\/p>\n<p>Kontrola przy pomocy kamer wideo sprawdza obecno\u015b\u0107 w poje\u017adzie urz\u0105dze\u0144 OBU oraz ich zgodno\u015b\u0107 z numerem rejestracyjnym pojazdu. Kontrol\u0119 prowadzi policja w utrzymywanych przez pa\u0144stwo miejscach poboru op\u0142at drogowych. Pope\u0142niaj\u0105cy wykroczenie p\u0142ac\u0105 kary, a pojazd mo\u017ce by\u0107 zatrzymany.[\/vc_column_text][vc_empty_space height=&#8221;50px&#8221;]<a href=\"mailto:bok@lumesia.com\" target=\"_self\" style=\"color: #ffffff;background-color: #035e7e;border-color: #035e7e\" class=\"qodef-btn qodef-btn-small qodef-btn-outline qodef-btn-custom-hover-bg qodef-btn-custom-border-hover qodef-btn-custom-hover-color qodef-btn-icon\" data-hover-bg-color=\"#035e7e\" data-hover-color=\"#ffffff\" data-hover-border-color=\"#035e7e\" >\n        <span class=\"qodef-btn-text\">Aby zapisa\u0107 si\u0119 na abonament kliknij tutaj<\/span>\n    <span class=\"qodef-btn-text-icon\"><i class=\"qodef-icon-simple-line-icon icon-arrow-right-circle \" ><\/i><\/span>\n<\/a>[\/vc_column][\/vc_row][vc_row el_class=&#8221;spepadleft white&#8221; css=&#8221;.vc_custom_1759224411973{background-color: #035e7e !important;}&#8221; el_id=&#8221;plus-service-eurotoll&#8221;][vc_column width=&#8221;2\/3&#8243; el_class=&#8221;padtop50 padbot50&#8243;][vc_column_text]<\/p>\n<h4>Dodatkowe us\u0142ugi Lumesia plus:<\/h4>\n<p>&nbsp;<\/p>\n<ul>\n<li>Optymalizacja koszt\u00f3w op\u0142at drogowych<\/li>\n<li>\u015aledzenie twojej dzia\u0142alno\u015bci poprzez indywidualnie dobrane zestawienia tabelaryczne<\/li>\n<li>Kontrola poruszania si\u0119 po sieci dr\u00f3g p\u0142atnych w rozbiciu na pojazdy lub na kierowc\u00f3w<\/li>\n<li>Skrojona na miar\u0119 potrzeb raporty w rozbiciu na cz\u0119\u015bci floty, klient\u00f3w, u\u017cytkownik\u00f3w, itp..<\/li>\n<li>Automatyczna integracja danych zwi\u0105zanych z op\u0142atami drogowymi do formatu narz\u0119dzi specjalistycznych (TMS, ERP lub Excel)<\/li>\n<\/ul>\n<p>[\/vc_column_text][vc_empty_space][\/vc_column][vc_column width=&#8221;1\/3&#8243;][vc_single_image image=&#8221;3493&#8243; img_size=&#8221;full&#8221;][\/vc_column][\/vc_row][vc_row content_width=&#8221;grid&#8221; content_aligment=&#8221;center&#8221; css=&#8221;.vc_custom_1760348835116{background-color: #afca0b !important;}&#8221; el_class=&#8221;padtop50 padbot50&#8243;][vc_column][vc_empty_space height=&#8221;15px&#8221;][vc_column_text css=&#8221;.vc_custom_1760347165486{padding-right: 10px !important;padding-left: 10px !important;}&#8221;]<\/p>\n<h3 style=\"text-align: center;\"><span style=\"color: #035e7e;\">W celu uzyskania dalszych informacji nasz dzia\u0142 obs\u0142ugi klienta pozostaje do Pa\u0144stwa dyspozycji.<\/span><\/h3>\n<p>[\/vc_column_text][vc_empty_space]<a href=\"mailto:bok@lumesia.com\" target=\"_self\" style=\"color: #035e7e;border-color: #035e7e;margin: 10\" class=\"qodef-btn qodef-btn-small qodef-btn-outline qodef-btn-icon\"  >\n        <span class=\"qodef-btn-text\">Skontaktuj si\u0119 z nami<\/span>\n    <span class=\"qodef-btn-text-icon\"><i class=\"qodef-icon-simple-line-icon icon-arrow-right \" ><\/i><\/span>\n<\/a>[\/vc_column][\/vc_row]<\/p>\n","protected":false},"excerpt":{"rendered":"<p>[vc_row content_width=&#8221;grid&#8221; el_class=&#8221;padtop50 padbot50&#8243;][vc_column][vc_column_text] System poboru op\u0142at drogowych w Republice Czeskiej: Myto CZ &nbsp; W Czechach do poboru op\u0142at wykorzystywane s\u0105&#8230;<\/p>\n","protected":false},"author":23,"featured_media":0,"parent":3859,"menu_order":0,"comment_status":"closed","ping_status":"closed","template":"full-width.php","meta":{"footnotes":""},"class_list":["post-3903","page","type-page","status-publish","hentry"],"yoast_head":"<!-- This site is optimized with the Yoast SEO Premium plugin v26.7 (Yoast SEO v26.7) - https:\/\/yoast.com\/wordpress\/plugins\/seo\/ -->\n<title>Republika Czeska - Eurotoll<\/title>\n<meta name=\"robots\" content=\"index, follow, max-snippet:-1, max-image-preview:large, max-video-preview:-1\" \/>\n<link rel=\"canonical\" href=\"https:\/\/www.Eurotoll.eu\/pl\/nasza-oferta\/republika-czeska\/\" \/>\n<meta property=\"og:locale\" content=\"pl_PL\" \/>\n<meta property=\"og:type\" content=\"article\" \/>\n<meta property=\"og:title\" content=\"Republika Czeska\" \/>\n<meta property=\"og:description\" content=\"[vc_row content_width=&#8221;grid&#8221; el_class=&#8221;padtop50 padbot50&#8243;][vc_column][vc_column_text] System poboru op\u0142at drogowych w Republice Czeskiej: Myto CZ &nbsp; W Czechach do poboru op\u0142at wykorzystywane s\u0105...\" \/>\n<meta property=\"og:url\" content=\"https:\/\/www.Eurotoll.eu\/pl\/nasza-oferta\/republika-czeska\/\" \/>\n<meta property=\"og:site_name\" content=\"Eurotoll\" \/>\n<meta property=\"article:modified_time\" content=\"2025-11-17T15:27:31+00:00\" \/>\n<meta property=\"og:image\" content=\"https:\/\/www.Eurotoll.eu\/wp-content\/uploads\/2016\/06\/image-portique-surveillance-rep-tcheque-e1468333899838.png\" \/>\n\t<meta property=\"og:image:width\" content=\"325\" \/>\n\t<meta property=\"og:image:height\" content=\"206\" \/>\n\t<meta property=\"og:image:type\" content=\"image\/png\" \/>\n<meta name=\"twitter:card\" content=\"summary_large_image\" \/>\n<meta name=\"twitter:label1\" content=\"Szacowany czas czytania\" \/>\n\t<meta name=\"twitter:data1\" content=\"2 minuty\" \/>\n<script type=\"application\/ld+json\" class=\"yoast-schema-graph\">{\"@context\":\"https:\/\/schema.org\",\"@graph\":[{\"@type\":\"WebPage\",\"@id\":\"https:\/\/www.Eurotoll.eu\/pl\/nasza-oferta\/republika-czeska\/\",\"url\":\"https:\/\/www.Eurotoll.eu\/pl\/nasza-oferta\/republika-czeska\/\",\"name\":\"Republika Czeska - Eurotoll\",\"isPartOf\":{\"@id\":\"https:\/\/www.Eurotoll.eu\/pl\/#website\"},\"primaryImageOfPage\":{\"@id\":\"https:\/\/www.Eurotoll.eu\/pl\/nasza-oferta\/republika-czeska\/#primaryimage\"},\"image\":{\"@id\":\"https:\/\/www.Eurotoll.eu\/pl\/nasza-oferta\/republika-czeska\/#primaryimage\"},\"thumbnailUrl\":\"https:\/\/dev.lumesia.com\/wp-content\/uploads\/2016\/06\/image-portique-surveillance-rep-tcheque-e1468333899838-300x190.png\",\"datePublished\":\"2016-08-04T15:18:07+00:00\",\"dateModified\":\"2025-11-17T15:27:31+00:00\",\"breadcrumb\":{\"@id\":\"https:\/\/www.Eurotoll.eu\/pl\/nasza-oferta\/republika-czeska\/#breadcrumb\"},\"inLanguage\":\"pl-PL\",\"potentialAction\":[{\"@type\":\"ReadAction\",\"target\":[\"https:\/\/www.Eurotoll.eu\/pl\/nasza-oferta\/republika-czeska\/\"]}]},{\"@type\":\"ImageObject\",\"inLanguage\":\"pl-PL\",\"@id\":\"https:\/\/www.Eurotoll.eu\/pl\/nasza-oferta\/republika-czeska\/#primaryimage\",\"url\":\"https:\/\/dev.lumesia.com\/wp-content\/uploads\/2016\/06\/image-portique-surveillance-rep-tcheque-e1468333899838-300x190.png\",\"contentUrl\":\"https:\/\/dev.lumesia.com\/wp-content\/uploads\/2016\/06\/image-portique-surveillance-rep-tcheque-e1468333899838-300x190.png\"},{\"@type\":\"BreadcrumbList\",\"@id\":\"https:\/\/www.Eurotoll.eu\/pl\/nasza-oferta\/republika-czeska\/#breadcrumb\",\"itemListElement\":[{\"@type\":\"ListItem\",\"position\":1,\"name\":\"Accueil\",\"item\":\"https:\/\/www.Eurotoll.eu\/pl\/\"},{\"@type\":\"ListItem\",\"position\":2,\"name\":\"Nasza oferta\",\"item\":\"https:\/\/www.Eurotoll.eu\/pl\/nasza-oferta\/\"},{\"@type\":\"ListItem\",\"position\":3,\"name\":\"Republika Czeska\"}]},{\"@type\":\"WebSite\",\"@id\":\"https:\/\/www.Eurotoll.eu\/pl\/#website\",\"url\":\"https:\/\/www.Eurotoll.eu\/pl\/\",\"name\":\"Eurotoll\",\"description\":\"Acteur cl\u00e9 du t\u00e9l\u00e9p\u00e9age en Europe\",\"potentialAction\":[{\"@type\":\"SearchAction\",\"target\":{\"@type\":\"EntryPoint\",\"urlTemplate\":\"https:\/\/www.Eurotoll.eu\/pl\/?s={search_term_string}\"},\"query-input\":{\"@type\":\"PropertyValueSpecification\",\"valueRequired\":true,\"valueName\":\"search_term_string\"}}],\"inLanguage\":\"pl-PL\"}]}<\/script>\n<!-- \/ Yoast SEO Premium plugin. -->","yoast_head_json":{"title":"Republika Czeska - Eurotoll","robots":{"index":"index","follow":"follow","max-snippet":"max-snippet:-1","max-image-preview":"max-image-preview:large","max-video-preview":"max-video-preview:-1"},"canonical":"https:\/\/www.Eurotoll.eu\/pl\/nasza-oferta\/republika-czeska\/","og_locale":"pl_PL","og_type":"article","og_title":"Republika Czeska","og_description":"[vc_row content_width=&#8221;grid&#8221; el_class=&#8221;padtop50 padbot50&#8243;][vc_column][vc_column_text] System poboru op\u0142at drogowych w Republice Czeskiej: Myto CZ &nbsp; W Czechach do poboru op\u0142at wykorzystywane s\u0105...","og_url":"https:\/\/www.Eurotoll.eu\/pl\/nasza-oferta\/republika-czeska\/","og_site_name":"Eurotoll","article_modified_time":"2025-11-17T15:27:31+00:00","og_image":[{"width":325,"height":206,"url":"https:\/\/www.Eurotoll.eu\/wp-content\/uploads\/2016\/06\/image-portique-surveillance-rep-tcheque-e1468333899838.png","type":"image\/png"}],"twitter_card":"summary_large_image","twitter_misc":{"Szacowany czas czytania":"2 minuty"},"schema":{"@context":"https:\/\/schema.org","@graph":[{"@type":"WebPage","@id":"https:\/\/www.Eurotoll.eu\/pl\/nasza-oferta\/republika-czeska\/","url":"https:\/\/www.Eurotoll.eu\/pl\/nasza-oferta\/republika-czeska\/","name":"Republika Czeska - Eurotoll","isPartOf":{"@id":"https:\/\/www.Eurotoll.eu\/pl\/#website"},"primaryImageOfPage":{"@id":"https:\/\/www.Eurotoll.eu\/pl\/nasza-oferta\/republika-czeska\/#primaryimage"},"image":{"@id":"https:\/\/www.Eurotoll.eu\/pl\/nasza-oferta\/republika-czeska\/#primaryimage"},"thumbnailUrl":"https:\/\/dev.lumesia.com\/wp-content\/uploads\/2016\/06\/image-portique-surveillance-rep-tcheque-e1468333899838-300x190.png","datePublished":"2016-08-04T15:18:07+00:00","dateModified":"2025-11-17T15:27:31+00:00","breadcrumb":{"@id":"https:\/\/www.Eurotoll.eu\/pl\/nasza-oferta\/republika-czeska\/#breadcrumb"},"inLanguage":"pl-PL","potentialAction":[{"@type":"ReadAction","target":["https:\/\/www.Eurotoll.eu\/pl\/nasza-oferta\/republika-czeska\/"]}]},{"@type":"ImageObject","inLanguage":"pl-PL","@id":"https:\/\/www.Eurotoll.eu\/pl\/nasza-oferta\/republika-czeska\/#primaryimage","url":"https:\/\/dev.lumesia.com\/wp-content\/uploads\/2016\/06\/image-portique-surveillance-rep-tcheque-e1468333899838-300x190.png","contentUrl":"https:\/\/dev.lumesia.com\/wp-content\/uploads\/2016\/06\/image-portique-surveillance-rep-tcheque-e1468333899838-300x190.png"},{"@type":"BreadcrumbList","@id":"https:\/\/www.Eurotoll.eu\/pl\/nasza-oferta\/republika-czeska\/#breadcrumb","itemListElement":[{"@type":"ListItem","position":1,"name":"Accueil","item":"https:\/\/www.Eurotoll.eu\/pl\/"},{"@type":"ListItem","position":2,"name":"Nasza oferta","item":"https:\/\/www.Eurotoll.eu\/pl\/nasza-oferta\/"},{"@type":"ListItem","position":3,"name":"Republika Czeska"}]},{"@type":"WebSite","@id":"https:\/\/www.Eurotoll.eu\/pl\/#website","url":"https:\/\/www.Eurotoll.eu\/pl\/","name":"Eurotoll","description":"Acteur cl\u00e9 du t\u00e9l\u00e9p\u00e9age en Europe","potentialAction":[{"@type":"SearchAction","target":{"@type":"EntryPoint","urlTemplate":"https:\/\/www.Eurotoll.eu\/pl\/?s={search_term_string}"},"query-input":{"@type":"PropertyValueSpecification","valueRequired":true,"valueName":"search_term_string"}}],"inLanguage":"pl-PL"}]}},"_links":{"self":[{"href":"https:\/\/www.Eurotoll.eu\/pl\/wp-json\/wp\/v2\/pages\/3903","targetHints":{"allow":["GET"]}}],"collection":[{"href":"https:\/\/www.Eurotoll.eu\/pl\/wp-json\/wp\/v2\/pages"}],"about":[{"href":"https:\/\/www.Eurotoll.eu\/pl\/wp-json\/wp\/v2\/types\/page"}],"author":[{"embeddable":true,"href":"https:\/\/www.Eurotoll.eu\/pl\/wp-json\/wp\/v2\/users\/23"}],"replies":[{"embeddable":true,"href":"https:\/\/www.Eurotoll.eu\/pl\/wp-json\/wp\/v2\/comments?post=3903"}],"version-history":[{"count":19,"href":"https:\/\/www.Eurotoll.eu\/pl\/wp-json\/wp\/v2\/pages\/3903\/revisions"}],"predecessor-version":[{"id":19512,"href":"https:\/\/www.Eurotoll.eu\/pl\/wp-json\/wp\/v2\/pages\/3903\/revisions\/19512"}],"up":[{"embeddable":true,"href":"https:\/\/www.Eurotoll.eu\/pl\/wp-json\/wp\/v2\/pages\/3859"}],"wp:attachment":[{"href":"https:\/\/www.Eurotoll.eu\/pl\/wp-json\/wp\/v2\/media?parent=3903"}],"curies":[{"name":"wp","href":"https:\/\/api.w.org\/{rel}","templated":true}]}}