{"id":3915,"date":"2016-08-05T10:42:49","date_gmt":"2016-08-05T08:42:49","guid":{"rendered":"http:\/\/80.75.152.85\/pl\/?page_id=3915"},"modified":"2025-11-17T16:30:10","modified_gmt":"2025-11-17T15:30:10","slug":"szwajcaria","status":"publish","type":"page","link":"https:\/\/www.Eurotoll.eu\/pl\/nasza-oferta\/szwajcaria\/","title":{"rendered":"Szwajcaria"},"content":{"rendered":"<p>[vc_row content_width=&#8221;grid&#8221; el_class=&#8221;padtop50 padbot50&#8243;][vc_column][vc_column_text]<\/p>\n<h2><span style=\"color: #035e7e;\">System op\u0142at drogowych w Szwajcarii : LSVA\u00a0<\/span><\/h2>\n<p>&nbsp;<\/p>\n<p><span data-sheets-value=\"{&quot;1&quot;:2,&quot;2&quot;:&quot;En Suisse, tous les v\\u00e9hicules de transport de marchandises de plus de 3,5 tonnes circulant sur les r\\u00e9seaux routiers publics suisse et de la Principaut\\u00e9 du Liechtenstein doivent s\\u2019acquitter d\\u2019une taxe : la RPLP. (Redevance sur le trafic des Poids Lourds li\\u00e9e aux Prestations. &quot;}\" data-sheets-userformat=\"{&quot;2&quot;:15169,&quot;3&quot;:{&quot;1&quot;:0},&quot;9&quot;:0,&quot;11&quot;:4,&quot;12&quot;:0,&quot;14&quot;:{&quot;1&quot;:2,&quot;2&quot;:1136076},&quot;15&quot;:&quot;Calibri&quot;,&quot;16&quot;:12}\">Op\u0142aty drogowe w Szwajcarii obejmuj\u0105 ca\u0142\u0105 sie\u0107 drogow\u0105 Szwajcarii i Ksi\u0119stwa Liechtensteinu, czyli oko\u0142o 70 000 km dr\u00f3g. Wszystkie pojazdy ci\u0119\u017carowe powy\u017cej 3,5 tony poruszaj\u0105ce si\u0119 po tej sieci drogowej musz\u0105 p\u0142aci\u0107 podatek : LSVA (podatek od ruchu pojazd\u00f3w ci\u0119\u017carowych).<br \/>\n<\/span><\/p>\n<p>&nbsp;<\/p>\n<h3 style=\"color: #01b1ec;\"><span style=\"color: #035e7e;\" data-sheets-value=\"{&quot;1&quot;:2,&quot;2&quot;:&quot;Pour circuler en Suisse:&quot;}\" data-sheets-userformat=\"{&quot;2&quot;:14913,&quot;3&quot;:{&quot;1&quot;:0},&quot;9&quot;:0,&quot;12&quot;:0,&quot;14&quot;:{&quot;1&quot;:2,&quot;2&quot;:1136076},&quot;15&quot;:&quot;Calibri&quot;,&quot;16&quot;:12}\">Aby op\u0142aca\u0107 przejazdy po Szwajcarii, masz trzy mo\u017cliwo\u015bci :<\/span><\/h3>\n<p>&nbsp;<\/p>\n<ul>\n<li><strong>Je\u015bli Tw\u00f3j pojazd jest zarejestrowany w Szwajcarii lub Liechtensteinie :<\/strong><\/li>\n<\/ul>\n<p>&nbsp;<\/p>\n<p>\u2013 \u00a0Musisz wyposa\u017cy\u0107 sw\u00f3j pojazd w urz\u0105dzenie OBU Emotach\u00ae.<\/p>\n<p>&nbsp;<\/p>\n<ul>\n<li><strong>Je\u015bli Tw\u00f3j pojazd jest zarejestrowany poza tymi krajami, mo\u017cesz :<\/strong><\/li>\n<\/ul>\n<p>&nbsp;<\/p>\n<p>\u2013 Wyposa\u017cy\u0107 sw\u00f3j pojazd w interoperacyjne urz\u0105dzenie pok\u0142adowe Lumesia SAT, aby swobodnie porusza\u0107 si\u0119 po Szwajcarii i 8 innych krajach europejskich : Francji, Hiszpanii, Portugalii, W\u0142oszech, Austrii, Belgii, Niemczech i Polsce. Sie\u0107 szwajcarska to satelitarny system op\u0142at drogowych, Twoje przejazdy b\u0119d\u0105 automatycznie rejestrowane przez urz\u0105dzenie OBU i rozliczane na fakturze Eurotoll.<\/p>\n<p>&nbsp;<\/p>\n<p>&nbsp;<\/p>\n<h3 style=\"color: #01b1ec;\"><span style=\"color: #035e7e;\" data-sheets-value=\"{&quot;1&quot;:2,&quot;2&quot;:&quot;Le tarif de la RPLP d\\u00e9pend\\n&quot;}\" data-sheets-userformat=\"{&quot;2&quot;:15169,&quot;3&quot;:{&quot;1&quot;:0},&quot;9&quot;:0,&quot;11&quot;:4,&quot;12&quot;:0,&quot;14&quot;:{&quot;1&quot;:2,&quot;2&quot;:1136076},&quot;15&quot;:&quot;Calibri&quot;,&quot;16&quot;:12}\">\u00a0Stawka op\u0142aty drogowej zale\u017cy od :<\/span><\/h3>\n<p>&nbsp;<\/p>\n<ul>\n<li>D\u0142ugo\u015bci trasy w Szwajcarii i Liechtensteinie<\/li>\n<li>DMC pojazdu<\/li>\n<li><span data-sheets-value=\"{&quot;1&quot;:2,&quot;2&quot;:&quot;oDu nombre de kilom\\u00e8tres parcourus sur le territoire Suisse et au Liechtenstein\\r\\noDu poids total autoris\\u00e9 du Poids Lourd,\\r\\noDe la classe euro pollution&quot;}\" data-sheets-userformat=\"{&quot;2&quot;:14913,&quot;3&quot;:{&quot;1&quot;:0},&quot;9&quot;:0,&quot;12&quot;:0,&quot;14&quot;:{&quot;1&quot;:2,&quot;2&quot;:1136076},&quot;15&quot;:&quot;Calibri&quot;,&quot;16&quot;:12}\">Klasy emisji splin EURO<\/span><\/li>\n<\/ul>\n<p>[\/vc_column_text][vc_empty_space height=&#8221;50px&#8221;]<a href=\"https:\/\/www.bazg.admin.ch\/bazg\/en\/home\/information-companies\/transport--travel-documents--road-taxes\/heavy-vehicle-charges--performance-related-and-lump-sum-\/hvc---general---rates.html\" target=\"_blank\" style=\"color: #035e7e;border-color: #035e7e\" class=\"qodef-btn qodef-btn-small qodef-btn-outline qodef-btn-custom-border-hover qodef-btn-custom-hover-color\" data-hover-color=\"#035e7e\" data-hover-border-color=\"#035e7e\" >\n        <span class=\"qodef-btn-text\">Zobacz stawki LSVA i zwolnienia<\/span>\n    <span class=\"qodef-btn-text-icon\"><\/span>\n<\/a>[vc_empty_space]<a href=\"mailto:bok@lumesia.com\" target=\"_self\" style=\"color: #ffffff;background-color: #035e7e;border-color: #035e7e\" class=\"qodef-btn qodef-btn-small qodef-btn-outline qodef-btn-custom-hover-bg qodef-btn-custom-border-hover qodef-btn-custom-hover-color qodef-btn-icon\" data-hover-bg-color=\"#035e7e\" data-hover-color=\"#ffffff\" data-hover-border-color=\"#035e7e\" >\n        <span class=\"qodef-btn-text\">ZAPISZ SI\u0118 ON-LINE<\/span>\n    <span class=\"qodef-btn-text-icon\"><i class=\"qodef-icon-simple-line-icon icon-arrow-right-circle \" ><\/i><\/span>\n<\/a>[\/vc_column][\/vc_row][vc_row el_class=&#8221;spepadleft white&#8221; css=&#8221;.vc_custom_1759228837648{background-color: #035e7e !important;}&#8221; el_id=&#8221;plus-service-eurotoll&#8221;][vc_column width=&#8221;2\/3&#8243; el_class=&#8221;padtop50 padbot50&#8243;][vc_column_text]<\/p>\n<h4><strong>Us\u0142ugi dodatkowe Lumesia plus :<\/strong><\/h4>\n<p>&nbsp;<\/p>\n<ul>\n<li>W 100% bezpieczny \u015brodek p\u0142atniczy u\u017cywany tylko do uiszczania op\u0142at drogowych<\/li>\n<li>Tabele umo\u017cliwiaj\u0105ce \u015bledzenie i kontrol\u0119 twoich transakcji na portalu Lumesia<\/li>\n<li>Transakcje LSVA widoczne na fakturze Lumesia<\/li>\n<\/ul>\n<p>[\/vc_column_text][\/vc_column][vc_column width=&#8221;1\/3&#8243;][vc_single_image image=&#8221;3498&#8243; img_size=&#8221;full&#8221;][\/vc_column][\/vc_row][vc_row content_width=&#8221;grid&#8221; content_aligment=&#8221;center&#8221; css=&#8221;.vc_custom_1760348835116{background-color: #afca0b !important;}&#8221; el_class=&#8221;padtop50 padbot50&#8243;][vc_column][vc_empty_space height=&#8221;15px&#8221;][vc_column_text css=&#8221;.vc_custom_1760347165486{padding-right: 10px !important;padding-left: 10px !important;}&#8221;]<\/p>\n<h3 style=\"text-align: center;\"><span style=\"color: #035e7e;\">W celu uzyskania dalszych informacji nasz dzia\u0142 obs\u0142ugi klienta pozostaje do Pa\u0144stwa dyspozycji.<\/span><\/h3>\n<p>[\/vc_column_text][vc_empty_space]<a href=\"mailto:bok@lumesia.com\" target=\"_self\" style=\"color: #035e7e;border-color: #035e7e;margin: 10\" class=\"qodef-btn qodef-btn-small qodef-btn-outline qodef-btn-icon\"  >\n        <span class=\"qodef-btn-text\">Skontaktuj si\u0119 z nami<\/span>\n    <span class=\"qodef-btn-text-icon\"><i class=\"qodef-icon-simple-line-icon icon-arrow-right \" ><\/i><\/span>\n<\/a>[\/vc_column][\/vc_row]<\/p>\n","protected":false},"excerpt":{"rendered":"<p>[vc_row content_width=&#8221;grid&#8221; el_class=&#8221;padtop50 padbot50&#8243;][vc_column][vc_column_text] System op\u0142at drogowych w Szwajcarii : LSVA\u00a0 &nbsp; Op\u0142aty drogowe w Szwajcarii obejmuj\u0105 ca\u0142\u0105 sie\u0107 drogow\u0105 Szwajcarii&#8230;<\/p>\n","protected":false},"author":23,"featured_media":0,"parent":3859,"menu_order":0,"comment_status":"closed","ping_status":"closed","template":"full-width.php","meta":{"footnotes":""},"class_list":["post-3915","page","type-page","status-publish","hentry"],"yoast_head":"<!-- This site is optimized with the Yoast SEO Premium plugin v26.7 (Yoast SEO v26.7) - https:\/\/yoast.com\/wordpress\/plugins\/seo\/ -->\n<title>Szwajcaria - Eurotoll<\/title>\n<meta name=\"description\" content=\"Poruszaj si\u0119 swobodnie pojazdami ci\u0119\u017carowymi w Szwajcarii i Ksi\u0119stwie Lichtenstein z firm\u0105 Eurotoll\" \/>\n<meta name=\"robots\" content=\"index, follow, max-snippet:-1, max-image-preview:large, max-video-preview:-1\" \/>\n<link rel=\"canonical\" href=\"https:\/\/www.Eurotoll.eu\/pl\/nasza-oferta\/szwajcaria\/\" \/>\n<meta property=\"og:locale\" content=\"pl_PL\" \/>\n<meta property=\"og:type\" content=\"article\" \/>\n<meta property=\"og:title\" content=\"Szwajcaria\" \/>\n<meta property=\"og:description\" content=\"Poruszaj si\u0119 swobodnie pojazdami ci\u0119\u017carowymi w Szwajcarii i Ksi\u0119stwie Lichtenstein z firm\u0105 Eurotoll\" \/>\n<meta property=\"og:url\" content=\"https:\/\/www.Eurotoll.eu\/pl\/nasza-oferta\/szwajcaria\/\" \/>\n<meta property=\"og:site_name\" content=\"Eurotoll\" \/>\n<meta property=\"article:modified_time\" content=\"2025-11-17T15:30:10+00:00\" \/>\n<meta name=\"twitter:card\" content=\"summary_large_image\" \/>\n<meta name=\"twitter:label1\" content=\"Szacowany czas czytania\" \/>\n\t<meta name=\"twitter:data1\" content=\"2 minuty\" \/>\n<script type=\"application\/ld+json\" class=\"yoast-schema-graph\">{\"@context\":\"https:\/\/schema.org\",\"@graph\":[{\"@type\":\"WebPage\",\"@id\":\"https:\/\/www.Eurotoll.eu\/pl\/nasza-oferta\/szwajcaria\/\",\"url\":\"https:\/\/www.Eurotoll.eu\/pl\/nasza-oferta\/szwajcaria\/\",\"name\":\"Szwajcaria - Eurotoll\",\"isPartOf\":{\"@id\":\"https:\/\/www.Eurotoll.eu\/pl\/#website\"},\"datePublished\":\"2016-08-05T08:42:49+00:00\",\"dateModified\":\"2025-11-17T15:30:10+00:00\",\"description\":\"Poruszaj si\u0119 swobodnie pojazdami ci\u0119\u017carowymi w Szwajcarii i Ksi\u0119stwie Lichtenstein z firm\u0105 Eurotoll\",\"breadcrumb\":{\"@id\":\"https:\/\/www.Eurotoll.eu\/pl\/nasza-oferta\/szwajcaria\/#breadcrumb\"},\"inLanguage\":\"pl-PL\",\"potentialAction\":[{\"@type\":\"ReadAction\",\"target\":[\"https:\/\/www.Eurotoll.eu\/pl\/nasza-oferta\/szwajcaria\/\"]}]},{\"@type\":\"BreadcrumbList\",\"@id\":\"https:\/\/www.Eurotoll.eu\/pl\/nasza-oferta\/szwajcaria\/#breadcrumb\",\"itemListElement\":[{\"@type\":\"ListItem\",\"position\":1,\"name\":\"Accueil\",\"item\":\"https:\/\/www.Eurotoll.eu\/pl\/\"},{\"@type\":\"ListItem\",\"position\":2,\"name\":\"Nasza oferta\",\"item\":\"https:\/\/www.Eurotoll.eu\/pl\/nasza-oferta\/\"},{\"@type\":\"ListItem\",\"position\":3,\"name\":\"Szwajcaria\"}]},{\"@type\":\"WebSite\",\"@id\":\"https:\/\/www.Eurotoll.eu\/pl\/#website\",\"url\":\"https:\/\/www.Eurotoll.eu\/pl\/\",\"name\":\"Eurotoll\",\"description\":\"Acteur cl\u00e9 du t\u00e9l\u00e9p\u00e9age en Europe\",\"potentialAction\":[{\"@type\":\"SearchAction\",\"target\":{\"@type\":\"EntryPoint\",\"urlTemplate\":\"https:\/\/www.Eurotoll.eu\/pl\/?s={search_term_string}\"},\"query-input\":{\"@type\":\"PropertyValueSpecification\",\"valueRequired\":true,\"valueName\":\"search_term_string\"}}],\"inLanguage\":\"pl-PL\"}]}<\/script>\n<!-- \/ Yoast SEO Premium plugin. -->","yoast_head_json":{"title":"Szwajcaria - Eurotoll","description":"Poruszaj si\u0119 swobodnie pojazdami ci\u0119\u017carowymi w Szwajcarii i Ksi\u0119stwie Lichtenstein z firm\u0105 Eurotoll","robots":{"index":"index","follow":"follow","max-snippet":"max-snippet:-1","max-image-preview":"max-image-preview:large","max-video-preview":"max-video-preview:-1"},"canonical":"https:\/\/www.Eurotoll.eu\/pl\/nasza-oferta\/szwajcaria\/","og_locale":"pl_PL","og_type":"article","og_title":"Szwajcaria","og_description":"Poruszaj si\u0119 swobodnie pojazdami ci\u0119\u017carowymi w Szwajcarii i Ksi\u0119stwie Lichtenstein z firm\u0105 Eurotoll","og_url":"https:\/\/www.Eurotoll.eu\/pl\/nasza-oferta\/szwajcaria\/","og_site_name":"Eurotoll","article_modified_time":"2025-11-17T15:30:10+00:00","twitter_card":"summary_large_image","twitter_misc":{"Szacowany czas czytania":"2 minuty"},"schema":{"@context":"https:\/\/schema.org","@graph":[{"@type":"WebPage","@id":"https:\/\/www.Eurotoll.eu\/pl\/nasza-oferta\/szwajcaria\/","url":"https:\/\/www.Eurotoll.eu\/pl\/nasza-oferta\/szwajcaria\/","name":"Szwajcaria - Eurotoll","isPartOf":{"@id":"https:\/\/www.Eurotoll.eu\/pl\/#website"},"datePublished":"2016-08-05T08:42:49+00:00","dateModified":"2025-11-17T15:30:10+00:00","description":"Poruszaj si\u0119 swobodnie pojazdami ci\u0119\u017carowymi w Szwajcarii i Ksi\u0119stwie Lichtenstein z firm\u0105 Eurotoll","breadcrumb":{"@id":"https:\/\/www.Eurotoll.eu\/pl\/nasza-oferta\/szwajcaria\/#breadcrumb"},"inLanguage":"pl-PL","potentialAction":[{"@type":"ReadAction","target":["https:\/\/www.Eurotoll.eu\/pl\/nasza-oferta\/szwajcaria\/"]}]},{"@type":"BreadcrumbList","@id":"https:\/\/www.Eurotoll.eu\/pl\/nasza-oferta\/szwajcaria\/#breadcrumb","itemListElement":[{"@type":"ListItem","position":1,"name":"Accueil","item":"https:\/\/www.Eurotoll.eu\/pl\/"},{"@type":"ListItem","position":2,"name":"Nasza oferta","item":"https:\/\/www.Eurotoll.eu\/pl\/nasza-oferta\/"},{"@type":"ListItem","position":3,"name":"Szwajcaria"}]},{"@type":"WebSite","@id":"https:\/\/www.Eurotoll.eu\/pl\/#website","url":"https:\/\/www.Eurotoll.eu\/pl\/","name":"Eurotoll","description":"Acteur cl\u00e9 du t\u00e9l\u00e9p\u00e9age en Europe","potentialAction":[{"@type":"SearchAction","target":{"@type":"EntryPoint","urlTemplate":"https:\/\/www.Eurotoll.eu\/pl\/?s={search_term_string}"},"query-input":{"@type":"PropertyValueSpecification","valueRequired":true,"valueName":"search_term_string"}}],"inLanguage":"pl-PL"}]}},"_links":{"self":[{"href":"https:\/\/www.Eurotoll.eu\/pl\/wp-json\/wp\/v2\/pages\/3915","targetHints":{"allow":["GET"]}}],"collection":[{"href":"https:\/\/www.Eurotoll.eu\/pl\/wp-json\/wp\/v2\/pages"}],"about":[{"href":"https:\/\/www.Eurotoll.eu\/pl\/wp-json\/wp\/v2\/types\/page"}],"author":[{"embeddable":true,"href":"https:\/\/www.Eurotoll.eu\/pl\/wp-json\/wp\/v2\/users\/23"}],"replies":[{"embeddable":true,"href":"https:\/\/www.Eurotoll.eu\/pl\/wp-json\/wp\/v2\/comments?post=3915"}],"version-history":[{"count":52,"href":"https:\/\/www.Eurotoll.eu\/pl\/wp-json\/wp\/v2\/pages\/3915\/revisions"}],"predecessor-version":[{"id":19514,"href":"https:\/\/www.Eurotoll.eu\/pl\/wp-json\/wp\/v2\/pages\/3915\/revisions\/19514"}],"up":[{"embeddable":true,"href":"https:\/\/www.Eurotoll.eu\/pl\/wp-json\/wp\/v2\/pages\/3859"}],"wp:attachment":[{"href":"https:\/\/www.Eurotoll.eu\/pl\/wp-json\/wp\/v2\/media?parent=3915"}],"curies":[{"name":"wp","href":"https:\/\/api.w.org\/{rel}","templated":true}]}}