{"id":5349,"date":"2016-09-08T09:42:57","date_gmt":"2016-09-08T07:42:57","guid":{"rendered":"http:\/\/80.75.152.85\/pl\/faq\/"},"modified":"2025-05-09T15:18:22","modified_gmt":"2025-05-09T13:18:22","slug":"faq","status":"publish","type":"page","link":"https:\/\/www.Eurotoll.eu\/pl\/faq\/","title":{"rendered":"F.A.Q"},"content":{"rendered":"<p>[vc_row][vc_column][vc_column_text]<\/p>\n<h1 style=\"text-align: center;\"><span style=\"color: #035e7e;\">Jak dzia\u0142a system elektronicznego poboru op\u0142at (t\u00e9l\u00e9peage)?<\/span><\/h1>\n<p>[\/vc_column_text][\/vc_column][\/vc_row][vc_row][vc_column][vc_empty_space height=&#8221;50px&#8221;][\/vc_column][\/vc_row][vc_row][vc_column][vc_column_text]<\/p>\n<h3><span style=\"color: #035e7e;\">A- Co to jest elektroniczny pob\u00f3r op\u0142at?<\/span><\/h3>\n<p>&nbsp;<\/p>\n<p><span style=\"color: #000000;\">Elektroniczny system poboru op\u0142at (t\u00e9l\u00e9peage) jest systemem \u201ebezdotykowego\u201d poboru op\u0142at. Pozwala na poruszanie sie po wszystkich sieciach objetych obowi\u0105zkiem op\u0142aty drogowej. Sk\u0142ada si\u0119 z urz\u0105dzenia OBU (On Board Unit), kt\u00f3re jest umieszczone za przedni\u0105 szyb\u0105.<\/span><\/p>\n<p>&nbsp;<\/p>\n<h3><span style=\"color: #035e7e;\">B- Jaki s\u0105 typy elektronicznego poboru op\u0142at?<\/span><\/h3>\n<p>&nbsp;<\/p>\n<ul>\n<li><strong><span style=\"color: #000000;\">Detekcja<\/span><\/strong><\/li>\n<\/ul>\n<p>&nbsp;<\/p>\n<p><span style=\"color: #000000;\">Wykorzystuje si\u0119 system DSRC (<strong>Dedicated Short Range Communications<\/strong>). W tym systemie wykorzystuje si\u0119 urz\u0105dzenie, kt\u00f3re jest zainstalowane za tyln\u0105 szyb\u0105 pojazdu. System ten przesy\u0142a mikrofale, kt\u00f3re s\u0105 wykrywane przez odbiornik znajduj\u0105cy si\u0119 w punkcie poboru op\u0142at, na pocz\u0105tku oraz na ko\u0144cu p\u0142atnego odcinka drogi, ewnentualnie przez portyki ustawione wzd\u0142u\u017c sieci p\u0142atnych dr\u00f3g.<\/span><\/p>\n<p>&nbsp;<\/p>\n<blockquote><p><strong><span style=\"color: #000000;\">W kt\u00f3rych pa\u0144stwach to dzia\u0142a?<\/span><\/strong><\/p><\/blockquote>\n<p><span style=\"color: #000000;\">We Francji, w Hiszpanii, w Portugalii, w tunelu Liefkenshoek w Belgii oraz do dokonywania op\u0142aty na strze\u017conych parkinagach we Francji i w Hiszpanii.<br \/>\nEurotoll proponuje swoim klientom unikalne interoperacyjne urz\u0105dzenie do wykorzystania na terenie tych 4 pa\u0144stw.<br \/>\n<\/span><\/p>\n<p>&nbsp;<\/p>\n<ul>\n<li><strong><span style=\"color: #000000;\">System satelitarny<\/span><\/strong><\/li>\n<\/ul>\n<p>&nbsp;<\/p>\n<p><span style=\"color: #000000;\">\u00a0Pojazdy s\u0105 wyposa\u017cone w urz\u0105dzenie umo\u017cliwiaj\u0105ce wykrycie za pomoc\u0105 satelity i sygna\u0142\u00f3w GPS lokalizacji pojazdu. Zaszyfrowane sygna\u0142y s\u0105 przesy\u0142ane za pomoc\u0105 sieci telefonii mobilnej GPS, a nast\u0119pnie przekszta\u0142cane w transakcjie uwidocznione na fakturze klienta.<\/span><\/p>\n<p>&nbsp;<\/p>\n<blockquote><p><strong><span style=\"color: #000000;\">W kt\u00f3rych pa\u0144stwach to dzia\u0142a?<\/span><\/strong><\/p><\/blockquote>\n<p><span style=\"color: #000000;\">W Niemczech i w Belgii<\/span><\/p>\n<p>&nbsp;<\/p>\n<ul>\n<li><strong><span style=\"color: #000000;\">Winiety<\/span><\/strong><\/li>\n<\/ul>\n<p>&nbsp;<\/p>\n<p><span style=\"color: #000000;\">W niekt\u00f3rych pa\u0144stwach konieczne jest wykupienie winiety, kt\u00f3ra umo\u017cliwi poruszanie si\u0119 na terenie tej sieci w wyznaczonym terminie.<\/span><\/p>\n<p><span style=\"color: #000000;\"><br \/>\nDzi\u0119ki karcie Eurotoll zakupienie winiet na Szwajcari\u0119 oraz na kraje eurowiniet jest uproszczone. Mo\u017cesz kontrolowa\u0107 swoje wydatki a za zakupione eurowiniety p\u0142acisz na fakturze Eurotoll.<br \/>\n<\/span><\/p>\n<p>&nbsp;<\/p>\n<p>&nbsp;<\/p>\n<blockquote><p><strong><span style=\"color: #000000;\">W kt\u00f3rych pa\u0144stwach to dzia\u0142a?<\/span><\/strong><\/p><\/blockquote>\n<p><span style=\"color: #000000;\">W Szwajcarii, w Danii, w Luksemburgu, w Holandii, w Szwecji<\/span><\/p>\n<p>&nbsp;<\/p>\n<h3><span style=\"color: #035e7e;\">C- Interoperacyjno\u015b\u0107 europejska<\/span><\/h3>\n<p>&nbsp;<\/p>\n<p><span style=\"color: #000000;\">Eurotoll nie ustaje w rozszerzaniu swojej oferty dost\u0119pu do sieci dr\u00f3g europejskich. Eurotoll dostarcza urz\u0105dzenia pok\u0142adowe oraz \u015brodki, za pomoc\u0105 kt\u00f3rych mo\u017cesz dokona\u0107 op\u0142aty drogowej w 15 karajach Europy, co odpowiada 85% sieci p\u0142atych dr\u00f3g.<\/span><\/p>\n<p><span style=\"color: #000000;\">Dnia 10 czerwca 2016r. Eurotoll zosta\u0142 zarejestrowany na li\u015bcie dostawc\u00f3w SET. Jest to kolejny krok Eurotoll w kierunku interoperacyjno\u015bci europejskiej\u00a0<\/span><\/p>\n<p>&nbsp;<\/p>\n<ul>\n<li><strong><span style=\"color: #000000;\">Co to jest SET? (Europejski Serwis Op\u0142at Drogowych)<\/span><\/strong><\/li>\n<\/ul>\n<p>&nbsp;<\/p>\n<p><span style=\"color: #000000;\">Definicja legalna okre\u015blona zosta\u0142a w Dyrektywie 2004\/52\/EC i w decyzji Wsp\u00f3lnoty Europejskiej 2009\/750\/CE z dnia 6 pa\u017adziernia 2009 r.<br \/>\nAby dowiedzie\u0107 si\u0119 wi\u0119cej kliknij tutaj:<br \/>\nhttp:\/\/ec.europa.eu\/transport\/media\/publications\/doc\/2011-eets-european-electronic-toll-service_fr.pdf<br \/>\n<\/span><\/p>\n<p>&nbsp;<\/p>\n<h3><span style=\"color: #035e7e;\">D- Gdzie znajd\u0119 informacje na temat francuskiej sieci autostrad?<\/span><\/h3>\n<p>&nbsp;<\/p>\n<p>Mapy, ograniczenia pr\u0119dko\u015bci, klasyfikacja pojazd\u00f3w, trasy przejazdu znajdziesz na stronie ASFA (Association des Soci\u00e9t\u00e9s Fran\u00e7aises d\u2019Autoroute) http:\/\/www.autoroutes.fr\/index.htm<\/p>\n<p>&nbsp;<\/p>\n<h3><span style=\"color: #01b1ec;\"><span style=\"color: #035e7e;\">E- Gdzie znajd\u0119 informacje na temat ruchu moich pojazd\u00f3w na drogach i autostradach we Francji?<\/span> <\/span><\/h3>\n<p>&nbsp;<\/p>\n<p>Obserwowanie ruchu w czasie realnym mo\u017cliwe jest na stronie ASFA <a href=\"http:\/\/www.autoroutes.fr\/fr\/trafic-en-temps-reel.htm\" target=\"_blank\" rel=\"noopener\">http:\/\/www.autoroutes.fr\/fr\/trafic-en-temps-reel.htm<\/a> albo na stronie Bison <a href=\"http:\/\/www.bison-fute.gouv.fr\/maintenant.html\" target=\"_blank\" rel=\"noopener\">http:\/\/www.bison-fute.gouv.fr\/maintenant.html<\/a><\/p>\n<p>Zakazy poruszania si\u0119 samochod\u00f3w ci\u0119\u017carowych po wybranych autostradach lub na pewnych odcinkach dr\u00f3g znajduj\u0105 si\u0119 na stronie Bison: <a href=\"http:\/\/www.bison-fute.gouv.fr\/actualites.html\" target=\"_blank\" rel=\"noopener\">http:\/\/www.bison-fute.gouv.fr\/actualites.html<\/a>[\/vc_column_text][\/vc_column][\/vc_row][vc_row][vc_column][vc_empty_space height=&#8221;50px&#8221;][\/vc_column][\/vc_row][vc_row][vc_column]<div class=\"qodef-separator-holder clearfix  qodef-separator-center\">\r\n\t<div class=\"qodef-separator\" style=\"border-color: #81d742;width: 300px;border-width: 4px;margin-bottom: 40px\"><\/div>\r\n<\/div>\r\n[\/vc_column][\/vc_row][vc_row][vc_column][vc_column_text]<\/p>\n<h1 style=\"text-align: center;\"><span style=\"color: #035e7e;\">Jak Eurotoll wspiera swoich klient\u00f3w?<\/span><\/h1>\n<p>[\/vc_column_text][\/vc_column][\/vc_row][vc_row][vc_column][vc_empty_space height=&#8221;50px&#8221;][\/vc_column][\/vc_row][vc_row][vc_column][vc_column_text]<\/p>\n<h3><span style=\"color: #035e7e;\">A-\u00a0W jakich krajach mo\u017cesz porusza\u0107 si\u0119 z Eurotollem?<\/span><\/h3>\n<p>&nbsp;<\/p>\n<p><span style=\"color: #000000;\">Dzi\u0119ki Eurotollowi mo\u017cesz porusza\u0107 si\u0119 po 21 krajach Europy.<br \/>\nZajrzyj na nasz\u0105 stron\u0119 internetow\u0105 (zak\u0142adka <a href=\"https:\/\/www.Eurotoll.eu\/pl\/nasze-uslugi\/\">\u201enasza uslugi\u201d<\/a>)<br \/>\n<\/span><\/p>\n<p>&nbsp;<\/p>\n<h3><span style=\"color: #035e7e;\">B-\u00a0Jakie s\u0105 zalety internetowego konta abonenta Eurotoll?<\/span><\/h3>\n<p>&nbsp;<\/p>\n<ul>\n<li>Zestawienie transakcji w wyszczeg\u00f3lnieniu na pojazd, na flot\u0119, na podwykonawc\u0119. \u0141atwo sprawdzisz przyrost liczby traksakcji, zobaczysz zestawienia z jednego miesi\u0105ca na nast\u0119pny, zestawienia z jednego roku na nast\u0119pny<\/li>\n<li>Powiadomienia s\u0142u\u017c\u0105ce kontroli wydatk\u00f3w<\/li>\n<li>Raporty aktywno\u015bci w wyszczeg\u00f3lnieniu na pojazd, na flot\u0119, podwykonawc\u0119. Mo\u017cesz stworzy\u0107 dowolny raport, \u017ceby \u015bledzi\u0107 swoje op\u0142aty drogowe, mo\u017cesz z \u0142atwo\u015bci\u0105 zintergrowa\u0107 dane do swojego systemu informatycznego.<\/li>\n<\/ul>\n<p>&nbsp;<\/p>\n<h3><span style=\"color: #035e7e;\">C- W jaki spos\u00f3b przy\u0142\u0105czy\u0107 si\u0119 do Eurotoll?<\/span><\/h3>\n<p>&nbsp;<\/p>\n<ul>\n<li>Wysy\u0142aj\u0105c online formularz dost\u0119pny na naszej stronie internetowej www.eurotoll.fr<\/li>\n<li>Kontaktuj\u0105c si\u0119 z naszym serwisem klienta:\n<ul>\n<li>Drog\u0105 elektroniczn\u0105 <a href=\"mailto:bok@lumesia.com?subject=Contact%20site%20web\">bok@lumesia.com<\/a><\/li>\n<li>Drog\u0105 telefoniczn\u0105 +48 22 153 90 00<\/li>\n<li>Kontaktuj\u0105c si\u0119 z naszym przedstawicielem handlowym<\/li>\n<\/ul>\n<\/li>\n<\/ul>\n<p>&nbsp;<\/p>\n<h3><span style=\"color: #035e7e;\">D- Jaka jest r\u00f3\u017cnica mi\u0119dzy urz\u0105dzeniem Lumesia T-Pass a urz\u0105dzeniem TIS PL Eurotoll?<\/span><\/h3>\n<p>&nbsp;<\/p>\n<ul>\n<li>Urz\u0105dzenie Lumesia T-Pass jest zarezerwowane dla pojazd\u00f3w nie przekraczaj\u0105cych 3,5 ton, kt\u00f3rych wysoko\u015b\u0107 nie przekracza 3 m (samoch\u00f3d osobowy, motor, samoch\u00f3d dostawczy). Masz dost\u0119p do wszyskich us\u0142ug i powiadomie\u0144 na twoim koncie abonenta Eurotoll.<\/li>\n<li>urz\u0105dzenie TIS PL Eurotoll jest zarezerwowane dla pojazd\u00f3w przekarczaj\u0105cych 3,5 tony, kt\u00f3rych wysoko\u015b\u0107 przekracza 3 metry. Korzystanie z tego urz\u0105dzenia uprawnia ci\u0119 do korzystania ze zni\u017cek proponowanych przez sp\u00f3\u0142ki koncesjonariuszy autostrad.<\/li>\n<\/ul>\n<p>&nbsp;<\/p>\n<h3><span style=\"color: #035e7e;\">E- Zalety urz\u0105dzenia \u201ewszystko w jednym :<\/span><\/h3>\n<p>&nbsp;<\/p>\n<ul>\n<li><strong>Prostota:<\/strong>\n<ul>\n<li>Urz\u0105dzenie typu \u201ewszystko w jednym\u201d i \u201ew\u0142\u0105cz i jed\u017a\u201d\n<ul>\n<li>Zapewnia ci dost\u0119p do sieci dr\u00f3g w Europie obj\u0119tych op\u0142at\u0105 drogow\u0105 (we Francji, Hiszpanii, Portugalii, Belgii w tunelu Liefkenshoek, a tak\u017ce wkr\u00f3ce w Austrii i w Belgii)<\/li>\n<li>Pozwala ci korzysta\u0107 z profesjonalnej us\u0142ugi geolokalizacji przeznaczonej dla sektora transportu<\/li>\n<\/ul>\n<\/li>\n<\/ul>\n<\/li>\n<li><strong>Jedna umowa<\/strong><\/li>\n<li><strong>Bezpiecze\u0144stwo:<\/strong>\n<ul>\n<li>Eurotoll jest pionierem geolokalizacji po\u0142\u0105czonej z elektronicznym systemem poboru op\u0142at<\/li>\n<\/ul>\n<\/li>\n<\/ul>\n<ul>\n<li><strong>Oszcz\u0119dno\u015b\u0107<\/strong>\n<ul>\n<li>W\u0142\u0105cz i jed\u017a\u201d prostym w instalacji i nie wymagaj\u0105cym obs\u0142ugi przez specjalist\u0119<\/li>\n<li>Pozwala korzysta\u0107 ze zni\u017cek proponowanych przez sp\u00f3\u0142ki koncesjonariuszy autostrad we Francji i w Hiszpanii.<\/li>\n<\/ul>\n<\/li>\n<\/ul>\n<p>[\/vc_column_text][\/vc_column][\/vc_row][vc_row][vc_column][vc_empty_space height=&#8221;50px&#8221;][\/vc_column][\/vc_row][vc_row][vc_column]<div class=\"qodef-separator-holder clearfix  qodef-separator-center\">\r\n\t<div class=\"qodef-separator\" style=\"border-color: #81d742;width: 300px;border-width: 4px;margin-bottom: 40px\"><\/div>\r\n<\/div>\r\n[\/vc_column][\/vc_row][vc_row][vc_column][vc_column_text]<\/p>\n<h1 style=\"text-align: center;\"><span style=\"color: #01b1ec;\"><span style=\"color: #035e7e;\">Glossaire<\/span><br \/>\n<\/span><\/h1>\n<p>[\/vc_column_text][\/vc_column][\/vc_row][vc_row][vc_column][vc_empty_space height=&#8221;50px&#8221;][\/vc_column][\/vc_row][vc_row][vc_column][vc_column_text]<\/p>\n<h4><span style=\"color: #035e7e;\">Qu\u2019est-ce qu\u2019un OBU\u00a0?<\/span><\/h4>\n<p>[\/vc_column_text][vc_column_text]OBU = On Board Unit.<\/p>\n<p>Appellation Anglo-Saxonne d\u2019un moyen de paiement des p\u00e9ages, automatique, g\u00e9n\u00e9ralement fix\u00e9 sur le pare-brise d\u2019un v\u00e9hicule.[\/vc_column_text][\/vc_column][\/vc_row][vc_row][vc_column][vc_empty_space height=&#8221;20px&#8221;][\/vc_column][\/vc_row][vc_row][vc_column][vc_column_text]<\/p>\n<h4><span style=\"color: #035e7e;\">Que signifie SCA\u00a0?<\/span><\/h4>\n<p>[\/vc_column_text][vc_column_text]SCA = Soci\u00e9t\u00e9 Concessionnaire d\u2019Autoroute.[\/vc_column_text][\/vc_column][\/vc_row][vc_row][vc_column][vc_empty_space height=&#8221;20px&#8221;][\/vc_column][\/vc_row][vc_row][vc_column][vc_column_text]<\/p>\n<h4><span style=\"color: #035e7e;\">Que signifie TLPC\u00a0?<\/span><\/h4>\n<p>[\/vc_column_text][vc_column_text]<strong>T<\/strong>rajet <strong>L<\/strong>e <strong>P<\/strong>lus <strong>C<\/strong>her.<\/p>\n<p>Un TLPC apparait lorsque le v\u00e9hicule r\u00e9alise le trajet le plus long sur autoroute. Trajet \u00e9quivalent \u00e0 l\u2019entr\u00e9e au niveau de la\u00a0 1<sup>\u00e8re<\/sup> gare d\u2019entr\u00e9e et sortie sur la derni\u00e8re gare du r\u00e9seau concern\u00e9.<\/p>\n<p>Ce TLPC est susceptible de donner lieu \u00e0 une r\u00e9clamation dans le cas o\u00f9 il y a incertitude sur une des deux gares, d\u2019entr\u00e9e ou de sortie.<\/p>\n<p>eurotoll accompagne ses clients en les alertant sur les TLPC g\u00e9n\u00e9r\u00e9s et met \u00e0 leur disposition un outil de r\u00e9clamation en ligne. Eurotoll prend en charge la r\u00e9clamation et la n\u00e9gociation aupr\u00e8s des SCA concern\u00e9es.[\/vc_column_text][\/vc_column][\/vc_row][vc_row][vc_column][vc_empty_space height=&#8221;50px&#8221;][\/vc_column][\/vc_row][vc_row][vc_column]<div class=\"qodef-separator-holder clearfix  qodef-separator-center\">\r\n\t<div class=\"qodef-separator\" style=\"border-color: #81d742;width: 300px;border-width: 4px;margin-bottom: 40px\"><\/div>\r\n<\/div>\r\n[\/vc_column][\/vc_row][vc_row][vc_column][vc_column_text]<\/p>\n<h1 style=\"text-align: center;\"><span style=\"color: #01b1ec;\"><span style=\"color: #035e7e;\">Liens utiles<\/span><br \/>\n<\/span><\/h1>\n<p>[\/vc_column_text][\/vc_column][\/vc_row][vc_row][vc_column][vc_empty_space height=&#8221;50px&#8221;][\/vc_column][\/vc_row][vc_row][vc_column][vc_column_text]<\/p>\n<h4><span style=\"color: #035e7e;\">Informations sur les p\u00e9ages, les autoroutes, et le r\u00e9seau routier Fran\u00e7ais: <\/span><\/h4>\n<p>[\/vc_column_text][vc_column_text]<\/p>\n<ul>\n<li>Asfa <a href=\"http:\/\/www.autoroutes.fr\/fr\/asfa.htm\" target=\"_blank\" rel=\"noopener\">http:\/\/www.autoroutes.fr\/fr\/asfa.htm<\/a><\/li>\n<li>Bison Fut\u00e9\u00a0: <a href=\"http:\/\/www.bison-fute.gouv.fr\/\" target=\"_blank\" rel=\"noopener\">http:\/\/www.bison-fute.gouv.fr\/<\/a><\/li>\n<li>Minist\u00e8re de l\u2019environnement\u00a0: <a href=\"http:\/\/www.developpement-durable.gouv.fr\/-Secteur-Routier-.html\" target=\"_blank\" rel=\"noopener\">http:\/\/www.developpement-durable.gouv.fr\/-Secteur-Routier-.html<\/a><\/li>\n<\/ul>\n<p>[\/vc_column_text][\/vc_column][\/vc_row][vc_row][vc_column][vc_empty_space height=&#8221;20px&#8221;][\/vc_column][\/vc_row][vc_row][vc_column][vc_column_text]<\/p>\n<h4><span style=\"color: #035e7e;\">Informations sur les p\u00e9ages, les autoroutes, et le r\u00e9seau routier en Europe <\/span><\/h4>\n<p>[\/vc_column_text][vc_column_text]<\/p>\n<ul>\n<li><span style=\"line-height: 1.5;\">Asecap <\/span><a style=\"line-height: 1.5;\" href=\"http:\/\/www.asecap.com\/index.php?lang=en\" target=\"_blank\" rel=\"noopener\">http:\/\/www.asecap.com\/index.php?lang=en<\/a><\/li>\n<li>Iru <a href=\"https:\/\/www.iru.org\/\" target=\"_blank\" rel=\"noopener\">https:\/\/www.iru.org\/<\/a><\/li>\n<\/ul>\n<p>[\/vc_column_text][\/vc_column][\/vc_row][vc_row][vc_column][vc_empty_space height=&#8221;20px&#8221;][\/vc_column][\/vc_row][vc_row][vc_column][vc_empty_space height=&#8221;20px&#8221;][\/vc_column][\/vc_row][vc_row][vc_column][vc_column_text]<\/p>\n<h4><span style=\"color: #035e7e;\">Groupe Sanef \u00a0<\/span><\/h4>\n<p>[\/vc_column_text][vc_column_text]<\/p>\n<ul>\n<li><a href=\"http:\/\/www.sanef.com\/\" target=\"_blank\" rel=\"noopener\">http:\/\/www.sanef.com\/<\/a><\/li>\n<\/ul>\n<p>[\/vc_column_text][\/vc_column][\/vc_row][vc_row][vc_column][vc_empty_space height=&#8221;20px&#8221;][\/vc_column][\/vc_row][vc_row][vc_column][vc_empty_space height=&#8221;30px&#8221;][\/vc_column][\/vc_row]<\/p>\n","protected":false},"excerpt":{"rendered":"<p>[vc_row][vc_column][vc_column_text] Jak dzia\u0142a system elektronicznego poboru op\u0142at (t\u00e9l\u00e9peage)? [\/vc_column_text][\/vc_column][\/vc_row][vc_row][vc_column][vc_empty_space height=&#8221;50px&#8221;][\/vc_column][\/vc_row][vc_row][vc_column][vc_column_text] A- Co to jest elektroniczny pob\u00f3r op\u0142at? &nbsp; Elektroniczny system poboru&#8230;<\/p>\n","protected":false},"author":23,"featured_media":0,"parent":0,"menu_order":0,"comment_status":"closed","ping_status":"closed","template":"","meta":{"footnotes":""},"class_list":["post-5349","page","type-page","status-publish","hentry"],"yoast_head":"<!-- This site is optimized with the Yoast SEO Premium plugin v26.7 (Yoast SEO v26.7) - https:\/\/yoast.com\/wordpress\/plugins\/seo\/ -->\n<title>F.A.Q - Eurotoll<\/title>\n<meta name=\"robots\" content=\"index, follow, max-snippet:-1, max-image-preview:large, max-video-preview:-1\" \/>\n<link rel=\"canonical\" href=\"https:\/\/www.Eurotoll.eu\/pl\/faq\/\" \/>\n<meta property=\"og:locale\" content=\"pl_PL\" \/>\n<meta property=\"og:type\" content=\"article\" \/>\n<meta property=\"og:title\" content=\"F.A.Q\" \/>\n<meta property=\"og:description\" content=\"[vc_row][vc_column][vc_column_text] Jak dzia\u0142a system elektronicznego poboru op\u0142at (t\u00e9l\u00e9peage)? [\/vc_column_text][\/vc_column][\/vc_row][vc_row][vc_column][vc_empty_space height=&#8221;50px&#8221;][\/vc_column][\/vc_row][vc_row][vc_column][vc_column_text] A- Co to jest elektroniczny pob\u00f3r op\u0142at? &nbsp; Elektroniczny system poboru...\" \/>\n<meta property=\"og:url\" content=\"https:\/\/www.Eurotoll.eu\/pl\/faq\/\" \/>\n<meta property=\"og:site_name\" content=\"Eurotoll\" \/>\n<meta property=\"article:modified_time\" content=\"2025-05-09T13:18:22+00:00\" \/>\n<meta name=\"twitter:card\" content=\"summary_large_image\" \/>\n<meta name=\"twitter:label1\" content=\"Szacowany czas czytania\" \/>\n\t<meta name=\"twitter:data1\" content=\"5 minut\" \/>\n<script type=\"application\/ld+json\" class=\"yoast-schema-graph\">{\"@context\":\"https:\/\/schema.org\",\"@graph\":[{\"@type\":\"WebPage\",\"@id\":\"https:\/\/www.Eurotoll.eu\/pl\/faq\/\",\"url\":\"https:\/\/www.Eurotoll.eu\/pl\/faq\/\",\"name\":\"F.A.Q - Eurotoll\",\"isPartOf\":{\"@id\":\"https:\/\/www.Eurotoll.eu\/pl\/#website\"},\"datePublished\":\"2016-09-08T07:42:57+00:00\",\"dateModified\":\"2025-05-09T13:18:22+00:00\",\"breadcrumb\":{\"@id\":\"https:\/\/www.Eurotoll.eu\/pl\/faq\/#breadcrumb\"},\"inLanguage\":\"pl-PL\",\"potentialAction\":[{\"@type\":\"ReadAction\",\"target\":[\"https:\/\/www.Eurotoll.eu\/pl\/faq\/\"]}]},{\"@type\":\"BreadcrumbList\",\"@id\":\"https:\/\/www.Eurotoll.eu\/pl\/faq\/#breadcrumb\",\"itemListElement\":[{\"@type\":\"ListItem\",\"position\":1,\"name\":\"Accueil\",\"item\":\"https:\/\/www.Eurotoll.eu\/pl\/\"},{\"@type\":\"ListItem\",\"position\":2,\"name\":\"F.A.Q\"}]},{\"@type\":\"WebSite\",\"@id\":\"https:\/\/www.Eurotoll.eu\/pl\/#website\",\"url\":\"https:\/\/www.Eurotoll.eu\/pl\/\",\"name\":\"Eurotoll\",\"description\":\"Acteur cl\u00e9 du t\u00e9l\u00e9p\u00e9age en Europe\",\"potentialAction\":[{\"@type\":\"SearchAction\",\"target\":{\"@type\":\"EntryPoint\",\"urlTemplate\":\"https:\/\/www.Eurotoll.eu\/pl\/?s={search_term_string}\"},\"query-input\":{\"@type\":\"PropertyValueSpecification\",\"valueRequired\":true,\"valueName\":\"search_term_string\"}}],\"inLanguage\":\"pl-PL\"}]}<\/script>\n<!-- \/ Yoast SEO Premium plugin. -->","yoast_head_json":{"title":"F.A.Q - Eurotoll","robots":{"index":"index","follow":"follow","max-snippet":"max-snippet:-1","max-image-preview":"max-image-preview:large","max-video-preview":"max-video-preview:-1"},"canonical":"https:\/\/www.Eurotoll.eu\/pl\/faq\/","og_locale":"pl_PL","og_type":"article","og_title":"F.A.Q","og_description":"[vc_row][vc_column][vc_column_text] Jak dzia\u0142a system elektronicznego poboru op\u0142at (t\u00e9l\u00e9peage)? [\/vc_column_text][\/vc_column][\/vc_row][vc_row][vc_column][vc_empty_space height=&#8221;50px&#8221;][\/vc_column][\/vc_row][vc_row][vc_column][vc_column_text] A- Co to jest elektroniczny pob\u00f3r op\u0142at? &nbsp; Elektroniczny system poboru...","og_url":"https:\/\/www.Eurotoll.eu\/pl\/faq\/","og_site_name":"Eurotoll","article_modified_time":"2025-05-09T13:18:22+00:00","twitter_card":"summary_large_image","twitter_misc":{"Szacowany czas czytania":"5 minut"},"schema":{"@context":"https:\/\/schema.org","@graph":[{"@type":"WebPage","@id":"https:\/\/www.Eurotoll.eu\/pl\/faq\/","url":"https:\/\/www.Eurotoll.eu\/pl\/faq\/","name":"F.A.Q - Eurotoll","isPartOf":{"@id":"https:\/\/www.Eurotoll.eu\/pl\/#website"},"datePublished":"2016-09-08T07:42:57+00:00","dateModified":"2025-05-09T13:18:22+00:00","breadcrumb":{"@id":"https:\/\/www.Eurotoll.eu\/pl\/faq\/#breadcrumb"},"inLanguage":"pl-PL","potentialAction":[{"@type":"ReadAction","target":["https:\/\/www.Eurotoll.eu\/pl\/faq\/"]}]},{"@type":"BreadcrumbList","@id":"https:\/\/www.Eurotoll.eu\/pl\/faq\/#breadcrumb","itemListElement":[{"@type":"ListItem","position":1,"name":"Accueil","item":"https:\/\/www.Eurotoll.eu\/pl\/"},{"@type":"ListItem","position":2,"name":"F.A.Q"}]},{"@type":"WebSite","@id":"https:\/\/www.Eurotoll.eu\/pl\/#website","url":"https:\/\/www.Eurotoll.eu\/pl\/","name":"Eurotoll","description":"Acteur cl\u00e9 du t\u00e9l\u00e9p\u00e9age en Europe","potentialAction":[{"@type":"SearchAction","target":{"@type":"EntryPoint","urlTemplate":"https:\/\/www.Eurotoll.eu\/pl\/?s={search_term_string}"},"query-input":{"@type":"PropertyValueSpecification","valueRequired":true,"valueName":"search_term_string"}}],"inLanguage":"pl-PL"}]}},"_links":{"self":[{"href":"https:\/\/www.Eurotoll.eu\/pl\/wp-json\/wp\/v2\/pages\/5349","targetHints":{"allow":["GET"]}}],"collection":[{"href":"https:\/\/www.Eurotoll.eu\/pl\/wp-json\/wp\/v2\/pages"}],"about":[{"href":"https:\/\/www.Eurotoll.eu\/pl\/wp-json\/wp\/v2\/types\/page"}],"author":[{"embeddable":true,"href":"https:\/\/www.Eurotoll.eu\/pl\/wp-json\/wp\/v2\/users\/23"}],"replies":[{"embeddable":true,"href":"https:\/\/www.Eurotoll.eu\/pl\/wp-json\/wp\/v2\/comments?post=5349"}],"version-history":[{"count":17,"href":"https:\/\/www.Eurotoll.eu\/pl\/wp-json\/wp\/v2\/pages\/5349\/revisions"}],"predecessor-version":[{"id":18281,"href":"https:\/\/www.Eurotoll.eu\/pl\/wp-json\/wp\/v2\/pages\/5349\/revisions\/18281"}],"wp:attachment":[{"href":"https:\/\/www.Eurotoll.eu\/pl\/wp-json\/wp\/v2\/media?parent=5349"}],"curies":[{"name":"wp","href":"https:\/\/api.w.org\/{rel}","templated":true}]}}