{"id":7694,"date":"2018-07-18T09:31:45","date_gmt":"2018-07-18T07:31:45","guid":{"rendered":"http:\/\/80.75.152.85\/cookies\/"},"modified":"2025-06-16T09:20:04","modified_gmt":"2025-06-16T07:20:04","slug":"cookies","status":"publish","type":"page","link":"https:\/\/www.Eurotoll.eu\/pl\/cookies\/","title":{"rendered":"Polityka Cookies"},"content":{"rendered":"<p>Eurotoll (zwany dalej \u201eAdministratorem\u201d lub \u201eMy\u201d), kt\u00f3rego siedziba znajduje si\u0119 pod adresem 35 rue Camille Desmoulins, 92130 Issy-les-Moulineaux, Francja, zarejestrowany w rejestrze handlowym i sp\u00f3\u0142ek Nanterre pod numerem rejestracyjnym 484 835 103, numer VAT FR 21 484 835 103, dost\u0119pny pod adresem juridique@lumesia.com, jako Administrator danych, przekazuje nast\u0119puj\u0105ce informacje dotycz\u0105ce korzystania z plik\u00f3w cookie na stronie internetowej www.eurotoll.fr (zwanej dalej \u201eWitryn\u0105\u201d).<\/p>\n<p>&nbsp;<\/p>\n<h3><span style=\"color: #035e7e;\"><strong>1. Informacje o plikach cookie<\/strong><\/span><\/h3>\n<p>&nbsp;<\/p>\n<p>Pliki cookie to ma\u0142e pliki tekstowe, kt\u00f3re odwiedzana witryna wysy\u0142a do terminala u\u017cytkownika (np. komputera, smartfona lub tabletu), gdzie s\u0105 przechowywane, a nast\u0119pnie wysy\u0142ane z powrotem do tej samej witryny podczas kolejnych wizyt.<\/p>\n<p>&nbsp;<\/p>\n<p>Pliki cookie u\u017cywane na stronach internetowych mo\u017cna sklasyfikowa\u0107 w oparciu o nast\u0119puj\u0105ce kryteria:<\/p>\n<p><span style=\"color: #333333;\"><strong>a) Na podstawie tego, kto zarz\u0105dza plikami cookie:<\/strong><\/span><\/p>\n<ul>\n<li><span style=\"color: #333333;\"><strong>Pliki cookie administratora (lub w\u0142asne):<\/strong><\/span> S\u0105 to pliki cookie instalowane bezpo\u015brednio przez Administratora za po\u015brednictwem Witryny.<\/li>\n<li><span style=\"color: #333333;\"><strong>Pliki cookie podmiot\u00f3w trzecich: <\/strong><\/span>S\u0105 to pliki cookie instalowane za po\u015brednictwem Witryny przez podmioty trzecie inne ni\u017c my.<\/li>\n<\/ul>\n<p>&nbsp;<\/p>\n<p><strong>b) Na podstawie tego, jak d\u0142ugo pozostaj\u0105 aktywne:<\/strong><\/p>\n<ul>\n<li><span style=\"color: #333333;\"><strong>Sesyjne pliki cookie:<\/strong><\/span> Te pliki cookie przechowuj\u0105 niezb\u0119dne informacje podczas sesji przegl\u0105dania i s\u0105 usuwane natychmiast po wyga\u015bni\u0119ciu sesji, tj. po zamkni\u0119ciu przegl\u0105darki.<\/li>\n<li><span style=\"color: #333333;\"><strong>Trwa\u0142e<\/strong> <strong>pliki cookie:<\/strong><\/span> Te pliki cookie s\u0105 przechowywane na dysku twardym u\u017cytkownika i s\u0105 odczytywane przez Witryn\u0119 przy ka\u017cdej nowej wizycie. Trwa\u0142y plik cookie ma ustalon\u0105 dat\u0119 wyga\u015bni\u0119cia, po kt\u00f3rej przestaje dzia\u0142a\u0107.<\/li>\n<\/ul>\n<p>&nbsp;<\/p>\n<p><strong>c) Na podstawie ich przeznaczenia:<\/strong><\/p>\n<ul>\n<li><span style=\"color: #333333;\"><strong>Techniczne pliki cookie:<\/strong><\/span> Te pliki cookie s\u0105 niezb\u0119dne, aby umo\u017cliwi\u0107 u\u017cytkownikom przegl\u0105danie Witryny i korzystanie z jej funkcjonalno\u015bci.<\/li>\n<li><span style=\"color: #333333;\"><strong>Analityczne pliki cookie:<\/strong><\/span> Te pliki cookie s\u0105 wykorzystywane do uzyskiwania informacji statystycznych, w formie zagregowanej lub niezagregowanej, na temat liczby u\u017cytkownik\u00f3w odwiedzaj\u0105cych Witryn\u0119 oraz sposobu korzystania z Witryny.<\/li>\n<li><span style=\"color: #333333;\"><strong>Funkcjonalne pliki cookie:<\/strong> <\/span>Te pliki cookie s\u0142u\u017c\u0105 do zapami\u0119tywania preferencji odwiedzaj\u0105cych zwi\u0105zanych z Witryn\u0105, takich jak j\u0119zyk, strefa czasowa i zaawansowane tre\u015bci.<\/li>\n<li><span style=\"color: #333333;\"><strong>Targetuj\u0105ce (lub reklamowe) pliki cookie:<\/strong><\/span> Te pliki cookie s\u0142u\u017c\u0105 do tworzenia profilu u\u017cytkownika w celu wy\u015bwietlania w Witrynie reklam odpowiadaj\u0105cych jego zainteresowaniom, w oparciu o jego preferencje i nawyki konsumpcyjne.<\/li>\n<\/ul>\n<p>&nbsp;<\/p>\n<h3><span style=\"color: #035e7e;\"><strong>2. <\/strong><strong>Podstawa prawna przetwarzania danych<\/strong><\/span><\/h3>\n<p>&nbsp;<\/p>\n<p>Przetwarzanie danych za pomoc\u0105 technicznych plik\u00f3w cookie opiera si\u0119 na realizacji prawnie uzasadnionych interes\u00f3w Administratora lub stron trzecich, pod warunkiem, \u017ce interesy te nie s\u0105 nadrz\u0119dne wobec podstawowych praw i wolno\u015bci osoby, kt\u00f3rej dane dotycz\u0105, wymagaj\u0105cych ochrony danych, z uwzgl\u0119dnieniem jej uzasadnionych oczekiwa\u0144 wynikaj\u0105cych z relacji z Administratorem danych (art. 6 ust. 1 lit. f) RODO).<\/p>\n<p>&nbsp;<\/p>\n<p>Z drugiej strony, przetwarzanie odbywaj\u0105ce si\u0119 za po\u015brednictwem wydajno\u015bciowych i targetuj\u0105cych plik\u00f3w cookie opiera si\u0119 na wyra\u017anej zgodzie osoby, kt\u00f3rej dane dotycz\u0105 (art. 6 ust. 1 lit. a) RODO), kt\u00f3r\u0105 mo\u017cna wycofa\u0107 w dowolnym momencie. Preferencje dotycz\u0105ce plik\u00f3w cookie mo\u017cna zmieni\u0107, wycofuj\u0105c lub wyra\u017caj\u0105c zgod\u0119 na ich u\u017cycie, odwiedzaj\u0105c Witryn\u0119 i uzyskuj\u0105c dost\u0119p do sekcji \u201ePliki cookie\u201d u do\u0142u tej strony.<\/p>\n<p>&nbsp;<\/p>\n<h3><span style=\"color: #035e7e;\"><strong>3. Zarz\u0105dzanie preferencjami dotycz\u0105cymi plik\u00f3w cookie<\/strong><\/span><\/h3>\n<p>&nbsp;<\/p>\n<p>U\u017cytkownik mo\u017ce w dowolnym momencie zdecydowa\u0107 o ca\u0142kowitym lub cz\u0119\u015bciowym zablokowaniu instalacji plik\u00f3w cookie poprzez zmian\u0119 ustawie\u0144 swojej przegl\u0105darki. Je\u015bli jednak ustawienia przegl\u0105darki s\u0105 u\u017cywane do blokowania wszystkich plik\u00f3w cookie (w tym \u015bci\u015ble niezb\u0119dnych plik\u00f3w cookie), dost\u0119p do ca\u0142o\u015bci lub cz\u0119\u015bci Witryny mo\u017ce nie by\u0107 mo\u017cliwy. W szczeg\u00f3lno\u015bci wy\u0142\u0105czenie technicznych plik\u00f3w cookie uniemo\u017cliwi nawigacj\u0119 w Witrynie, podczas gdy wy\u0142\u0105czenie innych plik\u00f3w cookie nie wp\u0142ynie na przegl\u0105danie.<\/p>\n<p>&nbsp;<\/p>\n<p>Ka\u017cda przegl\u0105darka ma inn\u0105 konfiguracj\u0119, kt\u00f3r\u0105 mo\u017cna znale\u017a\u0107 w menu \u201ePomoc\u201d przegl\u0105darki. Instrukcje dla najpopularniejszych przegl\u0105darek s\u0105 dost\u0119pne pod poni\u017cszymi linkami:<\/p>\n<ul>\n<li><span style=\"color: #035e7e;\"><a style=\"color: #035e7e;\" href=\"https:\/\/support.google.com\/chrome\/answer\/95647?hl=pl\"><strong>Google Chrome<\/strong><\/a><\/span><\/li>\n<li><span style=\"color: #035e7e;\"><a style=\"color: #035e7e;\" href=\"https:\/\/support.mozilla.org\/pl\/kb\/jak-wyczyscic-ciasteczka-dane-witryny-pojedynczej-domeny-firefox-android\"><strong>Mozilla Firefox<\/strong><\/a><\/span><\/li>\n<li><span style=\"color: #035e7e;\"><a style=\"color: #035e7e;\" href=\"https:\/\/support.microsoft.com\/pl-pl\/windows\/zarz%C4%85dzanie-plikami-cookie-w-przegl%C4%85darce-microsoft-edge-wy%C5%9Bwietlanie-zezwalanie-blokowanie-usuwanie-i-u%C5%BCywanie-168dab11-0753-043d-7c16-ede5947fc64d#:~:text=visualiser%20ce%20site.-,Ouvrez%20le%20navigateur%20Edge%2C%20s%C3%A9lectionnez%20Param%C3%A8tres%20et%20bien%20plus%20encore,activez%20Bloquer%20les%20cookies%20tiers.\"><strong>Internet Explorer<\/strong><\/a><\/span><\/li>\n<li><span style=\"color: #035e7e;\"><a style=\"color: #035e7e;\" href=\"https:\/\/help.opera.com\/en\/latest\/web-preferences\/#cookies\"><strong>Opera<\/strong><\/a><\/span><\/li>\n<li><span style=\"color: #035e7e;\"><a style=\"color: #035e7e;\" href=\"https:\/\/support.apple.com\/fr-fr\/guide\/safari\/sfri11471\/mac\"><strong>Safari<\/strong><\/a><\/span><\/li>\n<\/ul>\n<p>&nbsp;<\/p>\n<p><script type=\"text\/javascript\" charset=\"UTF-8\" data-cookiescriptreport=\"report\" src=\"\/\/report.cookie-script.com\/r\/f46109f91de32e9218d172a596bc9d1b.js\"><\/script><\/p>\n<p>&nbsp;<\/p>\n","protected":false},"excerpt":{"rendered":"<p>Eurotoll (zwany dalej \u201eAdministratorem\u201d lub \u201eMy\u201d), kt\u00f3rego siedziba znajduje si\u0119 pod adresem 35 rue Camille Desmoulins, 92130 Issy-les-Moulineaux, Francja, zarejestrowany w&#8230;<\/p>\n","protected":false},"author":23,"featured_media":0,"parent":0,"menu_order":0,"comment_status":"closed","ping_status":"closed","template":"","meta":{"footnotes":""},"class_list":["post-7694","page","type-page","status-publish","hentry"],"yoast_head":"<!-- This site is optimized with the Yoast SEO Premium plugin v26.7 (Yoast SEO v26.7) - https:\/\/yoast.com\/wordpress\/plugins\/seo\/ -->\n<title>Polityka Cookies - Eurotoll<\/title>\n<meta name=\"robots\" content=\"noindex, nofollow\" \/>\n<meta property=\"og:locale\" content=\"pl_PL\" \/>\n<meta property=\"og:type\" content=\"article\" \/>\n<meta property=\"og:title\" content=\"Polityka Cookies\" \/>\n<meta property=\"og:description\" content=\"Eurotoll (zwany dalej \u201eAdministratorem\u201d lub \u201eMy\u201d), kt\u00f3rego siedziba znajduje si\u0119 pod adresem 35 rue Camille Desmoulins, 92130 Issy-les-Moulineaux, Francja, zarejestrowany w...\" \/>\n<meta property=\"og:url\" content=\"https:\/\/www.Eurotoll.eu\/pl\/cookies\/\" \/>\n<meta property=\"og:site_name\" content=\"Eurotoll\" \/>\n<meta property=\"article:modified_time\" content=\"2025-06-16T07:20:04+00:00\" \/>\n<meta name=\"twitter:card\" content=\"summary_large_image\" \/>\n<meta name=\"twitter:label1\" content=\"Szacowany czas czytania\" \/>\n\t<meta name=\"twitter:data1\" content=\"3 minuty\" \/>\n<script type=\"application\/ld+json\" class=\"yoast-schema-graph\">{\"@context\":\"https:\/\/schema.org\",\"@graph\":[{\"@type\":\"WebPage\",\"@id\":\"https:\/\/www.Eurotoll.eu\/pl\/cookies\/\",\"url\":\"https:\/\/www.Eurotoll.eu\/pl\/cookies\/\",\"name\":\"Polityka Cookies - Eurotoll\",\"isPartOf\":{\"@id\":\"https:\/\/www.Eurotoll.eu\/pl\/#website\"},\"datePublished\":\"2018-07-18T07:31:45+00:00\",\"dateModified\":\"2025-06-16T07:20:04+00:00\",\"breadcrumb\":{\"@id\":\"https:\/\/www.Eurotoll.eu\/pl\/cookies\/#breadcrumb\"},\"inLanguage\":\"pl-PL\",\"potentialAction\":[{\"@type\":\"ReadAction\",\"target\":[\"https:\/\/www.Eurotoll.eu\/pl\/cookies\/\"]}]},{\"@type\":\"BreadcrumbList\",\"@id\":\"https:\/\/www.Eurotoll.eu\/pl\/cookies\/#breadcrumb\",\"itemListElement\":[{\"@type\":\"ListItem\",\"position\":1,\"name\":\"Accueil\",\"item\":\"https:\/\/www.Eurotoll.eu\/pl\/\"},{\"@type\":\"ListItem\",\"position\":2,\"name\":\"Polityka Cookies\"}]},{\"@type\":\"WebSite\",\"@id\":\"https:\/\/www.Eurotoll.eu\/pl\/#website\",\"url\":\"https:\/\/www.Eurotoll.eu\/pl\/\",\"name\":\"Eurotoll\",\"description\":\"Acteur cl\u00e9 du t\u00e9l\u00e9p\u00e9age en Europe\",\"potentialAction\":[{\"@type\":\"SearchAction\",\"target\":{\"@type\":\"EntryPoint\",\"urlTemplate\":\"https:\/\/www.Eurotoll.eu\/pl\/?s={search_term_string}\"},\"query-input\":{\"@type\":\"PropertyValueSpecification\",\"valueRequired\":true,\"valueName\":\"search_term_string\"}}],\"inLanguage\":\"pl-PL\"}]}<\/script>\n<!-- \/ Yoast SEO Premium plugin. -->","yoast_head_json":{"title":"Polityka Cookies - Eurotoll","robots":{"index":"noindex","follow":"nofollow"},"og_locale":"pl_PL","og_type":"article","og_title":"Polityka Cookies","og_description":"Eurotoll (zwany dalej \u201eAdministratorem\u201d lub \u201eMy\u201d), kt\u00f3rego siedziba znajduje si\u0119 pod adresem 35 rue Camille Desmoulins, 92130 Issy-les-Moulineaux, Francja, zarejestrowany w...","og_url":"https:\/\/www.Eurotoll.eu\/pl\/cookies\/","og_site_name":"Eurotoll","article_modified_time":"2025-06-16T07:20:04+00:00","twitter_card":"summary_large_image","twitter_misc":{"Szacowany czas czytania":"3 minuty"},"schema":{"@context":"https:\/\/schema.org","@graph":[{"@type":"WebPage","@id":"https:\/\/www.Eurotoll.eu\/pl\/cookies\/","url":"https:\/\/www.Eurotoll.eu\/pl\/cookies\/","name":"Polityka Cookies - Eurotoll","isPartOf":{"@id":"https:\/\/www.Eurotoll.eu\/pl\/#website"},"datePublished":"2018-07-18T07:31:45+00:00","dateModified":"2025-06-16T07:20:04+00:00","breadcrumb":{"@id":"https:\/\/www.Eurotoll.eu\/pl\/cookies\/#breadcrumb"},"inLanguage":"pl-PL","potentialAction":[{"@type":"ReadAction","target":["https:\/\/www.Eurotoll.eu\/pl\/cookies\/"]}]},{"@type":"BreadcrumbList","@id":"https:\/\/www.Eurotoll.eu\/pl\/cookies\/#breadcrumb","itemListElement":[{"@type":"ListItem","position":1,"name":"Accueil","item":"https:\/\/www.Eurotoll.eu\/pl\/"},{"@type":"ListItem","position":2,"name":"Polityka Cookies"}]},{"@type":"WebSite","@id":"https:\/\/www.Eurotoll.eu\/pl\/#website","url":"https:\/\/www.Eurotoll.eu\/pl\/","name":"Eurotoll","description":"Acteur cl\u00e9 du t\u00e9l\u00e9p\u00e9age en Europe","potentialAction":[{"@type":"SearchAction","target":{"@type":"EntryPoint","urlTemplate":"https:\/\/www.Eurotoll.eu\/pl\/?s={search_term_string}"},"query-input":{"@type":"PropertyValueSpecification","valueRequired":true,"valueName":"search_term_string"}}],"inLanguage":"pl-PL"}]}},"_links":{"self":[{"href":"https:\/\/www.Eurotoll.eu\/pl\/wp-json\/wp\/v2\/pages\/7694","targetHints":{"allow":["GET"]}}],"collection":[{"href":"https:\/\/www.Eurotoll.eu\/pl\/wp-json\/wp\/v2\/pages"}],"about":[{"href":"https:\/\/www.Eurotoll.eu\/pl\/wp-json\/wp\/v2\/types\/page"}],"author":[{"embeddable":true,"href":"https:\/\/www.Eurotoll.eu\/pl\/wp-json\/wp\/v2\/users\/23"}],"replies":[{"embeddable":true,"href":"https:\/\/www.Eurotoll.eu\/pl\/wp-json\/wp\/v2\/comments?post=7694"}],"version-history":[{"count":10,"href":"https:\/\/www.Eurotoll.eu\/pl\/wp-json\/wp\/v2\/pages\/7694\/revisions"}],"predecessor-version":[{"id":18316,"href":"https:\/\/www.Eurotoll.eu\/pl\/wp-json\/wp\/v2\/pages\/7694\/revisions\/18316"}],"wp:attachment":[{"href":"https:\/\/www.Eurotoll.eu\/pl\/wp-json\/wp\/v2\/media?parent=7694"}],"curies":[{"name":"wp","href":"https:\/\/api.w.org\/{rel}","templated":true}]}}