{"id":7722,"date":"2018-07-18T13:47:16","date_gmt":"2018-07-18T11:47:16","guid":{"rendered":"http:\/\/80.75.152.85\/nasza-oferta\/belgia-2\/"},"modified":"2025-11-17T16:13:01","modified_gmt":"2025-11-17T15:13:01","slug":"belgia","status":"publish","type":"page","link":"https:\/\/www.Eurotoll.eu\/pl\/nasza-oferta\/belgia\/","title":{"rendered":"Belgia"},"content":{"rendered":"<p>[vc_row content_width=&#8221;grid&#8221; el_class=&#8221;padtop50 padbot50&#8243;][vc_column][vc_column_text]<\/p>\n<h2 class=\"p2\"><span style=\"color: #afca0b;\">Wi\u0119cej informacji o belgijskiej sieci :<\/span><\/h2>\n<p>&nbsp;<\/p>\n<p class=\"p3\">Od 1 kwietnia 2016 r. Wszystkie pojazdy przeznaczone do przewozu towar\u00f3w o maksymalnej dopuszczalnej masie przekraczaj\u0105cej 3,5 T podlegaj\u0105 op\u0142atom kilometrowym w Belgii.<\/p>\n<p>&nbsp;<\/p>\n<p class=\"p3\">Belgijska sie\u0107 opodatkowana (Viapass) sk\u0142ada si\u0119 z oko\u0142o 6 500 km autostrad, dr\u00f3g regionalnych i miejskich, rozmieszczonych w 3 regionach. Aby m\u00f3c porusza\u0107 si\u0119 w tej sieci, wszystkie kwalifikuj\u0105ce si\u0119 pojazdy musz\u0105 by\u0107 wyposa\u017cone w jednostk\u0119 pok\u0142adow\u0105.<\/p>\n<p>&nbsp;<\/p>\n<p class=\"p3\"><span style=\"color: #afca0b;\"><a style=\"color: #afca0b;\" href=\"https:\/\/www.viapass.be\/en\/all-items\/wallonia-to-index-kilometer-charge-on-1-january-2023\/\" target=\"_blank\" rel=\"noopener\" data-link-id=\"siJuxTEISNqOxz1Nk07E8Q\"><strong>Kliknij tutaj po wi\u0119cej informacji<\/strong><\/a><\/span><\/p>\n<p>&nbsp;<\/p>\n<h2 class=\"p3\"><\/h2>\n<p>[\/vc_column_text][vc_column_text]<\/p>\n<ul>\n<li style=\"list-style-type: none;\">\n<ul>\n<li class=\"p1\">Podr\u00f3\u017cuj spokojnie dzi\u0119ki naszej pomocy Lumesia dost\u0119pnej 24h \/ 7 w 4 j\u0119zykach (francuski, angielski, niemiecki, holenderski).<\/li>\n<\/ul>\n<\/li>\n<\/ul>\n<p>&nbsp;<\/p>\n<ul>\n<li style=\"list-style-type: none;\">\n<ul>\n<li class=\"p1\">Korzystaj z elastycznej oferty dostosowanej do Twoich potrzeb: zwyk\u0142ej lub okazjonalnej.<\/li>\n<\/ul>\n<\/li>\n<\/ul>\n<p>[\/vc_column_text][\/vc_column][\/vc_row][vc_row content_width=&#8221;grid&#8221; el_class=&#8221;padtop50 padbot50&#8243;][vc_column][vc_empty_space height=&#8221;50px&#8221;]<a href=\"mailto:bok@lumesia.com\" target=\"_blank\" style=\"color: #ffffff;background-color: rgba(175,202,11,0.8);border-color: #afca0b\" class=\"qodef-btn qodef-btn-small qodef-btn-outline qodef-btn-custom-hover-bg qodef-btn-custom-border-hover qodef-btn-custom-hover-color qodef-btn-icon\" data-hover-bg-color=\"#afca0b\" data-hover-color=\"#ffffff\" data-hover-border-color=\"#afca0b\" >\n        <span class=\"qodef-btn-text\">ZAREJESTRUJ SI\u0118<\/span>\n    <span class=\"qodef-btn-text-icon\"><i class=\"qodef-icon-simple-line-icon icon-arrow-right-circle \" ><\/i><\/span>\n<\/a>[\/vc_column][\/vc_row][vc_row el_id=&#8221;plus-service-eurotoll&#8221; el_class=&#8221;spepadleft white&#8221; css=&#8221;.vc_custom_1683110570182{background-color: #035e7e !important;}&#8221;][vc_column width=&#8221;2\/3&#8243; el_class=&#8221;padtop50 padbot50&#8243;][vc_column_text]<\/p>\n<h4><strong>Zalety korzystania z us\u0142ug Lumesia:<\/strong><\/h4>\n<ul>\n<li>Rejestracja pojazd\u00f3w przez Lumesia<\/li>\n<li>Pulpit nawigacyjny do \u015bledzenia i monitorowania zu\u017cycia VIAPASS.<\/li>\n<li>Twoje zu\u017cycie w Belgii uwzgl\u0119dnione w fakturze Lumesia<\/li>\n<\/ul>\n<p>[\/vc_column_text][vc_empty_space]<a href=\"https:\/\/eurotoll.eu\/wp-content\/uploads\/2018\/09\/carte-r\u00e9gions-Belgique_CBD_20180910_VPL.pdf\" target=\"_blank\" style=\"color: #ffffff\" class=\"qodef-btn qodef-btn-medium qodef-btn-default qodef-btn-custom-border-hover qodef-btn-icon\" data-hover-border-color=\"#ffffff\" >\n        <span class=\"qodef-btn-text\">CHECK THE MAP<\/span>\n    <span class=\"qodef-btn-text-icon\"><i class=\"qodef-icon-font-awesome fa fa-download \" ><\/i><\/span>\n<\/a>[\/vc_column][vc_column width=&#8221;1\/3&#8243;][vc_single_image image=&#8221;3482&#8243; img_size=&#8221;full&#8221;][\/vc_column][\/vc_row][vc_row content_width=&#8221;grid&#8221; content_aligment=&#8221;center&#8221; css=&#8221;.vc_custom_1760348835116{background-color: #afca0b !important;}&#8221; el_class=&#8221;padtop50 padbot50&#8243;][vc_column][vc_empty_space height=&#8221;15px&#8221;][vc_column_text css=&#8221;.vc_custom_1760347165486{padding-right: 10px !important;padding-left: 10px !important;}&#8221;]<\/p>\n<h3 style=\"text-align: center;\"><span style=\"color: #035e7e;\">W celu uzyskania dalszych informacji nasz dzia\u0142 obs\u0142ugi klienta pozostaje do Pa\u0144stwa dyspozycji.<\/span><\/h3>\n<p>[\/vc_column_text][vc_empty_space]<a href=\"mailto:bok@lumesia.com\" target=\"_self\" style=\"color: #035e7e;border-color: #035e7e;margin: 10\" class=\"qodef-btn qodef-btn-small qodef-btn-outline qodef-btn-icon\"  >\n        <span class=\"qodef-btn-text\">Skontaktuj si\u0119 z nami<\/span>\n    <span class=\"qodef-btn-text-icon\"><i class=\"qodef-icon-simple-line-icon icon-arrow-right \" ><\/i><\/span>\n<\/a>[\/vc_column][\/vc_row]<\/p>\n","protected":false},"excerpt":{"rendered":"<p>[vc_row content_width=&#8221;grid&#8221; el_class=&#8221;padtop50 padbot50&#8243;][vc_column][vc_column_text] Wi\u0119cej informacji o belgijskiej sieci : &nbsp; Od 1 kwietnia 2016 r. Wszystkie pojazdy przeznaczone do przewozu&#8230;<\/p>\n","protected":false},"author":23,"featured_media":0,"parent":3859,"menu_order":0,"comment_status":"closed","ping_status":"closed","template":"full-width.php","meta":{"footnotes":""},"class_list":["post-7722","page","type-page","status-publish","hentry"],"yoast_head":"<!-- This site is optimized with the Yoast SEO Premium plugin v26.7 (Yoast SEO v26.7) - https:\/\/yoast.com\/wordpress\/plugins\/seo\/ -->\n<title>T\u00e9l\u00e9p\u00e9age Belgique<\/title>\n<meta name=\"robots\" content=\"index, follow, max-snippet:-1, max-image-preview:large, max-video-preview:-1\" \/>\n<link rel=\"canonical\" href=\"https:\/\/www.Eurotoll.eu\/pl\/nasza-oferta\/belgia\/\" \/>\n<meta property=\"og:locale\" content=\"pl_PL\" \/>\n<meta property=\"og:type\" content=\"article\" \/>\n<meta property=\"og:title\" content=\"Belgia\" \/>\n<meta property=\"og:description\" content=\"[vc_row content_width=&#8221;grid&#8221; el_class=&#8221;padtop50 padbot50&#8243;][vc_column][vc_column_text] Wi\u0119cej informacji o belgijskiej sieci : &nbsp; Od 1 kwietnia 2016 r. Wszystkie pojazdy przeznaczone do przewozu...\" \/>\n<meta property=\"og:url\" content=\"https:\/\/www.Eurotoll.eu\/pl\/nasza-oferta\/belgia\/\" \/>\n<meta property=\"og:site_name\" content=\"Eurotoll\" \/>\n<meta property=\"article:modified_time\" content=\"2025-11-17T15:13:01+00:00\" \/>\n<meta name=\"twitter:card\" content=\"summary_large_image\" \/>\n<meta name=\"twitter:label1\" content=\"Szacowany czas czytania\" \/>\n\t<meta name=\"twitter:data1\" content=\"1 minuta\" \/>\n<script type=\"application\/ld+json\" class=\"yoast-schema-graph\">{\"@context\":\"https:\/\/schema.org\",\"@graph\":[{\"@type\":\"WebPage\",\"@id\":\"https:\/\/www.Eurotoll.eu\/pl\/nasza-oferta\/belgia\/\",\"url\":\"https:\/\/www.Eurotoll.eu\/pl\/nasza-oferta\/belgia\/\",\"name\":\"T\u00e9l\u00e9p\u00e9age Belgique\",\"isPartOf\":{\"@id\":\"https:\/\/www.Eurotoll.eu\/pl\/#website\"},\"datePublished\":\"2018-07-18T11:47:16+00:00\",\"dateModified\":\"2025-11-17T15:13:01+00:00\",\"breadcrumb\":{\"@id\":\"https:\/\/www.Eurotoll.eu\/pl\/nasza-oferta\/belgia\/#breadcrumb\"},\"inLanguage\":\"pl-PL\",\"potentialAction\":[{\"@type\":\"ReadAction\",\"target\":[\"https:\/\/www.Eurotoll.eu\/pl\/nasza-oferta\/belgia\/\"]}]},{\"@type\":\"BreadcrumbList\",\"@id\":\"https:\/\/www.Eurotoll.eu\/pl\/nasza-oferta\/belgia\/#breadcrumb\",\"itemListElement\":[{\"@type\":\"ListItem\",\"position\":1,\"name\":\"Accueil\",\"item\":\"https:\/\/www.Eurotoll.eu\/pl\/\"},{\"@type\":\"ListItem\",\"position\":2,\"name\":\"Nasza oferta\",\"item\":\"https:\/\/www.Eurotoll.eu\/pl\/nasza-oferta\/\"},{\"@type\":\"ListItem\",\"position\":3,\"name\":\"Belgia\"}]},{\"@type\":\"WebSite\",\"@id\":\"https:\/\/www.Eurotoll.eu\/pl\/#website\",\"url\":\"https:\/\/www.Eurotoll.eu\/pl\/\",\"name\":\"Eurotoll\",\"description\":\"Acteur cl\u00e9 du t\u00e9l\u00e9p\u00e9age en Europe\",\"potentialAction\":[{\"@type\":\"SearchAction\",\"target\":{\"@type\":\"EntryPoint\",\"urlTemplate\":\"https:\/\/www.Eurotoll.eu\/pl\/?s={search_term_string}\"},\"query-input\":{\"@type\":\"PropertyValueSpecification\",\"valueRequired\":true,\"valueName\":\"search_term_string\"}}],\"inLanguage\":\"pl-PL\"}]}<\/script>\n<!-- \/ Yoast SEO Premium plugin. -->","yoast_head_json":{"title":"T\u00e9l\u00e9p\u00e9age Belgique","robots":{"index":"index","follow":"follow","max-snippet":"max-snippet:-1","max-image-preview":"max-image-preview:large","max-video-preview":"max-video-preview:-1"},"canonical":"https:\/\/www.Eurotoll.eu\/pl\/nasza-oferta\/belgia\/","og_locale":"pl_PL","og_type":"article","og_title":"Belgia","og_description":"[vc_row content_width=&#8221;grid&#8221; el_class=&#8221;padtop50 padbot50&#8243;][vc_column][vc_column_text] Wi\u0119cej informacji o belgijskiej sieci : &nbsp; Od 1 kwietnia 2016 r. Wszystkie pojazdy przeznaczone do przewozu...","og_url":"https:\/\/www.Eurotoll.eu\/pl\/nasza-oferta\/belgia\/","og_site_name":"Eurotoll","article_modified_time":"2025-11-17T15:13:01+00:00","twitter_card":"summary_large_image","twitter_misc":{"Szacowany czas czytania":"1 minuta"},"schema":{"@context":"https:\/\/schema.org","@graph":[{"@type":"WebPage","@id":"https:\/\/www.Eurotoll.eu\/pl\/nasza-oferta\/belgia\/","url":"https:\/\/www.Eurotoll.eu\/pl\/nasza-oferta\/belgia\/","name":"T\u00e9l\u00e9p\u00e9age Belgique","isPartOf":{"@id":"https:\/\/www.Eurotoll.eu\/pl\/#website"},"datePublished":"2018-07-18T11:47:16+00:00","dateModified":"2025-11-17T15:13:01+00:00","breadcrumb":{"@id":"https:\/\/www.Eurotoll.eu\/pl\/nasza-oferta\/belgia\/#breadcrumb"},"inLanguage":"pl-PL","potentialAction":[{"@type":"ReadAction","target":["https:\/\/www.Eurotoll.eu\/pl\/nasza-oferta\/belgia\/"]}]},{"@type":"BreadcrumbList","@id":"https:\/\/www.Eurotoll.eu\/pl\/nasza-oferta\/belgia\/#breadcrumb","itemListElement":[{"@type":"ListItem","position":1,"name":"Accueil","item":"https:\/\/www.Eurotoll.eu\/pl\/"},{"@type":"ListItem","position":2,"name":"Nasza oferta","item":"https:\/\/www.Eurotoll.eu\/pl\/nasza-oferta\/"},{"@type":"ListItem","position":3,"name":"Belgia"}]},{"@type":"WebSite","@id":"https:\/\/www.Eurotoll.eu\/pl\/#website","url":"https:\/\/www.Eurotoll.eu\/pl\/","name":"Eurotoll","description":"Acteur cl\u00e9 du t\u00e9l\u00e9p\u00e9age en Europe","potentialAction":[{"@type":"SearchAction","target":{"@type":"EntryPoint","urlTemplate":"https:\/\/www.Eurotoll.eu\/pl\/?s={search_term_string}"},"query-input":{"@type":"PropertyValueSpecification","valueRequired":true,"valueName":"search_term_string"}}],"inLanguage":"pl-PL"}]}},"_links":{"self":[{"href":"https:\/\/www.Eurotoll.eu\/pl\/wp-json\/wp\/v2\/pages\/7722","targetHints":{"allow":["GET"]}}],"collection":[{"href":"https:\/\/www.Eurotoll.eu\/pl\/wp-json\/wp\/v2\/pages"}],"about":[{"href":"https:\/\/www.Eurotoll.eu\/pl\/wp-json\/wp\/v2\/types\/page"}],"author":[{"embeddable":true,"href":"https:\/\/www.Eurotoll.eu\/pl\/wp-json\/wp\/v2\/users\/23"}],"replies":[{"embeddable":true,"href":"https:\/\/www.Eurotoll.eu\/pl\/wp-json\/wp\/v2\/comments?post=7722"}],"version-history":[{"count":22,"href":"https:\/\/www.Eurotoll.eu\/pl\/wp-json\/wp\/v2\/pages\/7722\/revisions"}],"predecessor-version":[{"id":19499,"href":"https:\/\/www.Eurotoll.eu\/pl\/wp-json\/wp\/v2\/pages\/7722\/revisions\/19499"}],"up":[{"embeddable":true,"href":"https:\/\/www.Eurotoll.eu\/pl\/wp-json\/wp\/v2\/pages\/3859"}],"wp:attachment":[{"href":"https:\/\/www.Eurotoll.eu\/pl\/wp-json\/wp\/v2\/media?parent=7722"}],"curies":[{"name":"wp","href":"https:\/\/api.w.org\/{rel}","templated":true}]}}