{"id":7874,"date":"2023-05-22T11:10:51","date_gmt":"2023-05-22T09:10:51","guid":{"rendered":"http:\/\/80.75.152.85\/?page_id=7874\/"},"modified":"2023-05-22T16:21:42","modified_gmt":"2023-05-22T14:21:42","slug":"belgijska-siec-viapass-z-urzadzeniem","status":"publish","type":"page","link":"https:\/\/www.Eurotoll.eu\/pl\/nasza-oferta\/austria\/belgijska-siec-viapass-z-urzadzeniem\/","title":{"rendered":"Belgijska Viapass"},"content":{"rendered":"<p>[vc_row][vc_column][\/vc_column][\/vc_row]<\/p>\n","protected":false},"excerpt":{"rendered":"<p>[vc_row][vc_column][\/vc_column][\/vc_row]<\/p>\n","protected":false},"author":23,"featured_media":0,"parent":3877,"menu_order":0,"comment_status":"closed","ping_status":"closed","template":"","meta":{"footnotes":""},"class_list":["post-7874","page","type-page","status-publish","hentry"],"yoast_head":"<!-- This site is optimized with the Yoast SEO Premium plugin v26.7 (Yoast SEO v26.7) - https:\/\/yoast.com\/wordpress\/plugins\/seo\/ -->\n<title>En savoir plus sur l&#039;offre Viapass | eurotoll<\/title>\n<meta name=\"description\" content=\"Circulez en toute s\u00e9r\u00e9nit\u00e9 sur le r\u00e9seau Viapass et profitez d&#039;un boitier t\u00e9l\u00e9p\u00e9age unique pour 5 pays (France, Espagne, Portugal, Belgique, Autriche)\" \/>\n<meta name=\"robots\" content=\"index, follow, max-snippet:-1, max-image-preview:large, max-video-preview:-1\" \/>\n<link rel=\"canonical\" href=\"https:\/\/www.Eurotoll.eu\/pl\/nasza-oferta\/austria\/belgijska-siec-viapass-z-urzadzeniem\/\" \/>\n<meta property=\"og:locale\" content=\"pl_PL\" \/>\n<meta property=\"og:type\" content=\"article\" \/>\n<meta property=\"og:title\" content=\"Belgijska Viapass\" \/>\n<meta property=\"og:description\" content=\"Circulez en toute s\u00e9r\u00e9nit\u00e9 sur le r\u00e9seau Viapass et profitez d&#039;un boitier t\u00e9l\u00e9p\u00e9age unique pour 5 pays (France, Espagne, Portugal, Belgique, Autriche)\" \/>\n<meta property=\"og:url\" content=\"https:\/\/www.Eurotoll.eu\/pl\/nasza-oferta\/austria\/belgijska-siec-viapass-z-urzadzeniem\/\" \/>\n<meta property=\"og:site_name\" content=\"Eurotoll\" \/>\n<meta property=\"article:modified_time\" content=\"2023-05-22T14:21:42+00:00\" \/>\n<meta name=\"twitter:card\" content=\"summary_large_image\" \/>\n<meta name=\"twitter:label1\" content=\"Szacowany czas czytania\" \/>\n\t<meta name=\"twitter:data1\" content=\"1 minuta\" \/>\n<script type=\"application\/ld+json\" class=\"yoast-schema-graph\">{\"@context\":\"https:\/\/schema.org\",\"@graph\":[{\"@type\":\"WebPage\",\"@id\":\"https:\/\/www.Eurotoll.eu\/pl\/nasza-oferta\/austria\/belgijska-siec-viapass-z-urzadzeniem\/\",\"url\":\"https:\/\/www.Eurotoll.eu\/pl\/nasza-oferta\/austria\/belgijska-siec-viapass-z-urzadzeniem\/\",\"name\":\"En savoir plus sur l'offre Viapass | eurotoll\",\"isPartOf\":{\"@id\":\"https:\/\/www.Eurotoll.eu\/pl\/#website\"},\"datePublished\":\"2023-05-22T09:10:51+00:00\",\"dateModified\":\"2023-05-22T14:21:42+00:00\",\"description\":\"Circulez en toute s\u00e9r\u00e9nit\u00e9 sur le r\u00e9seau Viapass et profitez d'un boitier t\u00e9l\u00e9p\u00e9age unique pour 5 pays (France, Espagne, Portugal, Belgique, Autriche)\",\"breadcrumb\":{\"@id\":\"https:\/\/www.Eurotoll.eu\/pl\/nasza-oferta\/austria\/belgijska-siec-viapass-z-urzadzeniem\/#breadcrumb\"},\"inLanguage\":\"pl-PL\",\"potentialAction\":[{\"@type\":\"ReadAction\",\"target\":[\"https:\/\/www.Eurotoll.eu\/pl\/nasza-oferta\/austria\/belgijska-siec-viapass-z-urzadzeniem\/\"]}]},{\"@type\":\"BreadcrumbList\",\"@id\":\"https:\/\/www.Eurotoll.eu\/pl\/nasza-oferta\/austria\/belgijska-siec-viapass-z-urzadzeniem\/#breadcrumb\",\"itemListElement\":[{\"@type\":\"ListItem\",\"position\":1,\"name\":\"Accueil\",\"item\":\"https:\/\/www.Eurotoll.eu\/pl\/\"},{\"@type\":\"ListItem\",\"position\":2,\"name\":\"Nasza oferta\",\"item\":\"https:\/\/www.Eurotoll.eu\/pl\/nasza-oferta\/\"},{\"@type\":\"ListItem\",\"position\":3,\"name\":\"Austria\",\"item\":\"https:\/\/www.Eurotoll.eu\/pl\/nasza-oferta\/austria\/\"},{\"@type\":\"ListItem\",\"position\":4,\"name\":\"Belgijska Viapass\"}]},{\"@type\":\"WebSite\",\"@id\":\"https:\/\/www.Eurotoll.eu\/pl\/#website\",\"url\":\"https:\/\/www.Eurotoll.eu\/pl\/\",\"name\":\"Eurotoll\",\"description\":\"Acteur cl\u00e9 du t\u00e9l\u00e9p\u00e9age en Europe\",\"potentialAction\":[{\"@type\":\"SearchAction\",\"target\":{\"@type\":\"EntryPoint\",\"urlTemplate\":\"https:\/\/www.Eurotoll.eu\/pl\/?s={search_term_string}\"},\"query-input\":{\"@type\":\"PropertyValueSpecification\",\"valueRequired\":true,\"valueName\":\"search_term_string\"}}],\"inLanguage\":\"pl-PL\"}]}<\/script>\n<!-- \/ Yoast SEO Premium plugin. -->","yoast_head_json":{"title":"En savoir plus sur l'offre Viapass | eurotoll","description":"Circulez en toute s\u00e9r\u00e9nit\u00e9 sur le r\u00e9seau Viapass et profitez d'un boitier t\u00e9l\u00e9p\u00e9age unique pour 5 pays (France, Espagne, Portugal, Belgique, Autriche)","robots":{"index":"index","follow":"follow","max-snippet":"max-snippet:-1","max-image-preview":"max-image-preview:large","max-video-preview":"max-video-preview:-1"},"canonical":"https:\/\/www.Eurotoll.eu\/pl\/nasza-oferta\/austria\/belgijska-siec-viapass-z-urzadzeniem\/","og_locale":"pl_PL","og_type":"article","og_title":"Belgijska Viapass","og_description":"Circulez en toute s\u00e9r\u00e9nit\u00e9 sur le r\u00e9seau Viapass et profitez d'un boitier t\u00e9l\u00e9p\u00e9age unique pour 5 pays (France, Espagne, Portugal, Belgique, Autriche)","og_url":"https:\/\/www.Eurotoll.eu\/pl\/nasza-oferta\/austria\/belgijska-siec-viapass-z-urzadzeniem\/","og_site_name":"Eurotoll","article_modified_time":"2023-05-22T14:21:42+00:00","twitter_card":"summary_large_image","twitter_misc":{"Szacowany czas czytania":"1 minuta"},"schema":{"@context":"https:\/\/schema.org","@graph":[{"@type":"WebPage","@id":"https:\/\/www.Eurotoll.eu\/pl\/nasza-oferta\/austria\/belgijska-siec-viapass-z-urzadzeniem\/","url":"https:\/\/www.Eurotoll.eu\/pl\/nasza-oferta\/austria\/belgijska-siec-viapass-z-urzadzeniem\/","name":"En savoir plus sur l'offre Viapass | eurotoll","isPartOf":{"@id":"https:\/\/www.Eurotoll.eu\/pl\/#website"},"datePublished":"2023-05-22T09:10:51+00:00","dateModified":"2023-05-22T14:21:42+00:00","description":"Circulez en toute s\u00e9r\u00e9nit\u00e9 sur le r\u00e9seau Viapass et profitez d'un boitier t\u00e9l\u00e9p\u00e9age unique pour 5 pays (France, Espagne, Portugal, Belgique, Autriche)","breadcrumb":{"@id":"https:\/\/www.Eurotoll.eu\/pl\/nasza-oferta\/austria\/belgijska-siec-viapass-z-urzadzeniem\/#breadcrumb"},"inLanguage":"pl-PL","potentialAction":[{"@type":"ReadAction","target":["https:\/\/www.Eurotoll.eu\/pl\/nasza-oferta\/austria\/belgijska-siec-viapass-z-urzadzeniem\/"]}]},{"@type":"BreadcrumbList","@id":"https:\/\/www.Eurotoll.eu\/pl\/nasza-oferta\/austria\/belgijska-siec-viapass-z-urzadzeniem\/#breadcrumb","itemListElement":[{"@type":"ListItem","position":1,"name":"Accueil","item":"https:\/\/www.Eurotoll.eu\/pl\/"},{"@type":"ListItem","position":2,"name":"Nasza oferta","item":"https:\/\/www.Eurotoll.eu\/pl\/nasza-oferta\/"},{"@type":"ListItem","position":3,"name":"Austria","item":"https:\/\/www.Eurotoll.eu\/pl\/nasza-oferta\/austria\/"},{"@type":"ListItem","position":4,"name":"Belgijska Viapass"}]},{"@type":"WebSite","@id":"https:\/\/www.Eurotoll.eu\/pl\/#website","url":"https:\/\/www.Eurotoll.eu\/pl\/","name":"Eurotoll","description":"Acteur cl\u00e9 du t\u00e9l\u00e9p\u00e9age en Europe","potentialAction":[{"@type":"SearchAction","target":{"@type":"EntryPoint","urlTemplate":"https:\/\/www.Eurotoll.eu\/pl\/?s={search_term_string}"},"query-input":{"@type":"PropertyValueSpecification","valueRequired":true,"valueName":"search_term_string"}}],"inLanguage":"pl-PL"}]}},"_links":{"self":[{"href":"https:\/\/www.Eurotoll.eu\/pl\/wp-json\/wp\/v2\/pages\/7874","targetHints":{"allow":["GET"]}}],"collection":[{"href":"https:\/\/www.Eurotoll.eu\/pl\/wp-json\/wp\/v2\/pages"}],"about":[{"href":"https:\/\/www.Eurotoll.eu\/pl\/wp-json\/wp\/v2\/types\/page"}],"author":[{"embeddable":true,"href":"https:\/\/www.Eurotoll.eu\/pl\/wp-json\/wp\/v2\/users\/23"}],"replies":[{"embeddable":true,"href":"https:\/\/www.Eurotoll.eu\/pl\/wp-json\/wp\/v2\/comments?post=7874"}],"version-history":[{"count":1,"href":"https:\/\/www.Eurotoll.eu\/pl\/wp-json\/wp\/v2\/pages\/7874\/revisions"}],"predecessor-version":[{"id":11871,"href":"https:\/\/www.Eurotoll.eu\/pl\/wp-json\/wp\/v2\/pages\/7874\/revisions\/11871"}],"up":[{"embeddable":true,"href":"https:\/\/www.Eurotoll.eu\/pl\/wp-json\/wp\/v2\/pages\/3877"}],"wp:attachment":[{"href":"https:\/\/www.Eurotoll.eu\/pl\/wp-json\/wp\/v2\/media?parent=7874"}],"curies":[{"name":"wp","href":"https:\/\/api.w.org\/{rel}","templated":true}]}}